{"id":5767,"date":"2023-03-07T20:27:55","date_gmt":"2023-03-07T23:27:55","guid":{"rendered":"https:\/\/wp.ufpel.edu.br\/ppgd\/?page_id=5767"},"modified":"2026-03-17T14:53:09","modified_gmt":"2026-03-17T17:53:09","slug":"legislacao","status":"publish","type":"page","link":"https:\/\/wp.ufpel.edu.br\/ppgd\/legislacao\/","title":{"rendered":"Legisla\u00e7\u00e3o"},"content":{"rendered":"<hr \/>\n<p><span style=\"font-family: helvetica, arial, sans-serif; color: #000000; font-size: 14pt;\"><strong><span style=\"font-size: 12pt;\"><span style=\"font-size: 14pt;\">Regimento Interno (aplic\u00e1vel a partir dos ingressantes de 2026)<\/span><br \/>\n<\/span><\/strong><\/span><\/p>\n<p><a href=\"https:\/\/wp.ufpel.edu.br\/ppgd\/files\/2026\/03\/Regimento-Interno-do-PPGD.pdf\">Regimento Interno do PPGD<\/a><\/p>\n<p><span style=\"font-family: helvetica, arial, sans-serif; color: #000000; font-size: 14pt;\"><strong><span style=\"font-size: 12pt;\"><span style=\"font-size: 14pt;\">Regimento Interno (Antigo)<\/span><\/span><\/strong><\/span><\/p>\n<p><a href=\"https:\/\/wp.ufpel.edu.br\/ppgd\/files\/2026\/03\/Regimento-Interno-do-PPGD-1.pdf\">Regimento Interno do PPGD (Antigo)<\/a><\/p>\n<hr \/>\n<p><span style=\"font-family: helvetica, arial, sans-serif; color: #000000; font-size: 12pt;\"><span style=\"font-family: helvetica, arial, sans-serif; color: #000000;\"><strong><span style=\"font-size: 14pt;\">Normas do Curso<\/span><br \/>\n<\/strong><\/span><\/span><span style=\"font-family: helvetica, arial, sans-serif; color: #000000; font-size: 10pt;\"><a style=\"color: #000000;\" href=\"https:\/\/wp.ufpel.edu.br\/ppgd\/files\/2019\/08\/Regulamento-estagio-docente_corrigido-pela-M\u00e1rcia.pdf\">Regulamento de Est\u00e1gio Docente<\/a><\/span><\/p>\n<p><a href=\"https:\/\/wp.ufpel.edu.br\/ppgd\/files\/2024\/12\/Resolucao-01.2024-Bolsas.pdf\"><span style=\"font-family: helvetica, arial, sans-serif; color: #000000; font-size: 10pt;\">Resolu\u00e7\u00e3o n. 01, de 16 de dezembro de 2024 (Normas para aloca\u00e7\u00e3o, acompanhamento e manuten\u00e7\u00e3o de bolsas de Mestrado para discentes do Programa de P\u00f3s-Gradua\u00e7\u00e3o em Direito)<\/span><\/a><\/p>\n<p><span style=\"font-size: 12pt;\"><strong><span style=\"color: #000000; font-family: helvetica, arial, sans-serif;\"><span style=\"font-size: 14pt;\">Normas da UFPel<\/span><br \/>\n<\/span><\/strong><\/span><span style=\"font-family: helvetica, arial, sans-serif; color: #000000; font-size: 10pt;\"><a style=\"color: #000000;\" href=\"https:\/\/wp.ufpel.edu.br\/scs\/files\/2024\/12\/SEI_2892412_Resolucao_89.pdf\">Regimento Geral dos Cursos de P\u00f3s-Gradua\u00e7\u00e3o Stricto Sensu<\/a><br \/>\n<\/span><\/p>\n<hr \/>\n<p><span style=\"font-family: helvetica, arial, sans-serif; color: #000000;\"><strong><span style=\"font-size: 14pt;\">Documento de \u00c1rea do Direito<\/span><br \/>\n<\/strong><\/span><span style=\"color: #000000; font-family: helvetica, arial, sans-serif; font-size: 10pt;\"><a style=\"color: #000000;\" href=\"https:\/\/www.gov.br\/capes\/pt-br\/acesso-a-informacao\/acoes-e-programas\/avaliacao\/sobre-a-avaliacao\/areas-avaliacao\/sobre-as-areas-de-avaliacao\/colegio-de-humanidades\/ciencias-sociais-aplicadas\/copy_of_DIREITO_DOCAREA_2025_2028.pdf\">Documento de \u00e1rea &#8211; CAPES &#8211; Direito<\/a><br \/>\n<\/span><span style=\"color: #000000; font-family: helvetica, arial, sans-serif; font-size: 10pt;\"><a style=\"color: #000000;\" href=\"https:\/\/www.gov.br\/capes\/pt-br\/acesso-a-informacao\/acoes-e-programas\/avaliacao\/sobre-a-avaliacao\/areas-avaliacao\/sobre-as-areas-de-avaliacao\/colegio-de-humanidades\/ciencias-sociais-aplicadas\/DIREITO_FICHA_2025_2028.pdf\">Ficha de Avalia\u00e7\u00e3o<\/a><\/span><\/p>\n<hr \/>\n<p><strong><span style=\"font-size: 10pt; font-family: helvetica, arial, sans-serif;\">Normas Revogadas\u00a0<\/span><\/strong><span style=\"font-size: 10pt;\"><span class=\"collapseomatic \" id=\"id69d77b24f3f6d\"  tabindex=\"0\" title=\"Ver mais\"    >Ver mais<\/span><span id='swap-id69d77b24f3f6d'  class='colomat-swap' style='display:none;'>Ver menos<\/span><div id=\"target-id69d77b24f3f6d\" class=\"collapseomatic_content \">\n<span style=\"font-family: helvetica, arial, sans-serif; color: #000000;\"><span style=\"font-family: helvetica, arial, sans-serif; color: #000000;\"><span style=\"font-size: 10pt;\"><a style=\"color: #000000;\" href=\"https:\/\/wp.ufpel.edu.br\/ppgd\/files\/2019\/04\/REGIMENTO_PPGD_UFPel.pdf\"><span style=\"color: #000000;\">Regimento do PPGD (2017)<\/span><\/a><\/span><\/span><\/span><\/span><\/p>\n<p><span style=\"font-size: 10pt;\"><span style=\"font-family: helvetica, arial, sans-serif; color: #000000;\"><span style=\"font-family: helvetica, arial, sans-serif; color: #000000;\"><span style=\"font-family: helvetica, arial, sans-serif; color: #000000; font-size: 10pt;\"><a href=\"https:\/\/wp.ufpel.edu.br\/ppgd\/files\/2023\/07\/SEI_UFPel-2258170-Resolucao.pdf\">Resolu\u00e7\u00e3o n. 01, de 12 de julho de 2023 (Regulamenta a aloca\u00e7\u00e3o, acompanhamento e manuten\u00e7\u00e3o de bolsas de Mestrado para discentes do Programa de P\u00f3s-Gradua\u00e7\u00e3o em Direito)<\/a> <\/span><\/span><\/span><\/span><\/p>\n<p><span style=\"font-size: 10pt;\"><\/div><\/span><\/p>\n<p><span style=\"font-family: helvetica, arial, sans-serif; color: #000000; font-size: 14pt;\"><span style=\"font-family: helvetica, arial, sans-serif; color: #000000;\">\u00a0<\/span><\/span><\/p>\n","protected":false},"excerpt":{"rendered":"<p>Regimento Interno (aplic\u00e1vel a partir dos ingressantes de 2026) Regimento Interno do PPGD Regimento Interno (Antigo) Regimento Interno do PPGD (Antigo) Normas do Curso Regulamento de Est\u00e1gio Docente Resolu\u00e7\u00e3o n. 01, de 16 de dezembro de 2024 (Normas para aloca\u00e7\u00e3o, acompanhamento e manuten\u00e7\u00e3o de bolsas de Mestrado para discentes do Programa de P\u00f3s-Gradua\u00e7\u00e3o em Direito) &hellip; <\/p>\n<p><a class=\"more-link btn\" href=\"https:\/\/wp.ufpel.edu.br\/ppgd\/legislacao\/\">Continue lendo<\/a><\/p>\n","protected":false},"author":293,"featured_media":0,"parent":0,"menu_order":0,"comment_status":"closed","ping_status":"closed","template":"","meta":{"footnotes":""},"class_list":["post-5767","page","type-page","status-publish","hentry","nodate","item-wrap"],"jetpack-related-posts":[],"jetpack_sharing_enabled":true,"_links":{"self":[{"href":"https:\/\/wp.ufpel.edu.br\/ppgd\/wp-json\/wp\/v2\/pages\/5767","targetHints":{"allow":["GET"]}}],"collection":[{"href":"https:\/\/wp.ufpel.edu.br\/ppgd\/wp-json\/wp\/v2\/pages"}],"about":[{"href":"https:\/\/wp.ufpel.edu.br\/ppgd\/wp-json\/wp\/v2\/types\/page"}],"author":[{"embeddable":true,"href":"https:\/\/wp.ufpel.edu.br\/ppgd\/wp-json\/wp\/v2\/users\/293"}],"replies":[{"embeddable":true,"href":"https:\/\/wp.ufpel.edu.br\/ppgd\/wp-json\/wp\/v2\/comments?post=5767"}],"version-history":[{"count":4,"href":"https:\/\/wp.ufpel.edu.br\/ppgd\/wp-json\/wp\/v2\/pages\/5767\/revisions"}],"predecessor-version":[{"id":8174,"href":"https:\/\/wp.ufpel.edu.br\/ppgd\/wp-json\/wp\/v2\/pages\/5767\/revisions\/8174"}],"wp:attachment":[{"href":"https:\/\/wp.ufpel.edu.br\/ppgd\/wp-json\/wp\/v2\/media?parent=5767"}],"curies":[{"name":"wp","href":"https:\/\/api.w.org\/{rel}","templated":true}]}}