{"id":5657,"date":"2023-03-07T11:07:15","date_gmt":"2023-03-07T14:07:15","guid":{"rendered":"https:\/\/wp.ufpel.edu.br\/ppgd\/?page_id=5657"},"modified":"2024-04-04T06:49:50","modified_gmt":"2024-04-04T09:49:50","slug":"colegiado-do-curso","status":"publish","type":"page","link":"https:\/\/wp.ufpel.edu.br\/ppgd\/colegiado-do-curso\/","title":{"rendered":"Colegiado do Curso"},"content":{"rendered":"<hr \/>\n<p><span style=\"font-size: 14pt;\"><strong>Composi\u00e7\u00e3o<\/strong><\/span><\/p>\n<p>A \u00a0Portaria XXX\u00a0consolida a seguinte composi\u00e7\u00e3o do Colegiado do Programa de P\u00f3s-Gradua\u00e7\u00e3o em Direito:<\/p>\n<hr \/>\n<p><span style=\"font-size: 14pt;\"><strong>Composi\u00e7\u00f5es anteriores <\/strong><\/span><span style=\"font-size: 10pt;\"><span class=\"collapseomatic \" id=\"id69d9066be8adc\"  tabindex=\"0\" title=\"Ver mais\"    >Ver mais<\/span><span id='swap-id69d9066be8adc'  class='colomat-swap' style='display:none;'>Ver menos<\/span><div id=\"target-id69d9066be8adc\" class=\"collapseomatic_content \"><\/span><\/p>\n<p><span style=\"font-size: 10pt;\"><\/div><\/span><\/p>\n<hr \/>\n<p><span style=\"font-size: 14pt;\"><strong>Atas <\/strong><span style=\"font-size: 10pt;\"><span class=\"collapseomatic \" id=\"id69d9066be8b8e\"  tabindex=\"0\" title=\"Ver mais\"    >Ver mais<\/span><span id='swap-id69d9066be8b8e'  class='colomat-swap' style='display:none;'>Ver menos<\/span><div id=\"target-id69d9066be8b8e\" class=\"collapseomatic_content \"><\/span><\/span><\/p>\n<p><a href=\"https:\/\/wp.ufpel.edu.br\/ppgd\/atas-do-colegiado-ano-2024\">Ano 2024<\/a><\/p>\n<p><a href=\"https:\/\/wp.ufpel.edu.br\/ppgd\/atas-do-colegiado-ano-2023\/\">Ano 2023<\/a><\/p>\n<p><a href=\"https:\/\/wp.ufpel.edu.br\/ppgd\/ano-2022-atas-colegiado\/\"><span style=\"font-size: 12pt;\">Ano 2022<\/span><\/a><\/p>\n<p><span style=\"font-size: 12pt;\"><a href=\"https:\/\/wp.ufpel.edu.br\/ppgd\/ano-2021-ata-colegiado\/\">Ano 2021<\/a><\/span><\/p>\n<p><span style=\"font-size: 12pt;\"><a href=\"https:\/\/wp.ufpel.edu.br\/ppgd\/files\/2021\/05\/Atas-2020-Reunioes-do-Colegiado-PPGD.pdf\">Atas 2020<\/a><\/span><\/p>\n<p><span style=\"font-size: 12pt;\"><a href=\"https:\/\/wp.ufpel.edu.br\/ppgd\/files\/2020\/08\/Atas-2019-Reunioes-do-Colegiado-PPGD.pdf\">Atas 201<\/a>9<\/span><\/p>\n<p><span style=\"font-size: 12pt;\"><a href=\"https:\/\/wp.ufpel.edu.br\/ppgd\/files\/2020\/08\/Atas-2018-Reunioes-do-Colegiado-PPGD.pdf\">Atas 2018<\/a><\/span><\/p>\n<p><span style=\"font-size: 12pt;\"><a href=\"https:\/\/wp.ufpel.edu.br\/ppgd\/files\/2020\/08\/Atas-2017-Reunioes-do-Colegiado-PPGD.pdf\">Atas 2017<\/a><\/span><\/p>\n<\/div>\n","protected":false},"excerpt":{"rendered":"<p>Composi\u00e7\u00e3o A \u00a0Portaria XXX\u00a0consolida a seguinte composi\u00e7\u00e3o do Colegiado do Programa de P\u00f3s-Gradua\u00e7\u00e3o em Direito: Composi\u00e7\u00f5es anteriores Atas<\/p>\n","protected":false},"author":293,"featured_media":0,"parent":0,"menu_order":0,"comment_status":"closed","ping_status":"closed","template":"","meta":{"footnotes":""},"class_list":["post-5657","page","type-page","status-publish","hentry","nodate","item-wrap"],"jetpack-related-posts":[],"jetpack_sharing_enabled":true,"_links":{"self":[{"href":"https:\/\/wp.ufpel.edu.br\/ppgd\/wp-json\/wp\/v2\/pages\/5657","targetHints":{"allow":["GET"]}}],"collection":[{"href":"https:\/\/wp.ufpel.edu.br\/ppgd\/wp-json\/wp\/v2\/pages"}],"about":[{"href":"https:\/\/wp.ufpel.edu.br\/ppgd\/wp-json\/wp\/v2\/types\/page"}],"author":[{"embeddable":true,"href":"https:\/\/wp.ufpel.edu.br\/ppgd\/wp-json\/wp\/v2\/users\/293"}],"replies":[{"embeddable":true,"href":"https:\/\/wp.ufpel.edu.br\/ppgd\/wp-json\/wp\/v2\/comments?post=5657"}],"version-history":[{"count":11,"href":"https:\/\/wp.ufpel.edu.br\/ppgd\/wp-json\/wp\/v2\/pages\/5657\/revisions"}],"predecessor-version":[{"id":7113,"href":"https:\/\/wp.ufpel.edu.br\/ppgd\/wp-json\/wp\/v2\/pages\/5657\/revisions\/7113"}],"wp:attachment":[{"href":"https:\/\/wp.ufpel.edu.br\/ppgd\/wp-json\/wp\/v2\/media?parent=5657"}],"curies":[{"name":"wp","href":"https:\/\/api.w.org\/{rel}","templated":true}]}}