{"id":5406,"date":"2023-01-04T13:25:38","date_gmt":"2023-01-04T16:25:38","guid":{"rendered":"https:\/\/wp.ufpel.edu.br\/ppgd\/?page_id=5406"},"modified":"2023-03-10T20:04:36","modified_gmt":"2023-03-10T23:04:36","slug":"aluno-especial-2023","status":"publish","type":"page","link":"https:\/\/wp.ufpel.edu.br\/ppgd\/forma-de-ingresso\/aluno-especial\/aluno-especial-2023\/","title":{"rendered":"ALUNO ESPECIAL 2023"},"content":{"rendered":"<p style=\"text-align: justify;\">EDITAL 003\/2023 &#8211; SELE\u00c7\u00c3O DE ESTUDANTE ESPECIAL E EXTERNO (2023\/01)<\/p>\n<p style=\"text-align: justify;\">A Universidade Federal de Pelotas em conformidade com o Regimento Stricto Sensu da Pro\u0301-Reitoria de Pesquisa, Po\u0301s-Graduac\u0327a\u0303o, a Coordenac\u0327a\u0303o do Programa de Po\u0301s-Graduac\u0327a\u0303o em Direito (Mestrado) e com a Resolu\u00e7\u00e3o 19\/2021 do COCEPE, tornam p\u00fablico o processo de sele\u00e7\u00e3o de candidatos\/as interessados\/as em cursar disciplinas especificadas nesse edital como \u201cestudante especial\u201d ou &#8220;estudante externo&#8221; do referido Programa, nos termos estabelecidos neste Edital abaixo e conforme formul\u00e1rio anexo.<\/p>\n<p>Inscri\u00e7\u00f5es: de 03\/04\/2023 a 12\/04\/2023.<\/p>\n<p>Portaria de nomea\u00e7\u00e3o da Comiss\u00e3o de Sele\u00e7\u00e3o: <a href=\"https:\/\/wp.ufpel.edu.br\/ppgd\/files\/2023\/03\/SEI_UFPel-2081463-Portaria-Interna.pdf\">SEI_UFPel &#8211; 2081463 &#8211; Portaria Interna<\/a><\/p>\n<p><a href=\"https:\/\/wp.ufpel.edu.br\/ppgd\/files\/2023\/01\/Edital-003_2023-EEE-2023_1-1.pdf\">Edital 003_2023 EEE 2023_1<\/a><\/p>\n<p><a href=\"https:\/\/wp.ufpel.edu.br\/ppgd\/files\/2023\/01\/Formula\u0301rio-de-Inscric\u0327a\u0303o-1.pdf\">Formula\u0301rio de Inscric\u0327a\u0303o<\/a><\/p>\n","protected":false},"excerpt":{"rendered":"<p>EDITAL 003\/2023 &#8211; SELE\u00c7\u00c3O DE ESTUDANTE ESPECIAL E EXTERNO (2023\/01) A Universidade Federal de Pelotas em conformidade com o Regimento Stricto Sensu da Pro\u0301-Reitoria de Pesquisa, Po\u0301s-Graduac\u0327a\u0303o, a Coordenac\u0327a\u0303o do Programa de Po\u0301s-Graduac\u0327a\u0303o em Direito (Mestrado) e com a Resolu\u00e7\u00e3o 19\/2021 do COCEPE, tornam p\u00fablico o processo de sele\u00e7\u00e3o de candidatos\/as interessados\/as em cursar disciplinas &hellip; <\/p>\n<p><a class=\"more-link btn\" href=\"https:\/\/wp.ufpel.edu.br\/ppgd\/forma-de-ingresso\/aluno-especial\/aluno-especial-2023\/\">Continue lendo<\/a><\/p>\n","protected":false},"author":293,"featured_media":0,"parent":37,"menu_order":0,"comment_status":"closed","ping_status":"closed","template":"","meta":{"footnotes":""},"class_list":["post-5406","page","type-page","status-publish","hentry","nodate","item-wrap"],"jetpack-related-posts":[],"jetpack_sharing_enabled":true,"_links":{"self":[{"href":"https:\/\/wp.ufpel.edu.br\/ppgd\/wp-json\/wp\/v2\/pages\/5406","targetHints":{"allow":["GET"]}}],"collection":[{"href":"https:\/\/wp.ufpel.edu.br\/ppgd\/wp-json\/wp\/v2\/pages"}],"about":[{"href":"https:\/\/wp.ufpel.edu.br\/ppgd\/wp-json\/wp\/v2\/types\/page"}],"author":[{"embeddable":true,"href":"https:\/\/wp.ufpel.edu.br\/ppgd\/wp-json\/wp\/v2\/users\/293"}],"replies":[{"embeddable":true,"href":"https:\/\/wp.ufpel.edu.br\/ppgd\/wp-json\/wp\/v2\/comments?post=5406"}],"version-history":[{"count":4,"href":"https:\/\/wp.ufpel.edu.br\/ppgd\/wp-json\/wp\/v2\/pages\/5406\/revisions"}],"predecessor-version":[{"id":6083,"href":"https:\/\/wp.ufpel.edu.br\/ppgd\/wp-json\/wp\/v2\/pages\/5406\/revisions\/6083"}],"up":[{"embeddable":true,"href":"https:\/\/wp.ufpel.edu.br\/ppgd\/wp-json\/wp\/v2\/pages\/37"}],"wp:attachment":[{"href":"https:\/\/wp.ufpel.edu.br\/ppgd\/wp-json\/wp\/v2\/media?parent=5406"}],"curies":[{"name":"wp","href":"https:\/\/api.w.org\/{rel}","templated":true}]}}