{"id":4877,"date":"2022-07-21T19:39:02","date_gmt":"2022-07-21T22:39:02","guid":{"rendered":"https:\/\/wp.ufpel.edu.br\/ppgd\/?page_id=4877"},"modified":"2023-08-10T09:29:14","modified_gmt":"2023-08-10T12:29:14","slug":"aluno-regular-2023","status":"publish","type":"page","link":"https:\/\/wp.ufpel.edu.br\/ppgd\/aluno-regular-2023\/","title":{"rendered":"Estudante Regular 2023"},"content":{"rendered":"<h1 class=\"corTexto\">Edital para ingresso como estudante regular 2023 &#8211; PPGD \/ PPGH<\/h1>\n<p><strong>Sele\u00e7\u00e3o para Estudante Regular 2023 \u2013 PPGD e PPGH &#8211; UFPel<\/strong><\/p>\n<p>Chamada P\u00fablica Programa Institucional de Bolsas de P\u00f3s-Gradua\u00e7\u00e3o (PIBPG) \u2013 Edital CNPq N\u00ba 69\/2022, Projeto <strong>&#8220;Inova\u00e7\u00e3o e sa\u00fade: potencialidades, limites e perspectivas do uso do aprendizado de m\u00e1quina no contexto do acesso \u00e0 sa\u00fade&#8221;<\/strong>.<\/p>\n<ul>\n<li><strong>01 bolsa CNPq para desenvolver projeto e cursar o DOUTORADO do Programa de P\u00f3s-Gradua\u00e7\u00e3o em Hist\u00f3ria (PPGH)<\/strong>. Para a vaga com bolsa de doutorado no Programa de P\u00f3s-Gradua\u00e7\u00e3o em Hist\u00f3ria (PPGH), poder\u00e3o inscrever-se graduados com mestrado em qualquer \u00e1rea do conhecimento para atua\u00e7\u00e3o na linha de pesquisa \u201cEstado: entre poder, tens\u00f5es e autoritarismo\u201d. A pesquisa ser\u00e1 orientada pelo Prof. Dr. Bruno Rotta Almeida (PPGD e PPGH) e coorientada por docente integrante da equipe do projeto;<\/li>\n<\/ul>\n<p>&nbsp;<\/p>\n<ul>\n<li><strong>01 bolsa CNPq para desenvolver projeto e cursar o<\/strong> <strong>MESTRADO do Programa de P\u00f3s-Gradua\u00e7\u00e3o em Direito (PPGD)<\/strong>. Para a vaga com bolsa de mestrado no Programa de P\u00f3s-Gradua\u00e7\u00e3o em Direito (PPGD), poder\u00e3o inscrever-se graduados em Direito para atua\u00e7\u00e3o na linha de pesquisa \u201cEstado e Constitui\u00e7\u00e3o\u201d. A pesquisa ser\u00e1 orientada pelo Prof. Dr. Guilherme Camargo Massa\u00fa (PPGD e PPGCPOL) e coorientada por docente integrante da equipe do projeto.<\/li>\n<\/ul>\n<p>&nbsp;<\/p>\n<p><strong>Inscri\u00e7\u00f5es: de 25\/07\/2023 a 30\/07\/2023<\/strong><\/p>\n<p>1. Edital: <a href=\"https:\/\/wp.ufpel.edu.br\/ppgd\/files\/2023\/07\/SEI_UFPel-2268389-Edital-de-selecao-PRPPG.pdf\">SEI_UFPel &#8211; 2268389 &#8211; Edital de sele\u00e7\u00e3o PRPPG<\/a><\/p>\n<p>2. Anexo I: Lattes <a href=\"https:\/\/wp.ufpel.edu.br\/ppgd\/files\/2023\/07\/Anexo-I-Curriculo-Lattes.docx\">Anexo I &#8211; Curr\u00edculo Lattes<\/a><\/p>\n<p>3. Anexo II: Requerimento de Inscri\u00e7\u00e3o <a href=\"https:\/\/wp.ufpel.edu.br\/ppgd\/files\/2023\/07\/Anexo-II-Requerimento-de-inscricao.doc\">Anexo II &#8211; Requerimento de inscri\u00e7\u00e3o<\/a><\/p>\n<p>4. Formul\u00e1rio Declara\u00e7\u00e3o de Etnia: <a href=\"https:\/\/wp.ufpel.edu.br\/ppgd\/files\/2023\/07\/Declaracao-de-Etnia.docx\">Declaracao-de-Etnia<\/a><\/p>\n<p>5. Autodeclara\u00e7\u00e3o de Identidade de G\u00eanero: <a href=\"https:\/\/wp.ufpel.edu.br\/ppgd\/files\/2023\/07\/Autodeclaracao-de-Identidade-de-Genero.docx\">Autodeclaracao-de-Identidade-de-Genero<\/a><\/p>\n<p>6.\u00a0 Governo Federal (Cad\u00danico):\u00a0<a href=\"https:\/\/meucadunico.cidadania.gov.br\/meu_cadunico\/\" target=\"_blank\" rel=\"noopener noreferrer\" data-saferedirecturl=\"https:\/\/www.google.com\/url?q=https:\/\/meucadunico.cidadania.gov.br\/meu_cadunico\/&amp;source=gmail&amp;ust=1658527943548000&amp;usg=AOvVaw0qT_FLt1JnZaNf-f7YODsX\">https:\/\/meucadunico.cidadania.<wbr \/>gov.br\/meu_cadunico\/<\/a><\/p>\n<p>Portaria de nomea\u00e7\u00e3o da Comiss\u00e3o de Sele\u00e7\u00e3o: <a href=\"https:\/\/wp.ufpel.edu.br\/ppgd\/files\/2023\/07\/SEI_UFPel-2268697-Portaria-Interna.pdf\">SEI_UFPel &#8211; 2268697 &#8211; Portaria Interna<\/a><\/p>\n<p><strong>Lista de inscri\u00e7\u00f5es homologadas<\/strong>: <a href=\"https:\/\/wp.ufpel.edu.br\/ppgd\/files\/2023\/07\/Lista-de-inscricoes-homologadas.pdf\">Lista de inscri\u00e7\u00f5es homologadas<\/a> (lista publicada em 31\/07\/2023, \u00e0s 22h)<\/p>\n<p><strong>Lista final de inscri\u00e7\u00f5es homologadas: <\/strong><a href=\"https:\/\/wp.ufpel.edu.br\/ppgd\/files\/2023\/08\/Lista-de-inscricoes-homologadas-Apos-recursos.pdf\">Lista de inscri\u00e7\u00f5es homologadas &#8211; Ap\u00f3s recursos<\/a><\/p>\n<p><strong>Entrevistas<\/strong><\/p>\n<p>Calend\u00e1rio: <a href=\"https:\/\/wp.ufpel.edu.br\/ppgd\/files\/2023\/08\/Calendario-entrevista.pdf\">Calend\u00e1rio entrevista<\/a><\/p>\n<p>Devido \u00e0 disponibilidade da Comiss\u00e3o de Sele\u00e7\u00e3o, todas as entrevistas ser\u00e3o realizadas no <strong>turno manh\u00e3.<\/strong><\/p>\n<p><strong>Classifica\u00e7\u00e3o e resultado final<\/strong>: <a href=\"https:\/\/wp.ufpel.edu.br\/ppgd\/files\/2023\/08\/Classificacao-e-resultado-final.pdf\">Classifica\u00e7\u00e3o e resultado final<\/a><\/p>\n<p><strong>Banca de heteroidentifica\u00e7\u00e3o<\/strong>: 09\/08\/2023 (quarta-feira), \u00e0s 8h30, na sala de reuni\u00f5es da PRPPG (Rua Gomes Carneiro, 1 \u2013 Centro \u2013 CEP 96010-610 \u2013 Pelotas, RS \u2013 Brasil)<\/p>\n<p><strong>Resultado final<\/strong>: <a href=\"https:\/\/wp.ufpel.edu.br\/ppgd\/files\/2023\/08\/Resultado-final.pdf\">Resultado final<\/a><\/p>\n<p><strong>Matr\u00edcula<\/strong>: at\u00e9 11\/08\/2023<\/p>\n<p><strong>Per\u00edodo de aulas em 2023-2<\/strong><\/p>\n<p>PPGH: 07\/08\/2023 a 16\/12\/2023<br \/>\nPPGD: 04\/09\/2023 a 16\/12\/2023<\/p>\n<p><strong>Chamada de suplente<\/strong>: MAIRA DOS SANTOS VIEIRA<\/p>\n<h1>___<\/h1>\n<h1 class=\"corTexto\">Edital para ingresso como estudante regular 2023<\/h1>\n<p>Sele\u00e7\u00e3o para Estudante Regular 2023 &#8211; PPGD\/UFPel<\/p>\n<p>Chamada P\u00fablica Programa de Mestrado Acad\u00eamico para a Inova\u00e7\u00e3o \u2013 Edital CNPq N\u00ba68\/2022 &#8211; Projeto &#8220;Sistema de registro, comunica\u00e7\u00e3o e aten\u00e7\u00e3o a v\u00edtimas de viol\u00eancia institucional em contexto de priva\u00e7\u00e3o de liberdade&#8221;, sob orienta\u00e7\u00e3o do Prof. Dr. Bruno Rotta Almeida<\/p>\n<p>Inscri\u00e7\u00f5es: de 10\/03\/2023 a 19\/03\/2023<\/p>\n<p>Portaria de nomea\u00e7\u00e3o da Comiss\u00e3o de Sele\u00e7\u00e3o: <a href=\"https:\/\/wp.ufpel.edu.br\/ppgd\/files\/2023\/03\/SEI_UFPel-2076411-Portaria-Interna.pdf\">SEI_UFPel &#8211; 2076411 &#8211; Portaria Interna<\/a><\/p>\n<p>1. Edital: <a href=\"https:\/\/wp.ufpel.edu.br\/ppgd\/files\/2023\/03\/SEI_UFPel-2072796-Edital-de-selecao-PRPPG.pdf\">SEI_UFPel &#8211; 2072796 &#8211; Edital de sele\u00e7\u00e3o PRPPG<\/a><\/p>\n<p>2. Anexo I: Lattes <a href=\"https:\/\/wp.ufpel.edu.br\/ppgd\/files\/2023\/03\/Anexo-I-Curriculo-Lattes.docx\">Anexo I &#8211; Curr\u00edculo Lattes<\/a><\/p>\n<p>3. Anexo II: Requerimento de Inscri\u00e7\u00e3o <a href=\"https:\/\/wp.ufpel.edu.br\/ppgd\/files\/2023\/03\/Anexo-II-Requerimento-de-inscricao.doc\">Anexo II &#8211; Requerimento de inscri\u00e7\u00e3o<\/a><\/p>\n<p>4.\u00a0 Governo Federal (Cad\u00danico): <a href=\"https:\/\/meucadunico.cidadania.gov.br\/meu_cadunico\/\" target=\"_blank\" rel=\"noopener noreferrer\" data-saferedirecturl=\"https:\/\/www.google.com\/url?q=https:\/\/meucadunico.cidadania.gov.br\/meu_cadunico\/&amp;source=gmail&amp;ust=1658527943548000&amp;usg=AOvVaw0qT_FLt1JnZaNf-f7YODsX\">https:\/\/meucadunico.cidadania.<wbr \/>gov.br\/meu_cadunico\/<\/a><\/p>\n<p><strong>Lista de inscri\u00e7\u00f5es homologadas:<\/strong><span style=\"color: #0000ff;\"> <a href=\"https:\/\/wp.ufpel.edu.br\/ppgd\/files\/2023\/03\/Inscricoes-Homologadas-2023.pdf\">Inscri\u00e7\u00f5es Homologadas 2023<\/a><\/span><\/p>\n<p><strong>Resultado 1\u00aa Fase (hist\u00f3rico escolar da gradua\u00e7\u00e3o):<\/strong><span style=\"color: #0000ff;\"> <a href=\"https:\/\/wp.ufpel.edu.br\/ppgd\/files\/2023\/03\/Resultado-primeira-fase-historico.pdf\">Resultado primeira fase &#8211; hist\u00f3rico<\/a><\/span><\/p>\n<p><strong>Resultado 1\u00aa Fase (hist\u00f3rico escolar da gradua\u00e7\u00e3o) ap\u00f3s recursos: <\/strong><a href=\"https:\/\/wp.ufpel.edu.br\/ppgd\/files\/2023\/03\/Resultado-primeira-fase-historico-apos-recursos.pdf\">Resultado primeira fase &#8211; hist\u00f3rico-<\/a><\/p>\n<p><strong>Resultado 2\u00aa Fase (Curr\u00edculo Lattes): <\/strong><a href=\"https:\/\/wp.ufpel.edu.br\/ppgd\/files\/2023\/03\/Resultado-segunda-fase-Curriculo-Lattes.pdf\">Resultado segunda fase &#8211; Curr\u00edculo Lattes<\/a><\/p>\n<p><strong>Resultado 3\u00aa Fase (Carta de Inten\u00e7\u00f5es): <\/strong><a href=\"https:\/\/wp.ufpel.edu.br\/ppgd\/files\/2023\/03\/Resultado-terceira-fase-Carta-de-Intencoes.pdf\">Resultado terceira fase &#8211; Carta de Inten\u00e7\u00f5es<\/a><\/p>\n<p><strong>CALEND\u00c1RIO ENTREVISTA:<\/strong> <a href=\"https:\/\/wp.ufpel.edu.br\/ppgd\/files\/2023\/03\/Calendario-Entrevista.pdf\">Calend\u00e1rio &#8211; Entrevista<\/a><\/p>\n<p><strong>Resultado 2\u00aa Fase (Curr\u00edculo Lattes) &#8211; ap\u00f3s recursos: <\/strong><a href=\"https:\/\/wp.ufpel.edu.br\/ppgd\/files\/2023\/04\/Resultado-segunda-fase-Curriculo-Lattes-Apos-recursos.pdf\">Resultado segunda fase &#8211; Curr\u00edculo Lattes &#8211; Ap\u00f3s recursos<\/a><\/p>\n<p><strong>Resultado 3\u00aa Fase (Carta de Inten\u00e7\u00f5es) &#8211; ap\u00f3s recursos: <\/strong><a href=\"https:\/\/wp.ufpel.edu.br\/ppgd\/files\/2023\/04\/Resultado-terceira-fase-Carta-de-Intencoes-Apos-recursos.pdf\">Resultado terceira fase &#8211; Carta de Inten\u00e7\u00f5es &#8211; Ap\u00f3s recursos<\/a><\/p>\n<p><strong>Resultado 4\u00aa Fase (Entrevistas): <\/strong><a href=\"https:\/\/wp.ufpel.edu.br\/ppgd\/files\/2023\/04\/Resultado-quarta-fase-entrevista.pdf\">Resultado quarta fase &#8211; entrevista<\/a><\/p>\n<p><strong>Resultado 4\u00aa Fase (Entrevistas) &#8211; ap\u00f3s recursos: <\/strong><a href=\"https:\/\/wp.ufpel.edu.br\/ppgd\/files\/2023\/04\/Resultado-quarta-fase-entrevista-apos-recursos.pdf\">Resultado quarta fase &#8211; entrevista &#8211; ap\u00f3s recursos<\/a><\/p>\n<p><strong>Classifica\u00e7\u00e3o final: <\/strong><a href=\"https:\/\/wp.ufpel.edu.br\/ppgd\/files\/2023\/04\/Classificacao-final.pdf\">Classifica\u00e7\u00e3o final<\/a><\/p>\n<p><strong>Classifica\u00e7\u00e3o final &#8211; lista final<\/strong>: <a href=\"https:\/\/wp.ufpel.edu.br\/ppgd\/files\/2023\/04\/Classificacao-final-lista-final.pdf\">Classifica\u00e7\u00e3o final &#8211; lista final<\/a><\/p>\n<p><strong>MATR\u00cdCULA<\/strong><\/p>\n<p><strong>A matr\u00edcula da\/o candidata\/o selecionada\/o ser\u00e1 efetuada no dia 19\/04\/2023. <\/strong><\/p>\n<p><strong>As informa\u00e7\u00f5es sobre a matr\u00edcula ser\u00e3o enviadas por e-mail.<\/strong><\/p>\n<h1>___<\/h1>\n<h1 class=\"corTexto\">Edital para ingresso como estudante regular 2023<\/h1>\n<p><strong>Sele\u00e7\u00e3o para Estudante Regular 2023 \u2013 PPGD\/UFPel<\/strong><\/p>\n<p>1. Edital:\u00a0<a href=\"https:\/\/wp.ufpel.edu.br\/ppgd\/files\/2022\/07\/EDITAL-141.2022_SELECAO-DE-ESTUDANTE-REGULAR_2023.pdf\">EDITAL 141.2022_SELE\u00c7\u00c3O DE ESTUDANTE REGULAR_2023<\/a><\/p>\n<p>2. Anexo I: Lattes\u00a0<a href=\"https:\/\/wp.ufpel.edu.br\/ppgd\/files\/2022\/07\/Anexo-1-Formulario-Lattes.pdf\">Anexo 1 \u2013 Formulario Lattes<\/a><\/p>\n<p>3. Anexo II: Requerimento de Inscri\u00e7\u00e3o\u00a0<a href=\"https:\/\/wp.ufpel.edu.br\/ppgd\/files\/2022\/07\/Formulario-de-Incricao_Selecao-Estudante-Regular-2023.pdf\">Formul\u00e1rio de Incri\u00e7\u00e3o_Sele\u00e7\u00e3o Estudante Regular 2023<\/a><\/p>\n<p>4. Formul\u00e1rio Declara\u00e7\u00e3o de Etnia:\u00a0<a href=\"https:\/\/wp.ufpel.edu.br\/ppgd\/files\/2022\/07\/Declaracao-de-etnia.pdf\">Declaracao-de-etnia<\/a><\/p>\n<p>5. Autodeclara\u00e7\u00e3o de Identidade de G\u00eanero:\u00a0<a href=\"https:\/\/wp.ufpel.edu.br\/ppgd\/files\/2022\/07\/Autodeclaracao-de-Identidade-de-Genero.pdf\">Autodeclara\u00e7\u00e3o de Identidade de G\u00eanero<\/a><\/p>\n<p>6.\u00a0 Governo Federal (Cad\u00danico):\u00a0<a href=\"https:\/\/meucadunico.cidadania.gov.br\/meu_cadunico\/\" target=\"_blank\" rel=\"noopener noreferrer\" data-saferedirecturl=\"https:\/\/www.google.com\/url?q=https:\/\/meucadunico.cidadania.gov.br\/meu_cadunico\/&amp;source=gmail&amp;ust=1658527943548000&amp;usg=AOvVaw0qT_FLt1JnZaNf-f7YODsX\">https:\/\/meucadunico.cidadania.<wbr \/>gov.br\/meu_cadunico\/<\/a><\/p>\n<p>\u2014<\/p>\n<p><strong>Lista de inscri\u00e7\u00f5es homologadas, homologadas com pend\u00eancia e n\u00e3o homologadas<\/strong>:\u00a0<a href=\"https:\/\/wp.ufpel.edu.br\/ppgd\/files\/2022\/07\/Inscricoes-Homologadas-2023.pdf\">Inscri\u00e7\u00f5es Homologadas 2023<\/a><\/p>\n<p><strong>Lista de inscri\u00e7\u00f5es homologadas e n\u00e3o homologadas ap\u00f3s recursos<\/strong>:\u00a0<a href=\"https:\/\/wp.ufpel.edu.br\/ppgd\/files\/2022\/07\/Inscricoes-Homologadas-2023-apos-recursos-ret.pdf\">Inscri\u00e7\u00f5es Homologadas 2023 ap\u00f3s recursos \u2013 ret<\/a><\/p>\n<p><strong>Divulga\u00e7\u00e3o do resultado do Anteprojeto de Disserta\u00e7\u00e3o:\u00a0<\/strong><a href=\"https:\/\/wp.ufpel.edu.br\/ppgd\/files\/2022\/07\/Resultado-Anteprojeto.pdf\">Resultado Anteprojeto<\/a><\/p>\n<p><strong>Divulga\u00e7\u00e3o do resultado do Anteprojeto de Disserta\u00e7\u00e3o Ap\u00f3s Recursos:\u00a0<a href=\"https:\/\/wp.ufpel.edu.br\/ppgd\/files\/2022\/07\/Resultado-Anteprojeto-apos-recursos.pdf\">Resultado Anteprojeto ap\u00f3s recursos<\/a><\/strong><\/p>\n<p><strong>O cronograma das entrevistas ser\u00e1 disponibilizado at\u00e9 o dia 01\/11\/2022 neste espa\u00e7o.\u00a0<\/strong><strong>As entrevistas ocorrer\u00e3o de 03\/11\/2022 a 11\/11\/2022, e ser\u00e3o realizadas em formato remoto atrav\u00e9s de link a ser indicado oportunamente.<\/strong><\/p>\n<p>CALEND\u00c1RIO DAS ENTREVISTAS:\u00a0<a href=\"https:\/\/wp.ufpel.edu.br\/ppgd\/files\/2022\/07\/LISTA-CALENDARIO-ENTREVISTAS.pdf\">LISTA \u2013 CALEND\u00c1RIO ENTREVISTAS<\/a><\/p>\n<p>Observa\u00e7\u00f5es: Inserir o NOME COMPLETO, clicar em \u201cparticipar\u201d, e aguardar a aprova\u00e7\u00e3o do moderador. Aten\u00e7\u00e3o: Esperar at\u00e9 que o moderador aprove a entrada (isto pode demorar algum tempo). O equipamento e a conex\u00e3o \u00e0 internet s\u00e3o de total responsabilidade da\/o candidata\/o.<\/p>\n<p><strong>Divulga\u00e7\u00e3o do resultado da Entrevista:<\/strong>\u00a0<a href=\"https:\/\/wp.ufpel.edu.br\/ppgd\/files\/2022\/07\/Resultado-Entrevista.pdf\">Resultado Entrevista<\/a><\/p>\n<p><strong>Divulga\u00e7\u00e3o do resultado da Entrevista Ap\u00f3s Recursos:\u00a0<\/strong><a href=\"https:\/\/wp.ufpel.edu.br\/ppgd\/files\/2022\/07\/Resultado-Entrevista-apos-recursos.pdf\">Resultado Entrevista ap\u00f3s recursos<\/a><\/p>\n<p><strong>Divulga\u00e7\u00e3o do resultado Curr\u00edculo Lattes:\u00a0<a href=\"https:\/\/wp.ufpel.edu.br\/ppgd\/files\/2022\/07\/Resultado-Lattes.pdf\">Resultado Lattes<\/a><\/strong><\/p>\n<p><strong>Divulga\u00e7\u00e3o do resultado Curr\u00edculo Lattes ap\u00f3s recursos:\u00a0<a href=\"https:\/\/wp.ufpel.edu.br\/ppgd\/files\/2022\/07\/Resultado-Lattes-APOS-RECURSOS.pdf\">Resultado-Lattes AP\u00d3S RECURSOS<\/a><\/strong><\/p>\n<p><strong>Divulga\u00e7\u00e3o do Resultado Final:\u00a0<a href=\"https:\/\/wp.ufpel.edu.br\/ppgd\/files\/2022\/07\/Resultado-final.pdf\">Resultado final<\/a><\/strong><\/p>\n<p><strong>Divulga\u00e7\u00e3o do resultado final ap\u00f3s recursos:\u00a0<a href=\"https:\/\/wp.ufpel.edu.br\/ppgd\/files\/2022\/07\/Resultado-final-apos-recursos.pdf\">Resultado final apos recursos<\/a><\/strong><\/p>\n<p><strong>Aten\u00e7\u00e3o<\/strong>: Informa\u00e7\u00f5es sobre a matr\u00edcula ser\u00e3o enviadas por e-mail a partir de 16\/01\/23.<\/p>\n<p><strong>Chamada de suplente:<\/strong><\/p>\n<p>1 &#8211; M\u00c1RCIO AUR\u00c9LIO ALVES INSAURRIAGA (reserva de vaga: Resolu\u00e7\u00e3o 09\/2019, CONSUN\/UFPel &#8211; Servidores da UFPel &#8211; ren\u00fancia de BRUNO PEREIRA DIEHL)<\/p>\n<p>2 &#8211; MARINA DELLA M\u00c9A VIEIRA (ren\u00fancia de JARCIEL DOMINGUES S\u00c3O BERNARDO)<\/p>\n<p>3 &#8211; LUCAS CAVALHEIRO LAGAN\u00c1\u00a0 (ren\u00fancia de MARINA DELLLA M\u00c9A VIEIRA)<\/p>\n","protected":false},"excerpt":{"rendered":"<p>Edital para ingresso como estudante regular 2023 &#8211; PPGD \/ PPGH Sele\u00e7\u00e3o para Estudante Regular 2023 \u2013 PPGD e PPGH &#8211; UFPel Chamada P\u00fablica Programa Institucional de Bolsas de P\u00f3s-Gradua\u00e7\u00e3o (PIBPG) \u2013 Edital CNPq N\u00ba 69\/2022, Projeto &#8220;Inova\u00e7\u00e3o e sa\u00fade: potencialidades, limites e perspectivas do uso do aprendizado de m\u00e1quina no contexto do acesso \u00e0 &hellip; <\/p>\n<p><a class=\"more-link btn\" href=\"https:\/\/wp.ufpel.edu.br\/ppgd\/aluno-regular-2023\/\">Continue lendo<\/a><\/p>\n","protected":false},"author":293,"featured_media":0,"parent":0,"menu_order":0,"comment_status":"closed","ping_status":"closed","template":"","meta":{"footnotes":""},"class_list":["post-4877","page","type-page","status-publish","hentry","nodate","item-wrap"],"jetpack-related-posts":[],"jetpack_sharing_enabled":true,"_links":{"self":[{"href":"https:\/\/wp.ufpel.edu.br\/ppgd\/wp-json\/wp\/v2\/pages\/4877","targetHints":{"allow":["GET"]}}],"collection":[{"href":"https:\/\/wp.ufpel.edu.br\/ppgd\/wp-json\/wp\/v2\/pages"}],"about":[{"href":"https:\/\/wp.ufpel.edu.br\/ppgd\/wp-json\/wp\/v2\/types\/page"}],"author":[{"embeddable":true,"href":"https:\/\/wp.ufpel.edu.br\/ppgd\/wp-json\/wp\/v2\/users\/293"}],"replies":[{"embeddable":true,"href":"https:\/\/wp.ufpel.edu.br\/ppgd\/wp-json\/wp\/v2\/comments?post=4877"}],"version-history":[{"count":34,"href":"https:\/\/wp.ufpel.edu.br\/ppgd\/wp-json\/wp\/v2\/pages\/4877\/revisions"}],"predecessor-version":[{"id":6653,"href":"https:\/\/wp.ufpel.edu.br\/ppgd\/wp-json\/wp\/v2\/pages\/4877\/revisions\/6653"}],"wp:attachment":[{"href":"https:\/\/wp.ufpel.edu.br\/ppgd\/wp-json\/wp\/v2\/media?parent=4877"}],"curies":[{"name":"wp","href":"https:\/\/api.w.org\/{rel}","templated":true}]}}