{"id":3570,"date":"2021-02-04T08:15:41","date_gmt":"2021-02-04T11:15:41","guid":{"rendered":"https:\/\/wp.ufpel.edu.br\/ppgd\/?page_id=3570"},"modified":"2021-09-09T11:24:20","modified_gmt":"2021-09-09T14:24:20","slug":"aluno-especial-2021","status":"publish","type":"page","link":"https:\/\/wp.ufpel.edu.br\/ppgd\/aluno-especial-2021\/","title":{"rendered":"Aluno Especial 2021"},"content":{"rendered":"<p>ALUNO ESPECIAL 2021\/1<\/p>\n<p><span style=\"color: #333333\"><a style=\"color: #333333\" href=\"https:\/\/wp.ufpel.edu.br\/ppgd\/files\/2021\/02\/SEI_UFPel-Edital-de-selecao-Aluno-Especial-PPGD-2021-1.pdf\">SEI_UFPel &#8211; Edital de sele\u00e7\u00e3o Aluno Especial PPGD 2021-1<\/a><\/span><\/p>\n<p><span style=\"color: #333333\">Formul\u00e1rio de inscri\u00e7\u00e3o: <a style=\"color: #333333\" href=\"https:\/\/wp.ufpel.edu.br\/ppgd\/files\/2021\/02\/FORMULARIO-DE-INSCRICAO-ALUNO-ESPECIAL.doc\">FORMULARIO-DE-INSCRICAO-ALUNO-ESPECIAL<\/a><\/span><\/p>\n<p><a href=\"https:\/\/wp.ufpel.edu.br\/ppgd\/files\/2021\/02\/RESULTADO-SOLIDARIEDADE-E-EFETIVACAO-DOS-DIREITOS-SOCIAIS-Guilherme-Massau.pdf\">RESULTADO &#8211; SOLIDARIEDADE E EFETIVA\u00c7\u00c3O DOS DIREITOS SOCIAIS &#8211; Guilherme Massa\u00fa<\/a><\/p>\n<p><a href=\"https:\/\/wp.ufpel.edu.br\/ppgd\/files\/2021\/02\/RESULTADO-POLITICA-PENALIDADE-E-EXCLUSAO-SOCIAL-Bruno-Rotta-Almeida.pdf\">RESULTADO &#8211; POL\u00cdTICA, PENALIDADE E EXCLUS\u00c3O SOCIAL &#8211; Bruno Rotta Almeida<\/a><\/p>\n<p><a href=\"https:\/\/wp.ufpel.edu.br\/ppgd\/files\/2021\/02\/RESULTADO-ESTUDOS-FOUCAULTIANOS-E-DECOLONIALIDADE-CONSTRUCOES-JURIDICAS-POR-MEIO-DE-JOGOS-DE-PODER-E-DE-SABER-Ana-Clara-Correa-Henning.pdf\">RESULTADO &#8211; ESTUDOS FOUCAULTIANOS E DECOLONIALIDADE CONSTRU\u00c7\u00d5ES JUR\u00cdDICAS POR MEIO DE JOGOS DE PODER E DE SABER &#8211; Ana Clara Correa Henning<\/a><\/p>\n<p><a href=\"https:\/\/wp.ufpel.edu.br\/ppgd\/files\/2021\/02\/FORMULARIO-DE-MATRICULA-AE_2021_1.doc\">FORMUL\u00c1RIO-DE-MATR\u00cdCULA-AE_2021_1<\/a><\/p>\n<p>&nbsp;<\/p>\n<p>ALUNO ESPECIAL 2021\/2<\/p>\n<p>Acesso ao Edital: <a href=\"https:\/\/wp.ufpel.edu.br\/ppgd\/2021\/06\/25\/edital-para-ingresso-como-aluno-a-especial\/sei_ufpel-1341429-edital-de-selecao-prppgi\/\" rel=\"attachment wp-att-3936\">Edital n. 90\/2021 &#8211; sele\u00e7\u00e3o de aluno especial (2\u00ba semestre\/2021)<\/a>.<\/p>\n<p>Edital de Retifica\u00e7\u00e3o n. 17\/2021: <a href=\"https:\/\/wp.ufpel.edu.br\/ppgd\/2021\/06\/25\/edital-para-ingresso-como-aluno-a-especial\/sei_ufpel-1358852-edital-de-retificacao-prppgi\/\" rel=\"attachment wp-att-4041\">Edital de Retifica\u00e7\u00e3o PRPPGI<\/a><\/p>\n<p>Edital de Retifica\u00e7\u00e3o n. 22\/2021: <a href=\"https:\/\/wp.ufpel.edu.br\/ppgd\/files\/2021\/06\/SEI_UFPel-1381418-Edital-de-Retificacao-PRPPGI.pdf\">Edital de Retifica\u00e7\u00e3o PRPPGI<\/a><\/p>\n<p>Acesso ao formul\u00e1rio: <a href=\"https:\/\/wp.ufpel.edu.br\/ppgd\/2021\/06\/25\/edital-para-ingresso-como-aluno-a-especial\/formulario-de-inscricao-aluno-especial-3\/\" rel=\"attachment wp-att-3937\">Formul\u00e1rio de inscri\u00e7\u00e3o.<\/a><\/p>\n<p>Resultado A CONSTRU\u00c7\u00c3O DA DIGNIDADE HUMANA A PARTIR DOS DIREITOS SOCIAIS (Prof. Dr. Guilherme Camargo Massa\u00fa): <a href=\"https:\/\/wp.ufpel.edu.br\/ppgd\/files\/2021\/06\/PLANILHA-A-CONSTRUCAO-DA-DIGNIDADE-HUMANA-A-PARTIR-DOS-DIREITOS-SOCIAIS.pdf\">PLANILHA &#8211; A CONSTRU\u00c7\u00c3O DA DIGNIDADE HUMANA A PARTIR DOS DIREITOS SOCIAIS<\/a><\/p>\n<p>Resultado ACESSIBILIDADE NA EDUCA\u00c7\u00c3O SUPERIOR (Prof. Dr. Valm\u00f4r Scott Jr.): <a href=\"https:\/\/wp.ufpel.edu.br\/ppgd\/files\/2021\/06\/PLANILHA-ACESSIBILIDADE-NA-EDUCACAO-SUPERIOR.pdf\">PLANILHA &#8211; ACESSIBILIDADE NA EDUCA\u00c7\u00c3O SUPERIOR<\/a><\/p>\n<p>Resultado INCLUS\u00c3O, DI\u00c1LOGO SOCIAL E TRABALHO (Profa. Dra. Jane Gombar): <a href=\"https:\/\/wp.ufpel.edu.br\/ppgd\/files\/2021\/06\/PLANILHA-INCLUSAO-DIALOGO-SOCIAL-E-TRABALHO.pdf\">PLANILHA &#8211; INCLUS\u00c3O, DI\u00c1LOGO SOCIAL E TRABALHO<\/a><\/p>\n<p>Resultado SERVI\u00c7OS P\u00daBLICOS E CONCRETIZA\u00c7\u00c3O DOS DIREITOS FUNDAMENTAIS SOCIAIS (Prof. Dr. Prof. Itiber\u00ea de Oliveira Castellano Rodrigues): <a href=\"https:\/\/wp.ufpel.edu.br\/ppgd\/files\/2021\/06\/PLANILHA-SERVICOS-PUBLICOS-E-CONCRETIZACAO-DOS-DIREITOS-FUNDAMENTAIS-SOCIAIS.pdf\">PLANILHA &#8211; SERVI\u00c7OS P\u00daBLICOS E CONCRETIZA\u00c7\u00c3O DOS DIREITOS FUNDAMENTAIS SOCIAIS<\/a><\/p>\n<p>Resultado ACESSO \u00c0 JUSTI\u00c7A E DEMOCRACIA (Profa. Dra. Karinne Emanoela Goettems dos Santos): <a href=\"https:\/\/wp.ufpel.edu.br\/ppgd\/files\/2021\/06\/PLANILHA-ACESSO-A-JUSTICA-E-DEMOCRACIA-RETIFICADO.pdf\">PLANILHA &#8211; ACESSO \u00c0 JUSTI\u00c7A E DEMOCRACIA &#8211; RETIFICADO<\/a><\/p>\n<p>Resultado JURISDI\u00c7\u00c3O CONSTITUCIONAL, CONTROLE DE CONSTITUCIONALIDADE E TUTELA DOS DIREITOS FUNDAMENTAIS SOCIAIS (Prof. Dr. Marcelo Nunes Apolin\u00e1rio): <a href=\"https:\/\/wp.ufpel.edu.br\/ppgd\/files\/2021\/06\/PLANILHA-JURISDICAO-CONSTITUCIONAL-CONTROLE-DE-CONSTITUCIONALIDADE.pdf\">PLANILHA &#8211; JURISDI\u00c7\u00c3O CONSTITUCIONAL, CONTROLE DE CONSTITUCIONALIDADE<\/a><\/p>\n<p>Resultado CONSUMO E VULNERABILIDADE NA SOCIEDADE CONTEMPOR\u00c2NEA (Prof. Dr. Fernando Costa Azevedo): <a href=\"https:\/\/wp.ufpel.edu.br\/ppgd\/files\/2021\/06\/PLANILHA-CONSUMO-E-VULNERABILIDADE.pdf\">PLANILHA &#8211; CONSUMO E VULNERABILIDADE<\/a><\/p>\n<p>&#8211; Formul\u00e1rio de matr\u00edcula: <a href=\"https:\/\/wp.ufpel.edu.br\/ppgd\/files\/2021\/06\/FORMULARIO-DE-MATRICULA_AE_2021_2.doc\">FORMUL\u00c1RIO-DE-MATR\u00cdCULA_AE_2021_2<\/a><\/p>\n<p>Disciplinas e Hor\u00e1rios\/2021\/II \u2013 ALUNO(A) ESPECIAL: <a href=\"https:\/\/wp.ufpel.edu.br\/ppgd\/files\/2021\/06\/Horario_2o_semestre_2021_ALUNO-ESPECIAL.pdf\">Hor\u00e1rio_2\u00ba_semestre_2021_ALUNO ESPECIAL<\/a><\/p>\n","protected":false},"excerpt":{"rendered":"<p>ALUNO ESPECIAL 2021\/1 SEI_UFPel &#8211; Edital de sele\u00e7\u00e3o Aluno Especial PPGD 2021-1 Formul\u00e1rio de inscri\u00e7\u00e3o: FORMULARIO-DE-INSCRICAO-ALUNO-ESPECIAL RESULTADO &#8211; SOLIDARIEDADE E EFETIVA\u00c7\u00c3O DOS DIREITOS SOCIAIS &#8211; Guilherme Massa\u00fa RESULTADO &#8211; POL\u00cdTICA, PENALIDADE E EXCLUS\u00c3O SOCIAL &#8211; Bruno Rotta Almeida RESULTADO &#8211; ESTUDOS FOUCAULTIANOS E DECOLONIALIDADE CONSTRU\u00c7\u00d5ES JUR\u00cdDICAS POR MEIO DE JOGOS DE PODER E DE SABER &hellip; <\/p>\n<p><a class=\"more-link btn\" href=\"https:\/\/wp.ufpel.edu.br\/ppgd\/aluno-especial-2021\/\">Continue lendo<\/a><\/p>\n","protected":false},"author":293,"featured_media":0,"parent":0,"menu_order":0,"comment_status":"closed","ping_status":"closed","template":"","meta":{"footnotes":""},"class_list":["post-3570","page","type-page","status-publish","hentry","nodate","item-wrap"],"jetpack-related-posts":[],"jetpack_sharing_enabled":true,"_links":{"self":[{"href":"https:\/\/wp.ufpel.edu.br\/ppgd\/wp-json\/wp\/v2\/pages\/3570","targetHints":{"allow":["GET"]}}],"collection":[{"href":"https:\/\/wp.ufpel.edu.br\/ppgd\/wp-json\/wp\/v2\/pages"}],"about":[{"href":"https:\/\/wp.ufpel.edu.br\/ppgd\/wp-json\/wp\/v2\/types\/page"}],"author":[{"embeddable":true,"href":"https:\/\/wp.ufpel.edu.br\/ppgd\/wp-json\/wp\/v2\/users\/293"}],"replies":[{"embeddable":true,"href":"https:\/\/wp.ufpel.edu.br\/ppgd\/wp-json\/wp\/v2\/comments?post=3570"}],"version-history":[{"count":4,"href":"https:\/\/wp.ufpel.edu.br\/ppgd\/wp-json\/wp\/v2\/pages\/3570\/revisions"}],"predecessor-version":[{"id":4271,"href":"https:\/\/wp.ufpel.edu.br\/ppgd\/wp-json\/wp\/v2\/pages\/3570\/revisions\/4271"}],"wp:attachment":[{"href":"https:\/\/wp.ufpel.edu.br\/ppgd\/wp-json\/wp\/v2\/media?parent=3570"}],"curies":[{"name":"wp","href":"https:\/\/api.w.org\/{rel}","templated":true}]}}