{"id":31,"date":"2016-12-29T09:00:34","date_gmt":"2016-12-29T11:00:34","guid":{"rendered":"https:\/\/wp.ufpel.edu.br\/ppgd\/?page_id=31"},"modified":"2023-03-08T15:01:07","modified_gmt":"2023-03-08T18:01:07","slug":"corpo-docente","status":"publish","type":"page","link":"https:\/\/wp.ufpel.edu.br\/ppgd\/corpo-docente\/","title":{"rendered":"Corpo Docente"},"content":{"rendered":"<hr \/>\n<p style=\"text-align: center;\"><span style=\"font-family: helvetica, arial, sans-serif; font-size: 14pt;\"><strong>PROFESSORES PERMANENTES<\/strong><\/span><\/p>\n\n<table id=\"tablepress-1\" class=\"tablepress tablepress-id-1\">\n<tbody class=\"row-striping row-hover\">\n<tr class=\"row-1\">\n\t<td class=\"column-1\"><img data-recalc-dims=\"1\" loading=\"lazy\" decoding=\"async\" src=\"https:\/\/i0.wp.com\/wp.ufpel.edu.br\/ppgd\/files\/2023\/03\/Gastal-1-200x200-1.jpg?resize=200%2C200&#038;ssl=1\" alt=\"\" width=\"200\" height=\"200\" class=\"alignnone size-full wp-image-5872\" \/><\/td><td class=\"column-2\"><br \/>\n<a href=\"https:\/\/institucional.ufpel.edu.br\/servidores\/id\/27926\">ALEXANDRE FERNANDES GASTAL<\/a><br \/>\n<br \/>\nDoutor em Direito pela Universidade Federal do Rio Grande do Sul (2012). Atua na Linha de Pesquisa 1. <br \/>\n<br \/>\nCurr\u00edculo: <a href=\"http:\/\/lattes.cnpq.br\/5403004485971921\">http:\/\/lattes.cnpq.br\/5403004485971921<\/a><br \/>\nE-mail: <a href=\"mailto:alexandrefgastal@gmail.com\">alexandrefgastal@gmail.com<\/a><\/td>\n<\/tr>\n<tr class=\"row-2\">\n\t<td class=\"column-1\"><img data-recalc-dims=\"1\" loading=\"lazy\" decoding=\"async\" src=\"https:\/\/i0.wp.com\/wp.ufpel.edu.br\/ppgd\/files\/2023\/03\/ana-Clara.jpg?resize=198%2C199&#038;ssl=1\" alt=\"\" width=\"198\" height=\"199\" class=\"alignnone size-full wp-image-5879\" \/><\/td><td class=\"column-2\"><br \/>\n<a href=\"https:\/\/institucional.ufpel.edu.br\/servidores\/id\/30478\">ANA CLARA CORR\u00caA HENNING<\/a><br \/>\n<br \/>\nDoutora em Direito pela Universidade Federal de Santa Catarina (2016). Atua na Linha de Pesquisa 2. <br \/>\n<br \/>\nCurr\u00edculo: <a href=\"http:\/\/lattes.cnpq.br\/5204931161666059\">http:\/\/lattes.cnpq.br\/5204931161666059<\/a><br \/>\nE-mail: <a href=\"mailto:anaclaracorreahenning@gmail.com\">anaclaracorreahenning@gmail.com<\/a><\/td>\n<\/tr>\n<tr class=\"row-3\">\n\t<td class=\"column-1\"><img data-recalc-dims=\"1\" loading=\"lazy\" decoding=\"async\" src=\"https:\/\/i0.wp.com\/wp.ufpel.edu.br\/ppgd\/files\/2023\/03\/Bruno-.png?resize=198%2C199&#038;ssl=1\" alt=\"\" width=\"198\" height=\"199\" class=\"alignnone size-full wp-image-5915\" \/><\/td><td class=\"column-2\"><br \/>\n<a href=\"https:\/\/institucional.ufpel.edu.br\/servidores\/id\/3212\">BRUNO ROTTA ALMEIDA<\/a><br \/>\n<br \/>\nDoutor em Ci\u00eancias Criminais pela Pontif\u00edcia Universidade Cat\u00f3lica do Rio Grande do Sul (2016). Atua na Linha de Pesquisa 2. <br \/>\n<br \/>\nCurr\u00edculo: <a href=\"http:\/\/lattes.cnpq.br\/9101474140548790\">http:\/\/lattes.cnpq.br\/9101474140548790<\/a><br \/>\nE-mail: <a href=\"mailto:bruno.ralm@yahoo.com.br\">bruno.ralm@yahoo.com.br<\/a><\/td>\n<\/tr>\n<tr class=\"row-4\">\n\t<td class=\"column-1\"><img data-recalc-dims=\"1\" loading=\"lazy\" decoding=\"async\" src=\"https:\/\/i0.wp.com\/wp.ufpel.edu.br\/ppgd\/files\/2023\/03\/DANIEL.png?resize=198%2C199&#038;ssl=1\" alt=\"\" width=\"198\" height=\"199\" class=\"alignnone size-full wp-image-5920\" \/><\/td><td class=\"column-2\"><br \/>\n<a href=\"https:\/\/institucional.ufpel.edu.br\/servidores\/id\/173964\">DANIEL LENA MARCHIORI NETO<\/a><br \/>\n<br \/>\nDoutor em Direito pela Universidade Federal de Santa Catarina (2012). Atua na Linha de Pesquisa 1. <br \/>\n<br \/>\nCurr\u00edculo:  <a href=\"http:\/\/lattes.cnpq.br\/8249767290380023\">http:\/\/lattes.cnpq.br\/8249767290380023<\/a><br \/>\nE-mail: <a href=\"mailto:danielmarchiorineto@gmail.com\">danielmarchiorineto@gmail.com<\/a><\/td>\n<\/tr>\n<tr class=\"row-5\">\n\t<td class=\"column-1\"><img data-recalc-dims=\"1\" loading=\"lazy\" decoding=\"async\" src=\"https:\/\/i0.wp.com\/wp.ufpel.edu.br\/ppgd\/files\/2023\/03\/FERNANDO.png?resize=198%2C199&#038;ssl=1\" alt=\"\" width=\"198\" height=\"199\" class=\"alignnone size-full wp-image-5921\" \/><\/td><td class=\"column-2\"><a href=\"https:\/\/institucional.ufpel.edu.br\/servidores\/id\/31680\">FERNANDO COSTA DE AZEVEDO<\/a><br \/>\n<br \/>\nDoutor em Direito pela Universidade Federal do Rio Grande do Sul (2014). Atua na Linha de Pesquisa 2. <br \/>\n<br \/>\nCurr\u00edculo: <a href=\"http:\/\/lattes.cnpq.br\/8915579606213910\">http:\/\/lattes.cnpq.br\/8915579606213910<\/a><br \/>\n<br \/>\nE-mail: <a href=\"mailto: fernando.azevedo@ufpel.edu.br\">fernando.azevedo@ufpel.edu.br<\/a><\/td>\n<\/tr>\n<tr class=\"row-6\">\n\t<td class=\"column-1\"><img data-recalc-dims=\"1\" loading=\"lazy\" decoding=\"async\" src=\"https:\/\/i0.wp.com\/wp.ufpel.edu.br\/ppgd\/files\/2017\/01\/WhatsApp-Image-2024-10-10-at-13.52.29-e1728580911370.jpeg?resize=198%2C248&#038;ssl=1\" alt=\"\" width=\"198\" height=\"248\" class=\"alignnone size-full wp-image-7458\" \/><\/td><td class=\"column-2\"><a href=\"https:\/\/institucional.ufpel.edu.br\/servidores\/id\/99231\">GUILHERME CAMARGO MASSAU<\/a><br \/>\n<br \/>\nDoutor em Direito pela Universidade do Vale do Rio dos Sinos (2011). Atua na Linha de Pesquisa 1. <br \/>\n<br \/>\nCurr\u00edculo: <a href=\"http:\/\/lattes.cnpq.br\/8341523169751885\">http:\/\/lattes.cnpq.br\/8341523169751885<\/a><br \/>\n<br \/>\nE-mail: <a href=\"mailto:uassam@gmail.com\">uassam@gmail.com<\/a><\/td>\n<\/tr>\n<tr class=\"row-7\">\n\t<td class=\"column-1\"><img data-recalc-dims=\"1\" loading=\"lazy\" decoding=\"async\" src=\"https:\/\/i0.wp.com\/wp.ufpel.edu.br\/ppgd\/files\/2023\/03\/ITIBERE.png?resize=198%2C199&#038;ssl=1\" alt=\"\" width=\"198\" height=\"199\" class=\"alignnone size-full wp-image-5922\" \/><\/td><td class=\"column-2\"><br \/>\n<a href=\"https:\/\/institucional.ufpel.edu.br\/servidores\/id\/27122\">ITIBERE DE OLIVEIRA CASTELLANO RODRIGUES<\/a><br \/>\n<br \/>\nDoutor em Direito pela Westf\u00e4lische Wilhelms-Universit\u00e4t, M\u00fcnster, Alemanha (1999). Atua na Linha de Pesquisa 1. <br \/>\n<br \/>\nCurr\u00edculo: <a href=\"http:\/\/lattes.cnpq.br\/0361350276644810\">http:\/\/lattes.cnpq.br\/0361350276644810<\/a><br \/>\nE-mail: <a href=\"mailto:itibere.rodrigues@hotmail.com\">itibere.rodrigues@hotmail.com<\/a><\/td>\n<\/tr>\n<tr class=\"row-8\">\n\t<td class=\"column-1\"><img data-recalc-dims=\"1\" loading=\"lazy\" decoding=\"async\" src=\"https:\/\/i0.wp.com\/wp.ufpel.edu.br\/ppgd\/files\/2023\/03\/JANE.png?resize=198%2C199&#038;ssl=1\" alt=\"\" width=\"198\" height=\"199\" class=\"alignnone size-full wp-image-5923\" \/><\/td><td class=\"column-2\"><br \/>\n<a href=\"https:\/\/institucional.ufpel.edu.br\/servidores\/id\/99241\">JANE GOMBAR AZEVEDO OLIVEIRA<\/a><br \/>\n<br \/>\nDoutora em Direito pela Universit\u00e0 Degli Studi Roma Tre, It\u00e1lia (2010). Atua na Linha de Pesquisa 2.  <br \/>\n<br \/>\nCurr\u00edculo: <a href=\"http:\/\/lattes.cnpq.br\/4485607004917737\">http:\/\/lattes.cnpq.br\/4485607004917737<\/a><br \/>\nE-mail: <a href=\"mailto:gombarjane@gmail.com\">gombarjane@gmail.com<\/a><\/td>\n<\/tr>\n<tr class=\"row-9\">\n\t<td class=\"column-1\"><img data-recalc-dims=\"1\" loading=\"lazy\" decoding=\"async\" src=\"https:\/\/i0.wp.com\/wp.ufpel.edu.br\/ppgd\/files\/2023\/03\/KARINNE.png?resize=198%2C199&#038;ssl=1\" alt=\"\" width=\"198\" height=\"199\" class=\"alignnone size-full wp-image-5924\" \/><\/td><td class=\"column-2\"><br \/>\n<a href=\"https:\/\/institucional.ufpel.edu.br\/servidores\/id\/162286\">KARINNE EMANOELA GOETTEMS DOS SANTOS<\/a><br \/>\n<br \/>\nDoutora em Direito pela Universidade do Vale do Rio dos Sinos (2015). Atua na Linha de Pesquisa 1. <br \/>\n<br \/>\nCurr\u00edculo: <a href=\"http:\/\/lattes.cnpq.br\/0642088196069292\">http:\/\/lattes.cnpq.br\/0642088196069292<\/a><br \/>\nE-mail: <a href=\"mailto:karinne.adv@hotmail.com\">karinne.adv@hotmail.com<\/a><\/td>\n<\/tr>\n<tr class=\"row-10\">\n\t<td class=\"column-1\"><img data-recalc-dims=\"1\" loading=\"lazy\" decoding=\"async\" src=\"https:\/\/i0.wp.com\/wp.ufpel.edu.br\/ppgd\/files\/2023\/03\/MARCELO.png?resize=198%2C199&#038;ssl=1\" alt=\"\" width=\"198\" height=\"199\" class=\"alignnone size-full wp-image-5925\" \/><\/td><td class=\"column-2\"><br \/>\n<a href=\"https:\/\/institucional.ufpel.edu.br\/servidores\/id\/138830\">MARCELO NUNES APOLINARIO<\/a><br \/>\n<br \/>\nDoutor em Direito pela Universidad Aut\u00f3noma de Madrid (2010). Atua na Linha de Pesquisa 1. <br \/>\n<br \/>\nCurr\u00edculo:<a href=\"http:\/\/lattes.cnpq.br\/9572595972870300\">http:\/\/lattes.cnpq.br\/9572595972870300<\/a><br \/>\nE-mail: <a href=\"mailto:marcelo_apolinario@hotmail.com\">marcelo_apolinario@hotmail.com<\/a><\/td>\n<\/tr>\n<tr class=\"row-11\">\n\t<td class=\"column-1\"><img data-recalc-dims=\"1\" loading=\"lazy\" decoding=\"async\" src=\"https:\/\/i0.wp.com\/wp.ufpel.edu.br\/ppgd\/files\/2023\/10\/Marcia-Bertoldi.png?resize=204%2C206&#038;ssl=1\" alt=\"\" width=\"204\" height=\"206\" class=\"alignnone size-full wp-image-6775\" \/><\/td><td class=\"column-2\"><a href=\"https:\/\/institucional.ufpel.edu.br\/servidores\/id\/138838\">MARCIA RODRIGUES BERTOLDI<\/a><br \/>\n<br \/>\nDoutora em Estudos Internacionais pela Universidad Pompeu Fabra (2002) e em Globaliza\u00e7\u00e3o e Direito pela Universidad de Girona (2004). Atua na Linha de Pesquisa 2. <br \/>\n<br \/>\nCurr\u00edculo: <a href=\"http:\/\/lattes.cnpq.br\/2979973414270206\">http:\/\/lattes.cnpq.br\/2979973414270206<\/a><br \/>\nE-mail: <a href=\"mailto:marciabertoldi@yahoo.com\">marciabertoldi@yahoo.com<\/a><\/td>\n<\/tr>\n<tr class=\"row-12\">\n\t<td class=\"column-1\"><img data-recalc-dims=\"1\" loading=\"lazy\" decoding=\"async\" src=\"https:\/\/i0.wp.com\/wp.ufpel.edu.br\/ppgd\/files\/2023\/03\/MARIA-DAS-GRACAS.png?resize=198%2C199&#038;ssl=1\" alt=\"\" width=\"198\" height=\"199\" class=\"alignnone size-full wp-image-5930\" \/><\/td><td class=\"column-2\"><br \/>\n<a href=\"https:\/\/institucional.ufpel.edu.br\/servidores\/id\/23669\">MARIA DAS GRA\u00c7AS PINTO DE BRITTO<\/a><br \/>\n<br \/>\nDoutora em Ciencias Sociales y Juridicas pela Universidad de Ja\u00e9n, Espanha (2010). Atua na Linha de Pesquisa 1. <br \/>\n<br \/>\nCurr\u00edculo: <a href=\"http:\/\/lattes.cnpq.br\/5244215737620651\">http:\/\/lattes.cnpq.br\/5244215737620651<\/a><br \/>\nE-mail: <a href=\"mailto:gracaspbritto.ufpel@gmail.com\">gracaspbritto.ufpel@gmail.com<\/a><\/td>\n<\/tr>\n<tr class=\"row-13\">\n\t<td class=\"column-1\"><img data-recalc-dims=\"1\" loading=\"lazy\" decoding=\"async\" src=\"https:\/\/i0.wp.com\/wp.ufpel.edu.br\/ppgd\/files\/2023\/03\/VALMOR.png?resize=198%2C199&#038;ssl=1\" alt=\"\" width=\"198\" height=\"199\" class=\"alignnone size-full wp-image-5928\" \/><\/td><td class=\"column-2\"><br \/>\n<a href=\"https:\/\/institucional.ufpel.edu.br\/servidores\/id\/153379\">VALMOR SCOTT JUNIOR<\/a><br \/>\n<br \/>\nDoutor em Educa\u00e7\u00e3o pela Universidade Federal de Santa Maria (2015). Atua na Linha de Pesquisa 2. <br \/>\n<br \/>\nCurr\u00edculo: <a href=\"http:\/\/lattes.cnpq.br\/9806421589183882\">http:\/\/lattes.cnpq.br\/9806421589183882<\/a><br \/>\nE-mail: <a href=\"mailto:valmorscottjr@gmail.com\">valmorscottjr@gmail.com<\/a><\/td>\n<\/tr>\n<\/tbody>\n<\/table>\n<!-- #tablepress-1 from cache -->\n<p>&nbsp;<\/p>\n<p style=\"text-align: center;\"><span style=\"font-family: helvetica, arial, sans-serif; font-size: 14pt;\"><strong>PROFESSORES COLABORADORES<\/strong><\/span><\/p>\n\n<table id=\"tablepress-4\" class=\"tablepress tablepress-id-4\">\n<tbody class=\"row-striping row-hover\">\n<tr class=\"row-1\">\n\t<td class=\"column-1\"><img data-recalc-dims=\"1\" loading=\"lazy\" decoding=\"async\" src=\"https:\/\/i0.wp.com\/wp.ufpel.edu.br\/ppgd\/files\/2023\/03\/MARCO-AURELIO.png?resize=198%2C199&#038;ssl=1\" alt=\"\" width=\"198\" height=\"199\" class=\"alignnone size-full wp-image-5936\" \/><\/td><td class=\"column-2\"><br \/>\nMARCO AUR\u00c9LIO RODRIGUES DA CUNHA E CRUZ<br \/>\n<br \/>\nDoutor em Direito Constitucional pela Universidad de Sevilha, Espanha (2008).<br \/>\n<br \/>\nCurr\u00edculo: <a href=\"http:\/\/lattes.cnpq.br\/3892220708800229\">http:\/\/lattes.cnpq.br\/3892220708800229<\/a><br \/>\nE-mail: <a href=\"mailto:marco_arcc@yahoo.com.br\">marco_arcc@yahoo.com.br<\/a><\/td>\n<\/tr>\n<tr class=\"row-2\">\n\t<td class=\"column-1\"><img data-recalc-dims=\"1\" loading=\"lazy\" decoding=\"async\" src=\"https:\/\/i0.wp.com\/wp.ufpel.edu.br\/ppgd\/files\/2023\/03\/WALDIMEIRY.png?resize=198%2C199&#038;ssl=1\" alt=\"\" width=\"198\" height=\"199\" class=\"alignnone size-full wp-image-5937\" \/><\/td><td class=\"column-2\"><br \/>\nWALDIMEIRY CORREA DA SILVA <br \/>\n<br \/>\nDoutora em Rela\u00e7\u00f5es Internacionais e Direito pela Universidad de Sevilha, Espanha (2011). <br \/>\nCurr\u00edculo: <a href=\"http:\/\/lattes.cnpq.br\/2797769495748073\">http:\/\/lattes.cnpq.br\/2797769495748073<\/a><br \/>\nE-mail: <a href=\"mailto:wcorrea@uloyola.es\">wcorrea@uloyola.es<\/a><\/td>\n<\/tr>\n<\/tbody>\n<\/table>\n<!-- #tablepress-4 from cache -->\n","protected":false},"excerpt":{"rendered":"<p>PROFESSORES PERMANENTES &nbsp; PROFESSORES COLABORADORES<\/p>\n","protected":false},"author":293,"featured_media":0,"parent":0,"menu_order":0,"comment_status":"closed","ping_status":"closed","template":"","meta":{"footnotes":""},"class_list":["post-31","page","type-page","status-publish","hentry","nodate","item-wrap"],"jetpack-related-posts":[],"jetpack_sharing_enabled":true,"_links":{"self":[{"href":"https:\/\/wp.ufpel.edu.br\/ppgd\/wp-json\/wp\/v2\/pages\/31","targetHints":{"allow":["GET"]}}],"collection":[{"href":"https:\/\/wp.ufpel.edu.br\/ppgd\/wp-json\/wp\/v2\/pages"}],"about":[{"href":"https:\/\/wp.ufpel.edu.br\/ppgd\/wp-json\/wp\/v2\/types\/page"}],"author":[{"embeddable":true,"href":"https:\/\/wp.ufpel.edu.br\/ppgd\/wp-json\/wp\/v2\/users\/293"}],"replies":[{"embeddable":true,"href":"https:\/\/wp.ufpel.edu.br\/ppgd\/wp-json\/wp\/v2\/comments?post=31"}],"version-history":[{"count":21,"href":"https:\/\/wp.ufpel.edu.br\/ppgd\/wp-json\/wp\/v2\/pages\/31\/revisions"}],"predecessor-version":[{"id":5941,"href":"https:\/\/wp.ufpel.edu.br\/ppgd\/wp-json\/wp\/v2\/pages\/31\/revisions\/5941"}],"wp:attachment":[{"href":"https:\/\/wp.ufpel.edu.br\/ppgd\/wp-json\/wp\/v2\/media?parent=31"}],"curies":[{"name":"wp","href":"https:\/\/api.w.org\/{rel}","templated":true}]}}