{"id":3032,"date":"2020-08-24T11:11:07","date_gmt":"2020-08-24T14:11:07","guid":{"rendered":"https:\/\/wp.ufpel.edu.br\/ppgd\/?page_id=3032"},"modified":"2021-01-05T22:38:03","modified_gmt":"2021-01-06T01:38:03","slug":"processo-seletivo-2021","status":"publish","type":"page","link":"https:\/\/wp.ufpel.edu.br\/ppgd\/processo-seletivo-2021\/","title":{"rendered":"Aluno Regular 2021"},"content":{"rendered":"<p><strong><span style=\"font-family: helvetica, arial, sans-serif;color: #333333;font-size: 12pt\">Sele\u00e7\u00e3o para Aluno Regular 2021 &#8211; PPGD\/UFPel:<\/span><\/strong><\/p>\n<p><span style=\"color: #333333;font-size: 12pt;font-family: georgia, palatino, serif\"><a style=\"color: #333333\" href=\"https:\/\/wp.ufpel.edu.br\/ppgd\/files\/2020\/07\/PPGD-1007657-Edital-de-sele\u00e7\u00e3o-PRPPGI.pdf\">Edital de sele\u00e7\u00e3o<\/a><\/span><\/p>\n<p><span style=\"font-family: georgia, palatino, serif;color: #333333;font-size: 12pt\"><a style=\"color: #333333\" href=\"https:\/\/wp.ufpel.edu.br\/ppgd\/files\/2020\/07\/SEI_UFPel-1014640-Edital-de-Retifica\u00e7\u00e3o-PRPPGI.pdf\">Edital de Retifica\u00e7\u00e3o 1<\/a><\/span><\/p>\n<p><span style=\"color: #333333;font-size: 12pt;font-family: georgia, palatino, serif\"><a style=\"color: #333333\" href=\"https:\/\/wp.ufpel.edu.br\/ppgd\/files\/2020\/07\/SEI_UFPel-1018147-Edital-de-Retifica\u00e7\u00e3o-PRPPGI-2.pdf\">Edital de Retifica\u00e7\u00e3o 2<\/a><\/span><\/p>\n<p><span style=\"color: #333333;font-family: georgia, palatino, serif;font-size: 12pt\"><a style=\"color: #333333\" href=\"https:\/\/wp.ufpel.edu.br\/ppgd\/files\/2020\/07\/ANEXO-1-LATTES-convertido.docx\">Anexo I: Lattes<\/a><\/span><\/p>\n<p><span style=\"color: #333333;font-family: georgia, palatino, serif;font-size: 12pt\"><a style=\"color: #333333\" href=\"https:\/\/wp.ufpel.edu.br\/ppgd\/files\/2020\/07\/FORMULARIO-DE-INSCRI\u00c7\u00c3O-ATUALIZADO.doc\">Anexo II: Requerimento de Inscri\u00e7\u00e3o<\/a><\/span><\/p>\n<p><span style=\"color: #333333;font-family: georgia, palatino, serif;font-size: 12pt\"><a style=\"color: #333333\" href=\"https:\/\/wp.ufpel.edu.br\/ppgd\/files\/2020\/07\/Declara\u00e7\u00e3o-de-etnia.pdf\">Declara\u00e7\u00e3o de etnia<\/a><\/span><\/p>\n<p><span style=\"font-family: georgia, palatino, serif;color: #333333;font-size: 12pt\">Cadastro \u00danico para Programas Sociais do Governo Federal (Cad\u00danico): <span style=\"color: #0000ff\"><a style=\"color: #0000ff\" href=\"https:\/\/meucadunico.cidadania.gov.br\/meu_cadunico\/\">https:\/\/meucadunico.cidadania.gov.br\/meu_cadunico\/<\/a><\/span><\/span><\/p>\n<p><span style=\"color: #ff0000;font-size: 12pt;font-family: georgia, palatino, serif\"><span style=\"color: #000000\">Lista de inscri\u00e7\u00f5es homologadas:<\/span> <span style=\"color: #0000ff\"><a style=\"color: #0000ff\" href=\"https:\/\/wp.ufpel.edu.br\/ppgd\/files\/2020\/07\/Relacao-de-Incricoes-Homologadas.pdf\">Rela\u00e7\u00e3o-de-Incri\u00e7\u00f5es-Homologadas<\/a>\u00a0<\/span><\/span><\/p>\n<p><span style=\"color: #000000\">Lista de inscri\u00e7\u00f5es homologadas ap\u00f3s recursos: <span style=\"color: #0000ff\"><a style=\"color: #0000ff\" href=\"https:\/\/wp.ufpel.edu.br\/ppgd\/files\/2020\/07\/Relacao-de-Incricoes-Homologadas-apos-Recursos.pdf\">Rela\u00e7\u00e3o-de-Incri\u00e7\u00f5es-Homologadas ap\u00f3s Recursos<\/a><\/span><\/span><\/p>\n<p><span style=\"color: #000000\">Lista de inscri\u00e7\u00f5es homologadas ap\u00f3s recursos RETIFICADA (corre\u00e7\u00e3o de of\u00edcio das listas anteriores): <span style=\"color: #0000ff\"><a style=\"color: #0000ff\" href=\"https:\/\/wp.ufpel.edu.br\/ppgd\/files\/2020\/07\/Relacao-de-Incricoes-Homologadas-apos-Recursos-RETIFICADA_.pdf\">Rela\u00e7\u00e3o-de-Incri\u00e7\u00f5es-Homologadas ap\u00f3s Recursos &#8211; RETIFICADA_<\/a><\/span><\/span><\/p>\n<p><span style=\"color: #000000\">Resultado da prova escrita: <span style=\"color: #0000ff\"><a style=\"color: #0000ff\" href=\"https:\/\/wp.ufpel.edu.br\/ppgd\/files\/2020\/07\/Planilha-divulgacao.pdf\"> Resultado da prova escrita<\/a><\/span><\/span><\/p>\n<p><span style=\"color: #000000\">Resultado da prova escrita ap\u00f3s recursos: <span style=\"color: #0000ff\"><a style=\"color: #0000ff\" href=\"https:\/\/wp.ufpel.edu.br\/ppgd\/files\/2020\/07\/Resultado-Prova-Escrita-apos-Recursos.pdf\">Resultado Prova Escrita ap\u00f3s Recursos<\/a><\/span><\/span><\/p>\n<p><span style=\"background-color: #ffffff\"><span style=\"color: #000000\">Cronograma de Entrevistas: <span style=\"color: #0000ff\"><a style=\"color: #0000ff\" href=\"https:\/\/wp.ufpel.edu.br\/ppgd\/files\/2020\/07\/Cronograma-de-Entrevistas.pdf\">Cronograma de Entrevistas<\/a><\/span><\/span><\/span><\/p>\n<table style=\"border-collapse: collapse;width: 46.2801%;height: 77px\" border=\"1\">\n<tbody>\n<tr style=\"height: 24px\">\n<td style=\"width: 100%;height: 24px;text-align: left\"><span style=\"color: #000000\">Altera\u00e7\u00e3o de Entrevistas<\/span><\/td>\n<\/tr>\n<tr style=\"height: 24px\">\n<td style=\"width: 100%;height: 24px\"><span style=\"color: #000000\">Inscri\u00e7\u00e3o 22: sexta-feira (06\/11\/20), \u00e0s 08:15. Link: <span style=\"color: #0000ff\"><a style=\"color: #0000ff\" href=\"https:\/\/webconf.ufpel.edu.br\/b\/val-cwv-wv6\">https:\/\/webconf.ufpel.edu.br\/b\/val-cwv-wv6<\/a><\/span><\/span><\/td>\n<\/tr>\n<tr style=\"height: 24px\">\n<td style=\"width: 100%;height: 24px\"><span style=\"color: #000000\">Inscri\u00e7\u00e3o 123: sexta-feira (06\/11\/20), \u00e0s 08:35. Link: <span style=\"color: #0000ff\"><a style=\"color: #0000ff\" href=\"https:\/\/webconf.ufpel.edu.br\/b\/val-cwv-wv6\">https:\/\/webconf.ufpel.edu.br\/b\/val-cwv-wv6<\/a><\/span>\u00a0<\/span><\/td>\n<\/tr>\n<\/tbody>\n<\/table>\n<p><span style=\"color: #000000\">As demais entrevistas permanecem inalteradas.<\/span><\/p>\n<p><span style=\"color: #000000\">Resultado do Anteprojeto de Disserta\u00e7\u00e3o e da Entrevista: <span style=\"color: #0000ff\"><a style=\"color: #0000ff\" href=\"https:\/\/wp.ufpel.edu.br\/ppgd\/files\/2020\/07\/Resultado-Anteprojeto-de-Dissertacao-e-Entrevista.pdf\">Resultado Anteprojeto de Disserta\u00e7\u00e3o e Entrevista<\/a><\/span><\/span><\/p>\n<p><span style=\"color: #000000\">Resultado do Anteprojeto de Disserta\u00e7\u00e3o e da Entrevista ap\u00f3s Recursos &#8211; retificado: <span style=\"color: #0000ff\"><a style=\"color: #0000ff\" href=\"https:\/\/wp.ufpel.edu.br\/ppgd\/files\/2020\/07\/Resultado-Anteprojeto-de-Dissertacao-e-Entrevista-apos-Recursos_.pdf\">Resultado Anteprojeto de Disserta\u00e7\u00e3o e Entrevista ap\u00f3s Recursos_<\/a>\u00a0<\/span><\/span><\/p>\n<p><span style=\"color: #000000\">Resultado An\u00e1lise do Curr\u00edculo Lattes: <span style=\"color: #0000ff\"><a style=\"color: #0000ff\" href=\"https:\/\/wp.ufpel.edu.br\/ppgd\/files\/2020\/07\/Resultado-Analise-do-Curriculo-Lattes.pdf\">Resultado An\u00e1lise do Curr\u00edculo Lattes<\/a><\/span><\/span><\/p>\n<p><span style=\"color: #000000\">Resultado An\u00e1lise do Curr\u00edculo Lattes ap\u00f3s Recursos:<span style=\"color: #0000ff\"> <a style=\"color: #0000ff\" href=\"https:\/\/wp.ufpel.edu.br\/ppgd\/files\/2020\/07\/Resultado-Analise-do-Curriculo-Lattes-2021_apos-recursos-RETIFICADO.pdf\">Resultado An\u00e1lise do Curr\u00edculo Lattes 2021_ap\u00f3s recursos &#8211; RETIFICADO<\/a><\/span><\/span><\/p>\n<p><span style=\"color: #000000\">Resultado Final:<\/span> <span style=\"color: #0000ff\"><a style=\"color: #0000ff\" href=\"https:\/\/wp.ufpel.edu.br\/ppgd\/files\/2020\/07\/Resultado-Final.pdf\">Resultado Final<\/a><\/span><\/p>\n<p><span style=\"color: #000000\">Resultado Final ap\u00f3s Recursos<\/span>: <span style=\"color: #0000ff\"><a style=\"color: #0000ff\" href=\"https:\/\/wp.ufpel.edu.br\/ppgd\/files\/2020\/07\/Resultado-Final-Apos-Recursos__.pdf\">Resultado Final Ap\u00f3s Recursos__<\/a><\/span><\/p>\n<p><span style=\"color: #000000\"><strong>Matr\u00edcula:<\/strong> A data da matr\u00edcula ser\u00e1 informada na p\u00e1gina do PPGD e por e-mail, a partir da\u00a0segunda quinzena de fevereiro de 2021, uma vez que o calend\u00e1rio acad\u00eamico de 2021 ainda n\u00e3o est\u00e1 definido pela UFPel.<\/span><\/p>\n<p><span style=\"color: #000000\">E-mail<\/span>: <span style=\"color: #800000\"><strong>ingresso2021ppgdufpelnovo@gmail.com<\/strong><\/span><\/p>\n","protected":false},"excerpt":{"rendered":"<p>Sele\u00e7\u00e3o para Aluno Regular 2021 &#8211; PPGD\/UFPel: Edital de sele\u00e7\u00e3o Edital de Retifica\u00e7\u00e3o 1 Edital de Retifica\u00e7\u00e3o 2 Anexo I: Lattes Anexo II: Requerimento de Inscri\u00e7\u00e3o Declara\u00e7\u00e3o de etnia Cadastro \u00danico para Programas Sociais do Governo Federal (Cad\u00danico): https:\/\/meucadunico.cidadania.gov.br\/meu_cadunico\/ Lista de inscri\u00e7\u00f5es homologadas: Rela\u00e7\u00e3o-de-Incri\u00e7\u00f5es-Homologadas\u00a0 Lista de inscri\u00e7\u00f5es homologadas ap\u00f3s recursos: Rela\u00e7\u00e3o-de-Incri\u00e7\u00f5es-Homologadas ap\u00f3s Recursos Lista de &hellip; <\/p>\n<p><a class=\"more-link btn\" href=\"https:\/\/wp.ufpel.edu.br\/ppgd\/processo-seletivo-2021\/\">Continue lendo<\/a><\/p>\n","protected":false},"author":293,"featured_media":0,"parent":0,"menu_order":0,"comment_status":"closed","ping_status":"closed","template":"","meta":{"footnotes":""},"class_list":["post-3032","page","type-page","status-publish","hentry","nodate","item-wrap"],"jetpack-related-posts":[],"jetpack_sharing_enabled":true,"_links":{"self":[{"href":"https:\/\/wp.ufpel.edu.br\/ppgd\/wp-json\/wp\/v2\/pages\/3032","targetHints":{"allow":["GET"]}}],"collection":[{"href":"https:\/\/wp.ufpel.edu.br\/ppgd\/wp-json\/wp\/v2\/pages"}],"about":[{"href":"https:\/\/wp.ufpel.edu.br\/ppgd\/wp-json\/wp\/v2\/types\/page"}],"author":[{"embeddable":true,"href":"https:\/\/wp.ufpel.edu.br\/ppgd\/wp-json\/wp\/v2\/users\/293"}],"replies":[{"embeddable":true,"href":"https:\/\/wp.ufpel.edu.br\/ppgd\/wp-json\/wp\/v2\/comments?post=3032"}],"version-history":[{"count":6,"href":"https:\/\/wp.ufpel.edu.br\/ppgd\/wp-json\/wp\/v2\/pages\/3032\/revisions"}],"predecessor-version":[{"id":3552,"href":"https:\/\/wp.ufpel.edu.br\/ppgd\/wp-json\/wp\/v2\/pages\/3032\/revisions\/3552"}],"wp:attachment":[{"href":"https:\/\/wp.ufpel.edu.br\/ppgd\/wp-json\/wp\/v2\/media?parent=3032"}],"curies":[{"name":"wp","href":"https:\/\/api.w.org\/{rel}","templated":true}]}}