{"id":22,"date":"2016-12-29T08:56:38","date_gmt":"2016-12-29T10:56:38","guid":{"rendered":"https:\/\/wp.ufpel.edu.br\/ppgd\/?page_id=22"},"modified":"2023-03-07T19:48:50","modified_gmt":"2023-03-07T22:48:50","slug":"linhas-de-pesquisa","status":"publish","type":"page","link":"https:\/\/wp.ufpel.edu.br\/ppgd\/linhas-de-pesquisa\/","title":{"rendered":"\u00c1rea de Concentra\u00e7\u00e3o e Linhas de Pesquisa"},"content":{"rendered":"<hr \/>\n<p style=\"text-align: center;\"><span style=\"font-size: 14pt;\"><strong>DIREITOS SOCIAIS\u00a0<\/strong><\/span><\/p>\n<p style=\"text-align: justify;\">A \u00e1rea de concentra\u00e7\u00e3o aborda a tem\u00e1tica dos direitos sociais desde a dimens\u00e3o constitucional, enquanto moduladora de garantias de execu\u00e7\u00e3o, at\u00e9 a dimens\u00e3o da vulnerabilidade social dos sujeitos tensionados pela exclus\u00e3o e pela desigualdade. Estas dimens\u00f5es dos direitos sociais ocupam ambi\u00eancias de demanda epistemol\u00f3gica emancipat\u00f3ria como meio de garantir o efetivo exerc\u00edcio de direitos fundamentais. Nesse sentido, as linhas de pesquisa objetivam oferecer estudos propulsores dessa perspectiva, analisando a atua\u00e7\u00e3o do Estado constitucional em rela\u00e7\u00e3o aos vulner\u00e1veis para propor mecanismos jur\u00eddicos de potencializa\u00e7\u00e3o do direito ao desenvolvimento social e consequente subjetividade.<\/p>\n<p>&nbsp;<\/p>\n<p style=\"text-align: justify;\"><span style=\"font-family: helvetica, arial, sans-serif;\"><strong>Linha 1 &#8211;\u00a0Estado e Constitui\u00e7\u00e3o<\/strong><\/span><\/p>\n<p style=\"text-align: justify;\"><span style=\"font-family: helvetica, arial, sans-serif;\">Esta linha de pesquisa estuda as condi\u00e7\u00f5es de atua\u00e7\u00e3o do Estado face aos direitos sociais, enfocando-as a partir da organiza\u00e7\u00e3o estrutural normativa e institucional vigentes no Estado brasileiro para o fim da promo\u00e7\u00e3o de referidos direitos. Tamb\u00e9m, desenvolve estudos que sinalizem possibilidades inovadoras na tem\u00e1tica, contemplando teorias contempor\u00e2neas que vislumbram a emerg\u00eancia de novos direitos sociais, o que significa possibilidades de reformula\u00e7\u00e3o de conceitos; estuda a teoria do Estado, problematizando os diferentes paradigmas que refletem as posturas e a\u00e7\u00f5es do Estado frente \u00e0 desigualdade social e econ\u00f4mica; e examina a hermen\u00eautica e a teoria constitucional. A linha envolve reflex\u00f5es acerca da concretiza\u00e7\u00e3o de princ\u00edpios constitucionais que definem o conceito, as caracter\u00edsticas e a aplicabilidade dos direitos sociais sob a perspectiva do constitucionalismo como fen\u00f4meno jur\u00eddico, hist\u00f3rico, pol\u00edtico, social e econ\u00f4mico.<\/span><\/p>\n<p style=\"text-align: justify;\"><span style=\"font-family: helvetica, arial, sans-serif;\"><strong>Linha 2 &#8211; Direito e Vulnerabilidade Social<\/strong><\/span><\/p>\n<p style=\"text-align: justify;\"><span style=\"font-family: helvetica, arial, sans-serif;\">A diversidade cultural do Brasil manifesta-se em grupos minorit\u00e1rios que afirmam necessidades diversas das que norteiam, de forma hegem\u00f4nica, as estruturas do Estado e do Direito nacional e global. Tal diversidade se alia, muitas vezes, a formas de marginaliza\u00e7\u00e3o ou subalterniza\u00e7\u00e3o na sociedade. Para al\u00e9m da realidade de tais grupos culturalmente minorit\u00e1rios, a realidade jur\u00eddica brasileira vivencia a exist\u00eancia de grupos economicamente exclu\u00eddos ou postados em situa\u00e7\u00e3o de not\u00f3ria desigualdade (econ\u00f4mica, cognitiva, estrutural etc.) no seio de rela\u00e7\u00f5es jur\u00eddicas que venham a se inserir, concretizando, igualmente, um estado de vulnerabilidade social. Os estudos desenvolvidos nesta linha procuram investigar teorias e experi\u00eancias bem sucedidas ou necess\u00e1rias que possam evidenciar\/apontar processos de emancipa\u00e7\u00e3o social mediante o acesso a direitos sociais- na busca da igualdade, da justi\u00e7a social e do reconhecimento ao estado de diferen\u00e7a.<\/span><\/p>\n","protected":false},"excerpt":{"rendered":"<p>DIREITOS SOCIAIS\u00a0 A \u00e1rea de concentra\u00e7\u00e3o aborda a tem\u00e1tica dos direitos sociais desde a dimens\u00e3o constitucional, enquanto moduladora de garantias de execu\u00e7\u00e3o, at\u00e9 a dimens\u00e3o da vulnerabilidade social dos sujeitos tensionados pela exclus\u00e3o e pela desigualdade. Estas dimens\u00f5es dos direitos sociais ocupam ambi\u00eancias de demanda epistemol\u00f3gica emancipat\u00f3ria como meio de garantir o efetivo exerc\u00edcio de &hellip; <\/p>\n<p><a class=\"more-link btn\" href=\"https:\/\/wp.ufpel.edu.br\/ppgd\/linhas-de-pesquisa\/\">Continue lendo<\/a><\/p>\n","protected":false},"author":293,"featured_media":0,"parent":0,"menu_order":0,"comment_status":"closed","ping_status":"closed","template":"","meta":{"footnotes":""},"class_list":["post-22","page","type-page","status-publish","hentry","nodate","item-wrap"],"jetpack-related-posts":[],"jetpack_sharing_enabled":true,"_links":{"self":[{"href":"https:\/\/wp.ufpel.edu.br\/ppgd\/wp-json\/wp\/v2\/pages\/22","targetHints":{"allow":["GET"]}}],"collection":[{"href":"https:\/\/wp.ufpel.edu.br\/ppgd\/wp-json\/wp\/v2\/pages"}],"about":[{"href":"https:\/\/wp.ufpel.edu.br\/ppgd\/wp-json\/wp\/v2\/types\/page"}],"author":[{"embeddable":true,"href":"https:\/\/wp.ufpel.edu.br\/ppgd\/wp-json\/wp\/v2\/users\/293"}],"replies":[{"embeddable":true,"href":"https:\/\/wp.ufpel.edu.br\/ppgd\/wp-json\/wp\/v2\/comments?post=22"}],"version-history":[{"count":6,"href":"https:\/\/wp.ufpel.edu.br\/ppgd\/wp-json\/wp\/v2\/pages\/22\/revisions"}],"predecessor-version":[{"id":5714,"href":"https:\/\/wp.ufpel.edu.br\/ppgd\/wp-json\/wp\/v2\/pages\/22\/revisions\/5714"}],"wp:attachment":[{"href":"https:\/\/wp.ufpel.edu.br\/ppgd\/wp-json\/wp\/v2\/media?parent=22"}],"curies":[{"name":"wp","href":"https:\/\/api.w.org\/{rel}","templated":true}]}}