{"id":1778,"date":"2019-06-24T15:57:05","date_gmt":"2019-06-24T18:57:05","guid":{"rendered":"https:\/\/wp.ufpel.edu.br\/ppgd\/?page_id=1778"},"modified":"2019-06-24T15:58:19","modified_gmt":"2019-06-24T18:58:19","slug":"aluno-especial-2017","status":"publish","type":"page","link":"https:\/\/wp.ufpel.edu.br\/ppgd\/aluno-especial-2017\/","title":{"rendered":"Aluno Especial 2017"},"content":{"rendered":"<p style=\"text-align: justify\"><span style=\"font-family: helvetica, arial, sans-serif;color: #000000\"><strong>Sele\u00e7\u00e3o 2017\/II<\/strong><\/span><\/p>\n<p style=\"text-align: justify\"><span style=\"font-family: helvetica, arial, sans-serif;color: #000000\"><a style=\"color: #000000\" href=\"https:\/\/wp.ufpel.edu.br\/ppgd\/files\/2017\/03\/2017_II_-Edital-de-Sele%C3%A7%C3%A3o-066-PPG-Direito-Aluno-Especial.pdf\">2017_II_ Edital-de-Sele\u00e7\u00e3o-066-PPG-Direito-Aluno-Especial<\/a><\/span><\/p>\n<p style=\"text-align: justify\"><span style=\"font-family: helvetica, arial, sans-serif;color: #000000\"><a style=\"color: #000000\" href=\"https:\/\/wp.ufpel.edu.br\/ppgd\/files\/2017\/03\/Edital-de-Retifica%C3%A7%C3%A3o-009-2017.pdf\">Edital de Retifica\u00e7\u00e3o 009-2017<\/a><\/span><\/p>\n<p style=\"text-align: justify\"><span style=\"font-family: helvetica, arial, sans-serif;color: #000000\"><a style=\"color: #000000\" href=\"https:\/\/wp.ufpel.edu.br\/ppgd\/files\/2017\/03\/Formul%C3%A1rio-Inscri%C3%A7%C3%A3o-1.doc\">Formul\u00e1rio-Inscri\u00e7\u00e3o<\/a><\/span><\/p>\n<p style=\"text-align: justify\"><span style=\"font-family: helvetica, arial, sans-serif;color: #000000\"><strong>Aten\u00e7\u00e3o para a Retifica\u00e7\u00e3o<\/strong>: \u00a0divulgamos o Edital de Retifica\u00e7\u00e3o Excluindo da Sele\u00e7\u00e3o a disciplina \u201cTeoria dos Direitos Fundamentais\u201d.<\/span><\/p>\n<p style=\"text-align: justify\"><span style=\"font-family: helvetica, arial, sans-serif;color: #000000\"><a style=\"color: #000000\" href=\"https:\/\/wp.ufpel.edu.br\/ppgd\/files\/2017\/03\/AE-Inscri%C3%A7%C3%B5es-Homologadas-2.pdf\">AE \u2013 Inscri\u00e7\u00f5es Homologadas<\/a><\/span><\/p>\n<p style=\"text-align: justify\"><span style=\"font-family: helvetica, arial, sans-serif;color: #000000\"><a style=\"color: #000000\" href=\"https:\/\/wp.ufpel.edu.br\/ppgd\/files\/2017\/03\/Resultado-candidatos-selecionados.pdf\">Resultado \u2013 candidatos selecionados<\/a><\/span><\/p>\n<p style=\"text-align: justify\"><span style=\"font-family: helvetica, arial, sans-serif;color: #000000\"><a style=\"color: #000000\" href=\"https:\/\/wp.ufpel.edu.br\/ppgd\/files\/2017\/03\/Formul%C3%A1rio-de-matr%C3%ADcula.pdf\">Formul\u00e1rio de matr\u00edcula<\/a><\/span><\/p>\n<p>&nbsp;<\/p>\n<p style=\"text-align: justify\"><span style=\"font-family: helvetica, arial, sans-serif;color: #000000\"><strong>Sele\u00e7\u00e3o 2017\/I<\/strong><\/span><\/p>\n<p style=\"text-align: justify\"><span style=\"font-family: helvetica, arial, sans-serif;color: #000000\"><a style=\"color: #000000\" href=\"https:\/\/wp.ufpel.edu.br\/ppgd\/files\/2017\/03\/Edital-de-Aluno-Especial-026-PPG-Direito.pdf\">Edital-de-Aluno-Especial-026-PPG-Direito<\/a><\/span><\/p>\n<p style=\"text-align: justify\"><span style=\"font-family: helvetica, arial, sans-serif;color: #000000\"><a style=\"color: #000000\" href=\"https:\/\/wp.ufpel.edu.br\/ppgd\/files\/2017\/01\/Formul%C3%A1rio-Inscri%C3%A7%C3%A3o.doc\">Formul\u00e1rio-Inscri\u00e7\u00e3o<\/a><\/span><\/p>\n<p style=\"text-align: justify\"><span style=\"font-family: helvetica, arial, sans-serif;color: #000000\"><a style=\"color: #000000\" href=\"https:\/\/wp.ufpel.edu.br\/ppgd\/files\/2017\/03\/AE-Inscri%C3%A7%C3%B5es-Homologadas.pdf\">AE \u2013 Inscri\u00e7\u00f5es Homologadas<\/a><\/span><\/p>\n<p style=\"text-align: justify\"><span style=\"font-family: helvetica, arial, sans-serif;color: #000000\"><a style=\"color: #000000\" href=\"https:\/\/wp.ufpel.edu.br\/ppgd\/files\/2017\/03\/Resultado-Recursos.pdf\">Resultado \u2013 Recursos<\/a><\/span><\/p>\n<p style=\"text-align: justify\"><span style=\"font-family: helvetica, arial, sans-serif;color: #000000\"><a style=\"color: #000000\" href=\"https:\/\/wp.ufpel.edu.br\/ppgd\/files\/2017\/03\/Resultado-Candidatos-Selecionados-para-AE-2.pdf\">Resultado \u2013 Candidatos Selecionados para AE\u00a0<\/a><\/span><\/p>\n<p style=\"text-align: justify\"><span style=\"font-family: helvetica, arial, sans-serif;color: #000000\"><a style=\"color: #000000\" href=\"https:\/\/wp.ufpel.edu.br\/ppgd\/files\/2017\/03\/Formul%C3%A1rio-de-matr%C3%ADcula-AE.doc\">Formul\u00e1rio de matr\u00edcula \u2013 AE<\/a><\/span><\/p>\n<p style=\"text-align: justify\"><span style=\"font-family: helvetica, arial, sans-serif;color: #000000\"><a style=\"color: #000000\" href=\"https:\/\/wp.ufpel.edu.br\/ppgd\/files\/2017\/03\/Nota-informativa.pdf\">Nota informativa<\/a><\/span><\/p>\n","protected":false},"excerpt":{"rendered":"<p>Sele\u00e7\u00e3o 2017\/II 2017_II_ Edital-de-Sele\u00e7\u00e3o-066-PPG-Direito-Aluno-Especial Edital de Retifica\u00e7\u00e3o 009-2017 Formul\u00e1rio-Inscri\u00e7\u00e3o Aten\u00e7\u00e3o para a Retifica\u00e7\u00e3o: \u00a0divulgamos o Edital de Retifica\u00e7\u00e3o Excluindo da Sele\u00e7\u00e3o a disciplina \u201cTeoria dos Direitos Fundamentais\u201d. AE \u2013 Inscri\u00e7\u00f5es Homologadas Resultado \u2013 candidatos selecionados Formul\u00e1rio de matr\u00edcula &nbsp; Sele\u00e7\u00e3o 2017\/I Edital-de-Aluno-Especial-026-PPG-Direito Formul\u00e1rio-Inscri\u00e7\u00e3o AE \u2013 Inscri\u00e7\u00f5es Homologadas Resultado \u2013 Recursos Resultado \u2013 Candidatos Selecionados para &hellip; <\/p>\n<p><a class=\"more-link btn\" href=\"https:\/\/wp.ufpel.edu.br\/ppgd\/aluno-especial-2017\/\">Continue lendo<\/a><\/p>\n","protected":false},"author":293,"featured_media":0,"parent":0,"menu_order":0,"comment_status":"closed","ping_status":"closed","template":"","meta":{"footnotes":""},"class_list":["post-1778","page","type-page","status-publish","hentry","nodate","item-wrap"],"jetpack-related-posts":[],"jetpack_sharing_enabled":true,"_links":{"self":[{"href":"https:\/\/wp.ufpel.edu.br\/ppgd\/wp-json\/wp\/v2\/pages\/1778","targetHints":{"allow":["GET"]}}],"collection":[{"href":"https:\/\/wp.ufpel.edu.br\/ppgd\/wp-json\/wp\/v2\/pages"}],"about":[{"href":"https:\/\/wp.ufpel.edu.br\/ppgd\/wp-json\/wp\/v2\/types\/page"}],"author":[{"embeddable":true,"href":"https:\/\/wp.ufpel.edu.br\/ppgd\/wp-json\/wp\/v2\/users\/293"}],"replies":[{"embeddable":true,"href":"https:\/\/wp.ufpel.edu.br\/ppgd\/wp-json\/wp\/v2\/comments?post=1778"}],"version-history":[{"count":3,"href":"https:\/\/wp.ufpel.edu.br\/ppgd\/wp-json\/wp\/v2\/pages\/1778\/revisions"}],"predecessor-version":[{"id":1787,"href":"https:\/\/wp.ufpel.edu.br\/ppgd\/wp-json\/wp\/v2\/pages\/1778\/revisions\/1787"}],"wp:attachment":[{"href":"https:\/\/wp.ufpel.edu.br\/ppgd\/wp-json\/wp\/v2\/media?parent=1778"}],"curies":[{"name":"wp","href":"https:\/\/api.w.org\/{rel}","templated":true}]}}