{"id":1661,"date":"2019-06-21T20:30:48","date_gmt":"2019-06-21T23:30:48","guid":{"rendered":"https:\/\/wp.ufpel.edu.br\/ppgd\/?page_id=1661"},"modified":"2019-06-21T21:08:09","modified_gmt":"2019-06-22T00:08:09","slug":"aluno-regular-2017","status":"publish","type":"page","link":"https:\/\/wp.ufpel.edu.br\/ppgd\/aluno-regular-2017\/","title":{"rendered":"Aluno Regular 2017"},"content":{"rendered":"<p style=\"text-align: center\"><strong><span style=\"font-family: helvetica, arial, sans-serif\">Sele\u00e7\u00e3o &#8211; Aluno Regular 2017<\/span><\/strong><\/p>\n<p>&nbsp;<\/p>\n<p><span style=\"font-family: helvetica, arial, sans-serif\"><a href=\"https:\/\/wp.ufpel.edu.br\/ppgd\/files\/2017\/01\/Edital-de-Sele\u00e7\u00e3o-de-Aluno-Regular-PPG-Direito.pdf\">Edital de sele\u00e7\u00e3o &#8211; aluno regular 2017<\/a><\/span><\/p>\n<p><span style=\"font-family: helvetica, arial, sans-serif\"><a href=\"https:\/\/wp.ufpel.edu.br\/ppgd\/files\/2017\/01\/Edital-de-Retifica\u00e7\u00e3o-PPG-Direito.pdf\">Edital de retifica\u00e7\u00e3o<\/a><\/span><\/p>\n<p><span style=\"font-family: helvetica, arial, sans-serif\"><a href=\"https:\/\/wp.ufpel.edu.br\/ppgd\/files\/2017\/01\/Formul\u00e1rio-Inscri\u00e7\u00e3o.doc\">Formul\u00e1rio de inscri\u00e7\u00e3o<\/a><\/span><\/p>\n<p><span style=\"font-family: helvetica, arial, sans-serif\"><a href=\"https:\/\/wp.ufpel.edu.br\/ppgd\/files\/2017\/01\/Resultado-Homologa\u00e7\u00e3o-das-Inscri\u00e7\u00f5es.pdf\">Resultado preliminar &#8211; Homologa\u00e7\u00e3o das inscri\u00e7\u00f5es<\/a><\/span><\/p>\n<p><span style=\"font-family: helvetica, arial, sans-serif\"><a href=\"https:\/\/wp.ufpel.edu.br\/ppgd\/files\/2017\/01\/Resultado-Homologa\u00e7\u00e3o-das-Inscri\u00e7\u00f5es-P\u00f3s-Recursos.pdf\">Resultado definitivo &#8211; Homologa\u00e7\u00e3o das inscri\u00e7\u00f5es<\/a><\/span><\/p>\n<p><span style=\"font-family: helvetica, arial, sans-serif\"><a href=\"https:\/\/wp.ufpel.edu.br\/ppgd\/files\/2017\/01\/Comiss\u00e3o-de-Sele\u00e7\u00e3o.pdf\">Comiss\u00e3o de sele\u00e7\u00e3o<\/a><\/span><\/p>\n<p><span style=\"font-family: helvetica, arial, sans-serif\"><a href=\"https:\/\/wp.ufpel.edu.br\/ppgd\/files\/2017\/01\/Resultado-aprovados-prova-escrita.pdf\">Resultado preliminar &#8211; Primeira fase<\/a><\/span><\/p>\n<p><span style=\"font-family: helvetica, arial, sans-serif\"><a href=\"https:\/\/wp.ufpel.edu.br\/ppgd\/files\/2017\/01\/Resultado-Aprovados-Recursos-Prova-Escrita.pdf\">Resultado definitivo- Primeira fase<\/a><\/span><\/p>\n<p><span style=\"font-family: helvetica, arial, sans-serif\"><a href=\"https:\/\/wp.ufpel.edu.br\/ppgd\/files\/2017\/01\/Resultado-Aprovados-na-Segunda-Fase-do-Processo-Seletivo.pdf\">Resultado preliminar &#8211; Segunda fase<\/a><\/span><\/p>\n<p><span style=\"font-family: helvetica, arial, sans-serif\"><a href=\"https:\/\/wp.ufpel.edu.br\/ppgd\/files\/2017\/01\/Resultado-Aprovados-2\u00aa-fase-Recursos-Antrojeto.pdf\">Resultado definitivo &#8211; Segunda fase<\/a><\/span><\/p>\n<p><span style=\"font-family: helvetica, arial, sans-serif\"><a href=\"https:\/\/wp.ufpel.edu.br\/ppgd\/files\/2017\/01\/Resultado-3\u00aa-Fase-Defesa-do-Anteprojeto.pdf\">Resultado preliminar &#8211;\u00a0 Terceira fase<\/a><\/span><\/p>\n<p><span style=\"font-family: helvetica, arial, sans-serif\"><a href=\"https:\/\/wp.ufpel.edu.br\/ppgd\/files\/2017\/01\/Resultado-Aprovados-3\u00aa-Fase-Recursos-Defesa-do-Anteprojeto-de-Disserta\u00e7\u00e3o.pdf\">Resultado definitivo &#8211; Terceira fase<\/a><\/span><\/p>\n<p><span style=\"font-family: helvetica, arial, sans-serif\"><a href=\"https:\/\/wp.ufpel.edu.br\/ppgd\/files\/2017\/01\/Resultado_Provis\u00f3rio.pdf\">Resultado Final preliminar<\/a><\/span><\/p>\n<p><span style=\"font-family: helvetica, arial, sans-serif\"><a href=\"https:\/\/wp.ufpel.edu.br\/ppgd\/files\/2017\/01\/Resultado-Final.pdf\">Resultado Final definitivo<\/a><\/span><\/p>\n<p>&nbsp;<\/p>\n<p>&nbsp;<\/p>\n","protected":false},"excerpt":{"rendered":"<p>Sele\u00e7\u00e3o &#8211; Aluno Regular 2017 &nbsp; Edital de sele\u00e7\u00e3o &#8211; aluno regular 2017 Edital de retifica\u00e7\u00e3o Formul\u00e1rio de inscri\u00e7\u00e3o Resultado preliminar &#8211; Homologa\u00e7\u00e3o das inscri\u00e7\u00f5es Resultado definitivo &#8211; Homologa\u00e7\u00e3o das inscri\u00e7\u00f5es Comiss\u00e3o de sele\u00e7\u00e3o Resultado preliminar &#8211; Primeira fase Resultado definitivo- Primeira fase Resultado preliminar &#8211; Segunda fase Resultado definitivo &#8211; Segunda fase Resultado preliminar &hellip; <\/p>\n<p><a class=\"more-link btn\" href=\"https:\/\/wp.ufpel.edu.br\/ppgd\/aluno-regular-2017\/\">Continue lendo<\/a><\/p>\n","protected":false},"author":293,"featured_media":0,"parent":0,"menu_order":0,"comment_status":"closed","ping_status":"closed","template":"","meta":{"footnotes":""},"class_list":["post-1661","page","type-page","status-publish","hentry","nodate","item-wrap"],"jetpack-related-posts":[],"jetpack_sharing_enabled":true,"_links":{"self":[{"href":"https:\/\/wp.ufpel.edu.br\/ppgd\/wp-json\/wp\/v2\/pages\/1661","targetHints":{"allow":["GET"]}}],"collection":[{"href":"https:\/\/wp.ufpel.edu.br\/ppgd\/wp-json\/wp\/v2\/pages"}],"about":[{"href":"https:\/\/wp.ufpel.edu.br\/ppgd\/wp-json\/wp\/v2\/types\/page"}],"author":[{"embeddable":true,"href":"https:\/\/wp.ufpel.edu.br\/ppgd\/wp-json\/wp\/v2\/users\/293"}],"replies":[{"embeddable":true,"href":"https:\/\/wp.ufpel.edu.br\/ppgd\/wp-json\/wp\/v2\/comments?post=1661"}],"version-history":[{"count":7,"href":"https:\/\/wp.ufpel.edu.br\/ppgd\/wp-json\/wp\/v2\/pages\/1661\/revisions"}],"predecessor-version":[{"id":1670,"href":"https:\/\/wp.ufpel.edu.br\/ppgd\/wp-json\/wp\/v2\/pages\/1661\/revisions\/1670"}],"wp:attachment":[{"href":"https:\/\/wp.ufpel.edu.br\/ppgd\/wp-json\/wp\/v2\/media?parent=1661"}],"curies":[{"name":"wp","href":"https:\/\/api.w.org\/{rel}","templated":true}]}}