{"id":1660,"date":"2019-06-21T20:30:48","date_gmt":"2019-06-21T23:30:48","guid":{"rendered":"https:\/\/wp.ufpel.edu.br\/ppgd\/?page_id=1660"},"modified":"2019-06-21T21:45:32","modified_gmt":"2019-06-22T00:45:32","slug":"aluno-regular-2018","status":"publish","type":"page","link":"https:\/\/wp.ufpel.edu.br\/ppgd\/aluno-regular-2018\/","title":{"rendered":"Aluno Regular 2018"},"content":{"rendered":"<p style=\"text-align: center\"><span style=\"font-family: helvetica, arial, sans-serif\"><strong>Sele\u00e7\u00e3o &#8211; Aluno Regular 2018<\/strong><\/span><\/p>\n<p>&nbsp;<\/p>\n<p><span style=\"font-family: helvetica, arial, sans-serif\"><a href=\"https:\/\/wp.ufpel.edu.br\/ppgd\/files\/2017\/01\/Edital-1092017-PPGD.pdf\">Edital de sele\u00e7\u00e3o &#8211; Aluno regular 2018<\/a><\/span><\/p>\n<p><span style=\"font-family: helvetica, arial, sans-serif\"><a href=\"https:\/\/wp.ufpel.edu.br\/ppgd\/files\/2017\/01\/Edital-de-Retifica\u00e7\u00e3o-142-2017-PPG-em-Direito-Mestrado-Aluno-Regular.pdf\">Edital de retifica\u00e7\u00e3o<\/a><\/span><\/p>\n<p><span style=\"font-family: helvetica, arial, sans-serif\"><a href=\"https:\/\/wp.ufpel.edu.br\/ppgd\/files\/2017\/01\/Declara\u00e7\u00e3o-de-Etnia.docx\">Declara\u00e7\u00e3o de etnia<\/a><\/span><\/p>\n<p><span style=\"font-family: helvetica, arial, sans-serif\"><a href=\"https:\/\/wp.ufpel.edu.br\/ppgd\/files\/2017\/01\/Inscri\u00e7\u00e3o-Preliminar_Homologados-1.pdf\">Resultado &#8211; Homologa\u00e7\u00e3o das inscri\u00e7\u00f5es<\/a><\/span><\/p>\n<p><span style=\"font-family: helvetica, arial, sans-serif\"><a href=\"https:\/\/wp.ufpel.edu.br\/ppgd\/files\/2017\/01\/Aprovados-1\u00aa-fase-Prova-Escrita-N\u00b0-de-Inscri\u00e7\u00e3o-1.docx\">Resultado preliminar &#8211; Prova escrita<\/a><\/span><\/p>\n<p><span style=\"font-family: helvetica, arial, sans-serif\"><a href=\"https:\/\/wp.ufpel.edu.br\/ppgd\/files\/2017\/01\/Aprovados-1\u00aa-fase-Prova-Escrita-N\u00b0-de-Inscri\u00e7\u00e3o-Ap\u00f3s-Recursos-2.pdf\">Resultado definitivo &#8211; Prova escrita<\/a><\/span><\/p>\n<p><span style=\"font-family: helvetica, arial, sans-serif\"><a href=\"https:\/\/wp.ufpel.edu.br\/ppgd\/files\/2017\/04\/Novo-Documento-2017-12-11.pdf\">Resultado &#8211; An\u00e1lise do curr\u00edculo Lattes<\/a><\/span><\/p>\n<p><span style=\"font-family: helvetica, arial, sans-serif\"><a href=\"https:\/\/wp.ufpel.edu.br\/ppgd\/files\/2017\/01\/Cronograma-da-Argui\u00e7\u00e3o-Oral.pdf\">Cronograma da argui\u00e7\u00e3o oral<\/a><\/span><\/p>\n<p><span style=\"font-family: helvetica, arial, sans-serif\"><a href=\"https:\/\/wp.ufpel.edu.br\/ppgd\/files\/2017\/01\/Resultado_Pontua\u00e7\u00e3o-de-todas-as-Fases.pdf\">Resultado_- Pontua\u00e7\u00e3o de todas as fases<\/a><\/span><\/p>\n<p><span style=\"font-family: helvetica, arial, sans-serif\"><a href=\"https:\/\/wp.ufpel.edu.br\/ppgd\/files\/2017\/01\/Resultado-Final-3.pdf\">Resultado Final &#8211; preliminar<\/a><\/span><\/p>\n<p><span style=\"font-family: helvetica, arial, sans-serif\"><a href=\"https:\/\/wp.ufpel.edu.br\/ppgd\/files\/2017\/01\/Resultado-Final_Ap\u00f3s-Recursos_.pdf\">Resultado Final &#8211; definitivo<\/a><\/span><\/p>\n<p><span style=\"font-family: helvetica, arial, sans-serif\"><a href=\"https:\/\/wp.ufpel.edu.br\/ppgd\/files\/2017\/01\/Resultado_A\u00e7\u00f5es-Afirmativas.pdf\">Resultado &#8211; A\u00e7\u00f5es Afirmativas<\/a><\/span><\/p>\n<p>&nbsp;<\/p>\n<p>&nbsp;<\/p>\n","protected":false},"excerpt":{"rendered":"<p>Sele\u00e7\u00e3o &#8211; Aluno Regular 2018 &nbsp; Edital de sele\u00e7\u00e3o &#8211; Aluno regular 2018 Edital de retifica\u00e7\u00e3o Declara\u00e7\u00e3o de etnia Resultado &#8211; Homologa\u00e7\u00e3o das inscri\u00e7\u00f5es Resultado preliminar &#8211; Prova escrita Resultado definitivo &#8211; Prova escrita Resultado &#8211; An\u00e1lise do curr\u00edculo Lattes Cronograma da argui\u00e7\u00e3o oral Resultado_- Pontua\u00e7\u00e3o de todas as fases Resultado Final &#8211; preliminar Resultado &hellip; <\/p>\n<p><a class=\"more-link btn\" href=\"https:\/\/wp.ufpel.edu.br\/ppgd\/aluno-regular-2018\/\">Continue lendo<\/a><\/p>\n","protected":false},"author":293,"featured_media":0,"parent":0,"menu_order":0,"comment_status":"closed","ping_status":"closed","template":"","meta":{"footnotes":""},"class_list":["post-1660","page","type-page","status-publish","hentry","nodate","item-wrap"],"jetpack-related-posts":[],"jetpack_sharing_enabled":true,"_links":{"self":[{"href":"https:\/\/wp.ufpel.edu.br\/ppgd\/wp-json\/wp\/v2\/pages\/1660","targetHints":{"allow":["GET"]}}],"collection":[{"href":"https:\/\/wp.ufpel.edu.br\/ppgd\/wp-json\/wp\/v2\/pages"}],"about":[{"href":"https:\/\/wp.ufpel.edu.br\/ppgd\/wp-json\/wp\/v2\/types\/page"}],"author":[{"embeddable":true,"href":"https:\/\/wp.ufpel.edu.br\/ppgd\/wp-json\/wp\/v2\/users\/293"}],"replies":[{"embeddable":true,"href":"https:\/\/wp.ufpel.edu.br\/ppgd\/wp-json\/wp\/v2\/comments?post=1660"}],"version-history":[{"count":8,"href":"https:\/\/wp.ufpel.edu.br\/ppgd\/wp-json\/wp\/v2\/pages\/1660\/revisions"}],"predecessor-version":[{"id":1686,"href":"https:\/\/wp.ufpel.edu.br\/ppgd\/wp-json\/wp\/v2\/pages\/1660\/revisions\/1686"}],"wp:attachment":[{"href":"https:\/\/wp.ufpel.edu.br\/ppgd\/wp-json\/wp\/v2\/media?parent=1660"}],"curies":[{"name":"wp","href":"https:\/\/api.w.org\/{rel}","templated":true}]}}