{"id":814,"date":"2021-04-20T07:59:28","date_gmt":"2021-04-20T10:59:28","guid":{"rendered":"https:\/\/wp.ufpel.edu.br\/ppgcts\/?page_id=814"},"modified":"2025-02-28T18:33:25","modified_gmt":"2025-02-28T21:33:25","slug":"documentos","status":"publish","type":"page","link":"https:\/\/wp.ufpel.edu.br\/ppgcts\/documentos\/","title":{"rendered":"Documentos"},"content":{"rendered":"<p><strong><span class=\"gD\" style=\"font-size: 18pt;\" data-hovercard-id=\"ppgsementesufpel@gmail.com\" data-hovercard-owner-id=\"113\">Contato da Coordena\u00e7\u00e3o do PPGCTS &#8211; Acad\u00eamico PPGCTS<\/span><\/strong><\/p>\n<p style=\"text-align: center;\"><span class=\"go\"><em>E-mail:<\/em> ppgsementesufpel@gmail.com<\/span><\/p>\n<p style=\"text-align: center;\">e-mail institucional: <a href=\"mailto:ppgcts@ufpel.edu.br\" target=\"_blank\" rel=\"noopener\">ppgcts@ufpel.edu.br<\/a><\/p>\n<p><strong><span class=\"gD\" style=\"font-size: 18pt;\" data-hovercard-id=\"secretariasementesufpel@gmail.com\" data-hovercard-owner-id=\"128\">PPGCTS UFPel<\/span><\/strong><\/p>\n<p style=\"text-align: center;\"><span class=\"go\"><em>E-mail:<\/em> <a href=\"mailto:secretariappgctsufpel@gmail.com\">secretariappgctsufpel@gmail.com<\/a><\/span><\/p>\n<p style=\"text-align: center;\">Jo\u00e3o Ricardo Ferreira Pinheiro Junior<\/p>\n<p style=\"text-align: center;\">(T\u00e9cnico Administrativo)<\/p>\n<p><strong><span style=\"font-size: 14pt;\">Documentos:<\/span><\/strong><\/p>\n<p><a href=\"https:\/\/wp.ufpel.edu.br\/ppgcts\/files\/2021\/04\/Aproveitamento-de-creditos.doc\">Aproveitamento de Cr\u00e9ditos<\/a><\/p>\n<p><a href=\"https:\/\/wp.ufpel.edu.br\/prppg\/files\/2024\/04\/Autodeclaracao-Deficiencia.docx\">Autodeclara\u00e7\u00e3o de Defici\u00eancia<\/a><\/p>\n<p><a href=\"https:\/\/wp.ufpel.edu.br\/ppgcts\/files\/2021\/04\/CANCELAMENTO-DE-MATRICULA.doc\">Cancelamento de Matr\u00edcula<\/a><\/p>\n<p><a href=\"https:\/\/wp.ufpel.edu.br\/ppgcts\/files\/2021\/08\/Ficha-catalografica.pdf\">Ficha Catalogr\u00e1fica<\/a><\/p>\n<p><a href=\"https:\/\/wp.ufpel.edu.br\/ppgcts\/files\/2021\/04\/FORMULARIO-DE-INSCRICAO.doc\">Formul\u00e1rio de Inscri\u00e7\u00e3o<\/a><\/p>\n<p><a href=\"https:\/\/wp.ufpel.edu.br\/ppgcts\/files\/2025\/01\/Defesas-PPGCTS.docx\">Formul\u00e1rio para Defesas<\/a><\/p>\n<p><a href=\"https:\/\/wp.ufpel.edu.br\/ppgcts\/files\/2023\/11\/Manual_Versao_Final_2__18_10_2023.pdf\">Manual para elabora\u00e7\u00e3o de Trabalhos Acad\u00eamicos<\/a><\/p>\n<p><a href=\"https:\/\/wp.ufpel.edu.br\/ppgcts\/files\/2023\/03\/Modelo-Dissertacao_Tese_Capitulos_2021.doc\">Modelo de Disserta\u00e7\u00e3o\/Tese<\/a><\/p>\n<p><a href=\"https:\/\/wp.ufpel.edu.br\/ppgcts\/files\/2021\/06\/Modelo-Projeto-Final.docx\">Modelo Projeto &#8211; Final<\/a><\/p>\n<p><a href=\"https:\/\/wp.ufpel.edu.br\/ppgcts\/files\/2021\/04\/Plano-de-estudos.doc\">Plano de estudos<\/a><\/p>\n<p><a href=\"https:\/\/wp.ufpel.edu.br\/ppgcts\/files\/2025\/02\/tcc-e-especializacao.pdf\">Termo de autoriza\u00e7\u00e3o para inserir TCC &#8211; Especializa\u00e7\u00e3o<\/a><\/p>\n<p><a href=\"https:\/\/wp.ufpel.edu.br\/ppgcts\/files\/2025\/02\/tese-e-dissertacao.pdf\">Termo de autoriza\u00e7\u00e3o para inserir Teses e Disserta\u00e7\u00f5es<\/a><\/p>\n<p><a href=\"https:\/\/wp.ufpel.edu.br\/ppgcts\/files\/2021\/04\/TRANCAMENTO-DE-MATRICULA.doc\">Trancamento de Matr\u00edcula<\/a><\/p>\n<p><span style=\"font-size: 18pt;\">Demais informa\u00e7\u00f5es:<\/span><\/p>\n<p><a href=\"https:\/\/wp.ufpel.edu.br\/prppgi\/documentos-2\/\"><span id=\"nomesite\">Pr\u00f3-Reitoria de Pesquisa, P\u00f3s-Gradua\u00e7\u00e3o e Inova\u00e7\u00e3o<\/span><\/a><\/p>\n<div>\u00ad<\/div>\n<div>\u00ad\u00ad<\/div>\n<p><span style=\"font-size: 18pt;\"><strong>Linhas de pesquisa do PPGCTS:<\/strong><\/span><\/p>\n<p>&#8211; Fisiologia da produ\u00e7\u00e3o de sementes<\/p>\n<p>&#8211; Gest\u00e3o da qualidade de sementes<\/p>\n<p>&#8211; Produ\u00e7\u00e3o e comercializa\u00e7\u00e3o de sementes<\/p>\n<p>&#8211; Tecnologia de p\u00f3s-colheita em sementes<\/p>\n<p><strong>TEMAS DO EXAME DE QUALIFICA\u00c7\u00c3O<span style=\"font-size: 14pt;\"> do PPGCTS<\/span><span style=\"font-size: 14pt;\">:<\/span><\/strong><\/p>\n<p>&#8211; ASPECTOS LEGAIS E INOVA\u00c7\u00d5ES TECNOL\u00d3GICAS EM CI\u00caNCIA E TECNOLOGIA DE SEMENTES;<\/p>\n<p>&#8211; BENEFICIAMENTO DE SEMENTES<\/p>\n<p>&#8211; CONTROLE DE QUALIDADE<\/p>\n<p>&#8211; FISIOLOGIA DA PRODU\u00c7\u00c3O DE SEMENTES<\/p>\n<p>&#8211; FISIOLOGIA DE SEMENTES<\/p>\n<p>&#8211; PATOLOGIA DE SEMENTES<\/p>\n<p>&#8211; PRODU\u00c7\u00c3O DE SEMENTES DE GRANDES CULTURAS, FORRAGEIRAS, FLORESTAIS, ORNAMENTAIS E OLER\u00cdCOLAS<\/p>\n<p>&#8211; SECAGEM E ARMAZENAMENTO DE SEMENTES<\/p>\n<div>\u2800\u2800\u2800\u2800\u2800\u2800\u2800\u2800<\/div>\n<div>\u2800\u2800\u2800\u2800\u2800\u2800\u2800\u2800\u2800<\/div>\n<h2><strong>Regimentos:<\/strong><\/h2>\n<div>\n<p><strong>PPGCTS<\/strong>:<\/p>\n<p><a href=\"https:\/\/wp.ufpel.edu.br\/ppgcts\/files\/2019\/12\/Regimento_sementes_2019-PDF.pdf\">Regimento<\/a><\/p>\n<p>Adendo ao regimento do <strong>PPGCTS<\/strong>:<\/p>\n<p><a href=\"https:\/\/wp.ufpel.edu.br\/ppgcts\/files\/2021\/03\/SEI_UFPel-1254989-Inclusao-Docentes.pdf\">Inclus\u00e3o Docentes<\/a><\/p>\n<p><a href=\"https:\/\/wp.ufpel.edu.br\/ppgcts\/files\/2022\/05\/SEI_UFPel-1711034-Resolucao-2.pdf\">Resolu\u00e7\u00e3o N\u00ba2<\/a><\/p>\n<p><a href=\"https:\/\/wp.ufpel.edu.br\/ppgcts\/files\/2022\/05\/SEI_UFPel-1711043-Resolucao-3.pdf\">Resolu\u00e7\u00e3o N\u00ba3<\/a><\/p>\n<p><a href=\"https:\/\/wp.ufpel.edu.br\/ppgcts\/files\/2023\/03\/Resolucao-No-04-de-2022.pdf\">Resolu\u00e7\u00e3o N\u00ba4<\/a><\/p>\n<p><strong>Mestrado Profissional<\/strong> em CTS:<\/p>\n<p><a href=\"https:\/\/wp.ufpel.edu.br\/ppgcts\/files\/2022\/05\/Regimento_do_Mestrado_Profissional_CTSFinal.pdf\">Regimento<\/a><\/p>\n<p><strong>Especializa\u00e7\u00e3o\u00a0<\/strong>em CTS:<\/p>\n<p><a href=\"https:\/\/wp.ufpel.edu.br\/ppgcts\/files\/2021\/03\/SEI_UFPel-1205726-Regimento-Esp_CTS.pdf\">Regimento<\/a><\/p>\n<p class=\"p2\"><strong>Resolu\u00e7\u00e3o N\u00ba 01 de 03 de agosto de 2022:<\/strong><\/p>\n<p>Clique no link abaixo para acessar a Resolu\u00e7\u00e3o N\u00ba01 de 03 de agosto de 2022, a qual orienta as Defesas do Curso de Especializa\u00e7\u00e3o em Ci\u00eancia e Tecnologia de Sementes:<\/p>\n<p><a href=\"https:\/\/wp.ufpel.edu.br\/ppgcts\/files\/2023\/05\/resoluc\u0327a\u0303o-01_2022.pdf\">Resoluc\u0327a\u0303o<\/a><\/p>\n<\/div>\n<p><strong>Portaria N\u00ba 76, de 14 de abril de 2010:<\/strong><\/p>\n<div>\n<p><a href=\"https:\/\/wp.ufpel.edu.br\/prppgi\/files\/2013\/08\/a522e93714.pdf?file=2013\/08\/a522e93714.pdf\">Portaria<\/a><\/p>\n<p>O instrumento b\u00e1sico do DS \u00e9 a concess\u00e3o de bolsas aos programas de p\u00f3s-gradua\u00e7\u00e3o stricto sensu, definida com base nos resultados do sistema de acompanhamento e avalia\u00e7\u00e3o coordenado pela CAPES, para que mantenham, em tempo integral, alunos de excelente desempenho acad\u00eamico.<\/p>\n<\/div>\n<p><span style=\"font-size: 18pt;\">\u00a0<\/span><\/p>\n","protected":false},"excerpt":{"rendered":"<p>Contato da Coordena\u00e7\u00e3o do PPGCTS &#8211; Acad\u00eamico PPGCTS E-mail: ppgsementesufpel@gmail.com e-mail institucional: ppgcts@ufpel.edu.br PPGCTS UFPel E-mail: secretariappgctsufpel@gmail.com Jo\u00e3o Ricardo Ferreira Pinheiro Junior (T\u00e9cnico Administrativo) Documentos: Aproveitamento de Cr\u00e9ditos Autodeclara\u00e7\u00e3o de Defici\u00eancia Cancelamento de Matr\u00edcula Ficha Catalogr\u00e1fica Formul\u00e1rio de Inscri\u00e7\u00e3o Formul\u00e1rio para Defesas Manual para elabora\u00e7\u00e3o de Trabalhos Acad\u00eamicos Modelo de Disserta\u00e7\u00e3o\/Tese Modelo Projeto &#8211; Final<a class=\"more-link\" href=\"https:\/\/wp.ufpel.edu.br\/ppgcts\/documentos\/\">Continue reading <span class=\"screen-reader-text\">&#8220;Documentos&#8221;<\/span><\/a><\/p>\n","protected":false},"author":376,"featured_media":0,"parent":0,"menu_order":0,"comment_status":"closed","ping_status":"closed","template":"","meta":{"footnotes":""},"class_list":["post-814","page","type-page","status-publish","hentry"],"_links":{"self":[{"href":"https:\/\/wp.ufpel.edu.br\/ppgcts\/wp-json\/wp\/v2\/pages\/814","targetHints":{"allow":["GET"]}}],"collection":[{"href":"https:\/\/wp.ufpel.edu.br\/ppgcts\/wp-json\/wp\/v2\/pages"}],"about":[{"href":"https:\/\/wp.ufpel.edu.br\/ppgcts\/wp-json\/wp\/v2\/types\/page"}],"author":[{"embeddable":true,"href":"https:\/\/wp.ufpel.edu.br\/ppgcts\/wp-json\/wp\/v2\/users\/376"}],"replies":[{"embeddable":true,"href":"https:\/\/wp.ufpel.edu.br\/ppgcts\/wp-json\/wp\/v2\/comments?post=814"}],"version-history":[{"count":39,"href":"https:\/\/wp.ufpel.edu.br\/ppgcts\/wp-json\/wp\/v2\/pages\/814\/revisions"}],"predecessor-version":[{"id":1568,"href":"https:\/\/wp.ufpel.edu.br\/ppgcts\/wp-json\/wp\/v2\/pages\/814\/revisions\/1568"}],"wp:attachment":[{"href":"https:\/\/wp.ufpel.edu.br\/ppgcts\/wp-json\/wp\/v2\/media?parent=814"}],"curies":[{"name":"wp","href":"https:\/\/api.w.org\/{rel}","templated":true}]}}