{"id":733,"date":"2020-12-02T14:56:54","date_gmt":"2020-12-02T17:56:54","guid":{"rendered":"https:\/\/wp.ufpel.edu.br\/ppgcts\/?page_id=733"},"modified":"2025-10-09T09:11:57","modified_gmt":"2025-10-09T12:11:57","slug":"docentes","status":"publish","type":"page","link":"https:\/\/wp.ufpel.edu.br\/ppgcts\/docentes\/","title":{"rendered":"Docentes"},"content":{"rendered":"<p><em><span style=\"font-size: 24pt;\">Docentes permanentes:<\/span><\/em><\/p>\n<p><span style=\"font-size: 18pt;\"><em>Coordenador do PPGCTS<\/em>: <a href=\"http:\/\/lattes.cnpq.br\/0799661863186569\">Prof. Dr. Tiago Ped\u00f3<\/a><\/span><\/p>\n<h3>\u00c1reas de atua\u00e7\u00e3o:<\/h3>\n<p>Produ\u00e7\u00e3o e Tecnologia de Sementes<\/p>\n<p>Ci\u00eancia e Tecnologia de Sementes<br \/>\nFisiologia de Plantas Cultivadas<br \/>\nManejo e Tratos Culturais<br \/>\nEstrat\u00e9gias de cultivo e posicionamento de cultivares<br \/>\nBiofortica\u00e7\u00e3o de gr\u00e3os e sementes<br \/>\nFisiologia do manejo de plantas<\/p>\n<p>&nbsp;<\/p>\n<p><span style=\"font-size: 18pt;\"><em>Coordenador Adjunto do PPGCTS<\/em>: <\/span><a href=\"http:\/\/lattes.cnpq.br\/3499020467982627\"><span style=\"font-size: 18pt;\">Prof. Dr. Tiago Zanatta Aumonde<\/span><\/a><\/p>\n<h3>\u00c1reas de atua\u00e7\u00e3o:<\/h3>\n<p>Produ\u00e7\u00e3o e Tecnologia de Sementes<\/p>\n<p>Ci\u00eancia e Tecnologia de Sementes<br \/>\nProdu\u00e7\u00e3o e Tecnologia de Sementes de Alta Performance<br \/>\nFisiologia do Estresse em Plantas Cultivadas<br \/>\nGest\u00e3o Estrat\u00e9gica da Qualidade da Semente<br \/>\nFisiologia da Produ\u00e7\u00e3o Vegetal<\/p>\n<p>&nbsp;<\/p>\n<p><span style=\"font-size: 18pt;\"><a href=\"http:\/\/lattes.cnpq.br\/5669903819418658\">Profa. Dra. Lilian Vanussa Madruga de Tunes<\/a><\/span><\/p>\n<h3>\u00c1reas de atua\u00e7\u00e3o:<\/h3>\n<p>Ci\u00eancia e Tecnologia de Sementes<br \/>\nControle de qualidade de Sementes<\/p>\n<p>Melhoramento Vegetal<br \/>\nDepartamento de Engenharia Rural<br \/>\nEntomologia Agr\u00edcola<\/p>\n<p>&nbsp;<\/p>\n<p><span style=\"font-size: 18pt;\"><a href=\"http:\/\/lattes.cnpq.br\/8307084456849136\">Prof. Dr. Dirceu Agostinetto<\/a><\/span><\/p>\n<h3>\u00c1reas de atua\u00e7\u00e3o:<\/h3>\n<p>Fitotecnia: Matologia<br \/>\nFitotecnia: Manejo e Tratos Culturais<br \/>\nFitotecnia: Fisiologia de Plantas Cultivadas<br \/>\nFitossanidade: Defesa Fitossanit\u00e1ria<\/p>\n<p>&nbsp;<\/p>\n<p><span style=\"font-size: 18pt;\"><a href=\"http:\/\/lattes.cnpq.br\/9016260141552163\">Prof. Dr. Carlos Eduardo Da Silva Pedroso<\/a><\/span><\/p>\n<h3>\u00c1reas de atua\u00e7\u00e3o:<\/h3>\n<p>Pastagem e Forragicultura &#8211; Rela\u00e7\u00e3o Solo Planta Animal<br \/>\nZootecnia &#8211; Ecofisiologia de pastagens<br \/>\nZootecnia &#8211; Comportamento ingestivo<br \/>\nZootecnia &#8211; Produ\u00e7\u00e3o Animal<br \/>\nAgronomia &#8211; Produ\u00e7\u00e3o de Sementes<\/p>\n<p>&nbsp;<\/p>\n<p><span style=\"font-size: 18pt;\"><a href=\"http:\/\/lattes.cnpq.br\/4110765012494684\">Profa. Dra. Gizele Ingrid Gadotti<\/a><\/span><\/p>\n<h3>\u00c1reas de atua\u00e7\u00e3o:<\/h3>\n<p>Ci\u00eancia e Tecnologia de Sementes<br \/>\nEngenharia Agr\u00edcola &#8211; Agricultura de precis\u00e3o<br \/>\nEngenharia Agr\u00edcola &#8211; Engenharia de Processamento de Produtos Agr\u00edcolas<br \/>\nAgronomia &#8211; Armazenamento de Produtos Agr\u00edcolas<\/p>\n<p>&nbsp;<\/p>\n<p><span style=\"font-size: 18pt;\"><a href=\"http:\/\/lattes.cnpq.br\/6923504145358889\">Prof. Dr. Francisco Amaral Villela<\/a><\/span><\/p>\n<h3>\u00c1reas de atua\u00e7\u00e3o:<\/h3>\n<p>Ci\u00eancia e tecnologia de sementes<br \/>\nFitotecnia &#8211; Tecnologia p\u00f3s-colheita de sementes<br \/>\nFitotecnia &#8211; Produ\u00e7\u00e3o de sementes<br \/>\nFitotecnia &#8211; Fisiologia de sementes<\/p>\n<p>&nbsp;<\/p>\n<p><a href=\"http:\/\/lattes.cnpq.br\/4440061243085201\"><span style=\"font-size: 18pt;\">Prof. Dr. Luciano Carlos da Maia<\/span><\/a><\/p>\n<h3>\u00c1reas de atua\u00e7\u00e3o:<\/h3>\n<p>Fitotecnia &#8211; Melhoramento Vegetal<br \/>\nGen\u00e9tica &#8211; Gen\u00e9tica Vegetal<br \/>\nGen\u00e9tica &#8211; Bioinform\u00e1tica<br \/>\nBioqu\u00edmica &#8211; Biologia Molecular<\/p>\n<p>Sele\u00e7\u00e3o de gen\u00f3tipos para produ\u00e7\u00e3o de sementes de alto desempenho<\/p>\n<p>&nbsp;<\/p>\n<p><a href=\"http:\/\/lattes.cnpq.br\/8237697446523422\"><span style=\"font-size: 18pt;\">Prof. Dr. Mateus da Silveira Pasa<\/span><\/a><\/p>\n<h3>\u00c1reas de atua\u00e7\u00e3o:<\/h3>\n<p>Manejo de Plantas Cultivadas<br \/>\nPropaga\u00e7\u00e3o de Plantas<br \/>\nSementes de esp\u00e9cies perenes<\/p>\n<p>&nbsp;<\/p>\n<p><a href=\"http:\/\/lattes.cnpq.br\/8589466104434994\"><span style=\"font-size: 18pt;\">Profa. Dra. Emanuela Garbin Martinazzo<\/span><\/a><\/p>\n<h3>\u00c1reas de atua\u00e7\u00e3o:<\/h3>\n<p>Ecofisiologia vegetal<br \/>\nMetabolismo fotossint\u00e9tico<br \/>\nFisiologia de sementes<\/p>\n<p>&nbsp;<\/p>\n<p><a href=\"http:\/\/lattes.cnpq.br\/1071521284494576\"><span style=\"font-size: 18pt;\">Prof. Dr. Filipe Selau Carlos<\/span><\/a><\/p>\n<h3>\u00c1reas de atua\u00e7\u00e3o:<\/h3>\n<p>Fertilidade do solo<br \/>\nQu\u00edmica do solo<br \/>\nMicrobiologia do solo<\/p>\n<p>Nutri\u00e7\u00e3o de plantas e produ\u00e7\u00e3o de sementes de elevada qualidade<\/p>\n<p>&nbsp;<\/p>\n<p><a href=\"http:\/\/lattes.cnpq.br\/2101024459304429\"><span style=\"font-size: 18pt;\">Profa. Dra. Andreia da Silva Almeida<\/span><\/a><\/p>\n<h3>\u00c1reas de atua\u00e7\u00e3o:<\/h3>\n<p>Ci\u00eancia e Tecnologia de Sementes<br \/>\nControle de qualidade de sementes<\/p>\n<p>&nbsp;<\/p>\n<p><em><span style=\"font-size: 24pt;\">Docentes colaboradores:<\/span><\/em><\/p>\n<p>&nbsp;<\/p>\n<p><span style=\"font-size: 18pt;\"><a href=\"http:\/\/lattes.cnpq.br\/4434971630509182\">Prof. Dr. Lu\u00eds Eduardo Panozzo<\/a><\/span><\/p>\n<h3>\u00c1reas de atua\u00e7\u00e3o:<\/h3>\n<p>Fitotecnia &#8211; An\u00e1lise de Sementes<br \/>\nFitotecnia &#8211; Produ\u00e7\u00e3o e Beneficiamento de Sementes<br \/>\nFitotecnia &#8211; Culturas oleaginosas<br \/>\nFitotecnia &#8211; Manejo e Tratos Culturais<br \/>\nFitossanidade &#8211; Estudo e controle de Plantas Daninhas<br \/>\nFitossanidade &#8211; Estudos Fitossociol\u00f3gicos<\/p>\n<p>&nbsp;<\/p>\n<p><a href=\"http:\/\/CV: http:\/\/lattes.cnpq.br\/7811009170361239\"><span style=\"font-size: 18pt;\">Prof. Dr. Maicon Nardino<\/span><\/a><\/p>\n<h3>\u00c1reas de atua\u00e7\u00e3o:<\/h3>\n<p>Fitotecnia &#8211; Melhoramento Vegetal<br \/>\nGen\u00e9tica &#8211; Gen\u00e9tica quantitativa<br \/>\nCi\u00eancias Exatas e da Terra &#8211; Probabilidade e Estat\u00edstica Aplicadas<\/p>\n","protected":false},"excerpt":{"rendered":"<p>Docentes permanentes: Coordenador do PPGCTS: Prof. Dr. Tiago Ped\u00f3 \u00c1reas de atua\u00e7\u00e3o: Produ\u00e7\u00e3o e Tecnologia de Sementes Ci\u00eancia e Tecnologia de Sementes Fisiologia de Plantas Cultivadas Manejo e Tratos Culturais Estrat\u00e9gias de cultivo e posicionamento de cultivares Biofortica\u00e7\u00e3o de gr\u00e3os e sementes Fisiologia do manejo de plantas &nbsp; Coordenador Adjunto do PPGCTS: Prof. Dr. Tiago<a class=\"more-link\" href=\"https:\/\/wp.ufpel.edu.br\/ppgcts\/docentes\/\">Continue reading <span class=\"screen-reader-text\">&#8220;Docentes&#8221;<\/span><\/a><\/p>\n","protected":false},"author":376,"featured_media":0,"parent":0,"menu_order":0,"comment_status":"closed","ping_status":"closed","template":"","meta":{"footnotes":""},"class_list":["post-733","page","type-page","status-publish","hentry"],"_links":{"self":[{"href":"https:\/\/wp.ufpel.edu.br\/ppgcts\/wp-json\/wp\/v2\/pages\/733","targetHints":{"allow":["GET"]}}],"collection":[{"href":"https:\/\/wp.ufpel.edu.br\/ppgcts\/wp-json\/wp\/v2\/pages"}],"about":[{"href":"https:\/\/wp.ufpel.edu.br\/ppgcts\/wp-json\/wp\/v2\/types\/page"}],"author":[{"embeddable":true,"href":"https:\/\/wp.ufpel.edu.br\/ppgcts\/wp-json\/wp\/v2\/users\/376"}],"replies":[{"embeddable":true,"href":"https:\/\/wp.ufpel.edu.br\/ppgcts\/wp-json\/wp\/v2\/comments?post=733"}],"version-history":[{"count":3,"href":"https:\/\/wp.ufpel.edu.br\/ppgcts\/wp-json\/wp\/v2\/pages\/733\/revisions"}],"predecessor-version":[{"id":1714,"href":"https:\/\/wp.ufpel.edu.br\/ppgcts\/wp-json\/wp\/v2\/pages\/733\/revisions\/1714"}],"wp:attachment":[{"href":"https:\/\/wp.ufpel.edu.br\/ppgcts\/wp-json\/wp\/v2\/media?parent=733"}],"curies":[{"name":"wp","href":"https:\/\/api.w.org\/{rel}","templated":true}]}}