{"id":716,"date":"2020-11-20T14:00:46","date_gmt":"2020-11-20T17:00:46","guid":{"rendered":"https:\/\/wp.ufpel.edu.br\/ppgcts\/?page_id=716"},"modified":"2025-07-31T11:00:52","modified_gmt":"2025-07-31T14:00:52","slug":"insercao-internacional","status":"publish","type":"page","link":"https:\/\/wp.ufpel.edu.br\/ppgcts\/insercao-internacional\/","title":{"rendered":"Inser\u00e7\u00e3o Internacional"},"content":{"rendered":"<p><span style=\"font-size: 18pt;\"><strong>Ano 2025<\/strong><\/span><\/p>\n<p style=\"text-align: center;\"><strong>Curso de An\u00e1lises Estat\u00edsticas em Fitotecnia usando o R<\/strong><\/p>\n<p>Nos dias 23 e 24 de julho de 2025, o Prof. Dr. <strong>Roberto Fritsche Neto<\/strong> da Universidade Estadual da Carolina do Norte \u2013 NC State ministrou o curso: An\u00e1lises estat\u00edsticas em fitotecnia usando o R, no PPGCTS FAEM\/UFPel.<\/p>\n<p><img loading=\"lazy\" decoding=\"async\" class=\"alignnone size-full wp-image-1707\" src=\"https:\/\/wp.ufpel.edu.br\/ppgcts\/files\/2025\/07\/WhatsApp-Image-2025-07-25-at-09.18.05.jpeg\" alt=\"\" width=\"904\" height=\"1280\" srcset=\"https:\/\/wp.ufpel.edu.br\/ppgcts\/files\/2025\/07\/WhatsApp-Image-2025-07-25-at-09.18.05.jpeg 904w, https:\/\/wp.ufpel.edu.br\/ppgcts\/files\/2025\/07\/WhatsApp-Image-2025-07-25-at-09.18.05-283x400.jpeg 283w, https:\/\/wp.ufpel.edu.br\/ppgcts\/files\/2025\/07\/WhatsApp-Image-2025-07-25-at-09.18.05-723x1024.jpeg 723w, https:\/\/wp.ufpel.edu.br\/ppgcts\/files\/2025\/07\/WhatsApp-Image-2025-07-25-at-09.18.05-768x1087.jpeg 768w\" sizes=\"auto, (max-width: 904px) 100vw, 904px\" \/><\/p>\n<p><img loading=\"lazy\" decoding=\"async\" class=\"alignnone size-full wp-image-1708\" src=\"https:\/\/wp.ufpel.edu.br\/ppgcts\/files\/2025\/07\/WhatsApp-Image-2025-07-25-at-09.18.04-1.jpeg\" alt=\"\" width=\"1280\" height=\"960\" srcset=\"https:\/\/wp.ufpel.edu.br\/ppgcts\/files\/2025\/07\/WhatsApp-Image-2025-07-25-at-09.18.04-1.jpeg 1280w, https:\/\/wp.ufpel.edu.br\/ppgcts\/files\/2025\/07\/WhatsApp-Image-2025-07-25-at-09.18.04-1-400x300.jpeg 400w, https:\/\/wp.ufpel.edu.br\/ppgcts\/files\/2025\/07\/WhatsApp-Image-2025-07-25-at-09.18.04-1-1024x768.jpeg 1024w, https:\/\/wp.ufpel.edu.br\/ppgcts\/files\/2025\/07\/WhatsApp-Image-2025-07-25-at-09.18.04-1-768x576.jpeg 768w\" sizes=\"auto, (max-width: 1280px) 100vw, 1280px\" \/><\/p>\n<p><img loading=\"lazy\" decoding=\"async\" class=\"alignnone size-full wp-image-1709\" src=\"https:\/\/wp.ufpel.edu.br\/ppgcts\/files\/2025\/07\/WhatsApp-Image-2025-07-25-at-09.18.04.jpeg\" alt=\"\" width=\"960\" height=\"1280\" srcset=\"https:\/\/wp.ufpel.edu.br\/ppgcts\/files\/2025\/07\/WhatsApp-Image-2025-07-25-at-09.18.04.jpeg 960w, https:\/\/wp.ufpel.edu.br\/ppgcts\/files\/2025\/07\/WhatsApp-Image-2025-07-25-at-09.18.04-300x400.jpeg 300w, https:\/\/wp.ufpel.edu.br\/ppgcts\/files\/2025\/07\/WhatsApp-Image-2025-07-25-at-09.18.04-768x1024.jpeg 768w\" sizes=\"auto, (max-width: 960px) 100vw, 960px\" \/><\/p>\n<p style=\"text-align: center;\"><strong>&#x1f33e;&#x1f33f; *Explorando a Ci\u00eancia das Sementes com a UFPel em OSU!* &#x1f33f;&#x1f33e;<\/strong><\/p>\n<p>Voc\u00ea sabia que a Universidade Federal de Pelotas (UFPel) colaborou em um projeto inovador na Oregon State University (OSU)? Este estado \u00e9 l\u00edder na produ\u00e7\u00e3o de azev\u00e9m perene e anual nos EUA, e nossa universidade contribuiu para resolver um desafio significativo: a contamina\u00e7\u00e3o de lotes de sementes de azev\u00e9m perene (PRG) com azev\u00e9m anual (ARG). Por mais inofensivo que pare\u00e7a, essa mistura pode alterar os padr\u00f5es visuais e de qualidade dos gramadose pastagens. A dificuldade reside nas semelhan\u00e7as entre ARG e PRG\u2014essas sementes s\u00e3o quase id\u00eanticas e \u00e9 aqui onde a UFPel entra, trazendo sua expertise em sementes para ajudar na detec\u00e7\u00e3o atrav\u00e9s de t\u00e9cnicas avan\u00e7adas como o teste de fluoresc\u00eancia (FLT) e o teste de germina\u00e7\u00e3o (GOT).<\/p>\n<p>O FLT, que utiliza luz ultravioleta para explorar a fluoresc\u00eancia natural das ra\u00edzes de ARG, tem se mostrado r\u00e1pido, eficaz e econ\u00f4mico, mas com a constante evolu\u00e7\u00e3o das variedades de PRG, os desafios continuam.<\/p>\n<p>A UFPel, colaborando com especialistas de OSU, est\u00e1 empenhada em elevar os padr\u00f5es de pureza e excel\u00eancia na produ\u00e7\u00e3o de sementes de azev\u00e9m. Essa coopera\u00e7\u00e3o internacional destaca a uni\u00e3o de esfor\u00e7os para enfrentar desafios agr\u00edcolas globais e promover inova\u00e7\u00f5es no campo.<\/p>\n<p><img loading=\"lazy\" decoding=\"async\" class=\"alignnone size-full wp-image-1698\" src=\"https:\/\/wp.ufpel.edu.br\/ppgcts\/files\/2025\/07\/Sem-titulo.png\" alt=\"\" width=\"1660\" height=\"653\" srcset=\"https:\/\/wp.ufpel.edu.br\/ppgcts\/files\/2025\/07\/Sem-titulo.png 1660w, https:\/\/wp.ufpel.edu.br\/ppgcts\/files\/2025\/07\/Sem-titulo-400x157.png 400w, https:\/\/wp.ufpel.edu.br\/ppgcts\/files\/2025\/07\/Sem-titulo-1024x403.png 1024w, https:\/\/wp.ufpel.edu.br\/ppgcts\/files\/2025\/07\/Sem-titulo-768x302.png 768w, https:\/\/wp.ufpel.edu.br\/ppgcts\/files\/2025\/07\/Sem-titulo-1536x604.png 1536w\" sizes=\"auto, (max-width: 1660px) 100vw, 1660px\" \/><\/p>\n<p><a href=\"https:\/\/cropandsoil.oregonstate.edu\/sites\/agscid7\/files\/crop-soil\/seedreport2024.pdf\"><strong>Seed Report<\/strong><\/a><\/p>\n<p><span style=\"font-size: 18pt;\"><strong>Ano 2024<\/strong><\/span><\/p>\n<p>Os Professores <strong>Tiago Ped\u00f3<\/strong>, <strong>Tiago Zanatta Aumonde<\/strong>, <strong>Lilian Vanussa Madruga de Tunes<\/strong>, <strong>Andr\u00e9ia da Silva Almeida<\/strong>, <strong>Francisco Amaral Villela<\/strong> e <strong>Gizele Gadotti<\/strong> ministraram o IX Curso de Especializa\u00e7\u00e3o &#8211; CTS em conv\u00eanio com APROSEMP no Paraguai.<\/p>\n<p><img loading=\"lazy\" decoding=\"async\" class=\"alignnone size-full wp-image-1601\" src=\"https:\/\/wp.ufpel.edu.br\/ppgcts\/files\/2025\/04\/Imagem1.png\" alt=\"\" width=\"517\" height=\"590\" srcset=\"https:\/\/wp.ufpel.edu.br\/ppgcts\/files\/2025\/04\/Imagem1.png 517w, https:\/\/wp.ufpel.edu.br\/ppgcts\/files\/2025\/04\/Imagem1-351x400.png 351w\" sizes=\"auto, (max-width: 517px) 100vw, 517px\" \/><\/p>\n<p><img loading=\"lazy\" decoding=\"async\" class=\"alignnone size-full wp-image-1602\" src=\"https:\/\/wp.ufpel.edu.br\/ppgcts\/files\/2025\/04\/Imagem2.png\" alt=\"\" width=\"522\" height=\"389\" srcset=\"https:\/\/wp.ufpel.edu.br\/ppgcts\/files\/2025\/04\/Imagem2.png 522w, https:\/\/wp.ufpel.edu.br\/ppgcts\/files\/2025\/04\/Imagem2-400x298.png 400w\" sizes=\"auto, (max-width: 522px) 100vw, 522px\" \/><\/p>\n<p>&nbsp;<\/p>\n<p><span style=\"font-size: 18pt;\"><strong>Ano 2023<\/strong><\/span><\/p>\n<h2 style=\"text-align: center;\">Prof Felipe Selau Carlos ministra Palestra em Congresso no Paraguai<\/h2>\n<div class=\"page\" title=\"Page 1\">\n<div class=\"section\">\n<div class=\"layoutArea\">\n<div class=\"column\">\n<p>No peri\u0301odo de 03 a 09 de novembro de 2023, aconteceu em Assun\u00e7\u00e3o &#8211; Paraguai \u201c31\u00b0 Congreso CEA 2023 \u2013 Ganaderi\u0301a Agri\u0301cola Forestal, que contou com participa\u00e7\u00e3o na forma de palestrante de docente do PPGCTS.<\/p>\n<p><span style=\"font-size: 24px; text-align: center; color: var(--cor-texto); font-family: var(--fonte-corpo);\">Docente Permanente Recebe premia\u00e7\u00e3o na Europa na Europa<\/span><\/p>\n<\/div>\n<\/div>\n<\/div>\n<\/div>\n<p>Prof. Felipe Selau Carlos recebeu o pr\u00eamio Boa Colheita Pesquisa 2022, da Yara Fertilizantes, apresentou trabalho e realizou visitas t\u00e9cnicas a f\u00e1bricas de fertilizantes de alta tecnologia e esta\u00e7\u00e3o experimental de pesquisa, em Oslo\/Noruega<\/p>\n<p><img loading=\"lazy\" decoding=\"async\" class=\"size-medium wp-image-1319 alignleft\" src=\"https:\/\/wp.ufpel.edu.br\/ppgcts\/files\/2023\/12\/Selau-400x400.jpeg\" alt=\"\" width=\"400\" height=\"400\" srcset=\"https:\/\/wp.ufpel.edu.br\/ppgcts\/files\/2023\/12\/Selau-400x400.jpeg 400w, https:\/\/wp.ufpel.edu.br\/ppgcts\/files\/2023\/12\/Selau-1024x1024.jpeg 1024w, https:\/\/wp.ufpel.edu.br\/ppgcts\/files\/2023\/12\/Selau-200x200.jpeg 200w, https:\/\/wp.ufpel.edu.br\/ppgcts\/files\/2023\/12\/Selau-768x768.jpeg 768w, https:\/\/wp.ufpel.edu.br\/ppgcts\/files\/2023\/12\/Selau.jpeg 1200w\" sizes=\"auto, (max-width: 400px) 100vw, 400px\" \/><img loading=\"lazy\" decoding=\"async\" class=\"size-medium wp-image-1318 alignleft\" src=\"https:\/\/wp.ufpel.edu.br\/ppgcts\/files\/2023\/12\/Selau1-400x400.jpeg\" alt=\"\" width=\"400\" height=\"400\" srcset=\"https:\/\/wp.ufpel.edu.br\/ppgcts\/files\/2023\/12\/Selau1-400x400.jpeg 400w, https:\/\/wp.ufpel.edu.br\/ppgcts\/files\/2023\/12\/Selau1-1024x1024.jpeg 1024w, https:\/\/wp.ufpel.edu.br\/ppgcts\/files\/2023\/12\/Selau1-200x200.jpeg 200w, https:\/\/wp.ufpel.edu.br\/ppgcts\/files\/2023\/12\/Selau1-768x768.jpeg 768w, https:\/\/wp.ufpel.edu.br\/ppgcts\/files\/2023\/12\/Selau1.jpeg 1200w\" sizes=\"auto, (max-width: 400px) 100vw, 400px\" \/> <img loading=\"lazy\" decoding=\"async\" class=\"alignnone size-medium wp-image-1317\" src=\"https:\/\/wp.ufpel.edu.br\/ppgcts\/files\/2023\/12\/Selau2-400x400.jpeg\" alt=\"\" width=\"400\" height=\"400\" srcset=\"https:\/\/wp.ufpel.edu.br\/ppgcts\/files\/2023\/12\/Selau2-400x400.jpeg 400w, https:\/\/wp.ufpel.edu.br\/ppgcts\/files\/2023\/12\/Selau2-1024x1024.jpeg 1024w, https:\/\/wp.ufpel.edu.br\/ppgcts\/files\/2023\/12\/Selau2-200x200.jpeg 200w, https:\/\/wp.ufpel.edu.br\/ppgcts\/files\/2023\/12\/Selau2-768x768.jpeg 768w, https:\/\/wp.ufpel.edu.br\/ppgcts\/files\/2023\/12\/Selau2.jpeg 1200w\" sizes=\"auto, (max-width: 400px) 100vw, 400px\" \/> <img loading=\"lazy\" decoding=\"async\" class=\"alignnone size-medium wp-image-1316\" src=\"https:\/\/wp.ufpel.edu.br\/ppgcts\/files\/2023\/12\/Selau3-400x400.jpeg\" alt=\"\" width=\"400\" height=\"400\" srcset=\"https:\/\/wp.ufpel.edu.br\/ppgcts\/files\/2023\/12\/Selau3-400x400.jpeg 400w, https:\/\/wp.ufpel.edu.br\/ppgcts\/files\/2023\/12\/Selau3-1024x1024.jpeg 1024w, https:\/\/wp.ufpel.edu.br\/ppgcts\/files\/2023\/12\/Selau3-200x200.jpeg 200w, https:\/\/wp.ufpel.edu.br\/ppgcts\/files\/2023\/12\/Selau3-768x768.jpeg 768w, https:\/\/wp.ufpel.edu.br\/ppgcts\/files\/2023\/12\/Selau3.jpeg 1200w\" sizes=\"auto, (max-width: 400px) 100vw, 400px\" \/><\/p>\n<h2><\/h2>\n<h2 style=\"text-align: center;\">Prof. Tiago Ped\u00f3 Ministra Palestra sobre <strong>Producci\u00f3n de semillas de soja <\/strong>em evento organizado pela INIA &#8211; Uruguai<\/h2>\n<p><img loading=\"lazy\" decoding=\"async\" class=\"alignnone size-medium wp-image-1279\" src=\"https:\/\/wp.ufpel.edu.br\/ppgcts\/files\/2023\/09\/IMG_4153-286x400.jpg\" alt=\"\" width=\"286\" height=\"400\" srcset=\"https:\/\/wp.ufpel.edu.br\/ppgcts\/files\/2023\/09\/IMG_4153-286x400.jpg 286w, https:\/\/wp.ufpel.edu.br\/ppgcts\/files\/2023\/09\/IMG_4153-733x1024.jpg 733w, https:\/\/wp.ufpel.edu.br\/ppgcts\/files\/2023\/09\/IMG_4153-768x1073.jpg 768w, https:\/\/wp.ufpel.edu.br\/ppgcts\/files\/2023\/09\/IMG_4153-1099x1536.jpg 1099w, https:\/\/wp.ufpel.edu.br\/ppgcts\/files\/2023\/09\/IMG_4153.jpg 1284w\" sizes=\"auto, (max-width: 286px) 100vw, 286px\" \/><\/p>\n<p>&nbsp;<\/p>\n<h2><\/h2>\n<h2 style=\"text-align: center;\">Participa\u00e7\u00e3o de Professores e Pesquisador do PPG em Curso online para T\u00e9cnicos do Minist\u00e9rio da Agricultura do Peru.<\/h2>\n<p>Os Professores Tiago Ped\u00f3, Tiago Zanatta Aumonde e Fransisco Amaral Villela, juntamente com o Engenheiro Agr\u00f4nomo G\u00e9ri Eduardo Meneghello participaram do <strong>&#8220;CURSO DE ACTUALIZACI\u00d3NS EN CI\u00caNCIA Y TECNOLOGIA PARA LA PRODUCCI\u00d3N, COSECHA, ACONDICIONAMIENTO Y ALMACIENAMIENDO DE SEMILLAS&#8221;<\/strong><\/p>\n<p>&nbsp;<\/p>\n<p><img loading=\"lazy\" decoding=\"async\" class=\"alignnone wp-image-1277\" src=\"https:\/\/wp.ufpel.edu.br\/ppgcts\/files\/2023\/09\/Captura-de-Tela-2023-09-30-a\u0300s-13.56.51-400x225.png\" alt=\"\" width=\"585\" height=\"329\" srcset=\"https:\/\/wp.ufpel.edu.br\/ppgcts\/files\/2023\/09\/Captura-de-Tela-2023-09-30-a\u0300s-13.56.51-400x225.png 400w, https:\/\/wp.ufpel.edu.br\/ppgcts\/files\/2023\/09\/Captura-de-Tela-2023-09-30-a\u0300s-13.56.51-1024x576.png 1024w, https:\/\/wp.ufpel.edu.br\/ppgcts\/files\/2023\/09\/Captura-de-Tela-2023-09-30-a\u0300s-13.56.51-768x432.png 768w, https:\/\/wp.ufpel.edu.br\/ppgcts\/files\/2023\/09\/Captura-de-Tela-2023-09-30-a\u0300s-13.56.51.png 1366w\" sizes=\"auto, (max-width: 585px) 100vw, 585px\" \/><\/p>\n<p>&nbsp;<\/p>\n<p><img loading=\"lazy\" decoding=\"async\" class=\"alignnone size-medium wp-image-1275\" src=\"https:\/\/wp.ufpel.edu.br\/ppgcts\/files\/2023\/09\/Curso-Peru2-400x132.png\" alt=\"\" width=\"400\" height=\"132\" srcset=\"https:\/\/wp.ufpel.edu.br\/ppgcts\/files\/2023\/09\/Curso-Peru2-400x132.png 400w, https:\/\/wp.ufpel.edu.br\/ppgcts\/files\/2023\/09\/Curso-Peru2-1024x337.png 1024w, https:\/\/wp.ufpel.edu.br\/ppgcts\/files\/2023\/09\/Curso-Peru2-768x253.png 768w, https:\/\/wp.ufpel.edu.br\/ppgcts\/files\/2023\/09\/Curso-Peru2.png 1260w\" sizes=\"auto, (max-width: 400px) 100vw, 400px\" \/> <img loading=\"lazy\" decoding=\"async\" class=\"alignnone size-medium wp-image-1274\" src=\"https:\/\/wp.ufpel.edu.br\/ppgcts\/files\/2023\/09\/Curso-Peru-1-400x211.png\" alt=\"\" width=\"400\" height=\"211\" srcset=\"https:\/\/wp.ufpel.edu.br\/ppgcts\/files\/2023\/09\/Curso-Peru-1-400x211.png 400w, https:\/\/wp.ufpel.edu.br\/ppgcts\/files\/2023\/09\/Curso-Peru-1-1024x541.png 1024w, https:\/\/wp.ufpel.edu.br\/ppgcts\/files\/2023\/09\/Curso-Peru-1-768x406.png 768w, https:\/\/wp.ufpel.edu.br\/ppgcts\/files\/2023\/09\/Curso-Peru-1-1536x811.png 1536w, https:\/\/wp.ufpel.edu.br\/ppgcts\/files\/2023\/09\/Curso-Peru-1-2048x1082.png 2048w\" sizes=\"auto, (max-width: 400px) 100vw, 400px\" \/> <img loading=\"lazy\" decoding=\"async\" class=\"alignnone size-medium wp-image-1273\" src=\"https:\/\/wp.ufpel.edu.br\/ppgcts\/files\/2023\/09\/Curso-Peru-400x203.png\" alt=\"\" width=\"400\" height=\"203\" srcset=\"https:\/\/wp.ufpel.edu.br\/ppgcts\/files\/2023\/09\/Curso-Peru-400x203.png 400w, https:\/\/wp.ufpel.edu.br\/ppgcts\/files\/2023\/09\/Curso-Peru-1024x519.png 1024w, https:\/\/wp.ufpel.edu.br\/ppgcts\/files\/2023\/09\/Curso-Peru-768x390.png 768w, https:\/\/wp.ufpel.edu.br\/ppgcts\/files\/2023\/09\/Curso-Peru-1536x779.png 1536w, https:\/\/wp.ufpel.edu.br\/ppgcts\/files\/2023\/09\/Curso-Peru-2048x1039.png 2048w\" sizes=\"auto, (max-width: 400px) 100vw, 400px\" \/><\/p>\n<p>&nbsp;<\/p>\n<p>&nbsp;<\/p>\n<p><span style=\"font-size: 18pt;\"><strong>Ano 2022<\/strong><\/span><\/p>\n<p>&nbsp;<\/p>\n<ul>\n<li>Professores da \u00e1rea de Ci\u00eancia e Tecnologia de Sementes ministraram aulas no Paraguai.<\/li>\n<\/ul>\n<p><a href=\"https:\/\/wp.ufpel.edu.br\/ppgcts\/files\/2022\/05\/DOU_20220314.pdf\">DOU_20220314<\/a><\/p>\n<p>&nbsp;<\/p>\n<p><span style=\"font-size: 18pt;\"><strong>Ano 2021<\/strong><\/span><\/p>\n<p><span style=\"font-size: 14pt;\"><strong>1-<\/strong> Conv\u00eanio com a FIA-UNE assinado.<\/span><\/p>\n<p>Acordo de Coopera\u00e7\u00e3o entre a Universidade Federal de Pelotas (UFPel &#8211; Brasil) e a Faculdade de Engenharia Agron\u00f4mica da Universidade Nacional do Oriente (FIA-UNE), com vista na abertura do Doutorado em Agronomia &#8211; Assinado.<\/p>\n<p>https:\/\/www.facebook.com\/fiaune\/photos\/a.206979732782632\/1936624146484840\/<\/p>\n<blockquote class=\"wp-embedded-content\" data-secret=\"8yPRx6ZqIm\"><p><a href=\"https:\/\/ccs2.ufpel.edu.br\/wp\/2021\/04\/09\/ufpel-firma-dois-novos-acordos-de-cooperacao-internacional\/\">UFPel firma dois novos acordos de coopera\u00e7\u00e3o internacional<\/a><\/p><\/blockquote>\n<p><iframe loading=\"lazy\" class=\"wp-embedded-content\" sandbox=\"allow-scripts\" security=\"restricted\" style=\"position: absolute; visibility: hidden;\" title=\"&#8220;UFPel firma dois novos acordos de coopera\u00e7\u00e3o internacional&#8221; &#8212; Coordena\u00e7\u00e3o de Comunica\u00e7\u00e3o Social\" src=\"https:\/\/ccs2.ufpel.edu.br\/wp\/2021\/04\/09\/ufpel-firma-dois-novos-acordos-de-cooperacao-internacional\/embed\/#?secret=u48wCWrYwd#?secret=8yPRx6ZqIm\" data-secret=\"8yPRx6ZqIm\" width=\"600\" height=\"338\" frameborder=\"0\" marginwidth=\"0\" marginheight=\"0\" scrolling=\"no\"><\/iframe><\/p>\n<p>&nbsp;<\/p>\n<p><span style=\"font-size: 14pt;\"><strong>2-<\/strong> Edital com a APROSEMP do Paraguai<\/span><\/p>\n<p><img loading=\"lazy\" decoding=\"async\" class=\"alignnone size-full wp-image-859\" src=\"https:\/\/wp.ufpel.edu.br\/ppgcts\/files\/2021\/06\/15.48.44.jpeg\" alt=\"\" width=\"827\" height=\"945\" srcset=\"https:\/\/wp.ufpel.edu.br\/ppgcts\/files\/2021\/06\/15.48.44.jpeg 827w, https:\/\/wp.ufpel.edu.br\/ppgcts\/files\/2021\/06\/15.48.44-350x400.jpeg 350w, https:\/\/wp.ufpel.edu.br\/ppgcts\/files\/2021\/06\/15.48.44-768x878.jpeg 768w\" sizes=\"auto, (max-width: 827px) 100vw, 827px\" \/><\/p>\n<p>https:\/\/wp.ufpel.edu.br\/prppgi\/files\/2021\/06\/Edital-de-selecao-75-2021-Especializacao-em-Ciencias-e-Tecnologia-de-Sementes-Convenio-APROSEMP-turma-Paraguai-2021-2.pdf<\/p>\n<p><span style=\"font-size: 14pt;\"><strong>3-<\/strong> Participa\u00e7\u00e3o do Prof. <a class=\"oajrlxb2 g5ia77u1 qu0x051f esr5mh6w e9989ue4 r7d6kgcz rq0escxv nhd2j8a9 nc684nl6 p7hjln8o kvgmc6g5 cxmmr5t8 oygrvhab hcukyx3x jb3vyjys rz4wbd8a qt6c0cv9 a8nywdso i1ao9s8h esuyzwwr f1sip0of lzcic4wl q66pz984 gpro0wi8 b1v8xokw\" role=\"link\" href=\"https:\/\/www.facebook.com\/tiago.pedo?__cft__[0]=AZXqquxGtfbaT8XBcl88rk2InZsa0h_Laaw46V1YBMmQimQ3oTHBu1cbvrCLDJyDJtdI2f2TtXxk7fyDttyUxWfXCiyvnceaG_eaFEOQ5Cbq4VNPoI5N058LrQos64jjNDxbRNERuCwYDhP17QbgyfvTVnLGGiflXpBPOYP0119Z8g&amp;__tn__=-]K-R\"><span class=\"nc684nl6\">Tiago Ped\u00f3<\/span><\/a> no Comit\u00ea Cient\u00edfico do IV CONGRESO PARAGUAYO DE SEMILLAS, IV EXPO CIENCIA Y TECNOLOG\u00cdA DE SEMILLAS Y IV EXPO SEMILLAS.<\/span><\/p>\n<p>&nbsp;<\/p>\n<p>https:\/\/www.facebook.com\/espec.sementes\/photos\/a.158456038057727\/970942426809080<\/p>\n<p>&nbsp;<\/p>\n<p>&nbsp;<\/p>\n<p><span style=\"font-size: 18pt;\"><strong>Ano 2020<\/strong><\/span><\/p>\n<p><span style=\"font-size: 14pt;\"><strong>1-<\/strong> Conv\u00eanio de coopera\u00e7\u00e3o para cria\u00e7\u00e3o do Doutorado em Agronomia no Paraguai.<\/span><\/p>\n<p>Colabora\u00e7\u00e3o dos Docentes do PPGCTS da UFPel na cria\u00e7\u00e3o de um curso de Doutorado na Facultad de Ingenier\u00eda Agron\u00f3mica de la Universidad Nacional del Este (FIA-UNE).<\/p>\n<p>https:\/\/www.facebook.com\/fiaune\/photos\/a.206979732782632\/1890943321052923\/<\/p>\n<p>&nbsp;<\/p>\n<p><span style=\"font-size: 18pt;\"><strong>2-<\/strong> <span style=\"font-size: 14pt;\">Conv\u00eanio da Especializa\u00e7\u00e3o em Ci\u00eancia e Tecnologia de Sementes &#8211; UFPel com a APROSEMP.<\/span><\/span><\/p>\n<p>Aula inaugural da Especializa\u00e7\u00e3o em Ci\u00eancia e Tecnologia de Sementes &#8211; Turma APROSEMP &#8211; Py 2020.<br \/>\nContinuamos com a Internacionaliza\u00e7\u00e3o da Sementes FAEM-UFPel.<\/p>\n<p><a href=\"https:\/\/www.facebook.com\/espec.sementes\/photos\/a.158456038057727\/741995319703793\/\">https:\/\/www.facebook.com\/espec.sementes\/photos\/a.158456038057727\/741995319703793\/<\/a><\/p>\n<p>&nbsp;<\/p>\n<p><span style=\"font-size: 14pt;\"><strong>3-<\/strong> I SEMIN\u00c1RIO &#8220;INNOVACIONES: ESCENARIOS ACTUARES DE LA PRODUCCI\u00d3N DE SEMILLAS EN EL PARAGUAY<\/span><\/p>\n<p><img loading=\"lazy\" decoding=\"async\" class=\"alignnone wp-image-723\" src=\"https:\/\/wp.ufpel.edu.br\/ppgcts\/files\/2020\/11\/WhatsApp-Image-2020-11-19-at-21.31.14.jpeg\" alt=\"\" width=\"292\" height=\"205\" srcset=\"https:\/\/wp.ufpel.edu.br\/ppgcts\/files\/2020\/11\/WhatsApp-Image-2020-11-19-at-21.31.14.jpeg 828w, https:\/\/wp.ufpel.edu.br\/ppgcts\/files\/2020\/11\/WhatsApp-Image-2020-11-19-at-21.31.14-400x281.jpeg 400w, https:\/\/wp.ufpel.edu.br\/ppgcts\/files\/2020\/11\/WhatsApp-Image-2020-11-19-at-21.31.14-768x540.jpeg 768w\" sizes=\"auto, (max-width: 292px) 100vw, 292px\" \/>\u00a0 \u00a0 \u00a0 \u00a0 \u00a0 \u00a0 <img loading=\"lazy\" decoding=\"async\" class=\"alignnone wp-image-726\" src=\"https:\/\/wp.ufpel.edu.br\/ppgcts\/files\/2020\/11\/Captura-de-Tela-2020-11-20-a\u0300s-09.51.45.png\" alt=\"\" width=\"317\" height=\"201\" srcset=\"https:\/\/wp.ufpel.edu.br\/ppgcts\/files\/2020\/11\/Captura-de-Tela-2020-11-20-a\u0300s-09.51.45.png 869w, https:\/\/wp.ufpel.edu.br\/ppgcts\/files\/2020\/11\/Captura-de-Tela-2020-11-20-a\u0300s-09.51.45-400x254.png 400w, https:\/\/wp.ufpel.edu.br\/ppgcts\/files\/2020\/11\/Captura-de-Tela-2020-11-20-a\u0300s-09.51.45-768x487.png 768w\" sizes=\"auto, (max-width: 317px) 100vw, 317px\" \/><\/p>\n<p><img loading=\"lazy\" decoding=\"async\" class=\"alignnone wp-image-724\" src=\"https:\/\/wp.ufpel.edu.br\/ppgcts\/files\/2020\/11\/Captura-de-Tela-2020-11-20-a\u0300s-09.51.28.png\" alt=\"\" width=\"308\" height=\"196\" srcset=\"https:\/\/wp.ufpel.edu.br\/ppgcts\/files\/2020\/11\/Captura-de-Tela-2020-11-20-a\u0300s-09.51.28.png 864w, https:\/\/wp.ufpel.edu.br\/ppgcts\/files\/2020\/11\/Captura-de-Tela-2020-11-20-a\u0300s-09.51.28-400x255.png 400w, https:\/\/wp.ufpel.edu.br\/ppgcts\/files\/2020\/11\/Captura-de-Tela-2020-11-20-a\u0300s-09.51.28-768x490.png 768w\" sizes=\"auto, (max-width: 308px) 100vw, 308px\" \/>\u00a0 \u00a0 \u00a0 \u00a0 \u00a0 \u00a0<img loading=\"lazy\" decoding=\"async\" class=\"alignnone wp-image-725\" src=\"https:\/\/wp.ufpel.edu.br\/ppgcts\/files\/2020\/11\/Captura-de-Tela-2020-11-20-a\u0300s-09.51.12.png\" alt=\"\" width=\"298\" height=\"191\" srcset=\"https:\/\/wp.ufpel.edu.br\/ppgcts\/files\/2020\/11\/Captura-de-Tela-2020-11-20-a\u0300s-09.51.12.png 867w, https:\/\/wp.ufpel.edu.br\/ppgcts\/files\/2020\/11\/Captura-de-Tela-2020-11-20-a\u0300s-09.51.12-400x257.png 400w, https:\/\/wp.ufpel.edu.br\/ppgcts\/files\/2020\/11\/Captura-de-Tela-2020-11-20-a\u0300s-09.51.12-768x493.png 768w\" sizes=\"auto, (max-width: 298px) 100vw, 298px\" \/><\/p>\n<p>&nbsp;<\/p>\n<p>&nbsp;<\/p>\n","protected":false},"excerpt":{"rendered":"<p>Ano 2025 Curso de An\u00e1lises Estat\u00edsticas em Fitotecnia usando o R Nos dias 23 e 24 de julho de 2025, o Prof. Dr. Roberto Fritsche Neto da Universidade Estadual da Carolina do Norte \u2013 NC State ministrou o curso: An\u00e1lises estat\u00edsticas em fitotecnia usando o R, no PPGCTS FAEM\/UFPel. &#x1f33e;&#x1f33f; *Explorando a Ci\u00eancia das Sementes<a class=\"more-link\" href=\"https:\/\/wp.ufpel.edu.br\/ppgcts\/insercao-internacional\/\">Continue reading <span class=\"screen-reader-text\">&#8220;Inser\u00e7\u00e3o Internacional&#8221;<\/span><\/a><\/p>\n","protected":false},"author":376,"featured_media":0,"parent":0,"menu_order":0,"comment_status":"closed","ping_status":"closed","template":"","meta":{"footnotes":""},"class_list":["post-716","page","type-page","status-publish","hentry"],"_links":{"self":[{"href":"https:\/\/wp.ufpel.edu.br\/ppgcts\/wp-json\/wp\/v2\/pages\/716","targetHints":{"allow":["GET"]}}],"collection":[{"href":"https:\/\/wp.ufpel.edu.br\/ppgcts\/wp-json\/wp\/v2\/pages"}],"about":[{"href":"https:\/\/wp.ufpel.edu.br\/ppgcts\/wp-json\/wp\/v2\/types\/page"}],"author":[{"embeddable":true,"href":"https:\/\/wp.ufpel.edu.br\/ppgcts\/wp-json\/wp\/v2\/users\/376"}],"replies":[{"embeddable":true,"href":"https:\/\/wp.ufpel.edu.br\/ppgcts\/wp-json\/wp\/v2\/comments?post=716"}],"version-history":[{"count":20,"href":"https:\/\/wp.ufpel.edu.br\/ppgcts\/wp-json\/wp\/v2\/pages\/716\/revisions"}],"predecessor-version":[{"id":1710,"href":"https:\/\/wp.ufpel.edu.br\/ppgcts\/wp-json\/wp\/v2\/pages\/716\/revisions\/1710"}],"wp:attachment":[{"href":"https:\/\/wp.ufpel.edu.br\/ppgcts\/wp-json\/wp\/v2\/media?parent=716"}],"curies":[{"name":"wp","href":"https:\/\/api.w.org\/{rel}","templated":true}]}}