{"id":495,"date":"2019-09-03T05:34:36","date_gmt":"2019-09-03T08:34:36","guid":{"rendered":"https:\/\/wp.ufpel.edu.br\/ppgcts\/?page_id=495"},"modified":"2019-09-03T05:34:36","modified_gmt":"2019-09-03T08:34:36","slug":"historico","status":"publish","type":"page","link":"https:\/\/wp.ufpel.edu.br\/ppgcts\/historico\/","title":{"rendered":"Hist\u00f3rico"},"content":{"rendered":"<p style=\"text-align: justify\">Na d\u00e9cada de 1960, tiveram in\u00edcio as atividades na \u00c1rea de Sementes da Faculdade de Agronomia Eliseu Maciel (FAEM), da Universidade Federal de Pelotas (UFPel). Na oportunidade, com oferecimento de cursos de curta dura\u00e7\u00e3o voltados \u00e0 Produ\u00e7\u00e3o e a Tecnologia de Sementes.<\/p>\n<p style=\"text-align: justify\">A iniciativa foi decorrente do resultado da qualifica\u00e7\u00e3o, no exterior, de professores, ocorrendo inicialmente, na Universidade da Calif\u00f3rnia (UCDAVIS), com \u00eanfase em sementes de hortali\u00e7as e posteriormente, na Universidade do Mississipi (<em>Mississippi State University<\/em> &#8211; MSU) contemplando prioritariamente fisiologia, produ\u00e7\u00e3o e tecnologia p\u00f3s colheita de sementes. O retorno dos professores do exterior, com n\u00edvel de Mestrado, especialmente na MSU, possibilitou que a\u00e7\u00f5es referentes aos cursos na \u00e1rea de sementes fossem incrementadas, sendo estes espec\u00edficos e relativos a diversos cultivos de esp\u00e9cies produtoras de sementes. Tais atividades, resultaram no ano 1974, na cria\u00e7\u00e3o do Curso de Mestrado em Ci\u00eancia e Tecnologia de Sementes.<\/p>\n<p style=\"text-align: justify\">No ano de 1985, visando aumentar a inser\u00e7\u00e3o e difus\u00e3o no setor produtivo, na \u00e1rea de sementes, a Universidade Federal de Pelotas (UFPel) em conv\u00eanio com a Associa\u00e7\u00e3o Brasileira de Educa\u00e7\u00e3o Agr\u00edcola Superior (ABEAS), criou o Curso de Especializa\u00e7\u00e3o em Ci\u00eancia e Tecnologia de Sementes. A cria\u00e7\u00e3o deste curso resultou na inova\u00e7\u00e3o em termos de ensino, ao ser ofertado na modalidade tutoria \u00e0 dist\u00e2ncia. O formato no qual o Curso passou a ser ministrado, inovador para a \u00e9poca, propiciou a capacita\u00e7\u00e3o de profissionais que atuam diretamente na produ\u00e7\u00e3o e tecnologia de sementes, sem a necessidade de afastamento do profissional do seu local de trabalho, por dilatados per\u00edodos de tempo.<\/p>\n<p style=\"text-align: justify\">Em seguida o Curso de especializa\u00e7\u00e3o por tutoria a dist\u00e2ncia, devido a demanda na \u00e1rea em outros pa\u00edses, passou tamb\u00e9m a ser ofertado a pa\u00edses da Am\u00e9rica Latina dos quais destacam-se, a Bol\u00edvia (conv\u00eanio com o Programa Nacional de Semillas da Bol\u00edvia), Uruguai (conv\u00eanio com a Associa\u00e7\u00e3o Nacional de Produtores de Sementes &#8211; ANAPROSE) e Paraguai (conv\u00eanio com a Associa\u00e7\u00e3o dos Produtores de Sementes do Paraguai &#8211; APROSEMP).<\/p>\n<p style=\"text-align: justify\">No ano de 1991, a \u00c1rea de Sementes da Universidade Federal de Pelotas, idealizou e passou a ofertar o Curso de Doutorado, visando o oferecimento do maior t\u00edtulo acad\u00eamico na \u00e1rea. O Curso de Doutorado em Ci\u00eancia e Tecnologia de sementes, foi o primeiro da Universidade Federal de Pelotas, constituindo-se no marco inicial de mudan\u00e7as substanciais no conhecimento e na pesquisa cient\u00edfica na Institui\u00e7\u00e3o. Destes, foram brasileiros e os demais provenientes da Argentina, Bol\u00edvia, Col\u00f4mbia, M\u00e9xico, Paraguai, Costa Rica, Uruguai, etc.<\/p>\n<p style=\"text-align: justify\">Ao longo dos anos, o Programa, estabeleceu conv\u00eanios e acordos de coopera\u00e7\u00e3o com institui\u00e7\u00f5es Nacionais e Internacionais. Al\u00e9m disso, atuou e atua em associa\u00e7\u00f5es cient\u00edficas Nacionais e Internacionais, participa\u00e7\u00e3o continuada em eventos cient\u00edficos e a inser\u00e7\u00e3o profunda e protagonista no setor produtivo, pelo oferecimento de v\u00e1rios cursos de curta dura\u00e7\u00e3o, pela apresenta\u00e7\u00e3o de palestras, realiza\u00e7\u00e3o de consultorias para empresas e comunica\u00e7\u00e3o com a imprensa escrita, falada e televisiva. Sem d\u00favida, tais a\u00e7\u00f5es ampliaram de forma significativa a participa\u00e7\u00e3o dos professores do Programa em todos os elos da cadeia produtiva do agroneg\u00f3cio.<\/p>\n<p style=\"text-align: justify\">O empenho e a dedica\u00e7\u00e3o dos membros do Programa de P\u00f3s Gradua\u00e7\u00e3o em Ci\u00eancia e Tecnologia de Sementes visando \u00e0 consolida\u00e7\u00e3o como centro de refer\u00eancia na \u00e1rea de Sementes, em termos de forma\u00e7\u00e3o de pessoal, tem se constitu\u00eddo em incentivo ao Programa para o avan\u00e7o da posi\u00e7\u00e3o de destaque na pesquisa cient\u00edfica e tecnol\u00f3gica em sementes.<\/p>\n<p style=\"text-align: justify\">\u00c9 importante salientar que os discentes egressos do Programa v\u00eam exercendo atividades nas mais diversas Institui\u00e7\u00f5es de Pesquisa no pa\u00eds e no exterior (EMBRAPA, EPAGRI, EPABA, COODETEC, FEPAGRO, IRGA, MAG &#8230;), \u00d3rg\u00e3os P\u00fablicos (Minist\u00e9rio da Agricultura, Pecu\u00e1ria e Abastecimento, Secretarias de Agricultura &#8230;), Associa\u00e7\u00f5es de Produtores (APROSESC, ABRASS, APROSMAT, APASSUL, APASEM, APROSEMBA, APROSEMP&#8230;), Cooperativas (Cotrijal, Coagrisol, Coagrisoja, COAMO, COOPAVEL, COOPERCAMPOS, CooperAlfa, COOPERBOA, C.Vale, LAR, etc.) e Empresas Produtoras de Sementes de todas as Regi\u00f5es Brasileiras (Oilema, Sementes Van Ass, Sementes Petrovina, Sementes Bom Jesus, Sementes Fabris Hulk, Grandespe, Sementes Costa Beber, Sementes JotaBasso, Sementes Roos, Sementes Unigel, Sementes Falc\u00e3o, Sementes Cereal Ouro, Syngenta Seeds, Bayer Seeds, Sementes Lagoa Bonita, dentre tantas outras), Bayer, Monsanto, Syngenta, Dow, Basf . Atuam tamb\u00e9m como docentes em universidades p\u00fablicas (UFRGS, IF) e privadas.<\/p>\n<p style=\"text-align: justify\">O Programa na busca de inovar e contribuir com os profissionais da \u00e1rea de sementes criou, em 2001 o Mestrado Profissional. O Mestrado Profissional em Ci\u00eancia e Tecnologia de Sementes visa a forma\u00e7\u00e3o de profissional na \u00e1rea de sementes com conhecimento consistente n\u00e3o s\u00f3 em tecnologia, mas tamb\u00e9m em pesquisa cient\u00edfica, capaz de utilizar, convenientemente, os meios de divulga\u00e7\u00e3o de resultados de pesquisa, interpretar e selecionar as informa\u00e7\u00f5es relevantes e, finalmente adequar, aplicar e explorar novos conhecimentos, de maneira a serem incorporados ao setor produtivo e, dessa forma colaborar de maneira decisiva para o fortalecimento do setor do agroneg\u00f3cio sementes e pela utiliza\u00e7\u00e3o de novas tecnologias, alcan\u00e7ar-se uma agricultura mais produtiva economicamente vi\u00e1vel, de modo a assegurar melhor a qualidade de vida \u00e0 popula\u00e7\u00e3o.<\/p>\n<p style=\"text-align: justify\">O Programa visa, essencialmente, a capacita\u00e7\u00e3o na \u00e1rea tecnol\u00f3gica para que os profissionais formados possam atuar, par e passo, com o que h\u00e1 de mais avan\u00e7ado na \u00e1rea, nos assuntos vinculados \u00e0 tecnologia da produ\u00e7\u00e3o, sem esquecer os aspectos cient\u00edficos do conhecimento moderno que est\u00e3o vinculados.<\/p>\n<p style=\"text-align: justify\">Um fato a ser destacado vem sendo o desenvolvimento de tecnologias e processos baseados nas disserta\u00e7\u00f5es de mestrado que geram tecnologias que est\u00e3o sendo adotadas por empresas de semente e \u00f3rg\u00e3os p\u00fablicos com reflexos positivos sobre o uso de sementes certificadas, ado\u00e7\u00e3o de novas tecnologias para eleva\u00e7\u00e3o da produtividade e incorpora\u00e7\u00e3o de processos e estrat\u00e9gias que favorecem o com\u00e9rcio de sementes, bem como incrementam a renda dos produtores.<\/p>\n<p style=\"text-align: justify\">\u00c9 importante ressaltar a procura frequente das empresas por egressos ou discentes em fase final do curso para atua\u00e7\u00e3o nas \u00e1reas de produ\u00e7\u00e3o, gest\u00e3o, qualidade, p\u00f3s colheita e coordena\u00e7\u00e3o; levando em conta a s\u00f3lida forma\u00e7\u00e3o proporcionada pelo Programa associada \u00e0 realidade do agroneg\u00f3cio.<\/p>\n<p style=\"text-align: justify\">Vale ressaltar que o agroneg\u00f3cio no Brasil tem sido de import\u00e2ncia vital para a economia nacional, pelo fato de ser gerador de empregos e divisas.<\/p>\n<p style=\"text-align: justify\">O corpo docente desse programa conta com profissionais atuantes na \u00e1rea de sementes sendo que os mais novos est\u00e3o sendo encorajados a remodelar o programa e garantir o pioneirismo do mesmo. Todos possuem forma\u00e7\u00e3o na \u00e1rea e alguns com doutorados ou est\u00e1gios no exterior. Para o processo de internacionaliza\u00e7\u00e3o se solidifique h\u00e1 possibilidade de alguns realizarem p\u00f3s-doutorados ou cursos no exterior.<\/p>\n<p>&nbsp;<\/p>\n","protected":false},"excerpt":{"rendered":"<p>Na d\u00e9cada de 1960, tiveram in\u00edcio as atividades na \u00c1rea de Sementes da Faculdade de Agronomia Eliseu Maciel (FAEM), da Universidade Federal de Pelotas (UFPel). Na oportunidade, com oferecimento de cursos de curta dura\u00e7\u00e3o voltados \u00e0 Produ\u00e7\u00e3o e a Tecnologia de Sementes. A iniciativa foi decorrente do resultado da qualifica\u00e7\u00e3o, no exterior, de professores, ocorrendo<a class=\"more-link\" href=\"https:\/\/wp.ufpel.edu.br\/ppgcts\/historico\/\">Continue reading <span class=\"screen-reader-text\">&#8220;Hist\u00f3rico&#8221;<\/span><\/a><\/p>\n","protected":false},"author":376,"featured_media":0,"parent":0,"menu_order":0,"comment_status":"closed","ping_status":"closed","template":"","meta":{"footnotes":""},"class_list":["post-495","page","type-page","status-publish","hentry"],"_links":{"self":[{"href":"https:\/\/wp.ufpel.edu.br\/ppgcts\/wp-json\/wp\/v2\/pages\/495","targetHints":{"allow":["GET"]}}],"collection":[{"href":"https:\/\/wp.ufpel.edu.br\/ppgcts\/wp-json\/wp\/v2\/pages"}],"about":[{"href":"https:\/\/wp.ufpel.edu.br\/ppgcts\/wp-json\/wp\/v2\/types\/page"}],"author":[{"embeddable":true,"href":"https:\/\/wp.ufpel.edu.br\/ppgcts\/wp-json\/wp\/v2\/users\/376"}],"replies":[{"embeddable":true,"href":"https:\/\/wp.ufpel.edu.br\/ppgcts\/wp-json\/wp\/v2\/comments?post=495"}],"version-history":[{"count":1,"href":"https:\/\/wp.ufpel.edu.br\/ppgcts\/wp-json\/wp\/v2\/pages\/495\/revisions"}],"predecessor-version":[{"id":497,"href":"https:\/\/wp.ufpel.edu.br\/ppgcts\/wp-json\/wp\/v2\/pages\/495\/revisions\/497"}],"wp:attachment":[{"href":"https:\/\/wp.ufpel.edu.br\/ppgcts\/wp-json\/wp\/v2\/media?parent=495"}],"curies":[{"name":"wp","href":"https:\/\/api.w.org\/{rel}","templated":true}]}}