{"id":15,"date":"2016-12-09T11:44:00","date_gmt":"2016-12-09T13:44:00","guid":{"rendered":"https:\/\/wp.ufpel.edu.br\/ppgcts\/?page_id=15"},"modified":"2026-01-10T00:25:58","modified_gmt":"2026-01-10T03:25:58","slug":"especializacao","status":"publish","type":"page","link":"https:\/\/wp.ufpel.edu.br\/ppgcts\/especializacao\/","title":{"rendered":"Especializa\u00e7\u00e3o"},"content":{"rendered":"<h1><\/h1>\n<p style=\"text-align: center;\"><strong>EDITAL N\u00ba 239\/2025 (Paraguai) &#8211; <a href=\"https:\/\/wp.ufpel.edu.br\/ppgcts\/files\/2026\/01\/EDITAL-No-239-2025-APROSEMP.pdf\">EDITAL N\u00ba 239 &#8211; 2025-APROSEMP<\/a><\/strong><\/p>\n<p style=\"text-align: center;\">SELE\u00c7\u00c3O DE ALUNO REGULAR CONV\u00caNIO APROSEMP (1\/2026)<\/p>\n<p>&nbsp;<\/p>\n<p style=\"text-align: center;\">Mais informa\u00e7\u00f5es pelo e-mail: <strong>especializacao.sementes@gmail.com<\/strong><\/p>\n<p>&nbsp;<\/p>\n<h1>2024:<\/h1>\n<p style=\"text-align: center;\"><strong>Edital 141\/2024 &#8211;\u00a0<\/strong><a href=\"https:\/\/wp.ufpel.edu.br\/prppg\/files\/2024\/08\/Edital-de-selecao-141-2024.-Curso-de-Pos-Graduacao-em-Ciencia-e-Tecnologia-de-Sementes-Especializacao.-2024-2.pdf\">Sele\u00e7\u00e3o de Aluno Regular 2024\/2<\/a><\/p>\n<p style=\"text-align: center;\">Inscri\u00e7\u00f5es:\u00a0<strong>08 de agosto at\u00e9 30 de agosto de 2024<\/strong><\/p>\n<p style=\"text-align: center;\">Vagas:\u00a0<strong>24 vagas<\/strong><\/p>\n<p style=\"text-align: center;\">Resultado final (retificado):\u00a0<strong>30 de setembro de 2024<\/strong><\/p>\n<p style=\"text-align: center;\">Mais informa\u00e7\u00f5es pelo e-mail: <strong>especializacao.sementes@gmail.com<\/strong><\/p>\n<p>&nbsp;<\/p>\n<p style=\"text-align: center;\"><strong>Especializa\u00e7\u00e3o em Ci\u00eancia e Tecnologia de Sementes<\/strong><\/p>\n<p>Este \u00e9 um curso de P\u00f3s-Gradua\u00e7\u00e3o Lato Sensu, na modalidade de Especializa\u00e7\u00e3o, por Tutoria \u00e0 Dist\u00e2ncia, que \u00e9 apoiado pela Resolu\u00e7\u00e3o n\u00ba. 14\/77 e reconhecido pelo Parecer n\u00ba 891\/80 do Conselho Federal de Educa\u00e7\u00e3o.<\/p>\n<p>&nbsp;<\/p>\n<p style=\"text-align: center;\"><strong>\u00a0Metodologia<\/strong><\/p>\n<p>O curso \u00e9 composto por 12 disciplinas (M\u00f3dulos), sendo seu conte\u00fado disponibilizado digitalmente ou por meio de livro, com aquisi\u00e7\u00e3o opcional. Cada <strong>M\u00f3dulo<\/strong> apresentar\u00e1, para avalia\u00e7\u00e3o do conhecimento, um <strong>Teste<\/strong> que, ap\u00f3s o estudo do assunto, dever\u00e1 ser enviado \u00e0 Coordena\u00e7\u00e3o T\u00e9cnica para a corre\u00e7\u00e3o e anota\u00e7\u00e3o da nota obtida pelo participante, a qual corresponder\u00e1 a 20% da m\u00e9dia final.<\/p>\n<p>O curso tem dura\u00e7\u00e3o de <strong>um ano<\/strong>, tendo dois <strong>Encontros Presenciais <\/strong>na <strong>Universidade Federal de Pelotas<\/strong>. Os encontros t\u00eam dura\u00e7\u00e3o de <strong>cinco dias<\/strong>, onde ser\u00e3o realizadas as aulas e as avalia\u00e7\u00f5es formais das disciplinas, correspondendo a 80% da m\u00e9dia final. A presen\u00e7a \u00e9 <strong>obrigat\u00f3ria<\/strong> e os disp\u00eandios para sua participa\u00e7\u00e3o dever\u00e3o ser custeados pelo <strong>pr\u00f3prio aluno<\/strong>.<\/p>\n<p>Maiores informa\u00e7\u00f5es\u00a0 pelo e-mail: <strong>especializacao.sementes@gmail.com<\/strong><\/p>\n<p><strong>Coordenador:<\/strong> Prof. Dr. Tiago Ped\u00f3<\/p>\n<p>&nbsp;<\/p>\n<p><strong>Candidatos aprovados por ordem de classifica\u00e7\u00e3o:<\/strong><\/p>\n<table width=\"376\">\n<tbody>\n<tr>\n<td style=\"width: 63px;\" width=\"64\"><\/td>\n<td style=\"width: 420px;\" width=\"244\">Nome Completo<\/td>\n<td style=\"width: 10px;\" width=\"68\">Situa\u00e7\u00e3o<\/td>\n<\/tr>\n<tr>\n<td style=\"width: 63px;\">1\u00ba<\/td>\n<td style=\"width: 420px;\">Karolyna Oliveira Marques<\/td>\n<td style=\"width: 10px;\">Aprovado<\/td>\n<\/tr>\n<tr>\n<td style=\"width: 63px;\">2\u00ba<\/td>\n<td style=\"width: 420px;\">Valdeir Martins Alves Filho<\/td>\n<td style=\"width: 10px;\">Aprovado<\/td>\n<\/tr>\n<tr>\n<td style=\"width: 63px;\">3\u00ba<\/td>\n<td style=\"width: 420px;\">Lisandra Lima Luz<\/td>\n<td style=\"width: 10px;\">Aprovado<\/td>\n<\/tr>\n<tr>\n<td style=\"width: 63px;\">4\u00ba<\/td>\n<td style=\"width: 420px;\">Robson da Costa Riella<\/td>\n<td style=\"width: 10px;\">Aprovado<\/td>\n<\/tr>\n<tr>\n<td style=\"width: 63px;\">5\u00ba<\/td>\n<td style=\"width: 420px;\">Franciele Dreher Taetti<\/td>\n<td style=\"width: 10px;\">Aprovado<\/td>\n<\/tr>\n<tr>\n<td style=\"width: 63px;\">6\u00ba<\/td>\n<td style=\"width: 420px;\">B\u00e1rbara Naves Carvalho<\/td>\n<td style=\"width: 10px;\">Aprovado<\/td>\n<\/tr>\n<tr>\n<td style=\"width: 63px;\">7\u00ba<\/td>\n<td style=\"width: 420px;\">Francieli Pavan Ourives<\/td>\n<td style=\"width: 10px;\">Aprovado<\/td>\n<\/tr>\n<tr>\n<td style=\"width: 63px;\">8\u00ba<\/td>\n<td style=\"width: 420px;\">Ilenice Hartwig<\/td>\n<td style=\"width: 10px;\">Aprovado<\/td>\n<\/tr>\n<tr>\n<td style=\"width: 63px;\">9\u00ba<\/td>\n<td style=\"width: 420px;\">Let\u00edcia Aparecida Luiz de\u00a0 Azevedo<\/td>\n<td style=\"width: 10px;\">Aprovado<\/td>\n<\/tr>\n<tr>\n<td style=\"width: 63px;\">10\u00ba<\/td>\n<td style=\"width: 420px;\">J\u00e9der da Rocha Mattos<\/td>\n<td style=\"width: 10px;\">Aprovado<\/td>\n<\/tr>\n<tr>\n<td style=\"width: 63px;\">11\u00ba<\/td>\n<td style=\"width: 420px;\">Daniela Justen Moreira<\/td>\n<td style=\"width: 10px;\">Aprovado<\/td>\n<\/tr>\n<tr>\n<td style=\"width: 63px;\">12\u00ba<\/td>\n<td style=\"width: 420px;\">Samuel Gustavo Ribeiro de Souza<\/td>\n<td style=\"width: 10px;\">Aprovado<\/td>\n<\/tr>\n<tr>\n<td style=\"width: 63px;\">13\u00ba<\/td>\n<td style=\"width: 420px;\">Rillary Biannca de Oliveira Alves<\/td>\n<td style=\"width: 10px;\">Aprovado<\/td>\n<\/tr>\n<tr>\n<td style=\"width: 63px;\">14\u00ba<\/td>\n<td style=\"width: 420px;\">Adelson de Brito Souza<\/td>\n<td style=\"width: 10px;\">Aprovado<\/td>\n<\/tr>\n<tr>\n<td style=\"width: 63px;\">15\u00ba<\/td>\n<td style=\"width: 420px;\">Jo\u00e3o Pedro da\u00a0 Silva Aires<\/td>\n<td style=\"width: 10px;\">Aprovado<\/td>\n<\/tr>\n<tr>\n<td style=\"width: 63px;\">16\u00ba<\/td>\n<td style=\"width: 420px;\">Michelle Soares da Silva<\/td>\n<td style=\"width: 10px;\">Aprovado<\/td>\n<\/tr>\n<tr>\n<td style=\"width: 63px;\">17\u00ba<\/td>\n<td style=\"width: 420px;\">Jana\u00edna Aparecida Miranda da Silva<\/td>\n<td style=\"width: 10px;\">Aprovado<\/td>\n<\/tr>\n<tr>\n<td style=\"width: 63px;\">18\u00ba<\/td>\n<td style=\"width: 420px;\">Kelly Alves de Sousa<\/td>\n<td style=\"width: 10px;\">Aprovado<\/td>\n<\/tr>\n<tr>\n<td style=\"width: 63px;\">19\u00ba<\/td>\n<td style=\"width: 420px;\">Mariana Carolina Lyssak<\/td>\n<td style=\"width: 10px;\">Aprovado<\/td>\n<\/tr>\n<tr>\n<td style=\"width: 63px;\">20\u00ba<\/td>\n<td style=\"width: 420px;\">Marlon Rog\u00e9rio Alves<\/td>\n<td style=\"width: 10px;\">Aprovado<\/td>\n<\/tr>\n<tr>\n<td style=\"width: 63px;\">21\u00ba<\/td>\n<td style=\"width: 420px;\">Antonio Marcos de Sousa Junior<\/td>\n<td style=\"width: 10px;\">Aprovado<\/td>\n<\/tr>\n<tr>\n<td style=\"width: 63px;\">22\u00ba<\/td>\n<td style=\"width: 420px;\">Carine Novelo<\/td>\n<td style=\"width: 10px;\">Aprovado<\/td>\n<\/tr>\n<tr>\n<td style=\"width: 63px;\">23\u00ba<\/td>\n<td style=\"width: 420px;\">Mateus Weis<\/td>\n<td style=\"width: 10px;\">Aprovado<\/td>\n<\/tr>\n<tr>\n<td style=\"width: 63px;\">24\u00ba<\/td>\n<td style=\"width: 420px;\">Raifer Campelo Sim\u00f5es<\/td>\n<td style=\"width: 10px;\">Aprovado<\/td>\n<\/tr>\n<tr>\n<td style=\"width: 63px;\">1\u00ba<\/td>\n<td style=\"width: 420px;\">Vera Marcia Pereira Borges<\/td>\n<td style=\"width: 10px;\">Suplente<\/td>\n<\/tr>\n<tr>\n<td style=\"width: 63px;\">2\u00ba<\/td>\n<td style=\"width: 420px;\">Italo Jos\u00e9 da Silva Rodrigues<\/td>\n<td style=\"width: 10px;\">Suplente<\/td>\n<\/tr>\n<tr>\n<td style=\"width: 63px;\">3\u00ba<\/td>\n<td style=\"width: 420px;\">Guilherme Vin\u00edcius Alves Barbosa<\/td>\n<td style=\"width: 10px;\">Suplente<\/td>\n<\/tr>\n<tr>\n<td style=\"width: 63px;\">4\u00ba<\/td>\n<td style=\"width: 420px;\">Guilherme Canuto Lopes<\/td>\n<td style=\"width: 10px;\">Suplente<\/td>\n<\/tr>\n<tr>\n<td style=\"width: 63px;\">5\u00ba<\/td>\n<td style=\"width: 420px;\">Paulo Jos\u00e9 Vieira<\/td>\n<td style=\"width: 10px;\">Suplente<\/td>\n<\/tr>\n<tr>\n<td style=\"width: 63px;\">6\u00ba<\/td>\n<td style=\"width: 420px;\">D\u00e9bora Pinheiro da Costa<\/td>\n<td style=\"width: 10px;\">Suplente<\/td>\n<\/tr>\n<tr>\n<td style=\"width: 63px;\">7\u00ba<\/td>\n<td style=\"width: 420px;\">Jo\u00e3o Pedro Carvalho Fernandes<\/td>\n<td style=\"width: 10px;\">Suplente<\/td>\n<\/tr>\n<tr>\n<td style=\"width: 63px;\">8\u00ba<\/td>\n<td style=\"width: 420px;\">Jos\u00e9 Johnathan Ferreira de Souza<\/td>\n<td style=\"width: 10px;\">Suplente<\/td>\n<\/tr>\n<tr>\n<td style=\"width: 63px;\">9\u00ba<\/td>\n<td style=\"width: 420px;\">Romulo Fuchs Brunetta<\/td>\n<td style=\"width: 10px;\">Suplente<\/td>\n<\/tr>\n<tr>\n<td style=\"width: 63px;\">10\u00ba<\/td>\n<td style=\"width: 420px;\">Pedro Henrique da Cunha Dias<\/td>\n<td style=\"width: 10px;\">Suplente<\/td>\n<\/tr>\n<tr>\n<td style=\"width: 63px;\">11\u00ba<\/td>\n<td style=\"width: 420px;\">Luiz Ot\u00e1vio Almeida Campos<\/td>\n<td style=\"width: 10px;\">Suplente<\/td>\n<\/tr>\n<tr>\n<td style=\"width: 63px;\">12\u00ba<\/td>\n<td style=\"width: 420px;\">Diogo Michelon<\/td>\n<td style=\"width: 10px;\">Suplente<\/td>\n<\/tr>\n<tr>\n<td style=\"width: 63px;\">13\u00ba<\/td>\n<td style=\"width: 420px;\">Sandro Rodrigo Gheller<\/td>\n<td style=\"width: 10px;\">Suplente<\/td>\n<\/tr>\n<\/tbody>\n<\/table>\n<p><a href=\"https:\/\/wp.ufpel.edu.br\/ppgcts\/files\/2024\/09\/eidtal-hsadiusahudisa.pdf\">Memorando SEI<\/a><\/p>\n<h1><strong>2023:<\/strong><\/h1>\n<p><strong>Encontro Presencial<\/strong> 2023\/01<\/p>\n<p><strong>Data<\/strong>: <span style=\"text-decoration: underline;\">26 a 30 de junho de 2023<\/span><\/p>\n<p>&nbsp;<\/p>\n<p>M\u00f3dulos ser\u00e3o disponibilizados no sistema <a href=\"https:\/\/e-aula.ufpel.edu.br\/\">e-aula<\/a> <a href=\"https:\/\/e-aula.ufpel.edu.br\/\">https:\/\/e-aula.ufpel.edu.br\/<\/a><\/p>\n<p>&nbsp;<\/p>\n<p style=\"text-align: center;\"><strong>Especializa\u00e7\u00e3o em Ci\u00eancia e Tecnologia de Sementes<\/strong><\/p>\n<p>Este \u00e9 um curso de P\u00f3s-Gradua\u00e7\u00e3o Lato Sensu, na modalidade de Especializa\u00e7\u00e3o, por Tutoria \u00e0 Dist\u00e2ncia, que \u00e9 apoiado pela Resolu\u00e7\u00e3o n\u00ba. 14\/77 e reconhecido pelo Parecer n\u00ba 891\/80 do Conselho Federal de Educa\u00e7\u00e3o.<\/p>\n<p>&nbsp;<\/p>\n<p style=\"text-align: center;\"><strong>\u00a0Metodologia<\/strong><\/p>\n<p>&nbsp;<\/p>\n<p>O curso \u00e9 composto por 12 disciplinas (M\u00f3dulos), sendo seu conte\u00fado disponibilizado digitalmente ou por meio de livro, com aquisi\u00e7\u00e3o opcional. Cada <strong>M\u00f3dulo<\/strong> apresentar\u00e1, para avalia\u00e7\u00e3o do conhecimento, um <strong>Teste<\/strong> que, ap\u00f3s o estudo do assunto, dever\u00e1 ser enviado \u00e0 Coordena\u00e7\u00e3o T\u00e9cnica para a corre\u00e7\u00e3o e anota\u00e7\u00e3o da nota obtida pelo participante, a qual corresponder\u00e1 a 20% da m\u00e9dia final.<\/p>\n<p>O curso tem dura\u00e7\u00e3o de <strong>um ano<\/strong>, tendo dois <strong>Encontros Presenciais <\/strong>na <strong>Universidade Federal de Pelotas<\/strong>. Os encontros t\u00eam dura\u00e7\u00e3o de <strong>cinco dias<\/strong>, onde ser\u00e3o realizadas as aulas e as avalia\u00e7\u00f5es formais das disciplinas, correspondendo a 80% da m\u00e9dia final. A presen\u00e7a \u00e9 <strong>obrigat\u00f3ria<\/strong> e os disp\u00eandios para sua participa\u00e7\u00e3o dever\u00e3o ser custeados pelo <strong>pr\u00f3prio aluno<\/strong>.<\/p>\n<p>&nbsp;<\/p>\n<p>Maiores informa\u00e7\u00f5es podem ser obtidas pelo e-mail:\u00a0especializacao.sementes@gmail.com<\/p>\n<p><strong>Coordenador:<\/strong> Prof. Dr. Tiago Ped\u00f3<\/p>\n<p>&nbsp;<\/p>\n<p style=\"text-align: center;\"><strong>Edital 199\/2023 (Sele\u00e7\u00e3o para ingresso em 2023). <a href=\"https:\/\/wp.ufpel.edu.br\/ppgcts\/files\/2023\/09\/SEI_UFPel-2350965-Edital-de-selecao-Brasil.pdf\">SEI_UFPel &#8211; 2350965 &#8211; Edital de sele\u00e7\u00e3o Brasil<\/a><\/strong><\/p>\n<p>\u00a0 \u00a0 \u00a0 \u00a0 \u00a0 \u00a0 \u00a0 \u00a0 \u00a0 \u00a0 \u00a0 \u00a0 \u00a0 \u00a0 \u00a0 \u00a0 \u00a0 \u00a0 \u00a0 \u00a0 \u00a0 \u00a0 \u00a0 \u00a0Edital retificado. <a href=\"https:\/\/wp.ufpel.edu.br\/ppgcts\/files\/2023\/09\/Edital-de-retificacao.pdf\">Edital de retifica\u00e7\u00e3o<\/a><\/p>\n<p style=\"text-align: center;\">LISTA DE APROVADOS E SUPLENTES &#8211; Edital N 199\/2023 <a href=\"https:\/\/wp.ufpel.edu.br\/ppgcts\/files\/2023\/10\/199_2023_SEI_UFPel-2406124-Brasil.pdf\">199_2023_SEI_UFPel &#8211; 2406124 &#8211; Brasil<\/a><\/p>\n<p>&nbsp;<\/p>\n<p style=\"text-align: center;\"><strong>Edital 198\/2023 (Sele\u00e7\u00e3o para ingresso em 2023). <a href=\"https:\/\/wp.ufpel.edu.br\/ppgcts\/files\/2023\/09\/SEI_UFPel-2342801-Edital-de-selecao-APROSEMP.pdf\">SEI_UFPel &#8211; 2342801 &#8211; Edital de sele\u00e7\u00e3o APROSEMP<\/a><\/strong><\/p>\n<p>&nbsp;<\/p>\n<p style=\"text-align: center;\">LISTA DE APROVADOS &#8211; <a href=\"https:\/\/wp.ufpel.edu.br\/ppgcts\/files\/2023\/10\/1998_2023_SEI_UFPel-2406178-Paraguai.pdf\">1998_2023_SEI_UFPel &#8211; 2406178 &#8211; Paraguai<\/a><\/p>\n<p>&nbsp;<\/p>\n<p><strong>Edital de sele\u00e7\u00e3o 221-2023 \u2013 Curso de Especializa\u00e7\u00e3o em Sementes \u2013 Conv\u00eanio APROSEMP \u2013 2024-1 <a href=\"https:\/\/wp.ufpel.edu.br\/ppgcts\/files\/2023\/11\/Especializacao-Aprosemp-Paraguai-2024.pdf\">Especializacao-Aprosemp-Paraguai 2024<\/a><\/strong><\/p>\n<p><a href=\"https:\/\/wp.ufpel.edu.br\/ppgcts\/files\/2023\/12\/SEI_UFPel-2480252-Memorando-Retificado.pdf\">SEI_UFPel &#8211; 2480252 &#8211; Memorando Retificado<\/a><\/p>\n<p>&nbsp;<\/p>\n<p>Formul\u00e1rios para a inscri\u00e7\u00e3o:<\/p>\n<p><a href=\"https:\/\/wp.ufpel.edu.br\/ppgcts\/files\/2016\/12\/Plano-de-trabalho.doc\">Plano de trabalho<\/a><\/p>\n<p><a href=\"https:\/\/wp.ufpel.edu.br\/ppgcts\/files\/2016\/12\/FORMUL\u00c1RIO-DE-INSCRI\u00c7\u00c3O.doc\">FORMUL\u00c1RIO DE INSCRI\u00c7\u00c3O<\/a><\/p>\n<p><a href=\"https:\/\/wp.ufpel.edu.br\/ppgcts\/files\/2016\/12\/Declara\u00e7\u00e3o-de-Etnia-edit\u00e1vel-1.docx\">Declara\u00e7\u00e3o-de-Etnia-edit\u00e1vel-1<\/a><\/p>\n<p><a href=\"https:\/\/wp.ufpel.edu.br\/prppg\/files\/2024\/04\/Autodeclaracao-Deficiencia.docx\">Autodeclara\u00e7\u00e3o de Defici\u00eancia<\/a><\/p>\n<h4><strong>Para cadastramento do Curriculum Vitae, segue a p\u00e1gina:<\/strong><\/h4>\n<p>https:\/\/wwws.cnpq.br\/cvlattesweb\/pkg_cv_estr.inicio<\/p>\n<p>&nbsp;<\/p>\n<p style=\"text-align: left;\"><strong>Formul\u00e1rio para Trancamento de Matr\u00edcula<\/strong><\/p>\n<p><a href=\"https:\/\/wp.ufpel.edu.br\/prppg\/files\/2013\/08\/c1addb1153.doc\">Clique Aqui<\/a> para acessar o Formul\u00e1rio. O mesmo deve ser preenchido, assinado e encaminhado para o coordenador do curso.<\/p>\n<p>&nbsp;<\/p>\n<p><strong>Sobre o Curso<\/strong>:<\/p>\n<p>Abaixo a rela\u00e7\u00e3o de disciplinas e respectivos Tutores<\/p>\n<p>&nbsp;<\/p>\n<p><strong>Primeiro encontro: <em>1\u00aa quinzena de dezembro<\/em><\/strong><\/p>\n<p>&nbsp;<\/p>\n<p>Manejo de campos de produ\u00e7\u00e3o de sementes (3 cr\u00e9ditos). <a href=\"http:\/\/lattes.cnpq.br\/0799661863186569\">Prof. Dr. Tiago Ped\u00f3<\/a><\/p>\n<p><a href=\"http:\/\/lattes.cnpq.br\/1071521284494576\">\u00a0 \u00a0 \u00a0 \u00a0 \u00a0 \u00a0 \u00a0 \u00a0 \u00a0 \u00a0 \u00a0 \u00a0 \u00a0 \u00a0 \u00a0 \u00a0 \u00a0 \u00a0 \u00a0 \u00a0 \u00a0 \u00a0 \u00a0 \u00a0 \u00a0 \u00a0 \u00a0 \u00a0 \u00a0 \u00a0 \u00a0 \u00a0 \u00a0 \u00a0 \u00a0 \u00a0 \u00a0 \u00a0 \u00a0 \u00a0 \u00a0 \u00a0 \u00a0 \u00a0 \u00a0 \u00a0 \u00a0 \u00a0 \u00a0 \u00a0 \u00a0 \u00a0 \u00a0 Prof. Dr. Filipe Selau Carlos<\/a><\/p>\n<p><a href=\"http:\/\/lattes.cnpq.br\/4434971630509182\">\u00a0 \u00a0 \u00a0 \u00a0 \u00a0 \u00a0 \u00a0 \u00a0 \u00a0 \u00a0 \u00a0 \u00a0 \u00a0 \u00a0 \u00a0 \u00a0 \u00a0 \u00a0 \u00a0 \u00a0 \u00a0 \u00a0 \u00a0 \u00a0 \u00a0 \u00a0 \u00a0 \u00a0 \u00a0 \u00a0 \u00a0 \u00a0 \u00a0 \u00a0 \u00a0 \u00a0 \u00a0 \u00a0 \u00a0 \u00a0 \u00a0 \u00a0 \u00a0 \u00a0 \u00a0 \u00a0 \u00a0 \u00a0 \u00a0 \u00a0 \u00a0 \u00a0 \u00a0 Prof. Dr. Lu\u00eds Eduardo Panozzo<\/a><\/p>\n<p><a href=\"http:\/\/lattes.cnpq.br\/3679918863955977\">\u00a0 \u00a0 \u00a0 \u00a0 \u00a0 \u00a0 \u00a0 \u00a0 \u00a0 \u00a0 \u00a0 \u00a0 \u00a0 \u00a0 \u00a0 \u00a0 \u00a0 \u00a0 \u00a0 \u00a0 \u00a0 \u00a0 \u00a0 \u00a0 \u00a0 \u00a0 \u00a0 \u00a0 \u00a0 \u00a0 \u00a0 \u00a0 \u00a0 \u00a0 \u00a0 \u00a0 \u00a0 \u00a0 \u00a0 \u00a0 \u00a0 \u00a0 \u00a0 \u00a0 \u00a0 \u00a0 \u00a0 \u00a0 \u00a0 \u00a0 \u00a0 \u00a0 \u00a0 Dr. Elbio Treicha Cardoso<\/a><\/p>\n<p>Normatiza\u00e7\u00e3o e organiza\u00e7\u00e3o do setor de sementes (2 cr\u00e9ditos). <a href=\"http:\/\/lattes.cnpq.br\/2101024459304429\">Profa. Dra.\u00a0Andr\u00e9ia da Silva Almeida<\/a><\/p>\n<p>Bases reprodutivas e fisiol\u00f3gicas da qualidade de sementes (3 cr\u00e9ditos). <a href=\"http:\/\/lattes.cnpq.br\/3499020467982627\">Prof. Dr. Tiago Zanatta Aumonde<\/a><\/p>\n<p>Princ\u00edpios de fisiologia de sementes (3 cr\u00e9ditos). <a href=\"http:\/\/lattes.cnpq.br\/3499020467982627\">Prof. Dr. Tiago Zanatta Aumonde<\/a><\/p>\n<p>Qualidade sanit\u00e1ria e tratamento de sementes (3 cr\u00e9ditos). <a href=\"http:\/\/lattes.cnpq.br\/2101024459304429\">Profa. Dra.\u00a0Andr\u00e9ia da Silva Almeida<\/a><\/p>\n<p><a href=\"http:\/\/lattes.cnpq.br\/6537731202410960\">\u00a0 \u00a0 \u00a0 \u00a0 \u00a0 \u00a0 \u00a0 \u00a0 \u00a0 \u00a0 \u00a0 \u00a0 \u00a0 \u00a0 \u00a0 \u00a0 \u00a0 \u00a0 \u00a0 \u00a0 \u00a0 \u00a0 \u00a0 \u00a0 \u00a0 \u00a0 \u00a0 \u00a0 \u00a0 \u00a0 \u00a0 \u00a0 \u00a0 \u00a0 \u00a0 \u00a0 \u00a0 \u00a0 \u00a0 \u00a0 \u00a0 \u00a0 \u00a0 \u00a0 \u00a0 \u00a0 \u00a0 \u00a0 \u00a0 \u00a0 \u00a0 \u00a0 \u00a0 \u00a0 Profa Dra. C\u00e2ndida R. Jacobsen de Farias<\/a><\/p>\n<p>Controle de qualidade de sementes (3 cr\u00e9ditos). <a href=\"http:\/\/lattes.cnpq.br\/5669903819418658\">Profa. Dra. Lilian Vanussa Madruga de Tunes<\/a><\/p>\n<p>Sementes de esp\u00e9cies forrageiras (2 cr\u00e9ditos). <a href=\"http:\/\/lattes.cnpq.br\/9016260141552163\">Prof. Dr. Carlos Eduardo Da Silva Pedroso<\/a><\/p>\n<p>&nbsp;<\/p>\n<p><strong>Segundo encontro: <em>2\u00aa quinzena de junho<\/em><\/strong><\/p>\n<p>&nbsp;<\/p>\n<p>Secagem de sementes (3 cr\u00e9ditos). <a href=\"http:\/\/lattes.cnpq.br\/4110765012494684\">Profa. Dra. Gizele Ingrid Gadotti<\/a><\/p>\n<p>Acondicionamento de sementes (3 cr\u00e9ditos). <a href=\"http:\/\/lattes.cnpq.br\/4434971630509182\">Prof. Dr. Lu\u00eds Eduardo Panozzo<\/a><\/p>\n<p>Armazenamento de sementes (2 cr\u00e9ditos). <a href=\"http:\/\/lattes.cnpq.br\/6923504145358889\">Prof. Dr. Francisco Amaral Villela<\/a><\/p>\n<p>Propaga\u00e7\u00e3o de esp\u00e9cies frut\u00edferas (2 cr\u00e9ditos). <a href=\"http:\/\/lattes.cnpq.br\/8237697446523422\">Prof. Dr. Mateus da Silveira Pasa<\/a><\/p>\n<p>Princ\u00edpios da fisiologia dos cultivos (3 cr\u00e9ditos). <a href=\"http:\/\/lattes.cnpq.br\/0799661863186569\">Prof. Dr. Tiago Ped\u00f3<\/a><\/p>\n<p>Gest\u00e3o de sistemas e processos na produ\u00e7\u00e3o de sementes (2 cr\u00e9ditos). <a href=\"http:\/\/lattes.cnpq.br\/5669903819418658\">Profa. Dra. Lilian Vanussa Madruga de Tunes<\/a><\/p>\n<p><strong>Defesas de monografias \u2013 Todos os Professores<\/strong><\/p>\n<p>&nbsp;<\/p>\n<p>&nbsp;<\/p>\n","protected":false},"excerpt":{"rendered":"<p>EDITAL N\u00ba 239\/2025 (Paraguai) &#8211; EDITAL N\u00ba 239 &#8211; 2025-APROSEMP SELE\u00c7\u00c3O DE ALUNO REGULAR CONV\u00caNIO APROSEMP (1\/2026) &nbsp; Mais informa\u00e7\u00f5es pelo e-mail: especializacao.sementes@gmail.com &nbsp; 2024: Edital 141\/2024 &#8211;\u00a0Sele\u00e7\u00e3o de Aluno Regular 2024\/2 Inscri\u00e7\u00f5es:\u00a008 de agosto at\u00e9 30 de agosto de 2024 Vagas:\u00a024 vagas Resultado final (retificado):\u00a030 de setembro de 2024 Mais informa\u00e7\u00f5es pelo e-mail: especializacao.sementes@gmail.com<a class=\"more-link\" href=\"https:\/\/wp.ufpel.edu.br\/ppgcts\/especializacao\/\">Continue reading <span class=\"screen-reader-text\">&#8220;Especializa\u00e7\u00e3o&#8221;<\/span><\/a><\/p>\n","protected":false},"author":376,"featured_media":0,"parent":0,"menu_order":0,"comment_status":"closed","ping_status":"closed","template":"","meta":{"footnotes":""},"class_list":["post-15","page","type-page","status-publish","hentry"],"_links":{"self":[{"href":"https:\/\/wp.ufpel.edu.br\/ppgcts\/wp-json\/wp\/v2\/pages\/15","targetHints":{"allow":["GET"]}}],"collection":[{"href":"https:\/\/wp.ufpel.edu.br\/ppgcts\/wp-json\/wp\/v2\/pages"}],"about":[{"href":"https:\/\/wp.ufpel.edu.br\/ppgcts\/wp-json\/wp\/v2\/types\/page"}],"author":[{"embeddable":true,"href":"https:\/\/wp.ufpel.edu.br\/ppgcts\/wp-json\/wp\/v2\/users\/376"}],"replies":[{"embeddable":true,"href":"https:\/\/wp.ufpel.edu.br\/ppgcts\/wp-json\/wp\/v2\/comments?post=15"}],"version-history":[{"count":4,"href":"https:\/\/wp.ufpel.edu.br\/ppgcts\/wp-json\/wp\/v2\/pages\/15\/revisions"}],"predecessor-version":[{"id":1724,"href":"https:\/\/wp.ufpel.edu.br\/ppgcts\/wp-json\/wp\/v2\/pages\/15\/revisions\/1724"}],"wp:attachment":[{"href":"https:\/\/wp.ufpel.edu.br\/ppgcts\/wp-json\/wp\/v2\/media?parent=15"}],"curies":[{"name":"wp","href":"https:\/\/api.w.org\/{rel}","templated":true}]}}