{"id":1403,"date":"2024-06-12T10:14:44","date_gmt":"2024-06-12T13:14:44","guid":{"rendered":"https:\/\/wp.ufpel.edu.br\/ppgcts\/?page_id=1403"},"modified":"2025-04-30T15:48:24","modified_gmt":"2025-04-30T18:48:24","slug":"tecn-desenvolvidas","status":"publish","type":"page","link":"https:\/\/wp.ufpel.edu.br\/ppgcts\/tecn-desenvolvidas\/","title":{"rendered":"Tecnologias Desenvolvidas"},"content":{"rendered":"<h3><strong>Etilometro sem fluxo de g\u00e1s cont\u00ednuo<\/strong><\/h3>\n<p><img loading=\"lazy\" decoding=\"async\" class=\"alignnone size-full wp-image-1591\" src=\"https:\/\/wp.ufpel.edu.br\/ppgcts\/files\/2025\/03\/etilometro.png\" alt=\"\" width=\"890\" height=\"968\" srcset=\"https:\/\/wp.ufpel.edu.br\/ppgcts\/files\/2025\/03\/etilometro.png 890w, https:\/\/wp.ufpel.edu.br\/ppgcts\/files\/2025\/03\/etilometro-368x400.png 368w, https:\/\/wp.ufpel.edu.br\/ppgcts\/files\/2025\/03\/etilometro-768x835.png 768w\" sizes=\"auto, (max-width: 890px) 100vw, 890px\" \/><\/p>\n<p>&nbsp;<\/p>\n<p>CAVALCANTE, J. A. ; Silva, A.H.M. ; Araujo, A.S. ; GADOTTI, G. I. ; REOLON, F. . Etilometro sem fluxo de g\u00e1s cont\u00ednuo. 2019, Brasil.<\/p>\n<p>Patente: Privil\u00e9gio de Inova\u00e7\u00e3o. N\u00famero do registro: BR1020190032421, t\u00edtulo: &#8220;Etilometro sem fluxo de g\u00e1s cont\u00ednuo&#8221; , Institui\u00e7\u00e3o de registro: INPI &#8211; Instituto Nacional da Propriedade Industrial. Dep\u00f3sito: 18\/02\/2019<\/p>\n<p>&nbsp;<\/p>\n<p>O teste do etanol \u00e9 um m\u00e9todo utilizado para avaliar a qualidade de sementes, por\u00e9m, este teste limita-se \u00e0 metodologias pass\u00edveis de contesta\u00e7\u00e3o, j\u00e1 que utiliza-se de aferi\u00e7\u00f5es a partir de equipamentos adaptados. Assim, a presente inven\u00e7\u00e3o refere-se a um etil\u00f4metro de baixo custo para sementes. Para o in\u00edcio do desenvolvimento do equipamento de medi\u00e7\u00e3o do etanol, foi adquirido um Kit PIC Intermediate, al\u00e9m de um sensor MQ-3 Datasheet, e microntrolador ATmega 328p, acompanhado de uma s\u00e9rie de componentes eletr\u00f4nicos para o desenvolvimento de um circuito base, capaz de medir as varia\u00e7\u00f5es de resist\u00eancia.<\/p>\n<p>Os dados gerados ser\u00e3o armazenados em um microcontrolador, sendo este conectado a um display para que seja poss\u00edvel visualizar os resultados. O sistema como um todo ser\u00e1 ligado a uma corrente el\u00e9trica para garantir autonomia ao sistema durante sua utiliza\u00e7\u00e3o. As sementes permaneceram em um frasco na qual ser\u00e1 retirado uma quantidade de ar conhecida que ser\u00e1 colocado em outro frasco contendo o sensor, ap\u00f3s o ar em contato com o sensor, ter-se-\u00e1 a leitura da quantidade de etanol presente, sendo assim, poss\u00edvel verificar o estado qualitativo da semente atrav\u00e9s da quantidade de etanol liberado pela semente em anaerobiose.<\/p>\n<p>&nbsp;<\/p>\n<h3>Equipamento para avaliar a respira\u00e7\u00e3o como teste de vigor em sementes<\/h3>\n<p><img loading=\"lazy\" decoding=\"async\" class=\"alignnone size-full wp-image-1592\" src=\"https:\/\/wp.ufpel.edu.br\/ppgcts\/files\/2025\/03\/sadfsadfsadfsa.png\" alt=\"\" width=\"892\" height=\"1051\" srcset=\"https:\/\/wp.ufpel.edu.br\/ppgcts\/files\/2025\/03\/sadfsadfsadfsa.png 892w, https:\/\/wp.ufpel.edu.br\/ppgcts\/files\/2025\/03\/sadfsadfsadfsa-339x400.png 339w, https:\/\/wp.ufpel.edu.br\/ppgcts\/files\/2025\/03\/sadfsadfsadfsa-869x1024.png 869w, https:\/\/wp.ufpel.edu.br\/ppgcts\/files\/2025\/03\/sadfsadfsadfsa-768x905.png 768w\" sizes=\"auto, (max-width: 892px) 100vw, 892px\" \/><\/p>\n<p>&nbsp;<\/p>\n<p>SILVA, J. G. ; Silva, A.H.M. ; CAVALCANTE, J. A. ; GADOTTI, G. I. . Equipamento para avaliar a respira\u00e7\u00e3o como teste de vigor em sementes. 2019, Brasil.<\/p>\n<p>Patente: Privil\u00e9gio de Inova\u00e7\u00e3o. N\u00famero do registro: BR1020190235349, t\u00edtulo: &#8220;EQUIPAMENTO PARA AVALIAR A RESPIRA\u00c7\u00c3O COMO TESTE DE VIGOR EM SEMENTES&#8221; , Institui\u00e7\u00e3o de registro: INPI &#8211; Instituto Nacional da Propriedade Industrial. Dep\u00f3sito: 08\/11\/2019Institui\u00e7\u00e3o(\u00f5es) financiadora(s): FAPERGS; CNPq<\/p>\n<p>&nbsp;<\/p>\n<p>O teste de CO2 \u00e9 um m\u00e9todo utilizado para avaliar a respira\u00e7\u00e3o de sementes e, consequente, deteriora\u00e7\u00e3o. Nesse sentido, torna-se essencial o desenvolvimento de um equipamento espec\u00edfico, visando uma determina\u00e7\u00e3o r\u00e1pida e eficiente do vigor das sementes. Assim, a presente inven\u00e7\u00e3o refere-se a um sensor de CO2 de baixo custo, produzido com materiais acess\u00edveis. Para o desenvolvimento do equipamento foi adquirido um Kit Arduino, acompanhado de uma s\u00e9rie de componentes eletr\u00f4nicos, bem como um sensor de CO2 capaz de medir as varia\u00e7\u00f5es de resist\u00eancia (CO2 circundante) que, integrado a um conversor anal\u00f3gico, converter\u00e1 as varia\u00e7\u00f5es de resist\u00eancia em varia\u00e7\u00f5es de tens\u00e3o.<\/p>\n<p>Os dados gerados s\u00e3o armazenados no microcontrolador, sendo este conectado a um display onde ser\u00e3o exibidos os resultados. O sistema como um todo ser\u00e1 ligado a uma corrente el\u00e9trica para garantir autonomia ao sistema. As sementes permaneceram em um frasco, juntamente com o sensor de CO2. O CO2 liberado pela respira\u00e7\u00e3o das sementes poder\u00e1 ser quantificado pelo sensor, assim, sendo poss\u00edvel verificar o estado qualitativo\u00a0da\u00a0semente.<\/p>\n","protected":false},"excerpt":{"rendered":"<p>Etilometro sem fluxo de g\u00e1s cont\u00ednuo &nbsp; CAVALCANTE, J. A. ; Silva, A.H.M. ; Araujo, A.S. ; GADOTTI, G. I. ; REOLON, F. . Etilometro sem fluxo de g\u00e1s cont\u00ednuo. 2019, Brasil. Patente: Privil\u00e9gio de Inova\u00e7\u00e3o. N\u00famero do registro: BR1020190032421, t\u00edtulo: &#8220;Etilometro sem fluxo de g\u00e1s cont\u00ednuo&#8221; , Institui\u00e7\u00e3o de registro: INPI &#8211; Instituto Nacional<a class=\"more-link\" href=\"https:\/\/wp.ufpel.edu.br\/ppgcts\/tecn-desenvolvidas\/\">Continue reading <span class=\"screen-reader-text\">&#8220;Tecnologias Desenvolvidas&#8221;<\/span><\/a><\/p>\n","protected":false},"author":1269,"featured_media":0,"parent":0,"menu_order":0,"comment_status":"closed","ping_status":"closed","template":"","meta":{"footnotes":""},"class_list":["post-1403","page","type-page","status-publish","hentry"],"_links":{"self":[{"href":"https:\/\/wp.ufpel.edu.br\/ppgcts\/wp-json\/wp\/v2\/pages\/1403","targetHints":{"allow":["GET"]}}],"collection":[{"href":"https:\/\/wp.ufpel.edu.br\/ppgcts\/wp-json\/wp\/v2\/pages"}],"about":[{"href":"https:\/\/wp.ufpel.edu.br\/ppgcts\/wp-json\/wp\/v2\/types\/page"}],"author":[{"embeddable":true,"href":"https:\/\/wp.ufpel.edu.br\/ppgcts\/wp-json\/wp\/v2\/users\/1269"}],"replies":[{"embeddable":true,"href":"https:\/\/wp.ufpel.edu.br\/ppgcts\/wp-json\/wp\/v2\/comments?post=1403"}],"version-history":[{"count":5,"href":"https:\/\/wp.ufpel.edu.br\/ppgcts\/wp-json\/wp\/v2\/pages\/1403\/revisions"}],"predecessor-version":[{"id":1650,"href":"https:\/\/wp.ufpel.edu.br\/ppgcts\/wp-json\/wp\/v2\/pages\/1403\/revisions\/1650"}],"wp:attachment":[{"href":"https:\/\/wp.ufpel.edu.br\/ppgcts\/wp-json\/wp\/v2\/media?parent=1403"}],"curies":[{"name":"wp","href":"https:\/\/api.w.org\/{rel}","templated":true}]}}