{"id":797,"date":"2016-07-09T23:03:26","date_gmt":"2016-07-10T02:03:26","guid":{"rendered":"https:\/\/wp.ufpel.edu.br\/ppgcienciapolitica\/?page_id=797"},"modified":"2026-04-07T22:51:07","modified_gmt":"2026-04-08T01:51:07","slug":"o-ppgcpol","status":"publish","type":"page","link":"https:\/\/wp.ufpel.edu.br\/ppgcienciapolitica\/apresentacao\/o-ppgcpol\/","title":{"rendered":"O PPGCPol"},"content":{"rendered":"<p><a href=\"https:\/\/wp.ufpel.edu.br\/ppgcienciapolitica\/files\/2026\/04\/logo-PPGCPOl-somente.png\"><img class=\"size-full wp-image-5313 aligncenter\" src=\"https:\/\/wp.ufpel.edu.br\/ppgcienciapolitica\/files\/2026\/04\/logo-PPGCPOl-somente.png\" alt=\"\" width=\"321\" height=\"152\" \/><\/a><\/p>\n<p>&nbsp;<\/p>\n<p style=\"text-align: left;\">O Programa de P\u00f3s-Gradua\u00e7\u00e3o em Ci\u00eancia Pol\u00edtica da Universidade Federal de Pelotas foi primeiramente fundado na significativa presen\u00e7a da \u00e1rea de Ci\u00eancia Pol\u00edtica nos cursos que constituem o Instituto de Filosofia, Sociologia e Pol\u00edtica. Tem sua principal origem institucional no curso de Especializa\u00e7\u00e3o em Ci\u00eancia Pol\u00edtica criado em 1985 &#8211; e que, ao longo dos seus 25 anos de exist\u00eancia, formou cerca de 200 alunos. Esse curso de especializa\u00e7\u00e3o foi o embri\u00e3o do curso de Gradua\u00e7\u00e3o Bacharelado em Ci\u00eancias Sociais formado em 1991, ao qual foi acrescentado o curso de Licenciatura em Ci\u00eancias Sociais em 1994. Em 2006, esse esfor\u00e7o conjunto redundou na implementa\u00e7\u00e3o do curso de Mestrado em Ci\u00eancias Sociais, vinculado ao Comit\u00ea de Sociologia\/CAPES, contemplando entre suas quatro linhas de pesquisas, uma espec\u00edfica para a \u00c1rea de Ci\u00eancia Pol\u00edtica, denominada \u201cCidade, Estado e Esfera P\u00fablica\u201d.<\/p>\n<p style=\"text-align: left;\">O Programa de P\u00f3s-Gradua\u00e7\u00e3o em Ci\u00eancia Pol\u00edtica (PPGCPol) da Universidade Federal de Pelotas teve seu funcionamento recomendado pela CAPES em 2010. Suas atividades foram iniciadas em mar\u00e7o de 2011, sendo a primeira turma de Mestrado formada por 13 alunos. Em 2015, o PPGCPol obteve recomenda\u00e7\u00e3o da CAPES para o funcionamento do curso de Doutorado, cuja primeira turma iniciou as atividades com cinco alunos em 2016. Assim, o PPGCPol resulta no esfor\u00e7o de fortalecimento da \u00c1rea de Ci\u00eancia Pol\u00edtica e Rela\u00e7\u00f5es Internacionais no \u00e2mbito da Universidade e da regi\u00e3o sul do Rio Grande do Sul. Em 2021, o programa completou dez anos de exist\u00eancia.<\/p>\n<p style=\"text-align: left;\">O PPGCPol prima pela forma\u00e7\u00e3o rigorosa e qualificada do seu corpo discente, sempre tendo como perspectiva o engajamento e a dedica\u00e7\u00e3o dos estudantes \u00e0s atividades dos cursos. Neste sentido, tal pol\u00edtica tem privilegiado a s\u00f3lida forma\u00e7\u00e3o de recursos humanos com voca\u00e7\u00e3o acad\u00eamica.<\/p>\n<p style=\"text-align: left;\">O PPGCPol possui a \u00c1rea de Concentra\u00e7\u00e3o \u201cDemocracia e Pol\u00edtica Contempor\u00e2nea\u201d e tr\u00eas linhas de pesquisa: \u201cInstitui\u00e7\u00f5es e Processos Pol\u00edticos\u201d, \u201cDin\u00e2micas Pol\u00edticas e Conflitos Sociais\u201d e \u201cTeoria Pol\u00edtica e Teoria Social Contempor\u00e2neas\u201d.<\/p>\n<p style=\"text-align: left;\">O PPGCPol\/UFPel recebeu Nota 5 nas Avalia\u00e7\u00f5es Quadrienais da CAPES referentes aos per\u00edodos de 2017\u20132020 e 2021\u20132024, consolidando-se entre os 10 programas de p\u00f3s-gradua\u00e7\u00e3o em Ci\u00eancia Pol\u00edtica mais qualificados do pa\u00eds.<\/p>\n<p>&nbsp;<\/p>\n<p><a href=\"https:\/\/wp.ufpel.edu.br\/ppgcienciapolitica\/files\/2026\/04\/LogoPPGCPOL-2.jpg\"><img class=\" wp-image-5312 aligncenter\" src=\"https:\/\/wp.ufpel.edu.br\/ppgcienciapolitica\/files\/2026\/04\/LogoPPGCPOL-2-400x169.jpg\" alt=\"\" width=\"331\" height=\"140\" srcset=\"https:\/\/wp.ufpel.edu.br\/ppgcienciapolitica\/files\/2026\/04\/LogoPPGCPOL-2-400x169.jpg 400w, https:\/\/wp.ufpel.edu.br\/ppgcienciapolitica\/files\/2026\/04\/LogoPPGCPOL-2.jpg 500w\" sizes=\"(max-width: 331px) 100vw, 331px\" \/><\/a><\/p>\n","protected":false},"excerpt":{"rendered":"<p>&nbsp; O Programa de P\u00f3s-Gradua\u00e7\u00e3o em Ci\u00eancia Pol\u00edtica da Universidade Federal de Pelotas foi primeiramente fundado na significativa presen\u00e7a da \u00e1rea de Ci\u00eancia Pol\u00edtica nos cursos que constituem o Instituto de Filosofia, Sociologia e Pol\u00edtica. Tem sua principal origem institucional no curso de Especializa\u00e7\u00e3o em Ci\u00eancia Pol\u00edtica criado em 1985 &#8211; e que, ao longo [&hellip;]<\/p>\n","protected":false},"author":555,"featured_media":207,"parent":55,"menu_order":0,"comment_status":"closed","ping_status":"closed","template":"","meta":{"footnotes":""},"class_list":["post-797","page","type-page","status-publish","has-post-thumbnail","hentry"],"jetpack_sharing_enabled":true,"_links":{"self":[{"href":"https:\/\/wp.ufpel.edu.br\/ppgcienciapolitica\/wp-json\/wp\/v2\/pages\/797","targetHints":{"allow":["GET"]}}],"collection":[{"href":"https:\/\/wp.ufpel.edu.br\/ppgcienciapolitica\/wp-json\/wp\/v2\/pages"}],"about":[{"href":"https:\/\/wp.ufpel.edu.br\/ppgcienciapolitica\/wp-json\/wp\/v2\/types\/page"}],"author":[{"embeddable":true,"href":"https:\/\/wp.ufpel.edu.br\/ppgcienciapolitica\/wp-json\/wp\/v2\/users\/555"}],"replies":[{"embeddable":true,"href":"https:\/\/wp.ufpel.edu.br\/ppgcienciapolitica\/wp-json\/wp\/v2\/comments?post=797"}],"version-history":[{"count":3,"href":"https:\/\/wp.ufpel.edu.br\/ppgcienciapolitica\/wp-json\/wp\/v2\/pages\/797\/revisions"}],"predecessor-version":[{"id":5350,"href":"https:\/\/wp.ufpel.edu.br\/ppgcienciapolitica\/wp-json\/wp\/v2\/pages\/797\/revisions\/5350"}],"up":[{"embeddable":true,"href":"https:\/\/wp.ufpel.edu.br\/ppgcienciapolitica\/wp-json\/wp\/v2\/pages\/55"}],"wp:featuredmedia":[{"embeddable":true,"href":"https:\/\/wp.ufpel.edu.br\/ppgcienciapolitica\/wp-json\/wp\/v2\/media\/207"}],"wp:attachment":[{"href":"https:\/\/wp.ufpel.edu.br\/ppgcienciapolitica\/wp-json\/wp\/v2\/media?parent=797"}],"curies":[{"name":"wp","href":"https:\/\/api.w.org\/{rel}","templated":true}]}}