{"id":794,"date":"2016-07-09T22:58:05","date_gmt":"2016-07-10T01:58:05","guid":{"rendered":"https:\/\/wp.ufpel.edu.br\/ppgcienciapolitica\/?page_id=794"},"modified":"2025-10-08T14:54:10","modified_gmt":"2025-10-08T17:54:10","slug":"colegiado","status":"publish","type":"page","link":"https:\/\/wp.ufpel.edu.br\/ppgcienciapolitica\/apresentacao\/colegiado\/","title":{"rendered":"Colegiado"},"content":{"rendered":"<p><strong><span style=\"color: #800000;\">Composi\u00e7\u00e3o do Colegiado do PPGCPol<\/span><\/strong><\/p>\n<p>O Colegiado do PPGCPol \u00e9 formado por todos\/as os\/as seus\/suas docentes permanentes e pela representa\u00e7\u00e3o discente.<\/p>\n<p><strong>Representantes Discentes:<\/strong><\/p>\n<p>Mestrado (<span class=\"Apple-style-span\">mandato de novembro de 2024 a novembro de 2025)<\/span>:<br \/>\nLaura Costa (<span class=\"Apple-style-span\">titular)<\/span><br \/>\nJo\u00e3o Yerab (<span class=\"Apple-style-span\">suplente)<\/span><\/p>\n<p>Doutorado (<span class=\"Apple-style-span\">mandato de novembro de 2024 a novembro de 2025)<\/span><br \/>\n<span class=\"Apple-style-span\">Titular Doutorado: J\u00e9ssica Seabra de Oliveira Alves<\/span><span class=\"Apple-style-span\">\u00a0<\/span><br \/>\n<span class=\"Apple-style-span\">Suplente Doutorado: Mariele Cunha Rocha<\/span><\/p>\n","protected":false},"excerpt":{"rendered":"<p>Composi\u00e7\u00e3o do Colegiado do PPGCPol O Colegiado do PPGCPol \u00e9 formado por todos\/as os\/as seus\/suas docentes permanentes e pela representa\u00e7\u00e3o discente. Representantes Discentes: Mestrado (mandato de novembro de 2024 a novembro de 2025): Laura Costa (titular) Jo\u00e3o Yerab (suplente) Doutorado (mandato de novembro de 2024 a novembro de 2025) Titular Doutorado: J\u00e9ssica Seabra de Oliveira [&hellip;]<\/p>\n","protected":false},"author":555,"featured_media":0,"parent":55,"menu_order":0,"comment_status":"closed","ping_status":"closed","template":"","meta":{"footnotes":""},"class_list":["post-794","page","type-page","status-publish","hentry"],"jetpack_sharing_enabled":true,"_links":{"self":[{"href":"https:\/\/wp.ufpel.edu.br\/ppgcienciapolitica\/wp-json\/wp\/v2\/pages\/794","targetHints":{"allow":["GET"]}}],"collection":[{"href":"https:\/\/wp.ufpel.edu.br\/ppgcienciapolitica\/wp-json\/wp\/v2\/pages"}],"about":[{"href":"https:\/\/wp.ufpel.edu.br\/ppgcienciapolitica\/wp-json\/wp\/v2\/types\/page"}],"author":[{"embeddable":true,"href":"https:\/\/wp.ufpel.edu.br\/ppgcienciapolitica\/wp-json\/wp\/v2\/users\/555"}],"replies":[{"embeddable":true,"href":"https:\/\/wp.ufpel.edu.br\/ppgcienciapolitica\/wp-json\/wp\/v2\/comments?post=794"}],"version-history":[{"count":3,"href":"https:\/\/wp.ufpel.edu.br\/ppgcienciapolitica\/wp-json\/wp\/v2\/pages\/794\/revisions"}],"predecessor-version":[{"id":5134,"href":"https:\/\/wp.ufpel.edu.br\/ppgcienciapolitica\/wp-json\/wp\/v2\/pages\/794\/revisions\/5134"}],"up":[{"embeddable":true,"href":"https:\/\/wp.ufpel.edu.br\/ppgcienciapolitica\/wp-json\/wp\/v2\/pages\/55"}],"wp:attachment":[{"href":"https:\/\/wp.ufpel.edu.br\/ppgcienciapolitica\/wp-json\/wp\/v2\/media?parent=794"}],"curies":[{"name":"wp","href":"https:\/\/api.w.org\/{rel}","templated":true}]}}