{"id":791,"date":"2016-07-09T22:45:23","date_gmt":"2016-07-10T01:45:23","guid":{"rendered":"https:\/\/wp.ufpel.edu.br\/ppgcienciapolitica\/?page_id=791"},"modified":"2026-04-01T19:18:51","modified_gmt":"2026-04-01T22:18:51","slug":"comissao-coordenadora","status":"publish","type":"page","link":"https:\/\/wp.ufpel.edu.br\/ppgcienciapolitica\/apresentacao\/comissao-coordenadora\/","title":{"rendered":"Coordena\u00e7\u00e3o"},"content":{"rendered":"<p><span style=\"color: #800000;\"><strong>Coordena\u00e7\u00f5es do PPGCPol<\/strong><\/span><\/p>\n<p>&nbsp;<\/p>\n<table style=\"height: 454px;\">\n<tbody>\n<tr style=\"height: 54px;\">\n<td style=\"text-align: center; height: 54px;\" width=\"214\"><strong>Coordenador(a)<\/strong><\/td>\n<td style=\"text-align: center; height: 54px;\" width=\"233\"><strong>Coordenador(a) Adjunto(a)<\/strong><\/td>\n<td style=\"text-align: center; height: 54px;\" width=\"112\"><strong>Per\u00edodo<\/strong><\/td>\n<\/tr>\n<tr style=\"height: 54px;\">\n<td style=\"text-align: center; height: 54px;\" width=\"214\">Etiene Villela Marroni<\/td>\n<td style=\"text-align: center; height: 54px;\" width=\"233\">Alvaro Barreto<\/td>\n<td style=\"height: 54px; text-align: center;\" width=\"112\">2026-2028<\/td>\n<\/tr>\n<tr style=\"height: 54px;\">\n<td style=\"text-align: center; height: 54px;\" width=\"214\">William Daldegan<\/td>\n<td style=\"text-align: center; height: 54px;\" width=\"233\">Bianca Linhares<\/td>\n<td style=\"height: 54px; text-align: center;\" width=\"112\">2023-2025<\/td>\n<\/tr>\n<tr style=\"height: 54px;\">\n<td style=\"text-align: center; height: 54px;\" width=\"214\">Luciana Ballestrin<\/td>\n<td style=\"text-align: center; height: 54px;\" width=\"233\">William Daldegan<\/td>\n<td style=\"height: 54px; text-align: center;\" width=\"112\">2021-2023<\/td>\n<\/tr>\n<tr style=\"height: 54px;\">\n<td style=\"text-align: center; height: 54px;\" width=\"214\">Carlos Artur Gallo<\/td>\n<td style=\"text-align: center; height: 54px;\" width=\"233\">Alvaro Barreto<\/td>\n<td style=\"height: 54px; text-align: center;\" width=\"112\">2019-2021<\/td>\n<\/tr>\n<tr style=\"height: 54px;\">\n<td style=\"text-align: center; height: 54px;\" width=\"214\">Bianca Linhares<\/td>\n<td style=\"text-align: center; height: 54px;\" width=\"233\">Carlos Artur Gallo<\/td>\n<td style=\"height: 54px; text-align: center;\" width=\"112\">2017-2019<\/td>\n<\/tr>\n<tr style=\"height: 54px;\">\n<td style=\"text-align: center; height: 54px;\" width=\"214\">Rosangela Schulz<\/td>\n<td style=\"text-align: center; height: 54px;\" width=\"233\">Bianca Linhares<\/td>\n<td style=\"height: 54px; text-align: center;\" width=\"112\">2015-2017<\/td>\n<\/tr>\n<tr style=\"height: 76px;\">\n<td style=\"text-align: center; height: 76px;\" width=\"214\">Daniel de Mendon\u00e7a<\/td>\n<td style=\"text-align: center; height: 76px;\" width=\"233\">Rosangela Schulz<\/td>\n<td style=\"height: 76px; text-align: center;\" width=\"112\">2011-2013<br \/>\n2013-2015<\/td>\n<\/tr>\n<\/tbody>\n<\/table>\n<p>&nbsp;<\/p>\n<p>&nbsp;<\/p>\n","protected":false},"excerpt":{"rendered":"<p>Coordena\u00e7\u00f5es do PPGCPol &nbsp; Coordenador(a) Coordenador(a) Adjunto(a) Per\u00edodo Etiene Villela Marroni Alvaro Barreto 2026-2028 William Daldegan Bianca Linhares 2023-2025 Luciana Ballestrin William Daldegan 2021-2023 Carlos Artur Gallo Alvaro Barreto 2019-2021 Bianca Linhares Carlos Artur Gallo 2017-2019 Rosangela Schulz Bianca Linhares 2015-2017 Daniel de Mendon\u00e7a Rosangela Schulz 2011-2013 2013-2015 &nbsp; &nbsp;<\/p>\n","protected":false},"author":555,"featured_media":0,"parent":55,"menu_order":0,"comment_status":"closed","ping_status":"closed","template":"","meta":{"footnotes":""},"class_list":["post-791","page","type-page","status-publish","hentry"],"jetpack_sharing_enabled":true,"_links":{"self":[{"href":"https:\/\/wp.ufpel.edu.br\/ppgcienciapolitica\/wp-json\/wp\/v2\/pages\/791","targetHints":{"allow":["GET"]}}],"collection":[{"href":"https:\/\/wp.ufpel.edu.br\/ppgcienciapolitica\/wp-json\/wp\/v2\/pages"}],"about":[{"href":"https:\/\/wp.ufpel.edu.br\/ppgcienciapolitica\/wp-json\/wp\/v2\/types\/page"}],"author":[{"embeddable":true,"href":"https:\/\/wp.ufpel.edu.br\/ppgcienciapolitica\/wp-json\/wp\/v2\/users\/555"}],"replies":[{"embeddable":true,"href":"https:\/\/wp.ufpel.edu.br\/ppgcienciapolitica\/wp-json\/wp\/v2\/comments?post=791"}],"version-history":[{"count":3,"href":"https:\/\/wp.ufpel.edu.br\/ppgcienciapolitica\/wp-json\/wp\/v2\/pages\/791\/revisions"}],"predecessor-version":[{"id":5315,"href":"https:\/\/wp.ufpel.edu.br\/ppgcienciapolitica\/wp-json\/wp\/v2\/pages\/791\/revisions\/5315"}],"up":[{"embeddable":true,"href":"https:\/\/wp.ufpel.edu.br\/ppgcienciapolitica\/wp-json\/wp\/v2\/pages\/55"}],"wp:attachment":[{"href":"https:\/\/wp.ufpel.edu.br\/ppgcienciapolitica\/wp-json\/wp\/v2\/media?parent=791"}],"curies":[{"name":"wp","href":"https:\/\/api.w.org\/{rel}","templated":true}]}}