{"id":742,"date":"2016-07-02T19:50:18","date_gmt":"2016-07-02T22:50:18","guid":{"rendered":"https:\/\/wp.ufpel.edu.br\/ppgcienciapolitica\/?page_id=742"},"modified":"2023-03-20T17:22:05","modified_gmt":"2023-03-20T20:22:05","slug":"disciplinas-obrigatorias","status":"publish","type":"page","link":"https:\/\/wp.ufpel.edu.br\/ppgcienciapolitica\/disciplinas\/doutorado\/disciplinas-obrigatorias\/","title":{"rendered":"Disciplinas Obrigat\u00f3rias"},"content":{"rendered":"<p><strong><span style=\"color: #800000;\">Teoria Pol\u00edtica<\/span><\/strong><\/p>\n<p><strong>Ementa:<\/strong> Ao partir da ideia de que a Teoria Pol\u00edtica possui diferentes defini\u00e7\u00f5es e apropria\u00e7\u00f5es pela disciplina da Ci\u00eancia Pol\u00edtica, o curso analisa os fundamentos ontol\u00f3gicos, epistemol\u00f3gicos e metodol\u00f3gicos que orientam a Teoria Pol\u00edtica, sobretudo, em suas vers\u00f5es contempor\u00e2neas. Do ponto de vista disciplinar da Ci\u00eancia Pol\u00edtica, a Teoria Pol\u00edtica \u00e9 disputada por diferentes enfoques \u2013 sejam eles emp\u00edrico-explicativo, hist\u00f3rico-conceitual ou normativo-filos\u00f3fico. Desta forma, o curso busca promover: a) o debate acerca do pr\u00f3prio status (sub)disciplinar da Teoria Pol\u00edtica e seus di\u00e1logos com outras \u00e1reas do conhecimento e b) o aprofundamento em determinadas correntes te\u00f3ricas, tradi\u00e7\u00f5es hist\u00f3rico-conceituais e\/ou temas relevantes para a teoriza\u00e7\u00e3o dos fen\u00f4menos e processos pol\u00edticos.<\/p>\n<p><strong><span style=\"color: #800000;\">Teoria Contempor\u00e2nea da Democracia<\/span><\/strong><\/p>\n<p><strong>Ementa:\u00a0<\/strong>A disciplina tem por objetivo apresentar o debate acerca do paradigma elitista-liberal da democracia na Ci\u00eancia Pol\u00edtica, o qual exerce importante influ\u00eancia nas formula\u00e7\u00f5es te\u00f3ricas de seus cr\u00edticos. Alternativamente, prop\u00f5e-se a apresentar algumas das vertentes cr\u00edticas ao paradigma elitista-liberal, tais como: democracia participativa, republicanismo.<\/p>\n<p><strong><span style=\"color: #800000;\">Semin\u00e1rio de Tese I<\/span><\/strong><\/p>\n<p><strong>Ementa:<\/strong> A disciplina est\u00e1 voltada ao aprimoramento do projeto de pesquisa de doutorado. Tem por objetivo principal o aperfei\u00e7oamento dos elementos inerentes \u00e0 proposta de investiga\u00e7\u00e3o cient\u00edfica (constru\u00e7\u00e3o do objeto, formula\u00e7\u00e3o do problema, delimita\u00e7\u00e3o do campo, defini\u00e7\u00e3o de objetivos e hip\u00f3teses, escolha dos m\u00e9todos e t\u00e9cnicas de pesquisa), bem como o aprofundamento da discuss\u00e3o te\u00f3rica constante no projeto de pesquisa. Nesse sentido, a disciplina envolve processo inter pares, sob a orienta\u00e7\u00e3o do professor regente da disciplina, visando auxiliar na supera\u00e7\u00e3o de quest\u00f5es diagnosticadas pelo grupo em cada projeto.<\/p>\n<p><strong><span style=\"color: #800000;\">Semin\u00e1rio de Tese II<\/span><\/strong><\/p>\n<p><strong>Ementa:<\/strong> A disciplina ser\u00e1 desenvolvida com vistas a viabilizar a realiza\u00e7\u00e3o da qualifica\u00e7\u00e3o e o desenvolvimento da tese. Nesse sentido, busca discutir cr\u00edtica e construtivamente os projetos de tese de doutorado, envolvendo um processo individualizado a ser desenvolvido diretamente com o orientador, a partir das necessidades e especificidades de cada projeto.<\/p>\n","protected":false},"excerpt":{"rendered":"<p>Teoria Pol\u00edtica Ementa: Ao partir da ideia de que a Teoria Pol\u00edtica possui diferentes defini\u00e7\u00f5es e apropria\u00e7\u00f5es pela disciplina da Ci\u00eancia Pol\u00edtica, o curso analisa os fundamentos ontol\u00f3gicos, epistemol\u00f3gicos e metodol\u00f3gicos que orientam a Teoria Pol\u00edtica, sobretudo, em suas vers\u00f5es contempor\u00e2neas. Do ponto de vista disciplinar da Ci\u00eancia Pol\u00edtica, a Teoria Pol\u00edtica \u00e9 disputada por [&hellip;]<\/p>\n","protected":false},"author":555,"featured_media":0,"parent":733,"menu_order":0,"comment_status":"closed","ping_status":"closed","template":"","meta":{"_crdt_document":"","footnotes":""},"class_list":["post-742","page","type-page","status-publish","hentry"],"jetpack_sharing_enabled":true,"_links":{"self":[{"href":"https:\/\/wp.ufpel.edu.br\/ppgcienciapolitica\/wp-json\/wp\/v2\/pages\/742","targetHints":{"allow":["GET"]}}],"collection":[{"href":"https:\/\/wp.ufpel.edu.br\/ppgcienciapolitica\/wp-json\/wp\/v2\/pages"}],"about":[{"href":"https:\/\/wp.ufpel.edu.br\/ppgcienciapolitica\/wp-json\/wp\/v2\/types\/page"}],"author":[{"embeddable":true,"href":"https:\/\/wp.ufpel.edu.br\/ppgcienciapolitica\/wp-json\/wp\/v2\/users\/555"}],"replies":[{"embeddable":true,"href":"https:\/\/wp.ufpel.edu.br\/ppgcienciapolitica\/wp-json\/wp\/v2\/comments?post=742"}],"version-history":[{"count":4,"href":"https:\/\/wp.ufpel.edu.br\/ppgcienciapolitica\/wp-json\/wp\/v2\/pages\/742\/revisions"}],"predecessor-version":[{"id":4099,"href":"https:\/\/wp.ufpel.edu.br\/ppgcienciapolitica\/wp-json\/wp\/v2\/pages\/742\/revisions\/4099"}],"up":[{"embeddable":true,"href":"https:\/\/wp.ufpel.edu.br\/ppgcienciapolitica\/wp-json\/wp\/v2\/pages\/733"}],"wp:attachment":[{"href":"https:\/\/wp.ufpel.edu.br\/ppgcienciapolitica\/wp-json\/wp\/v2\/media?parent=742"}],"curies":[{"name":"wp","href":"https:\/\/api.w.org\/{rel}","templated":true}]}}