{"id":5216,"date":"2025-12-18T06:16:15","date_gmt":"2025-12-18T09:16:15","guid":{"rendered":"https:\/\/wp.ufpel.edu.br\/ppgcienciapolitica\/?page_id=5216"},"modified":"2026-03-19T12:50:39","modified_gmt":"2026-03-19T15:50:39","slug":"selecao-doutorado-2026","status":"publish","type":"page","link":"https:\/\/wp.ufpel.edu.br\/ppgcienciapolitica\/mestrado-em-ciencia-politica-selecao-2016\/selecao-doutorado-2026\/","title":{"rendered":"Sele\u00e7\u00e3o Doutorado 2026"},"content":{"rendered":"<p><strong><a href=\"https:\/\/wp.ufpel.edu.br\/ppgcienciapolitica\/files\/2026\/03\/Resultado-FINAL-Doutorado.pdf\">Resultado FINAL &#8211; Doutorado<\/a><\/strong> (publicado em 19\/03\/2026 \u00e0s 12:50)<\/p>\n<p><a href=\"https:\/\/wp.ufpel.edu.br\/ppgcienciapolitica\/files\/2026\/03\/Resultado-Final-proviso\u0301rio-Doutorado.pdf\"><strong>Resultado Final proviso\u0301rio &#8211; Doutorado<\/strong><\/a> (publicado em 07\/02\/2026 \u00e0s 00:10)<\/p>\n<p><a href=\"https:\/\/wp.ufpel.edu.br\/ppgcienciapolitica\/files\/2026\/03\/Resultado-Etapa-3-Doutorado.pdf\"><strong>Resultado Etapa 3 &#8211; Doutorado<\/strong><\/a> (publicado em 07\/02\/2026 \u00e0s 00:09)<\/p>\n<p><strong>Resultado Fase 2<\/strong> (publicado em 03\/02\/2026 \u00e0s 00:03)<\/p>\n<p><strong><a href=\"https:\/\/wp.ufpel.edu.br\/ppgcienciapolitica\/files\/2026\/03\/Divulgacao-do-resultado-da-defesa-do-Projeto-de-Pesquisa-Etapa-2.pdf\">Divulga\u00e7\u00e3o do resultado da defesa do Projeto de Pesquisa (Etapa 2)<\/a><\/strong><\/p>\n<p><strong>Resultado Fase 1<\/strong> (publicado em 25\/02\/2026) \u00e0s 9h)<\/p>\n<table style=\"width: 748px;\" width=\"756\">\n<tbody>\n<tr>\n<td style=\"width: 250px;\" width=\"252\"><strong>Inscri\u00e7\u00e3o<\/strong><\/td>\n<td style=\"width: 248px;\" width=\"252\"><strong>Nota<\/strong><\/td>\n<td style=\"width: 250px;\" width=\"252\"><strong>Concorr\u00eancia<\/strong><\/td>\n<\/tr>\n<tr>\n<td style=\"width: 250px;\" width=\"252\">10202632<\/td>\n<td style=\"width: 248px;\" width=\"252\">4,0<\/td>\n<td style=\"width: 250px;\" width=\"252\">AC<\/td>\n<\/tr>\n<tr>\n<td style=\"width: 250px;\" width=\"252\">11202632<\/td>\n<td style=\"width: 248px;\" width=\"252\">2,5<\/td>\n<td style=\"width: 250px;\" width=\"252\">AF (1.2.h)<\/td>\n<\/tr>\n<tr>\n<td style=\"width: 250px;\" width=\"252\">12202632<\/td>\n<td style=\"width: 248px;\" width=\"252\">4,0<\/td>\n<td style=\"width: 250px;\" width=\"252\">AC<\/td>\n<\/tr>\n<tr>\n<td style=\"width: 250px;\" width=\"252\">13202632<\/td>\n<td style=\"width: 248px;\" width=\"252\">3,0<\/td>\n<td style=\"width: 250px;\" width=\"252\">AF (1.2.h)<\/td>\n<\/tr>\n<tr>\n<td style=\"width: 250px;\" width=\"252\">14202632<\/td>\n<td style=\"width: 248px;\" width=\"252\">5,0<\/td>\n<td style=\"width: 250px;\" width=\"252\">AC<\/td>\n<\/tr>\n<tr>\n<td style=\"width: 250px;\" width=\"252\">15202632<\/td>\n<td style=\"width: 248px;\" width=\"252\">2,0<\/td>\n<td style=\"width: 250px;\" width=\"252\">AC<\/td>\n<\/tr>\n<tr>\n<td style=\"width: 250px;\" width=\"252\">16202632<\/td>\n<td style=\"width: 248px;\" width=\"252\">5,0<\/td>\n<td style=\"width: 250px;\" width=\"252\">AC<\/td>\n<\/tr>\n<tr>\n<td style=\"width: 250px;\" width=\"252\">17202632<\/td>\n<td style=\"width: 248px;\" width=\"252\">8,0<\/td>\n<td style=\"width: 250px;\" width=\"252\">AF (1.2.k)<\/td>\n<\/tr>\n<tr>\n<td style=\"width: 250px;\" width=\"252\">18202632<\/td>\n<td style=\"width: 248px;\" width=\"252\">3,0<\/td>\n<td style=\"width: 250px;\" width=\"252\">AF (1.2.m)<\/td>\n<\/tr>\n<tr>\n<td style=\"width: 250px;\" width=\"252\">19202632<\/td>\n<td style=\"width: 248px;\" width=\"252\">7,0<\/td>\n<td style=\"width: 250px;\" width=\"252\">AC<\/td>\n<\/tr>\n<tr>\n<td style=\"width: 250px;\" width=\"252\">20202632<\/td>\n<td style=\"width: 248px;\" width=\"252\">3,0<\/td>\n<td style=\"width: 250px;\" width=\"252\">AF (1.2.h)<\/td>\n<\/tr>\n<tr>\n<td style=\"width: 250px;\" width=\"252\">21202632<\/td>\n<td style=\"width: 248px;\" width=\"252\">4,5<\/td>\n<td style=\"width: 250px;\" width=\"252\">AC<\/td>\n<\/tr>\n<tr>\n<td style=\"width: 250px;\" width=\"252\">22202632<\/td>\n<td style=\"width: 248px;\" width=\"252\">7,0<\/td>\n<td style=\"width: 250px;\" width=\"252\">AC<\/td>\n<\/tr>\n<tr>\n<td style=\"width: 250px;\" width=\"252\">23202632<\/td>\n<td style=\"width: 248px;\" width=\"252\">4,0<\/td>\n<td style=\"width: 250px;\" width=\"252\">AC<\/td>\n<\/tr>\n<tr>\n<td style=\"width: 250px;\" width=\"252\">24202632<\/td>\n<td style=\"width: 248px;\" width=\"252\">9,0<\/td>\n<td style=\"width: 250px;\" width=\"252\">AC<\/td>\n<\/tr>\n<tr>\n<td style=\"width: 250px;\" width=\"252\">25202632<\/td>\n<td style=\"width: 248px;\" width=\"252\">9,0<\/td>\n<td style=\"width: 250px;\" width=\"252\">AC<\/td>\n<\/tr>\n<tr>\n<td style=\"width: 250px;\" width=\"252\">26202632<\/td>\n<td style=\"width: 248px;\" width=\"252\">7,0<\/td>\n<td style=\"width: 250px;\" width=\"252\">AC<\/td>\n<\/tr>\n<tr>\n<td style=\"width: 250px;\" width=\"252\">27202632<\/td>\n<td style=\"width: 248px;\" width=\"252\">7,5<\/td>\n<td style=\"width: 250px;\" width=\"252\">AF (1.2.h)<\/td>\n<\/tr>\n<tr>\n<td style=\"width: 250px;\" width=\"252\">28202632<\/td>\n<td style=\"width: 248px;\" width=\"252\">5,5<\/td>\n<td style=\"width: 250px;\" width=\"252\">AC<\/td>\n<\/tr>\n<tr>\n<td style=\"width: 250px;\" width=\"252\">29202632<\/td>\n<td style=\"width: 248px;\" width=\"252\">4,5<\/td>\n<td style=\"width: 250px;\" width=\"252\">AC<\/td>\n<\/tr>\n<tr>\n<td style=\"width: 250px;\" width=\"252\">30202632<\/td>\n<td style=\"width: 248px;\" width=\"252\">4,5<\/td>\n<td style=\"width: 250px;\" width=\"252\">AF (1.2.h)<\/td>\n<\/tr>\n<\/tbody>\n<\/table>\n<p><a href=\"https:\/\/wp.ufpel.edu.br\/ppgcienciapolitica\/files\/2026\/02\/Relacao-inscricoes-definitiva.pdf\">Rela\u00e7\u00e3o inscri\u00e7\u00f5es definitiva<\/a><\/p>\n<p><a href=\"https:\/\/wp.ufpel.edu.br\/ppgcienciapolitica\/files\/2026\/02\/Inscricoes-Homologadas-fase-pre-recursal.pdf\">Inscri\u00e7\u00f5es Homologadas (fase pr\u00e9-recursal)<\/a><\/p>\n<p>Est\u00e1 dispon\u00edvel o Edital de Sele\u00e7\u00e3o do PPGCPol\/UFPel para a turma de Doutorado 2026:<\/p>\n<p><a href=\"https:\/\/wp.ufpel.edu.br\/ppgcienciapolitica\/files\/2025\/12\/Edital-Doutorado-2026-com-anexos-e-declaracoes.pdf\">EDITAL N\u00ba 254\/2025 &#8211; Doutorado em Ci\u00eancia Pol\u00edtica<\/a> (Edital com anexos e declara\u00e7\u00f5es)<\/p>\n","protected":false},"excerpt":{"rendered":"<p>Resultado FINAL &#8211; Doutorado (publicado em 19\/03\/2026 \u00e0s 12:50) Resultado Final proviso\u0301rio &#8211; Doutorado (publicado em 07\/02\/2026 \u00e0s 00:10) Resultado Etapa 3 &#8211; Doutorado (publicado em 07\/02\/2026 \u00e0s 00:09) Resultado Fase 2 (publicado em 03\/02\/2026 \u00e0s 00:03) Divulga\u00e7\u00e3o do resultado da defesa do Projeto de Pesquisa (Etapa 2) Resultado Fase 1 (publicado em 25\/02\/2026) \u00e0s [&hellip;]<\/p>\n","protected":false},"author":555,"featured_media":0,"parent":378,"menu_order":0,"comment_status":"closed","ping_status":"closed","template":"","meta":{"footnotes":""},"class_list":["post-5216","page","type-page","status-publish","hentry"],"jetpack_sharing_enabled":true,"_links":{"self":[{"href":"https:\/\/wp.ufpel.edu.br\/ppgcienciapolitica\/wp-json\/wp\/v2\/pages\/5216","targetHints":{"allow":["GET"]}}],"collection":[{"href":"https:\/\/wp.ufpel.edu.br\/ppgcienciapolitica\/wp-json\/wp\/v2\/pages"}],"about":[{"href":"https:\/\/wp.ufpel.edu.br\/ppgcienciapolitica\/wp-json\/wp\/v2\/types\/page"}],"author":[{"embeddable":true,"href":"https:\/\/wp.ufpel.edu.br\/ppgcienciapolitica\/wp-json\/wp\/v2\/users\/555"}],"replies":[{"embeddable":true,"href":"https:\/\/wp.ufpel.edu.br\/ppgcienciapolitica\/wp-json\/wp\/v2\/comments?post=5216"}],"version-history":[{"count":4,"href":"https:\/\/wp.ufpel.edu.br\/ppgcienciapolitica\/wp-json\/wp\/v2\/pages\/5216\/revisions"}],"predecessor-version":[{"id":5311,"href":"https:\/\/wp.ufpel.edu.br\/ppgcienciapolitica\/wp-json\/wp\/v2\/pages\/5216\/revisions\/5311"}],"up":[{"embeddable":true,"href":"https:\/\/wp.ufpel.edu.br\/ppgcienciapolitica\/wp-json\/wp\/v2\/pages\/378"}],"wp:attachment":[{"href":"https:\/\/wp.ufpel.edu.br\/ppgcienciapolitica\/wp-json\/wp\/v2\/media?parent=5216"}],"curies":[{"name":"wp","href":"https:\/\/api.w.org\/{rel}","templated":true}]}}