{"id":4899,"date":"2025-07-21T17:30:03","date_gmt":"2025-07-21T20:30:03","guid":{"rendered":"https:\/\/wp.ufpel.edu.br\/ppgcienciapolitica\/?page_id=4899"},"modified":"2025-08-02T15:18:14","modified_gmt":"2025-08-02T18:18:14","slug":"selecao-douotrado-2025","status":"publish","type":"page","link":"https:\/\/wp.ufpel.edu.br\/ppgcienciapolitica\/mestrado-em-ciencia-politica-selecao-2016\/selecao-douotrado-2025\/","title":{"rendered":"Sele\u00e7\u00e3o Doutorado 2025"},"content":{"rendered":"<p>Est\u00e1 dispon\u00edvel o Edital de Sele\u00e7\u00e3o do PPGCPol\/UFPel para a turma de Doutorado 2025:<\/p>\n<p><a href=\"https:\/\/wp.ufpel.edu.br\/ppgcienciapolitica\/files\/2025\/05\/Edital-Doutorado-2025-PPGCPolUFPel.pdf\">Edital Sele\u00e7\u00e3o Doutorado 2025 PPGCPol\/UFPel<\/a><\/p>\n<p>&nbsp;<\/p>\n<p><a href=\"https:\/\/wp.ufpel.edu.br\/ppgcienciapolitica\/files\/2025\/07\/Doc-25LISTA-DE-INSCRICOES-HOMOLOGADAS-pre-recursos.docx-2.pdf\">Inscri\u00e7\u00f5es homologadas (fase pr\u00e9-recursal)<\/a> (01\/07\/2025, 18h)<\/p>\n<p><a href=\"https:\/\/wp.ufpel.edu.br\/ppgcienciapolitica\/files\/2025\/07\/Doc-25LISTA-DE-INSCRICOES-HOMOLOGADAS-definitiva.docx.pdf\">Inscri\u00e7\u00f5es homologadas (definitiva)<\/a><\/p>\n<p>&nbsp;<\/p>\n<p>Etapa 1: <a href=\"https:\/\/wp.ufpel.edu.br\/ppgcienciapolitica\/files\/2025\/07\/Resultado-Etapa-1-1.pdf\">Resultado Etapa 1<\/a> (09\/07\/2025, 08h 20min)<\/p>\n<p>Etapa 1: <a href=\"https:\/\/wp.ufpel.edu.br\/ppgcienciapolitica\/files\/2025\/07\/Resultado-Etapa-1-pos-recursos-1.pdf\">Resultado Etapa 1 (p\u00f3s-recursos)<\/a> (14\/07\/2025, 08h 00min)<\/p>\n<p>Etapa 2: <a href=\"https:\/\/wp.ufpel.edu.br\/ppgcienciapolitica\/files\/2025\/07\/Cronograma-Etapa-2-1.pdf\">Cronograma<\/a><\/p>\n<p>Etapa 2: <a href=\"https:\/\/wp.ufpel.edu.br\/ppgcienciapolitica\/files\/2025\/07\/Resultado-Etapa-2-1.pdf\">Resultado Etapa 2<\/a> (16\/07\/2025, 08h 00min)<\/p>\n<p>Etapa 3: <a href=\"https:\/\/wp.ufpel.edu.br\/ppgcienciapolitica\/files\/2025\/07\/Resultado-Etapa-3.pdf\">Resultado Etapa 3<\/a> (21\/07\/2025, 17h 30min)<\/p>\n<p>&nbsp;<\/p>\n<p><a href=\"https:\/\/wp.ufpel.edu.br\/ppgcienciapolitica\/files\/2025\/07\/Doutorado-Resultado-final-provisorio.pdf\">Resultado final &#8211; provis\u00f3rio<\/a><\/p>\n<p>Banca de Heteroidentifica\u00e7\u00e3o: <a href=\"https:\/\/wp.ufpel.edu.br\/ppgcienciapolitica\/files\/2025\/08\/SEI_3171457_Despacho.pdf\">Resultado<\/a>\u00a0(Os\/as candidatos\/as foram informados por e-mail em 29\/07\/2025)<\/p>\n<p><a href=\"https:\/\/wp.ufpel.edu.br\/ppgcienciapolitica\/files\/2025\/08\/Resultado-final-definitivo-Doutorado-2025.pdf\">Resultado final &#8211; definitivo<\/a><\/p>\n<p>&nbsp;<\/p>\n<p>Banca Examinadora: Profa. Bianca Linhares (presidente), Prof. Guilherme Camargo Massa\u00fa, Profa. Rosangela Schulz, Prof. William Daldegan (suplente)<br \/>\n<a href=\"https:\/\/wp.ufpel.edu.br\/ppgcienciapolitica\/files\/2025\/07\/SEI_3145010_Portaria_Interna_1-2.pdf\">Portaria<\/a><\/p>\n","protected":false},"excerpt":{"rendered":"<p>Est\u00e1 dispon\u00edvel o Edital de Sele\u00e7\u00e3o do PPGCPol\/UFPel para a turma de Doutorado 2025: Edital Sele\u00e7\u00e3o Doutorado 2025 PPGCPol\/UFPel &nbsp; Inscri\u00e7\u00f5es homologadas (fase pr\u00e9-recursal) (01\/07\/2025, 18h) Inscri\u00e7\u00f5es homologadas (definitiva) &nbsp; Etapa 1: Resultado Etapa 1 (09\/07\/2025, 08h 20min) Etapa 1: Resultado Etapa 1 (p\u00f3s-recursos) (14\/07\/2025, 08h 00min) Etapa 2: Cronograma Etapa 2: Resultado Etapa 2 [&hellip;]<\/p>\n","protected":false},"author":555,"featured_media":0,"parent":378,"menu_order":0,"comment_status":"closed","ping_status":"closed","template":"","meta":{"footnotes":""},"class_list":["post-4899","page","type-page","status-publish","hentry"],"jetpack_sharing_enabled":true,"_links":{"self":[{"href":"https:\/\/wp.ufpel.edu.br\/ppgcienciapolitica\/wp-json\/wp\/v2\/pages\/4899","targetHints":{"allow":["GET"]}}],"collection":[{"href":"https:\/\/wp.ufpel.edu.br\/ppgcienciapolitica\/wp-json\/wp\/v2\/pages"}],"about":[{"href":"https:\/\/wp.ufpel.edu.br\/ppgcienciapolitica\/wp-json\/wp\/v2\/types\/page"}],"author":[{"embeddable":true,"href":"https:\/\/wp.ufpel.edu.br\/ppgcienciapolitica\/wp-json\/wp\/v2\/users\/555"}],"replies":[{"embeddable":true,"href":"https:\/\/wp.ufpel.edu.br\/ppgcienciapolitica\/wp-json\/wp\/v2\/comments?post=4899"}],"version-history":[{"count":19,"href":"https:\/\/wp.ufpel.edu.br\/ppgcienciapolitica\/wp-json\/wp\/v2\/pages\/4899\/revisions"}],"predecessor-version":[{"id":5036,"href":"https:\/\/wp.ufpel.edu.br\/ppgcienciapolitica\/wp-json\/wp\/v2\/pages\/4899\/revisions\/5036"}],"up":[{"embeddable":true,"href":"https:\/\/wp.ufpel.edu.br\/ppgcienciapolitica\/wp-json\/wp\/v2\/pages\/378"}],"wp:attachment":[{"href":"https:\/\/wp.ufpel.edu.br\/ppgcienciapolitica\/wp-json\/wp\/v2\/media?parent=4899"}],"curies":[{"name":"wp","href":"https:\/\/api.w.org\/{rel}","templated":true}]}}