{"id":4897,"date":"2025-07-22T08:00:10","date_gmt":"2025-07-22T11:00:10","guid":{"rendered":"https:\/\/wp.ufpel.edu.br\/ppgcienciapolitica\/?page_id=4897"},"modified":"2025-09-04T22:08:49","modified_gmt":"2025-09-05T01:08:49","slug":"selecao-mestrado-2025","status":"publish","type":"page","link":"https:\/\/wp.ufpel.edu.br\/ppgcienciapolitica\/mestrado-em-ciencia-politica-selecao-2016\/selecao-mestrado-2025\/","title":{"rendered":"Sele\u00e7\u00e3o Mestrado 2025"},"content":{"rendered":"<p>Est\u00e1 dispon\u00edvel o Edital de Sele\u00e7\u00e3o do PPGCPol\/UFPel para a turma de Mestrado 2025:<\/p>\n<p><a href=\"https:\/\/wp.ufpel.edu.br\/ppgcienciapolitica\/files\/2025\/05\/Edital-Mestrado-2025-PPGCPolUFPel.pdf\">Edital Sele\u00e7\u00e3o Mestrado 2025 PPGCPol\/UFPel<\/a><\/p>\n<p>&nbsp;<\/p>\n<p><a href=\"https:\/\/wp.ufpel.edu.br\/ppgcienciapolitica\/files\/2025\/07\/ME-25LISTA-DE-INSCRICOES-HOMOLOGADAS-pre-recursos.docx.pdf\">Inscri\u00e7\u00f5es homologadas (fase pr\u00e9-recursal)<\/a> (01\/07\/2025, 18h 00min)<\/p>\n<p><a href=\"https:\/\/wp.ufpel.edu.br\/ppgcienciapolitica\/files\/2025\/07\/ME-25LISTA-DE-INSCRICOES-HOMOLOGADAS-definitiva.docx.pdf\">Inscri\u00e7\u00f5es homologadas (definitiva)<\/a><\/p>\n<p>&nbsp;<\/p>\n<p>Etapa 1: <a href=\"https:\/\/wp.ufpel.edu.br\/ppgcienciapolitica\/files\/2025\/07\/Etapa-1-Mestrado-resultado.pdf\">Resultado Etapa 1<\/a> (08\/07\/2025, 18h 35min)<\/p>\n<p>Etapa 1: <a href=\"https:\/\/wp.ufpel.edu.br\/ppgcienciapolitica\/files\/2025\/07\/MESTRADO-Etapa-1-Mestrado-resultado-Pos-recursos.pdf\">Resultado Etapa 1 (p\u00f3s-recursos)<\/a> (11\/07\/2025, 19h 00min)<\/p>\n<p>Etapa 2: <a href=\"https:\/\/wp.ufpel.edu.br\/ppgcienciapolitica\/files\/2025\/07\/Cronograma-Mestrado-2025.pdf\">Cronograma<\/a><\/p>\n<p>Etapa 2: <a href=\"https:\/\/wp.ufpel.edu.br\/ppgcienciapolitica\/files\/2025\/07\/Resultado-Etapa-2.pdf\">Resultado Etapa 2<\/a>\u00a0(15\/07\/2025, 13h 15min)<\/p>\n<p>Etapa 3: <a href=\"https:\/\/wp.ufpel.edu.br\/ppgcienciapolitica\/files\/2025\/07\/Mestrado-Etapa-3-Mestrado-resultado.pdf\">Resultado Etapa 3<\/a> (22\/07\/2025, 08h 00min)<\/p>\n<p>&nbsp;<\/p>\n<p><a href=\"https:\/\/wp.ufpel.edu.br\/ppgcienciapolitica\/files\/2025\/07\/Mestrado-Resultado-final-provisorio.pdf\">Resultado final &#8211; provis\u00f3rio<\/a><\/p>\n<p>Banca de Heteroidentifica\u00e7\u00e3o: <a href=\"https:\/\/wp.ufpel.edu.br\/ppgcienciapolitica\/files\/2025\/08\/SEI_3171457_Despacho.pdf\">Resultado<\/a>\u00a0(Os\/as candidatos\/as foram informados por e-mail em 29\/07\/2025)<\/p>\n<p><a href=\"https:\/\/wp.ufpel.edu.br\/ppgcienciapolitica\/files\/2025\/08\/Resultado-final-definitivo-Mestrado-2025.pdf\">Resultado final &#8211; definitivo<\/a><\/p>\n<p><a href=\"https:\/\/wp.ufpel.edu.br\/ppgcienciapolitica\/files\/2025\/09\/Resultado-final-definitivo.pdf\">Resultado final &#8211; definitivo atualizado (04\/09\/2025)<\/a><\/p>\n<p>&nbsp;<\/p>\n<p>Banca Examinadora: Prof. Alvaro Barreto (presidente), Profa. Etiene Marroni, Prof. Paulo C\u00e9sar Barboza, Prof. Daniel de Mendon\u00e7a (suplente)<br \/>\n<a href=\"https:\/\/wp.ufpel.edu.br\/ppgcienciapolitica\/files\/2025\/07\/SEI_3145010_Portaria_Interna_1-2.pdf\">Portaria<\/a><\/p>\n","protected":false},"excerpt":{"rendered":"<p>Est\u00e1 dispon\u00edvel o Edital de Sele\u00e7\u00e3o do PPGCPol\/UFPel para a turma de Mestrado 2025: Edital Sele\u00e7\u00e3o Mestrado 2025 PPGCPol\/UFPel &nbsp; Inscri\u00e7\u00f5es homologadas (fase pr\u00e9-recursal) (01\/07\/2025, 18h 00min) Inscri\u00e7\u00f5es homologadas (definitiva) &nbsp; Etapa 1: Resultado Etapa 1 (08\/07\/2025, 18h 35min) Etapa 1: Resultado Etapa 1 (p\u00f3s-recursos) (11\/07\/2025, 19h 00min) Etapa 2: Cronograma Etapa 2: Resultado Etapa [&hellip;]<\/p>\n","protected":false},"author":555,"featured_media":0,"parent":378,"menu_order":0,"comment_status":"closed","ping_status":"closed","template":"","meta":{"footnotes":""},"class_list":["post-4897","page","type-page","status-publish","hentry"],"jetpack_sharing_enabled":true,"_links":{"self":[{"href":"https:\/\/wp.ufpel.edu.br\/ppgcienciapolitica\/wp-json\/wp\/v2\/pages\/4897","targetHints":{"allow":["GET"]}}],"collection":[{"href":"https:\/\/wp.ufpel.edu.br\/ppgcienciapolitica\/wp-json\/wp\/v2\/pages"}],"about":[{"href":"https:\/\/wp.ufpel.edu.br\/ppgcienciapolitica\/wp-json\/wp\/v2\/types\/page"}],"author":[{"embeddable":true,"href":"https:\/\/wp.ufpel.edu.br\/ppgcienciapolitica\/wp-json\/wp\/v2\/users\/555"}],"replies":[{"embeddable":true,"href":"https:\/\/wp.ufpel.edu.br\/ppgcienciapolitica\/wp-json\/wp\/v2\/comments?post=4897"}],"version-history":[{"count":4,"href":"https:\/\/wp.ufpel.edu.br\/ppgcienciapolitica\/wp-json\/wp\/v2\/pages\/4897\/revisions"}],"predecessor-version":[{"id":5065,"href":"https:\/\/wp.ufpel.edu.br\/ppgcienciapolitica\/wp-json\/wp\/v2\/pages\/4897\/revisions\/5065"}],"up":[{"embeddable":true,"href":"https:\/\/wp.ufpel.edu.br\/ppgcienciapolitica\/wp-json\/wp\/v2\/pages\/378"}],"wp:attachment":[{"href":"https:\/\/wp.ufpel.edu.br\/ppgcienciapolitica\/wp-json\/wp\/v2\/media?parent=4897"}],"curies":[{"name":"wp","href":"https:\/\/api.w.org\/{rel}","templated":true}]}}