{"id":4748,"date":"2024-11-22T20:28:11","date_gmt":"2024-11-22T23:28:11","guid":{"rendered":"https:\/\/wp.ufpel.edu.br\/ppgcienciapolitica\/?page_id=4748"},"modified":"2025-10-07T20:30:46","modified_gmt":"2025-10-07T23:30:46","slug":"turma-2019","status":"publish","type":"page","link":"https:\/\/wp.ufpel.edu.br\/ppgcienciapolitica\/publicacoes\/teses\/turma-2019\/","title":{"rendered":"Turma 2019 (Teses)"},"content":{"rendered":"<p><strong>18. <span style=\"font-family: var(--fonte-corpo);\">Carla Rosane da Silva Mota<\/span><\/strong><\/p>\n<p>T\u00edtulo da tese: <span style=\"font-family: var(--fonte-corpo);\">Retratos de uma poli\u0301tica pu\u0301blica: disposic\u0327o\u0303es geradas pela Educac\u0327a\u0303o do Campo, a partir da experie\u0302ncia da Escola Fami\u0301lia Agri\u0301cola da Regia\u0303o Sul (EFASUL)<\/span><\/p>\n<p>Orientador: Pedro Robertt<\/p>\n<p>Data de defesa: <span style=\"font-family: var(--fonte-corpo);\">15\/08\/2024<\/span><\/p>\n<p><a href=\"https:\/\/wp.ufpel.edu.br\/ppgcienciapolitica\/files\/2024\/11\/Carla-Rosane-Mota.pdf\">Acessar a tese em arquivo digital pdf<\/a><\/p>\n<p>&nbsp;<\/p>\n<p><strong>19. Luis Alexandre da Silva Alves<\/strong><\/p>\n<p>T\u00edtulo da tese: M\u00eddia Ninja: a rearticula\u00e7\u00e3o da pr\u00e1tica midiativista ao longo de diferentes conjunturas do campo movimentista no per\u00edodo de 2013 a 2020<\/p>\n<p>Orientadora: Rosangela Marione Schulz<\/p>\n<p>Data da defesa: 16\/12\/2024<\/p>\n<p><a href=\"https:\/\/wp.ufpel.edu.br\/ppgcienciapolitica\/files\/2025\/03\/Tese-Luis-Alexandre-Alves.pdf\">Acesse a tese em arquivo digital PDF<\/a><\/p>\n<p>&nbsp;<\/p>\n<p><strong>20. <span style=\"font-family: var(--fonte-corpo);\">Bruno Gabriel Henz<\/span><\/strong><\/p>\n<p>T\u00edtulo da tese: <span style=\"font-family: var(--fonte-corpo);\">O horizonte de emerge\u0302ncia ecolo\u0301gica e a crise das democracias liberais<\/span><\/p>\n<p>Orientador: Cl\u00e1udio Roberto Cogo Leivas<\/p>\n<p>Data da defesa: 11\/12\/2024<\/p>\n<p><a href=\"https:\/\/wp.ufpel.edu.br\/ppgcienciapolitica\/files\/2025\/03\/Tese-Bruno-Gabriel-Henz.pdf\">Acesse a tese em arquivo digital PDF<\/a><\/p>\n<p>&nbsp;<\/p>\n<p><strong>21. Ot\u00e1vio Santiago Gomes da Silva<\/strong><\/p>\n<p>T\u00edtulo da tese: <span style=\"font-family: var(--fonte-corpo);\">Disputas de constitucionalidade em torno da diversidade sexual e de g\u00eanero: a mobiliza\u00e7\u00e3o judicial ativa e reativa da quest\u00e3o LGBTI+ no Supremo Tribunal Federal (2004-2024)<\/span><\/p>\n<p>Orientador: Luciana Maria de Arag\u00e3o Ballestrin<\/p>\n<p>Data da defesa: 26\/03\/2025<\/p>\n<p><a href=\"https:\/\/wp.ufpel.edu.br\/ppgcienciapolitica\/files\/2025\/06\/Tese-Otavio-Santiago-Gomes-da-Silva.pdf\">Acesse a tese em arquivo digital PDF<\/a><\/p>\n<p>&nbsp;<\/p>\n","protected":false},"excerpt":{"rendered":"<p>18. Carla Rosane da Silva Mota T\u00edtulo da tese: Retratos de uma poli\u0301tica pu\u0301blica: disposic\u0327o\u0303es geradas pela Educac\u0327a\u0303o do Campo, a partir da experie\u0302ncia da Escola Fami\u0301lia Agri\u0301cola da Regia\u0303o Sul (EFASUL) Orientador: Pedro Robertt Data de defesa: 15\/08\/2024 Acessar a tese em arquivo digital pdf &nbsp; 19. Luis Alexandre da Silva Alves T\u00edtulo da [&hellip;]<\/p>\n","protected":false},"author":555,"featured_media":0,"parent":2741,"menu_order":0,"comment_status":"closed","ping_status":"closed","template":"","meta":{"footnotes":""},"class_list":["post-4748","page","type-page","status-publish","hentry"],"jetpack_sharing_enabled":true,"_links":{"self":[{"href":"https:\/\/wp.ufpel.edu.br\/ppgcienciapolitica\/wp-json\/wp\/v2\/pages\/4748","targetHints":{"allow":["GET"]}}],"collection":[{"href":"https:\/\/wp.ufpel.edu.br\/ppgcienciapolitica\/wp-json\/wp\/v2\/pages"}],"about":[{"href":"https:\/\/wp.ufpel.edu.br\/ppgcienciapolitica\/wp-json\/wp\/v2\/types\/page"}],"author":[{"embeddable":true,"href":"https:\/\/wp.ufpel.edu.br\/ppgcienciapolitica\/wp-json\/wp\/v2\/users\/555"}],"replies":[{"embeddable":true,"href":"https:\/\/wp.ufpel.edu.br\/ppgcienciapolitica\/wp-json\/wp\/v2\/comments?post=4748"}],"version-history":[{"count":4,"href":"https:\/\/wp.ufpel.edu.br\/ppgcienciapolitica\/wp-json\/wp\/v2\/pages\/4748\/revisions"}],"predecessor-version":[{"id":5107,"href":"https:\/\/wp.ufpel.edu.br\/ppgcienciapolitica\/wp-json\/wp\/v2\/pages\/4748\/revisions\/5107"}],"up":[{"embeddable":true,"href":"https:\/\/wp.ufpel.edu.br\/ppgcienciapolitica\/wp-json\/wp\/v2\/pages\/2741"}],"wp:attachment":[{"href":"https:\/\/wp.ufpel.edu.br\/ppgcienciapolitica\/wp-json\/wp\/v2\/media?parent=4748"}],"curies":[{"name":"wp","href":"https:\/\/api.w.org\/{rel}","templated":true}]}}