{"id":4646,"date":"2024-09-04T18:36:30","date_gmt":"2024-09-04T21:36:30","guid":{"rendered":"https:\/\/wp.ufpel.edu.br\/ppgcienciapolitica\/?page_id=4646"},"modified":"2025-05-01T21:30:25","modified_gmt":"2025-05-02T00:30:25","slug":"turma-2024","status":"publish","type":"page","link":"https:\/\/wp.ufpel.edu.br\/ppgcienciapolitica\/corpo-docente\/doutorado-2\/turma-2024\/","title":{"rendered":"Turma 2024"},"content":{"rendered":"<p>Danielly Jardim Milano<\/p>\n<p>Gustavo Gordo de Freitas<\/p>\n<p>J\u00e9ssica Seabra de Oliveira Alves<\/p>\n<p>Kelen de Morais Cerqueira<\/p>\n<p>Lara Veiras Collares<\/p>\n<p>Laura Feij\u00f3 de Souza<\/p>\n<p>Mariele Cunha Rocha<\/p>\n<p>Mar\u00edlia Jecane Massava<\/p>\n","protected":false},"excerpt":{"rendered":"<p>Danielly Jardim Milano Gustavo Gordo de Freitas J\u00e9ssica Seabra de Oliveira Alves Kelen de Morais Cerqueira Lara Veiras Collares Laura Feij\u00f3 de Souza Mariele Cunha Rocha Mar\u00edlia Jecane Massava<\/p>\n","protected":false},"author":555,"featured_media":0,"parent":622,"menu_order":0,"comment_status":"closed","ping_status":"closed","template":"","meta":{"footnotes":""},"class_list":["post-4646","page","type-page","status-publish","hentry"],"jetpack_sharing_enabled":true,"_links":{"self":[{"href":"https:\/\/wp.ufpel.edu.br\/ppgcienciapolitica\/wp-json\/wp\/v2\/pages\/4646","targetHints":{"allow":["GET"]}}],"collection":[{"href":"https:\/\/wp.ufpel.edu.br\/ppgcienciapolitica\/wp-json\/wp\/v2\/pages"}],"about":[{"href":"https:\/\/wp.ufpel.edu.br\/ppgcienciapolitica\/wp-json\/wp\/v2\/types\/page"}],"author":[{"embeddable":true,"href":"https:\/\/wp.ufpel.edu.br\/ppgcienciapolitica\/wp-json\/wp\/v2\/users\/555"}],"replies":[{"embeddable":true,"href":"https:\/\/wp.ufpel.edu.br\/ppgcienciapolitica\/wp-json\/wp\/v2\/comments?post=4646"}],"version-history":[{"count":5,"href":"https:\/\/wp.ufpel.edu.br\/ppgcienciapolitica\/wp-json\/wp\/v2\/pages\/4646\/revisions"}],"predecessor-version":[{"id":4891,"href":"https:\/\/wp.ufpel.edu.br\/ppgcienciapolitica\/wp-json\/wp\/v2\/pages\/4646\/revisions\/4891"}],"up":[{"embeddable":true,"href":"https:\/\/wp.ufpel.edu.br\/ppgcienciapolitica\/wp-json\/wp\/v2\/pages\/622"}],"wp:attachment":[{"href":"https:\/\/wp.ufpel.edu.br\/ppgcienciapolitica\/wp-json\/wp\/v2\/media?parent=4646"}],"curies":[{"name":"wp","href":"https:\/\/api.w.org\/{rel}","templated":true}]}}