{"id":4529,"date":"2024-07-01T08:41:56","date_gmt":"2024-07-01T11:41:56","guid":{"rendered":"https:\/\/wp.ufpel.edu.br\/ppgcienciapolitica\/?page_id=4529"},"modified":"2024-07-22T08:51:55","modified_gmt":"2024-07-22T11:51:55","slug":"selecao-mestrado-2024","status":"publish","type":"page","link":"https:\/\/wp.ufpel.edu.br\/ppgcienciapolitica\/mestrado-em-ciencia-politica-selecao-2016\/selecao-mestrado-2024\/","title":{"rendered":"Sele\u00e7\u00e3o Mestrado 2024"},"content":{"rendered":"<p>J\u00e1 est\u00e1 dispon\u00edvel o Edital de Sele\u00e7\u00e3o do PPGCPol\/UFPel para a turma de Mestrado 2024:<\/p>\n<p><a href=\"https:\/\/wp.ufpel.edu.br\/ppgcienciapolitica\/files\/2024\/05\/Selecao-Mestrado-2024-PPGCPol.pdf\">Edital Sele\u00e7\u00e3o Mestrado 2024 PPGCPol\/UFPel<\/a><\/p>\n<p>Inscri\u00e7\u00f5es homologadas (fase pr\u00e9-recursal): <a href=\"https:\/\/wp.ufpel.edu.br\/ppgcienciapolitica\/files\/2024\/07\/Inscricoes-Homologadas-1.pdf\">Inscri\u00e7\u00f5es homologadas<\/a><\/p>\n<p>Inscri\u00e7\u00f5es homologadas (definitiva): <a href=\"https:\/\/wp.ufpel.edu.br\/ppgcienciapolitica\/files\/2024\/07\/Inscricoes-Homologadas-2.pdf\">Inscri\u00e7\u00f5es homologadas<\/a><\/p>\n<p>Etapa 1: <a href=\"https:\/\/wp.ufpel.edu.br\/ppgcienciapolitica\/files\/2024\/07\/Resultado-Etapa-1.pdf\">Resultado Etapa 1<\/a> (05\/07\/2024, 08h 15min)<\/p>\n<p>Etapa 2: <a href=\"https:\/\/wp.ufpel.edu.br\/ppgcienciapolitica\/files\/2024\/07\/Cronograma-Etapa-2.pdf\">Cronograma<\/a><\/p>\n<p>Etapa 2: <a href=\"https:\/\/wp.ufpel.edu.br\/ppgcienciapolitica\/files\/2024\/07\/Resultado-Etapa-2.pdf\">Resultado Etapa 2<\/a> (10\/07\/2024, 08h 15min)<\/p>\n<p>Etapa 3: <a href=\"https:\/\/wp.ufpel.edu.br\/ppgcienciapolitica\/files\/2024\/07\/Resultado-Etapa-3.pdf\">Resultado Etapa 3<\/a>\u00a0(16\/07\/2024, 09h 10min)<\/p>\n<p><a href=\"https:\/\/wp.ufpel.edu.br\/ppgcienciapolitica\/files\/2024\/07\/Resultado-Final-Provisorio.pdf\">Resultado Final &#8211; Provis\u00f3rio<\/a><\/p>\n<p><a href=\"https:\/\/wp.ufpel.edu.br\/ppgcienciapolitica\/files\/2024\/07\/Resultado-FINAL.pdf\">Resultado final<\/a><\/p>\n<p>&nbsp;<\/p>\n<p>Banca Examinadora: Profa. Bianca Linhares (presidente), prof. Alvaro Barreto, profa. Silvana Schimanski , profa. Rosangela Marione Schulz\u00a0(suplente)<\/p>\n","protected":false},"excerpt":{"rendered":"<p>J\u00e1 est\u00e1 dispon\u00edvel o Edital de Sele\u00e7\u00e3o do PPGCPol\/UFPel para a turma de Mestrado 2024: Edital Sele\u00e7\u00e3o Mestrado 2024 PPGCPol\/UFPel Inscri\u00e7\u00f5es homologadas (fase pr\u00e9-recursal): Inscri\u00e7\u00f5es homologadas Inscri\u00e7\u00f5es homologadas (definitiva): Inscri\u00e7\u00f5es homologadas Etapa 1: Resultado Etapa 1 (05\/07\/2024, 08h 15min) Etapa 2: Cronograma Etapa 2: Resultado Etapa 2 (10\/07\/2024, 08h 15min) Etapa 3: Resultado Etapa 3\u00a0(16\/07\/2024, [&hellip;]<\/p>\n","protected":false},"author":555,"featured_media":0,"parent":378,"menu_order":0,"comment_status":"closed","ping_status":"closed","template":"","meta":{"footnotes":""},"class_list":["post-4529","page","type-page","status-publish","hentry"],"jetpack_sharing_enabled":true,"_links":{"self":[{"href":"https:\/\/wp.ufpel.edu.br\/ppgcienciapolitica\/wp-json\/wp\/v2\/pages\/4529","targetHints":{"allow":["GET"]}}],"collection":[{"href":"https:\/\/wp.ufpel.edu.br\/ppgcienciapolitica\/wp-json\/wp\/v2\/pages"}],"about":[{"href":"https:\/\/wp.ufpel.edu.br\/ppgcienciapolitica\/wp-json\/wp\/v2\/types\/page"}],"author":[{"embeddable":true,"href":"https:\/\/wp.ufpel.edu.br\/ppgcienciapolitica\/wp-json\/wp\/v2\/users\/555"}],"replies":[{"embeddable":true,"href":"https:\/\/wp.ufpel.edu.br\/ppgcienciapolitica\/wp-json\/wp\/v2\/comments?post=4529"}],"version-history":[{"count":10,"href":"https:\/\/wp.ufpel.edu.br\/ppgcienciapolitica\/wp-json\/wp\/v2\/pages\/4529\/revisions"}],"predecessor-version":[{"id":4575,"href":"https:\/\/wp.ufpel.edu.br\/ppgcienciapolitica\/wp-json\/wp\/v2\/pages\/4529\/revisions\/4575"}],"up":[{"embeddable":true,"href":"https:\/\/wp.ufpel.edu.br\/ppgcienciapolitica\/wp-json\/wp\/v2\/pages\/378"}],"wp:attachment":[{"href":"https:\/\/wp.ufpel.edu.br\/ppgcienciapolitica\/wp-json\/wp\/v2\/media?parent=4529"}],"curies":[{"name":"wp","href":"https:\/\/api.w.org\/{rel}","templated":true}]}}