{"id":4233,"date":"2023-07-27T19:58:30","date_gmt":"2023-07-27T22:58:30","guid":{"rendered":"https:\/\/wp.ufpel.edu.br\/ppgcienciapolitica\/?page_id=4233"},"modified":"2025-10-07T20:33:03","modified_gmt":"2025-10-07T23:33:03","slug":"turma-2021","status":"publish","type":"page","link":"https:\/\/wp.ufpel.edu.br\/ppgcienciapolitica\/publicacoes\/dissertacoes\/turma-2021\/","title":{"rendered":"Turma 2021 (Disserta\u00e7\u00f5es)"},"content":{"rendered":"<p><strong>85. Luciana Almeida da Silva Teixeira<\/strong><\/p>\n<p>T\u00edtulo da disserta\u00e7\u00e3o: \u201cParticipa\u00e7\u00e3o das advogadas nos espa\u00e7os de poder: an\u00e1lise do empoderamento feminino na OAB\/RS, OAB\/SC e OAB\/PR entre 2015-2021\u201d<\/p>\n<p>Orientador: Guilherme Massa\u00fa<\/p>\n<p>Data da defesa: 24\/04\/2023<\/p>\n<p><a href=\"https:\/\/wp.ufpel.edu.br\/ppgcienciapolitica\/files\/2023\/07\/Disserta\u00e7\u00e3o-Luciana-Almeida-VF.pdf\">Acesse a disserta\u00e7\u00e3o em arquivo digital pdf<\/a><\/p>\n<p><strong>86. Jos\u00e9 Manuel Mussunda da Silva<\/strong><\/p>\n<p>T\u00edtulo da disserta\u00e7\u00e3o: \u201cCultura pol\u00edtica e participa\u00e7\u00e3o: Debates a partir da percep\u00e7\u00e3o do Movimento Revolucion\u00e1rio Angolano\u201d<\/p>\n<p>Orientadora: Etiene Marroni<\/p>\n<p>Data da defesa: 04\/05\/2023<\/p>\n<p><a href=\"https:\/\/wp.ufpel.edu.br\/ppgcienciapolitica\/files\/2023\/07\/Dissertacao-Jose-Manuel-Mussunda-VF.pdf\">Acesse a disserta\u00e7\u00e3o em arquivo pdf<\/a><\/p>\n<p><strong>89. Paulo An\u00f3s T\u00e9<\/strong><\/p>\n<p>T\u00edtulo da disserta\u00e7\u00e3o: Novos partidos pol\u00edticos na Guin\u00e9-Bissau: uma an\u00e1lise dos seus impactos na institucionaliza\u00e7\u00e3o do sistema partid\u00e1rio (1991-2019)<\/p>\n<p>Orientador: Alvaro Barreto<\/p>\n<p>Data da defesa: 20\/06\/2023<\/p>\n<p><a href=\"https:\/\/wp.ufpel.edu.br\/ppgcienciapolitica\/files\/2023\/11\/Paulo-Te-Dissertacao-VF.pdf\">Acesse a disserta\u00e7\u00e3o em arquivo digital pdf<\/a><\/p>\n<p><strong>91. Renata da Silva<\/strong><\/p>\n<p>T\u00edtulo da disserta\u00e7\u00e3o: A constru\u00e7\u00e3o do discurso pol\u00edtico de Nicol\u00e1s Maduro na campanha eleitoral de 2018 na Venezuela<\/p>\n<p>Orientadora: Daniel de Mendon\u00e7a<\/p>\n<p>Data da defesa: 11\/08\/2023<\/p>\n<p><a href=\"https:\/\/wp.ufpel.edu.br\/ppgcienciapolitica\/files\/2023\/11\/Dissertacao-Renata-da-Silva-VF.pdf\">Acesse a disserta\u00e7\u00e3o em arquivo digital pdf<\/a><\/p>\n<p><strong>92. Beatriz Franco Pereira do Vale<\/strong><\/p>\n<p>T\u00edtulo da disserta\u00e7\u00e3o: A apropria\u00e7\u00e3o de s\u00edmbolos nacionais pelo bolsonarismo: uma an\u00e1lise de discurso sobre os 7s de Setembro no Governo Bolsonaro<\/p>\n<p>Orientadora: Bianca Linhares<\/p>\n<p>Data da defesa: 14\/08\/2023<\/p>\n<p><a href=\"https:\/\/wp.ufpel.edu.br\/ppgcienciapolitica\/files\/2023\/11\/Dissertacao-Beatriz-Franco-do-Vale-VF.pdf\">Acesse a disserta\u00e7\u00e3o em arquivo digital pdf<\/a><\/p>\n<p><strong>93. Kelen de Morais Cerqueira<\/strong><\/p>\n<p>T\u00edtulo da disserta\u00e7\u00e3o: Difus\u00e3o Internacional de Pr\u00e1ticas Integrativas e Complementares em Sa\u00fade: desafios na implementa\u00e7\u00e3o na aten\u00e7\u00e3o prim\u00e1ria \u00e0 sa\u00fade no Brasil e no Rio Grande do Sul<\/p>\n<p>Orientadora: Silvana Schimanski<\/p>\n<p>Data da defesa: 28\/08\/2023<\/p>\n<p><a href=\"https:\/\/wp.ufpel.edu.br\/ppgcienciapolitica\/files\/2023\/11\/Dissertacao-Kelen-Cerqueira.pdf\">Acesse a disserta\u00e7\u00e3o em arquivo digital pdf<\/a><\/p>\n<p><strong>94. Israel Mawete Ngola Manuel<\/strong><\/p>\n<p>T\u00edtulo da disserta\u00e7\u00e3o: A pol\u00edtica da ponte como ponte para a pol\u00edtica: o papel do FAMA na promo\u00e7\u00e3o da cultura pol\u00edtica e o engajamento c\u00edvico no bairro Malweka (Luanda\/Angola)<\/p>\n<p>Orientadora: Etiene Marroni<\/p>\n<p>Data da defesa: 29\/09\/2023<\/p>\n<p><a href=\"https:\/\/wp.ufpel.edu.br\/ppgcienciapolitica\/files\/2023\/11\/Dissertacao-Israel-Mawete-VF.pdf\">Acesse a disserta\u00e7\u00e3o em arquivo digital pdf<\/a><\/p>\n<p><strong>95. Felismina Tchongo da Silva <\/strong><\/p>\n<p>T\u00edtulo da disserta\u00e7\u00e3o: A promo\u00e7\u00e3o de pol\u00edticas p\u00fablicas para a defesa dos direitos humanos em Guin\u00e9-Bissau e o papel das organiza\u00e7\u00f5es internacionais: a mutila\u00e7\u00e3o genital feminina (MGF)<\/p>\n<p>Orientador: William Daldegan de Freitas<\/p>\n<p>Data da defesa: 08\/12\/2023<\/p>\n<p><a href=\"https:\/\/wp.ufpel.edu.br\/ppgcienciapolitica\/files\/2024\/08\/Dissertacao-Felismina-Tchongo.pdf\">Acesse a disserta\u00e7\u00e3o em arquivo digital pdf<\/a><\/p>\n<p><strong>96. Mariele Afonso Domingues <\/strong><\/p>\n<p>T\u00edtulo da disserta\u00e7\u00e3o: As mulheres na C\u00e2mara Municipal de Pelotas: uma an\u00e1lise acerca dos projetos de lei ordin\u00e1ria propostos pelas vereadoras durante a 20\u00b0 Legislatura 2017-2020<\/p>\n<p>Orientador: Cl\u00e1udio Roberto Cogo Leivas<\/p>\n<p>Data da defesa: 30\/01\/2024<\/p>\n<p><a href=\"https:\/\/wp.ufpel.edu.br\/ppgcienciapolitica\/files\/2024\/08\/Dissertacao-Mariele-Afonso.pdf\">Acesse a disserta\u00e7\u00e3o em arquivo digital pdf<\/a><\/p>\n<p><strong>97. Iban\u00eas de Oliveira Mariano<\/strong><\/p>\n<p>T\u00edtulo da disserta\u00e7\u00e3o:<\/p>\n<p>Orientador: Cl\u00e1udio Roberto Cogo Leivas<\/p>\n<p>Data da defesa: 30\/01\/2024<\/p>\n<p><a href=\"https:\/\/wp.ufpel.edu.br\/ppgcienciapolitica\/files\/2024\/09\/DISSERTAC\u0327A\u0303O_IBANE\u0302S_PDF-FINAL.pdf\">Acesse a disserta\u00e7\u00e3o em arquivo digital pdf<\/a><\/p>\n<p><strong>98. J\u00e9ssica Seabra de Oliveira Alves <\/strong><\/p>\n<p>T\u00edtulo da disserta\u00e7\u00e3o: Judicializa\u00e7\u00e3o da Pol\u00edtica no Brasil: um estudo de caso sobre o inqu\u00e9rito das fake News e os conflitos entre o Supremo Tribunal Federal e os demais poderes<\/p>\n<p>Orientador: Guilherme Camargo Massa\u00fa<\/p>\n<p>Data da defesa: 31\/01\/2024<\/p>\n<p><a href=\"https:\/\/wp.ufpel.edu.br\/ppgcienciapolitica\/files\/2024\/08\/Dissertacao-Jessica-Alves.pdf\">Acesse a disserta\u00e7\u00e3o em arquivo digital pdf<\/a><\/p>\n<p><strong>99. Matheus Islab\u00e3o Martins<\/strong><\/p>\n<p>T\u00edtulo da disserta\u00e7\u00e3o: Democratiza\u00e7\u00e3o da pol\u00edtica cultural: debate sobre o desenvolvimento e inclus\u00e3o pelo Programa Cultura Viva<\/p>\n<p>Orientadora: Etiene Villela Marroni<\/p>\n<p>Data da defesa: 31\/01\/2024<\/p>\n<p><a href=\"https:\/\/wp.ufpel.edu.br\/ppgcienciapolitica\/files\/2024\/08\/Dissertacao-Matheus-Islabao.pdf\">Acesse a disserta\u00e7\u00e3o em arquivo digital pdf<\/a><\/p>\n<p><strong>100. Lohana Pereira da Silva<\/strong><\/p>\n<p>T\u00edtulo da disserta\u00e7\u00e3o:\u00a0Ni Una Menos na Argentina: Mobiliza\u00e7\u00e3o, Demandas e Reconfigura\u00e7\u00f5es do Feminismo Contempor\u00e2neo<\/p>\n<p>Orientadora: Rosangela Marione Schulz<\/p>\n<p>Data de defesa: 15\/02\/2024<\/p>\n<p><a href=\"https:\/\/wp.ufpel.edu.br\/ppgcienciapolitica\/files\/2024\/09\/Dissertac\u0327a\u0303o-Lohana-Pereira-da-Silva.pdf\">Acesse a disserta\u00e7\u00e3o em arquivo digital pdf<\/a><\/p>\n<p><strong>101. Isabela Rodrigues do Nascimento <\/strong><\/p>\n<p>T\u00edtulo da disserta\u00e7\u00e3o: O significante \u201cmulher\u201d em disputa no discurso eleitoral: Sentidos atribu\u00eddos \u00e0 mulher nos discursos eleitorais de Lula e Bolsonaro em 2022<\/p>\n<p>Orientador: Daniel de Mendon\u00e7a<\/p>\n<p>Data da defesa: 27\/02\/2024<\/p>\n<p><a href=\"https:\/\/wp.ufpel.edu.br\/ppgcienciapolitica\/files\/2024\/08\/Dissertacao-Isabela-Nascimento.pdf\">Acesse a disserta\u00e7\u00e3o em arquivo digital pdf<\/a><\/p>\n","protected":false},"excerpt":{"rendered":"<p>85. Luciana Almeida da Silva Teixeira T\u00edtulo da disserta\u00e7\u00e3o: \u201cParticipa\u00e7\u00e3o das advogadas nos espa\u00e7os de poder: an\u00e1lise do empoderamento feminino na OAB\/RS, OAB\/SC e OAB\/PR entre 2015-2021\u201d Orientador: Guilherme Massa\u00fa Data da defesa: 24\/04\/2023 Acesse a disserta\u00e7\u00e3o em arquivo digital pdf 86. Jos\u00e9 Manuel Mussunda da Silva T\u00edtulo da disserta\u00e7\u00e3o: \u201cCultura pol\u00edtica e participa\u00e7\u00e3o: Debates [&hellip;]<\/p>\n","protected":false},"author":555,"featured_media":0,"parent":213,"menu_order":0,"comment_status":"closed","ping_status":"closed","template":"","meta":{"footnotes":""},"class_list":["post-4233","page","type-page","status-publish","hentry"],"jetpack_sharing_enabled":true,"_links":{"self":[{"href":"https:\/\/wp.ufpel.edu.br\/ppgcienciapolitica\/wp-json\/wp\/v2\/pages\/4233","targetHints":{"allow":["GET"]}}],"collection":[{"href":"https:\/\/wp.ufpel.edu.br\/ppgcienciapolitica\/wp-json\/wp\/v2\/pages"}],"about":[{"href":"https:\/\/wp.ufpel.edu.br\/ppgcienciapolitica\/wp-json\/wp\/v2\/types\/page"}],"author":[{"embeddable":true,"href":"https:\/\/wp.ufpel.edu.br\/ppgcienciapolitica\/wp-json\/wp\/v2\/users\/555"}],"replies":[{"embeddable":true,"href":"https:\/\/wp.ufpel.edu.br\/ppgcienciapolitica\/wp-json\/wp\/v2\/comments?post=4233"}],"version-history":[{"count":3,"href":"https:\/\/wp.ufpel.edu.br\/ppgcienciapolitica\/wp-json\/wp\/v2\/pages\/4233\/revisions"}],"predecessor-version":[{"id":5109,"href":"https:\/\/wp.ufpel.edu.br\/ppgcienciapolitica\/wp-json\/wp\/v2\/pages\/4233\/revisions\/5109"}],"up":[{"embeddable":true,"href":"https:\/\/wp.ufpel.edu.br\/ppgcienciapolitica\/wp-json\/wp\/v2\/pages\/213"}],"wp:attachment":[{"href":"https:\/\/wp.ufpel.edu.br\/ppgcienciapolitica\/wp-json\/wp\/v2\/media?parent=4233"}],"curies":[{"name":"wp","href":"https:\/\/api.w.org\/{rel}","templated":true}]}}