{"id":4196,"date":"2023-07-11T18:33:44","date_gmt":"2023-07-11T21:33:44","guid":{"rendered":"https:\/\/wp.ufpel.edu.br\/ppgcienciapolitica\/?page_id=4196"},"modified":"2023-08-14T18:20:10","modified_gmt":"2023-08-14T21:20:10","slug":"selecao-suplementar-doutorado-2023","status":"publish","type":"page","link":"https:\/\/wp.ufpel.edu.br\/ppgcienciapolitica\/mestrado-em-ciencia-politica-selecao-2016\/selecao-suplementar-doutorado-2023\/","title":{"rendered":"SELE\u00c7\u00c3O SUPLEMENTAR DOUTORADO 2023"},"content":{"rendered":"<p>J\u00e1 est\u00e1 dispon\u00edvel o Edital de Sele\u00e7\u00e3o do PPGCPol\/UFPel para a turma suplementar de Doutorado 2023:<\/p>\n<p>Edital: <a href=\"https:\/\/wp.ufpel.edu.br\/ppgcienciapolitica\/files\/2023\/07\/SEI_UFPel-2252852-Edital-de-selecao-PRPPG-1.pdf\">SEI_UFPel &#8211; 2252852 &#8211; Edital de sele\u00e7\u00e3o PRPPG<\/a><\/p>\n<p>Lista de Inscri\u00e7\u00f5es Homologadas: <a href=\"https:\/\/wp.ufpel.edu.br\/ppgcienciapolitica\/files\/2023\/07\/Inscricoes-homologadas-fase-pre-recursal.pdf\">Inscri\u00e7\u00f5es homologadas (fase pr\u00e9-recursal)<\/a><\/p>\n<p>Lista de Inscri\u00e7\u00f5es Homologadas: <a href=\"https:\/\/wp.ufpel.edu.br\/ppgcienciapolitica\/files\/2023\/07\/Inscricoes-homologadas.pdf\">Inscri\u00e7\u00f5es homologadas (final)<\/a><\/p>\n<p>Etapa 1: <a href=\"https:\/\/wp.ufpel.edu.br\/ppgcienciapolitica\/files\/2023\/08\/Resultado-Etapa-1-fase-pre-recursal.pdf\">Resultado Etapa 1 (fase pr\u00e9-recursal)<\/a><\/p>\n<p>Etapa 2: <a href=\"https:\/\/wp.ufpel.edu.br\/ppgcienciapolitica\/files\/2023\/08\/Etapa-2-Cronograma.pdf\">Cronograma<\/a><\/p>\n<p>Etapa 2: <a href=\"https:\/\/wp.ufpel.edu.br\/ppgcienciapolitica\/files\/2023\/08\/Resultados-Etapa-2-fase-pre-recursal.pdf\">Resultado Etapa 2 (fase pr\u00e9-recursal)<\/a><\/p>\n<p>Etapa 3: <a href=\"https:\/\/wp.ufpel.edu.br\/ppgcienciapolitica\/files\/2023\/08\/Resultado-Etapa-3-pre-recursal.pdf\">Resultado Etapa 3 (pr\u00e9-recursal)<\/a><\/p>\n<p>Resultado final: <a href=\"https:\/\/wp.ufpel.edu.br\/ppgcienciapolitica\/files\/2023\/08\/Resultado-final-pre-recursal.pdf\">Resultado final (pr\u00e9-recursal)<\/a><\/p>\n<p>Resultado final: <a href=\"https:\/\/wp.ufpel.edu.br\/ppgcienciapolitica\/files\/2023\/08\/Resultado-Final.pdf\">Resultado Final<\/a><\/p>\n<p>Banca Examinadora: Prof. William Daldegan (presidente), prof. Alvaro Barreto, prof. Daniel de Mendon\u00e7a, profa. Luciana Ballestrin (suplente)<\/p>\n","protected":false},"excerpt":{"rendered":"<p>J\u00e1 est\u00e1 dispon\u00edvel o Edital de Sele\u00e7\u00e3o do PPGCPol\/UFPel para a turma suplementar de Doutorado 2023: Edital: SEI_UFPel &#8211; 2252852 &#8211; Edital de sele\u00e7\u00e3o PRPPG Lista de Inscri\u00e7\u00f5es Homologadas: Inscri\u00e7\u00f5es homologadas (fase pr\u00e9-recursal) Lista de Inscri\u00e7\u00f5es Homologadas: Inscri\u00e7\u00f5es homologadas (final) Etapa 1: Resultado Etapa 1 (fase pr\u00e9-recursal) Etapa 2: Cronograma Etapa 2: Resultado Etapa 2 [&hellip;]<\/p>\n","protected":false},"author":555,"featured_media":0,"parent":378,"menu_order":0,"comment_status":"closed","ping_status":"closed","template":"","meta":{"footnotes":""},"class_list":["post-4196","page","type-page","status-publish","hentry"],"jetpack_sharing_enabled":true,"_links":{"self":[{"href":"https:\/\/wp.ufpel.edu.br\/ppgcienciapolitica\/wp-json\/wp\/v2\/pages\/4196","targetHints":{"allow":["GET"]}}],"collection":[{"href":"https:\/\/wp.ufpel.edu.br\/ppgcienciapolitica\/wp-json\/wp\/v2\/pages"}],"about":[{"href":"https:\/\/wp.ufpel.edu.br\/ppgcienciapolitica\/wp-json\/wp\/v2\/types\/page"}],"author":[{"embeddable":true,"href":"https:\/\/wp.ufpel.edu.br\/ppgcienciapolitica\/wp-json\/wp\/v2\/users\/555"}],"replies":[{"embeddable":true,"href":"https:\/\/wp.ufpel.edu.br\/ppgcienciapolitica\/wp-json\/wp\/v2\/comments?post=4196"}],"version-history":[{"count":8,"href":"https:\/\/wp.ufpel.edu.br\/ppgcienciapolitica\/wp-json\/wp\/v2\/pages\/4196\/revisions"}],"predecessor-version":[{"id":4279,"href":"https:\/\/wp.ufpel.edu.br\/ppgcienciapolitica\/wp-json\/wp\/v2\/pages\/4196\/revisions\/4279"}],"up":[{"embeddable":true,"href":"https:\/\/wp.ufpel.edu.br\/ppgcienciapolitica\/wp-json\/wp\/v2\/pages\/378"}],"wp:attachment":[{"href":"https:\/\/wp.ufpel.edu.br\/ppgcienciapolitica\/wp-json\/wp\/v2\/media?parent=4196"}],"curies":[{"name":"wp","href":"https:\/\/api.w.org\/{rel}","templated":true}]}}