{"id":3892,"date":"2022-12-13T13:28:19","date_gmt":"2022-12-13T16:28:19","guid":{"rendered":"https:\/\/wp.ufpel.edu.br\/ppgcienciapolitica\/?page_id=3892"},"modified":"2025-10-07T20:33:30","modified_gmt":"2025-10-07T23:33:30","slug":"turma-2020","status":"publish","type":"page","link":"https:\/\/wp.ufpel.edu.br\/ppgcienciapolitica\/publicacoes\/dissertacoes\/turma-2020\/","title":{"rendered":"Turma 2020 (Disserta\u00e7\u00f5es)"},"content":{"rendered":"<p><strong>82. Filipe Botelho Soares Dutra Fernandes<\/strong><\/p>\n<p>T\u00edtulo da disserta\u00e7\u00e3o: &#8220;Pol\u00edticas de Mem\u00f3ria: a atua\u00e7\u00e3o do Estado Brasileiro frente ao seu passado ditatorial militar \u2013 da Lei de Anistia ao governo Bolsonaro&#8221;<\/p>\n<p>Orientador: Carlos Artur Gallo<\/p>\n<p>Data de defesa: 17\/05\/2022<\/p>\n<p><a href=\"https:\/\/wp.ufpel.edu.br\/ppgcienciapolitica\/files\/2022\/12\/Filipe-Botelho-Dissertacao-VF.pdf\">Acesse a disserta\u00e7\u00e3o em arquivo digital pdf<\/a><\/p>\n<p><strong>83. Agustina Martiarena Pazos<\/strong><\/p>\n<p>T\u00edtulo da disserta\u00e7\u00e3o: &#8220;A direita reage e se reinventa: a irrup\u00e7\u00e3o de Cabildo Abierto no cen\u00e1rio pol\u00edtico uruguaio&#8221;<\/p>\n<p>Orientador: Pedro Robertt<\/p>\n<p>Data da defesa: 29\/06\/2022<\/p>\n<p><a href=\"https:\/\/wp.ufpel.edu.br\/ppgcienciapolitica\/files\/2022\/12\/Agustina-Martiarena-Dissertacao-VF-1.pdf\">Acesse a disserta\u00e7\u00e3o em arquivo digital pdf<\/a><\/p>\n<p><strong>84. Carlos Eduardo Perola<\/strong><\/p>\n<p>T\u00edtulo da disserta\u00e7\u00e3o: &#8220;Ativismo autista no Brasil: as redes sociais digitais como ferramentas para o reconhecimento&#8221;<\/p>\n<p>Orientadora: Etiene Marroni<\/p>\n<p>Data de defesa: 24\/11\/2022<\/p>\n<p><a href=\"https:\/\/wp.ufpel.edu.br\/ppgcienciapolitica\/files\/2022\/12\/Carlos-Perola-Dissertacao-VF.pdf\">Acesse a disserta\u00e7\u00e3o em arquivo digital pdf<\/a><\/p>\n<p><strong>87. Vict\u00f3ria Antonia Gon\u00e7alves de Oliveira Salom\u00e3o<\/strong><\/p>\n<p>T\u00edtulo da disserta\u00e7\u00e3o: &#8220;\u201c\u00bfGiro a la derecha en Uruguay?\u201d: investigando o discurso da direita uruguaia<br \/>\nnas elei\u00e7\u00f5es \u00e0 Presid\u00eancia em 2019&#8221;<\/p>\n<p>Orientador: Cl\u00e1udio Leivas<\/p>\n<p>Data de defesa: 08\/05\/2023<\/p>\n<p><a href=\"https:\/\/wp.ufpel.edu.br\/ppgcienciapolitica\/files\/2023\/07\/Dissertacao-Victoria-Salomao-VF.pdf\">Acesse a disserta\u00e7\u00e3o em arquivo digital pdf<\/a><\/p>\n<p><strong>88. \u00c9dna Alice Duarte Da Rocha<\/strong><\/p>\n<p>T\u00edtulo da disserta\u00e7\u00e3o: Um Retrato Da Sub-Representa\u00e7\u00e3o Pol\u00edtica No Rio Grande Do Sul (2016-2020): uma an\u00e1lise sobre o desempenho de mulheres negras nas elei\u00e7\u00f5es municipais<\/p>\n<p>Orientadora: Rosangela Schulz<\/p>\n<p>Data de defesa: 23\/05\/2023<\/p>\n<p><a href=\"https:\/\/wp.ufpel.edu.br\/ppgcienciapolitica\/files\/2023\/11\/Dissertacao-Edna-Rocha-VF.pdf\">Acesse a disserta\u00e7\u00e3o em arquivo digital pdf<\/a><\/p>\n<p><strong>90. Miguel Soares Silveira<\/strong><\/p>\n<p>T\u00edtulo da disserta\u00e7\u00e3o: Quem s\u00e3o as pessoas politicamente invis\u00edveis? Uma an\u00e1lise do campo pol\u00edtico e das candidaturas trans nas elei\u00e7\u00f5es municipais brasileiras de 2020<\/p>\n<p>Orientadora: Rosangela Schulz<\/p>\n<p>Data de defesa: 20\/07\/2023<\/p>\n<p><a href=\"https:\/\/wp.ufpel.edu.br\/ppgcienciapolitica\/files\/2023\/11\/Dissertacao-Miguel-Silveira-VF.pdf\">Acesse a disserta\u00e7\u00e3o em arquivo digital pdf<\/a><\/p>\n","protected":false},"excerpt":{"rendered":"<p>82. Filipe Botelho Soares Dutra Fernandes T\u00edtulo da disserta\u00e7\u00e3o: &#8220;Pol\u00edticas de Mem\u00f3ria: a atua\u00e7\u00e3o do Estado Brasileiro frente ao seu passado ditatorial militar \u2013 da Lei de Anistia ao governo Bolsonaro&#8221; Orientador: Carlos Artur Gallo Data de defesa: 17\/05\/2022 Acesse a disserta\u00e7\u00e3o em arquivo digital pdf 83. Agustina Martiarena Pazos T\u00edtulo da disserta\u00e7\u00e3o: &#8220;A direita [&hellip;]<\/p>\n","protected":false},"author":555,"featured_media":0,"parent":213,"menu_order":0,"comment_status":"closed","ping_status":"closed","template":"","meta":{"footnotes":""},"class_list":["post-3892","page","type-page","status-publish","hentry"],"jetpack_sharing_enabled":true,"_links":{"self":[{"href":"https:\/\/wp.ufpel.edu.br\/ppgcienciapolitica\/wp-json\/wp\/v2\/pages\/3892","targetHints":{"allow":["GET"]}}],"collection":[{"href":"https:\/\/wp.ufpel.edu.br\/ppgcienciapolitica\/wp-json\/wp\/v2\/pages"}],"about":[{"href":"https:\/\/wp.ufpel.edu.br\/ppgcienciapolitica\/wp-json\/wp\/v2\/types\/page"}],"author":[{"embeddable":true,"href":"https:\/\/wp.ufpel.edu.br\/ppgcienciapolitica\/wp-json\/wp\/v2\/users\/555"}],"replies":[{"embeddable":true,"href":"https:\/\/wp.ufpel.edu.br\/ppgcienciapolitica\/wp-json\/wp\/v2\/comments?post=3892"}],"version-history":[{"count":3,"href":"https:\/\/wp.ufpel.edu.br\/ppgcienciapolitica\/wp-json\/wp\/v2\/pages\/3892\/revisions"}],"predecessor-version":[{"id":5110,"href":"https:\/\/wp.ufpel.edu.br\/ppgcienciapolitica\/wp-json\/wp\/v2\/pages\/3892\/revisions\/5110"}],"up":[{"embeddable":true,"href":"https:\/\/wp.ufpel.edu.br\/ppgcienciapolitica\/wp-json\/wp\/v2\/pages\/213"}],"wp:attachment":[{"href":"https:\/\/wp.ufpel.edu.br\/ppgcienciapolitica\/wp-json\/wp\/v2\/media?parent=3892"}],"curies":[{"name":"wp","href":"https:\/\/api.w.org\/{rel}","templated":true}]}}