{"id":3859,"date":"2022-10-27T13:44:33","date_gmt":"2022-10-27T16:44:33","guid":{"rendered":"https:\/\/wp.ufpel.edu.br\/ppgcienciapolitica\/?page_id=3859"},"modified":"2023-02-22T23:23:23","modified_gmt":"2023-02-23T02:23:23","slug":"selecao-mestrado-2023","status":"publish","type":"page","link":"https:\/\/wp.ufpel.edu.br\/ppgcienciapolitica\/mestrado-em-ciencia-politica-selecao-2016\/selecao-mestrado-2023\/","title":{"rendered":"Sele\u00e7\u00e3o Mestrado 2023"},"content":{"rendered":"<p>J\u00e1 est\u00e1 dispon\u00edvel o Edital de Sele\u00e7\u00e3o do PPGCPol\/UFPel para a turma de Mestrado 2022:<\/p>\n<p>Edital de Sele\u00e7\u00e3o: <a href=\"https:\/\/wp.ufpel.edu.br\/ppgcienciapolitica\/files\/2022\/10\/Edital-Selecao-Mestrado-PPGCPol-2023.pdf\">Edital Sele\u00e7\u00e3o Mestrado PPGCPol 2023<\/a><\/p>\n<p><a href=\"https:\/\/wp.ufpel.edu.br\/ppgcienciapolitica\/files\/2022\/11\/SEI_UFPel-1943853-Edital-de-Retificacao-PRPPG-1.pdf\">SEI_UFPel &#8211; 1943853 &#8211; Edital de Retifica\u00e7\u00e3o PRPPG\u00a0<\/a><\/p>\n<p><a href=\"https:\/\/wp.ufpel.edu.br\/ppgcienciapolitica\/files\/2023\/01\/LISTA-DE-INSCRIC\u0327O\u0303ES-HOMOLOGADAS-pre\u0301-recursos-1.pdf\">Lista de inscri\u00e7\u00f5es homologadas (preliminar)<\/a><\/p>\n<p><a href=\"https:\/\/wp.ufpel.edu.br\/ppgcienciapolitica\/files\/2023\/02\/LISTA-DE-INSCRIC\u0327O\u0303ES-HOMOLOGADAS-po\u0301s-recursos.pdf\">Lista de inscri\u00e7\u00f5es homologadas (final)<\/a><\/p>\n<p><a href=\"https:\/\/wp.ufpel.edu.br\/ppgcienciapolitica\/files\/2023\/02\/RESULTADO-ETAPA-1.pdf\">Resultado Etapa 1<\/a><\/p>\n<p><a href=\"https:\/\/wp.ufpel.edu.br\/ppgcienciapolitica\/files\/2023\/02\/Cronograma-Etapa-2-3.pdf\">Cronograma Etapa 2<\/a><\/p>\n<p><a href=\"https:\/\/wp.ufpel.edu.br\/ppgcienciapolitica\/files\/2023\/02\/Resultado-Etapa-2-preliminar.pdf\">Resultado Etapa 2 <\/a><\/p>\n<p><a href=\"https:\/\/wp.ufpel.edu.br\/ppgcienciapolitica\/files\/2023\/02\/Resultado-Etapa-3.pdf\">Resultado Etapa 3<\/a><\/p>\n<p><a href=\"https:\/\/wp.ufpel.edu.br\/ppgcienciapolitica\/files\/2023\/02\/Resultado-final-provisorio.pdf\">Resultado final (provis\u00f3rio)<\/a><\/p>\n<p><a href=\"https:\/\/wp.ufpel.edu.br\/ppgcienciapolitica\/files\/2023\/02\/Resultado-final.pdf\">Resultado final<\/a><\/p>\n<p>Comiss\u00e3o de Sele\u00e7\u00e3o: William Daldegan (Presidente), Bianca Linhares, Ros\u00e2ngela Schulz, Silvana Schimanschi (Suplente)<\/p>\n","protected":false},"excerpt":{"rendered":"<p>J\u00e1 est\u00e1 dispon\u00edvel o Edital de Sele\u00e7\u00e3o do PPGCPol\/UFPel para a turma de Mestrado 2022: Edital de Sele\u00e7\u00e3o: Edital Sele\u00e7\u00e3o Mestrado PPGCPol 2023 SEI_UFPel &#8211; 1943853 &#8211; Edital de Retifica\u00e7\u00e3o PRPPG\u00a0 Lista de inscri\u00e7\u00f5es homologadas (preliminar) Lista de inscri\u00e7\u00f5es homologadas (final) Resultado Etapa 1 Cronograma Etapa 2 Resultado Etapa 2 Resultado Etapa 3 Resultado final [&hellip;]<\/p>\n","protected":false},"author":555,"featured_media":0,"parent":378,"menu_order":0,"comment_status":"closed","ping_status":"closed","template":"","meta":{"footnotes":""},"class_list":["post-3859","page","type-page","status-publish","hentry"],"jetpack_sharing_enabled":true,"_links":{"self":[{"href":"https:\/\/wp.ufpel.edu.br\/ppgcienciapolitica\/wp-json\/wp\/v2\/pages\/3859","targetHints":{"allow":["GET"]}}],"collection":[{"href":"https:\/\/wp.ufpel.edu.br\/ppgcienciapolitica\/wp-json\/wp\/v2\/pages"}],"about":[{"href":"https:\/\/wp.ufpel.edu.br\/ppgcienciapolitica\/wp-json\/wp\/v2\/types\/page"}],"author":[{"embeddable":true,"href":"https:\/\/wp.ufpel.edu.br\/ppgcienciapolitica\/wp-json\/wp\/v2\/users\/555"}],"replies":[{"embeddable":true,"href":"https:\/\/wp.ufpel.edu.br\/ppgcienciapolitica\/wp-json\/wp\/v2\/comments?post=3859"}],"version-history":[{"count":17,"href":"https:\/\/wp.ufpel.edu.br\/ppgcienciapolitica\/wp-json\/wp\/v2\/pages\/3859\/revisions"}],"predecessor-version":[{"id":4039,"href":"https:\/\/wp.ufpel.edu.br\/ppgcienciapolitica\/wp-json\/wp\/v2\/pages\/3859\/revisions\/4039"}],"up":[{"embeddable":true,"href":"https:\/\/wp.ufpel.edu.br\/ppgcienciapolitica\/wp-json\/wp\/v2\/pages\/378"}],"wp:attachment":[{"href":"https:\/\/wp.ufpel.edu.br\/ppgcienciapolitica\/wp-json\/wp\/v2\/media?parent=3859"}],"curies":[{"name":"wp","href":"https:\/\/api.w.org\/{rel}","templated":true}]}}