{"id":3796,"date":"2022-07-22T11:09:37","date_gmt":"2022-07-22T14:09:37","guid":{"rendered":"https:\/\/wp.ufpel.edu.br\/ppgcienciapolitica\/?page_id=3796"},"modified":"2025-05-01T21:07:23","modified_gmt":"2025-05-02T00:07:23","slug":"documentos-para-deposito-final-teses-e-dissertacoes","status":"publish","type":"page","link":"https:\/\/wp.ufpel.edu.br\/ppgcienciapolitica\/documentos\/documentos-para-deposito-final-teses-e-dissertacoes\/","title":{"rendered":"Orienta\u00e7\u00f5es e documentos para dep\u00f3sito final teses e disserta\u00e7\u00f5es"},"content":{"rendered":"<p>Orienta\u00e7\u00f5es:<\/p>\n<p>Para fins de solicita\u00e7\u00e3o de diploma junto ao programa, \u00e9 preciso enviar para nossa secretaria a vers\u00e3o final da tese ou disserta\u00e7\u00e3o em <strong>arquivo pdf, <\/strong>o <strong>Termo de Autoriza\u00e7\u00e3o<\/strong> da Biblioteca para publica\u00e7\u00e3o da vers\u00e3o final e <strong>c\u00f3pia atualizada do Curr\u00edculo Lattes<\/strong> . Por sua vez, a vers\u00e3o final da tese ou disserta\u00e7\u00e3o deve conter <strong>Folha de Aprova\u00e7\u00e3o<\/strong> e <strong>Ficha Catalogr\u00e1fica<\/strong> (dois dos elementos pr\u00e9-textuais obrigat\u00f3rios), conforme a orienta\u00e7\u00e3o do <strong>Manual de normas<\/strong> para os trabalhos acad\u00eamicos da UFPel. Abaixo, disponibilizamos os documentos necess\u00e1rios para tais encaminhamentos.<\/p>\n<p><a href=\"https:\/\/wp.ufpel.edu.br\/ppgcienciapolitica\/files\/2023\/11\/Manual-UFPel-2023.pdf\">Manual de normal UFPel para trabalhos acad\u00eamicos 2023 <\/a>(obrigatoriamente, para ser utilizado nos trabalhos defendidos a partir do m\u00eas de mar\u00e7o do ano de 2024)<\/p>\n<p><a href=\"https:\/\/wp.ufpel.edu.br\/ppgcienciapolitica\/files\/2022\/07\/Modelo-folha-de-aprovacao-PPGCPol.docx\">Modelo Folha de Aprova\u00e7\u00e3o PPGCPol<\/a><\/p>\n<p>Capa e p\u00e1ginas pr\u00e9-textuais e p\u00f3s-textuais em formato Office Word (utilizar e inserir o modelo de Folha de Aprova\u00e7\u00e3o acima): <a href=\"https:\/\/wp.ufpel.edu.br\/sisbi\/files\/2017\/05\/Capa_Paginas_pre-textuais_e_pos-textuais.docx\">Capa e P\u00e1ginas pr\u00e9-textuais e p\u00f3s-textuais<\/a><\/p>\n<p>Ficha Catalogr\u00e1fica: Solicita\u00e7\u00e3o via sistema Cobalto:<em> Biblioteca \u2013 Cadastros \u2013 Ficha catalogr\u00e1fica <\/em>(em caso de d\u00favidas, consultar tutorial: <a href=\"https:\/\/wp.ufpel.edu.br\/sisbi\/files\/2023\/12\/TUTORIAL-FICHAS-2023.pdf\">https:\/\/wp.ufpel.edu.br\/sisbi\/files\/2023\/12\/TUTORIAL-FICHAS-2023.pdf<\/a>)<\/p>\n<p><a href=\"https:\/\/wp.ufpel.edu.br\/sisbi\/files\/2024\/02\/Termo-Dissertacoes-e-Teses.pdf\">Termo de Autoriza\u00e7\u00e3o Biblioteca UFPel &#8211; Publica\u00e7\u00e3o de vers\u00e3o final de Teses e de Disserta\u00e7\u00f5es<\/a><\/p>\n<p>&nbsp;<\/p>\n","protected":false},"excerpt":{"rendered":"<p>Orienta\u00e7\u00f5es: Para fins de solicita\u00e7\u00e3o de diploma junto ao programa, \u00e9 preciso enviar para nossa secretaria a vers\u00e3o final da tese ou disserta\u00e7\u00e3o em arquivo pdf, o Termo de Autoriza\u00e7\u00e3o da Biblioteca para publica\u00e7\u00e3o da vers\u00e3o final e c\u00f3pia atualizada do Curr\u00edculo Lattes . Por sua vez, a vers\u00e3o final da tese ou disserta\u00e7\u00e3o deve [&hellip;]<\/p>\n","protected":false},"author":555,"featured_media":0,"parent":40,"menu_order":0,"comment_status":"closed","ping_status":"closed","template":"","meta":{"footnotes":""},"class_list":["post-3796","page","type-page","status-publish","hentry"],"jetpack_sharing_enabled":true,"_links":{"self":[{"href":"https:\/\/wp.ufpel.edu.br\/ppgcienciapolitica\/wp-json\/wp\/v2\/pages\/3796","targetHints":{"allow":["GET"]}}],"collection":[{"href":"https:\/\/wp.ufpel.edu.br\/ppgcienciapolitica\/wp-json\/wp\/v2\/pages"}],"about":[{"href":"https:\/\/wp.ufpel.edu.br\/ppgcienciapolitica\/wp-json\/wp\/v2\/types\/page"}],"author":[{"embeddable":true,"href":"https:\/\/wp.ufpel.edu.br\/ppgcienciapolitica\/wp-json\/wp\/v2\/users\/555"}],"replies":[{"embeddable":true,"href":"https:\/\/wp.ufpel.edu.br\/ppgcienciapolitica\/wp-json\/wp\/v2\/comments?post=3796"}],"version-history":[{"count":12,"href":"https:\/\/wp.ufpel.edu.br\/ppgcienciapolitica\/wp-json\/wp\/v2\/pages\/3796\/revisions"}],"predecessor-version":[{"id":4890,"href":"https:\/\/wp.ufpel.edu.br\/ppgcienciapolitica\/wp-json\/wp\/v2\/pages\/3796\/revisions\/4890"}],"up":[{"embeddable":true,"href":"https:\/\/wp.ufpel.edu.br\/ppgcienciapolitica\/wp-json\/wp\/v2\/pages\/40"}],"wp:attachment":[{"href":"https:\/\/wp.ufpel.edu.br\/ppgcienciapolitica\/wp-json\/wp\/v2\/media?parent=3796"}],"curies":[{"name":"wp","href":"https:\/\/api.w.org\/{rel}","templated":true}]}}