{"id":37,"date":"2015-10-08T15:27:41","date_gmt":"2015-10-08T18:27:41","guid":{"rendered":"https:\/\/wp.ufpel.edu.br\/ppgcienciapolitica\/?page_id=37"},"modified":"2025-10-02T20:05:29","modified_gmt":"2025-10-02T23:05:29","slug":"regimento","status":"publish","type":"page","link":"https:\/\/wp.ufpel.edu.br\/ppgcienciapolitica\/documentos\/regimento\/","title":{"rendered":"Regimento"},"content":{"rendered":"<p><a href=\"https:\/\/wp.ufpel.edu.br\/ppgcienciapolitica\/files\/2025\/10\/SEI_3317467_Parecer_Normativo_COCEPE_124.pdf\">Resolu\u00e7\u00e3o COCEPE\/ Regimento PPGCPol<\/a> &#8211; em vigor a partir de 18 de setembro de 2025<\/p>\n<p><a href=\"https:\/\/wp.ufpel.edu.br\/ppgcienciapolitica\/files\/2019\/08\/RESOLU\u00c7\u00c3O-28.2019-Regimento-PPG-Ci\u00eancia-Pol\u00edtica.pdf\">Resolu\u00e7\u00e3o COCEPE\/Regimento PPGCPol<\/a> &#8211; revogado<\/p>\n<p><a href=\"https:\/\/wp.ufpel.edu.br\/ppgcienciapolitica\/files\/2015\/10\/Regimento-PPGCPol-Final.pdf\" rel=\"\">Regimento PPGCPol <\/a>\u00a0&#8211; revogado<\/p>\n<p>&nbsp;<\/p>\n","protected":false},"excerpt":{"rendered":"<p>Resolu\u00e7\u00e3o COCEPE\/ Regimento PPGCPol &#8211; em vigor a partir de 18 de setembro de 2025 Resolu\u00e7\u00e3o COCEPE\/Regimento PPGCPol &#8211; revogado Regimento PPGCPol \u00a0&#8211; revogado &nbsp;<\/p>\n","protected":false},"author":555,"featured_media":0,"parent":40,"menu_order":0,"comment_status":"closed","ping_status":"closed","template":"","meta":{"footnotes":""},"class_list":["post-37","page","type-page","status-publish","hentry"],"jetpack_sharing_enabled":true,"_links":{"self":[{"href":"https:\/\/wp.ufpel.edu.br\/ppgcienciapolitica\/wp-json\/wp\/v2\/pages\/37","targetHints":{"allow":["GET"]}}],"collection":[{"href":"https:\/\/wp.ufpel.edu.br\/ppgcienciapolitica\/wp-json\/wp\/v2\/pages"}],"about":[{"href":"https:\/\/wp.ufpel.edu.br\/ppgcienciapolitica\/wp-json\/wp\/v2\/types\/page"}],"author":[{"embeddable":true,"href":"https:\/\/wp.ufpel.edu.br\/ppgcienciapolitica\/wp-json\/wp\/v2\/users\/555"}],"replies":[{"embeddable":true,"href":"https:\/\/wp.ufpel.edu.br\/ppgcienciapolitica\/wp-json\/wp\/v2\/comments?post=37"}],"version-history":[{"count":3,"href":"https:\/\/wp.ufpel.edu.br\/ppgcienciapolitica\/wp-json\/wp\/v2\/pages\/37\/revisions"}],"predecessor-version":[{"id":5078,"href":"https:\/\/wp.ufpel.edu.br\/ppgcienciapolitica\/wp-json\/wp\/v2\/pages\/37\/revisions\/5078"}],"up":[{"embeddable":true,"href":"https:\/\/wp.ufpel.edu.br\/ppgcienciapolitica\/wp-json\/wp\/v2\/pages\/40"}],"wp:attachment":[{"href":"https:\/\/wp.ufpel.edu.br\/ppgcienciapolitica\/wp-json\/wp\/v2\/media?parent=37"}],"curies":[{"name":"wp","href":"https:\/\/api.w.org\/{rel}","templated":true}]}}