{"id":357,"date":"2015-11-24T17:15:41","date_gmt":"2015-11-24T19:15:41","guid":{"rendered":"https:\/\/wp.ufpel.edu.br\/ppgcienciapolitica\/?page_id=357"},"modified":"2022-12-29T19:51:41","modified_gmt":"2022-12-29T22:51:41","slug":"357-2","status":"publish","type":"page","link":"https:\/\/wp.ufpel.edu.br\/ppgcienciapolitica\/apresentacao\/357-2\/","title":{"rendered":"Infraestrutura"},"content":{"rendered":"<div><span style=\"font-size: 14pt; color: #800000;\"><strong><span style=\"font-family: georgia, palatino, serif;\">1 &#8211; Laborat\u00f3rio de Inform\u00e1tica (IFISP):<\/span><\/strong><\/span><\/div>\n<div><\/div>\n<div style=\"text-align: justify;\"><span style=\"font-family: georgia, palatino, serif; font-size: 12pt;\">Em 2013, os Programas de P\u00f3s-Gradua\u00e7\u00e3o em Ci\u00eancia Pol\u00edtica e em Sociologia da UFPel inauguraram um novo, amplo e moderno laborat\u00f3rio de inform\u00e1tica (LABIFISP) que tem tamb\u00e9m a fun\u00e7\u00e3o de sala de aula para disciplinas ligadas ao ensino de metodologias e t\u00e9cnicas de pesquisa quantitativas e qualitativas nas \u00c1reas da Ci\u00eancia Pol\u00edtica e da Sociologia. O uso deste espa\u00e7o \u00e9 exclusivo de docentes e discentes ligados a ambos os Programas de P\u00f3s-Gradua\u00e7\u00e3o mencionados e todos os equipamentos constantes foram adquiridos com recursos oriundos de editais de pesquisa ou de compra de\u00a0 equipamentos que professores do PPGCPol ou do PPGS foram contemplados. Equipam este laborat\u00f3rio, de forma permanente, 08 computadores de \u00faltima gera\u00e7\u00e3o, sendo 04 deles iMACs, 27 polegadas, 3,2 GHz, 8GB de mem\u00f3ria e 04 PCs, 21 polegadas, 3,5GHz, 8GB de mem\u00f3ria, todos com acesso \u00e0 internet de alta velocidade. S\u00e3o m\u00e1quinas extremamente velozes e capazes de processar bancos de dados e softwares quali-quantitativos com qualidade e de forma \u00e1gil, al\u00e9m dos programas de edi\u00e7\u00e3o de textos e de elabora\u00e7\u00e3o de tabelas (word, excel, pages, numbers etc.). Al\u00e9m destes computadores estarem devidamente instalados em esta\u00e7\u00f5es de trabalho pr\u00f3prias, em mesas espec\u00edficas para este fim e acompanhadas de cadeiras estofadas e girat\u00f3rias, os mesmos possuem 03 licen\u00e7as da vers\u00e3o mais recente do software de an\u00e1lise quantitativa SPSS e mais 03 licen\u00e7as da vers\u00e3o mais recente do software de an\u00e1lise qualitativa NVIVO. Tais softwares s\u00e3o usados para an\u00e1lise de dados de pesquisas conduzidas por docentes e discentes de ambos os Programas, al\u00e9m de servirem como instrumentos fundamentais para aulas ou cursos de metodologia e t\u00e9cnicas de pesquisa. Todos os computadores t\u00eam igualmente acesso a diversas bases de pesquisa com \u00eanfase ao \u201cPortal de Peri\u00f3dicos\u201d da CAPES, com a possibilidade de download de artigos cient\u00edficos completos das mais importantes revistas cient\u00edficas de diversas \u00e1reas do conhecimento. O laborat\u00f3rio conta ainda com Datashow, impressora, cadeiras estofadas para aulas, mesa e cadeira para professor, quadro branco, al\u00e9m de uma grande mesa para estudos e reuni\u00f5es de grupos de pesquisa, capaz de comportar at\u00e9 15 pessoas. O espa\u00e7o conta ainda com Split (com ar quente\/frio), equipamento n\u00e3o somente indispens\u00e1vel para proporcionar um ambiente confort\u00e1vel para estudo e pesquisa, mas tamb\u00e9m para a manuten\u00e7\u00e3o e o bom funcionamento dos equipamentos de inform\u00e1tica dispon\u00edveis. Al\u00e9m dos equipamentos permanentes do laborat\u00f3rio, o mesmo est\u00e1 equipado com 15 pontos de internet e 15 de energia aos docentes e discentes que preferirem usar laptops pessoais. O espa\u00e7o conta tamb\u00e9m com acesso wireless dos sinais da Biblioteca Setorial de Ci\u00eancias Sociais e do Instituto de Filosofia, Sociologia e Pol\u00edtica, onde est\u00e1 localizado no segundo andar. Para acompanhar a agenda de reservas, acessar: <a href=\"https:\/\/wp.ufpel.edu.br\/ppgcienciapolitica\/laboratorio-de-informatica\/\">Laborat\u00f3rio de Inform\u00e1tica.<\/a><\/span><\/div>\n<div><span style=\"font-family: georgia, palatino, serif; font-size: 12pt;\">\u00a0<\/span><\/div>\n<div><span style=\"font-family: georgia, palatino, serif; font-size: 12pt;\">Recursos de Inform\u00e1tica<\/span><\/div>\n<div><span style=\"font-family: georgia, palatino, serif; font-size: 12pt;\">1. 08 computadores de \u00faltima gera\u00e7\u00e3o, sendo 04 deles iMACs, 27 polegadas, 3,2 GHz, 8GB de mem\u00f3ria e 04 PCs, 21 polegadas, 3,5GHz, 8GB de mem\u00f3ria.<\/span><\/div>\n<div><span style=\"font-family: georgia, palatino, serif; font-size: 12pt;\">2. Programas de edi\u00e7\u00e3o de textos e elabora\u00e7\u00e3o de tabelas (word, excel, pages, numbers etc.).<\/span><\/div>\n<div><span style=\"font-family: georgia, palatino, serif; font-size: 12pt;\">3. 03 licen\u00e7as do software de an\u00e1lise quantitativa SPSS.<\/span><\/div>\n<div><span style=\"font-family: georgia, palatino, serif; font-size: 12pt;\">4. 03 licen\u00e7as do software de an\u00e1lise qualitativa NVIVO.<\/span><\/div>\n<div><span style=\"font-family: georgia, palatino, serif; font-size: 12pt;\">5. Acesso a diversas bases de pesquisa com \u00eanfase ao \u201cPortal de Peri\u00f3dicos\u201d da CAPES, com a possiblidade de download de artigos cient\u00edficos completos das mais importantes revistas cient\u00edficas de diversas \u00e1reas do conhecimento.<\/span><\/div>\n<div><span style=\"font-family: georgia, palatino, serif; font-size: 12pt;\">6. 15 pontos de internet para uso de laptops.<\/span><\/div>\n<div><span style=\"font-family: georgia, palatino, serif; font-size: 12pt;\">7. Acessos wireless dos sinais da Biblioteca Setorial de Ci\u00eancias Sociais e do Instituto de Filosofia, Sociologia e Pol\u00edtica.<\/span><\/div>\n<div><span style=\"color: #5133ab; font-family: Arial, sans-serif; font-size: medium;\">\u00a0<\/span><\/div>\n<div><span style=\"color: #800000;\"><strong><span style=\"font-size: 14pt;\">2 &#8211; Biblioteca de Ci\u00eancias Sociais (BCS):<\/span><\/strong><\/span><\/div>\n<div><\/div>\n<div><span style=\"font-family: georgia, palatino, serif; font-size: 12pt;\">Os discentes do Programa de P\u00f3s-Gradua\u00e7\u00e3o em Ci\u00eancia Pol\u00edtica t\u00eam acesso ilimitado aos recursos da Biblioteca de Ci\u00eancias Sociais (BCS), localizada no t\u00e9rreo do pr\u00e9dio do CEHUS. A Biblioteca de Ci\u00eancias Sociais foi organizada em 2000, a partir da unifica\u00e7\u00e3o das bibliotecas setoriais das seguintes unidades da UFPel: Faculdade de Educa\u00e7\u00e3o, Instituto de Letras e Artes, Instituto de Sociologia e Pol\u00edtica, Instituto de Ci\u00eancias Humanas, Faculdade de Arquitetura e Urbanismo e Cursos de Turismo e Administra\u00e7\u00e3o Hoteleira e Hospitalar da Faculdade de Ci\u00eancias Dom\u00e9sticas.<\/span><\/div>\n<div><span style=\"font-family: georgia, palatino, serif; font-size: 12pt;\">\u00a0<\/span><\/div>\n<div><span style=\"font-family: georgia, palatino, serif; font-size: 12pt;\">1. Acervo:<\/span><\/div>\n<div><span style=\"font-family: georgia, palatino, serif; font-size: 12pt;\">1.1 \u00c1reas cobertas pela cole\u00e7\u00e3o: Educa\u00e7\u00e3o, Ci\u00eancia Pol\u00edtica, Sociologia, Antropologia, Filosofia, Economia, Hist\u00f3ria, Geografia, Arquitetura e Urbanismo, Letras e Artes, Turismo e Administra\u00e7\u00e3o de Empresas.<\/span><\/div>\n<div><span style=\"font-family: georgia, palatino, serif; font-size: 12pt;\">1.2 Tipo de material do acervo: &#8211; Livros, peri\u00f3dicos, folhetos, cat\u00e1logos de arte, disserta\u00e7\u00f5es\/teses\/monografias &#8211; Relat\u00f3rios, CD-ROM, fitas de v\u00eddeo, fitas-cassete, teses em microfichas, bases de dados (CD)<\/span><\/div>\n<div><span style=\"font-family: georgia, palatino, serif; font-size: 12pt;\">1.3 Volume do acervo (INFORMATIZADO): 49.151 &#8211; Livros: 43805v. &#8211; Peri\u00f3dicos: 707t. &#8211; Folhetos: 2203v. &#8211; Teses\/Disserta\u00e7\u00f5es: 1058t. &#8211; Monografias\/Relat\u00f3rios: 1652t. &#8211; Material visual: 426 &#8211; Material especial: 6<\/span><\/div>\n<div><span style=\"font-family: georgia, palatino, serif; font-size: 12pt;\">1.4 Pol\u00edtica de aquisi\u00e7\u00e3o Sele\u00e7\u00e3o do material informacional \u00e9 feita a partir da indica\u00e7\u00e3o de bibliografia por professores das disciplinas, seguindo o seguinte crit\u00e9rio de aquisi\u00e7\u00e3o: &#8211; Bibliografia b\u00e1sica: 3 exemplares &#8211; Bibliografia complementar: 2 exemplares<\/span><\/div>\n<div><span style=\"font-family: georgia, palatino, serif; font-size: 12pt;\">\u00a0<\/span><\/div>\n<div><span style=\"font-family: georgia, palatino, serif; font-size: 12pt;\">2. Produtos gerados pela Biblioteca:<\/span><\/div>\n<div><span style=\"font-family: georgia, palatino, serif; font-size: 12pt;\">&#8211; Sum\u00e1rios Correntes<\/span><\/div>\n<div><span style=\"font-family: georgia, palatino, serif; font-size: 12pt;\">&#8211; Relat\u00f3rio<\/span><\/div>\n<div><span style=\"font-family: georgia, palatino, serif; font-size: 12pt;\">&#8211; Boletins informativos<\/span><\/div>\n<div><span style=\"font-family: georgia, palatino, serif; font-size: 12pt;\">\u00a0<\/span><\/div>\n<div><span style=\"font-family: georgia, palatino, serif; font-size: 12pt;\">3. Servi\u00e7os oferecidos pela Biblioteca:<\/span><\/div>\n<div><span style=\"font-family: georgia, palatino, serif; font-size: 12pt;\">&#8211; Empr\u00e9stimo domiciliar<\/span><\/div>\n<div><span style=\"font-family: georgia, palatino, serif; font-size: 12pt;\">&#8211; Consulta local<\/span><\/div>\n<div><span style=\"font-family: georgia, palatino, serif; font-size: 12pt;\">&#8211; Cataloga\u00e7\u00e3o na fonte<\/span><\/div>\n<div><span style=\"font-family: georgia, palatino, serif; font-size: 12pt;\">&#8211; Comuta\u00e7\u00e3o bibliogr\u00e1fica (COMUT)<\/span><\/div>\n<div><span style=\"font-family: georgia, palatino, serif; font-size: 12pt;\">&#8211; Acesso ao Portal da CAPES<\/span><\/div>\n<div><span style=\"font-family: georgia, palatino, serif; font-size: 12pt;\">&#8211; Acesso ao Portal da Pesquisa<\/span><\/div>\n<div><span style=\"font-family: georgia, palatino, serif; font-size: 12pt;\">&#8211; IBGE<\/span><\/div>\n<div><span style=\"font-family: georgia, palatino, serif; font-size: 12pt;\">&#8211; Normatiza\u00e7\u00e3o de trabalhos t\u00e9cnicos cient\u00edficos<\/span><\/div>\n<div><span style=\"font-family: georgia, palatino, serif; font-size: 12pt;\">&#8211; Obras em reserva<\/span><\/div>\n<div><span style=\"font-family: georgia, palatino, serif; font-size: 12pt;\">&#8211; Treinamento de uso da biblioteca<\/span><\/div>\n<div><span style=\"font-family: georgia, palatino, serif; font-size: 12pt;\">&#8211; Treinamento de uso do manual de normatiza\u00e7\u00e3o de trabalhos<\/span><\/div>\n<div><span style=\"font-family: georgia, palatino, serif; font-size: 12pt;\">&#8211; Orienta\u00e7\u00e3o \u00e0 pesquisa bibliogr\u00e1fica manual e automatizada (Base de Dados)<\/span><\/div>\n<div><span style=\"font-family: georgia, palatino, serif; font-size: 12pt;\">&#8211; Orienta\u00e7\u00e3o \u00e0 elabora\u00e7\u00e3o de refer\u00eancias<\/span><\/div>\n<div><span style=\"font-family: georgia, palatino, serif; font-size: 12pt;\">&#8211; Dissemina\u00e7\u00e3o Seletiva da Informa\u00e7\u00e3o (SDI)<\/span><\/div>\n<div><span style=\"font-family: georgia, palatino, serif; font-size: 12pt;\">&#8211; Sistema de Bibliotecas da UFPel &#8211; <a href=\"http:\/\/www.ufpel.edu.br\/\" target=\"_blank\" rel=\"noopener noreferrer\">http:\/\/www.ufpel.edu.br\/<\/a> Acesso: <a href=\"http:\/\/prg.ufpel.edu.br\/sisbi\" target=\"_blank\" rel=\"noopener noreferrer\">http:\/\/prg.ufpel.edu.br\/sisbi<\/a><\/span><\/div>\n<div><span style=\"font-family: georgia, palatino, serif; font-size: 12pt;\">&#8211; Sistema de Gerencilmento de Acervo: Rede Pergamum (<a href=\"http:\/\/pergamum.ufpel.edu.br\/pergamum\/biblioteca\/index.php\" target=\"_blank\" rel=\"noopener noreferrer\">http:\/\/pergamum.ufpel.edu.br\/pergamum\/biblioteca\/index.php<\/a>), instalado em 2011, com acesso eletr\u00f4nico aos seguintes servi\u00e7os: consulta ao acervo, reserva de materiais; fazer login para renovar materiais, consultar pend\u00eancias, d\u00e9bitos, hist\u00f3rico de empr\u00e9stimos e de pesquisas, salvar pesquisas, exportar refer\u00eancias e enviar pesquisas por email.<\/span><\/div>\n<div><span style=\"font-family: georgia, palatino, serif; font-size: 12pt;\">\u00a0<\/span><\/div>\n<div><span style=\"font-family: georgia, palatino, serif; font-size: 12pt;\">4. Espa\u00e7os dispon\u00edveis<\/span><\/div>\n<div><span style=\"font-family: georgia, palatino, serif; font-size: 12pt;\">&#8211; Salas de estudo em grupo (06)<\/span><\/div>\n<div><span style=\"font-family: georgia, palatino, serif; font-size: 12pt;\">&#8211; Sala com 08 compartimentos para estudo individual<\/span><\/div>\n<div><span style=\"font-family: georgia, palatino, serif; font-size: 12pt;\">&#8211; Sala de Estudo (Programas de P\u00f3s-Gradua\u00e7\u00e3o)<\/span><\/div>\n<div><span style=\"font-family: georgia, palatino, serif; font-size: 12pt;\">&#8211; Obras raras<\/span><\/div>\n<div><span style=\"font-family: georgia, palatino, serif; font-size: 12pt;\">&#8211; \u00c1rea de acervo do IBGE (Deposit\u00e1ria)<\/span><\/div>\n<div><span style=\"font-family: georgia, palatino, serif; font-size: 12pt;\">&#8211; Obras de refer\u00eancia<\/span><\/div>\n<div><span style=\"font-family: georgia, palatino, serif; font-size: 12pt;\">&#8211; \u00c1rea de consulta de livros<\/span><\/div>\n<div><span style=\"font-family: georgia, palatino, serif; font-size: 12pt;\">&#8211; \u00c1rea de consulta de peri\u00f3dicos<\/span><\/div>\n<div><span style=\"font-family: georgia, palatino, serif; font-size: 12pt;\">&#8211; Audit\u00f3rio para 20 pessoas<\/span><\/div>\n<div><span style=\"font-family: georgia, palatino, serif; font-size: 12pt;\">&#8211; Sala de triagem das obras recebidas<\/span><\/div>\n<div><span style=\"font-family: georgia, palatino, serif; font-size: 12pt;\">&#8211; Sala de processamento t\u00e9cnico<\/span><\/div>\n<div><span style=\"font-family: georgia, palatino, serif; font-size: 12pt;\">&#8211; Sala de restaura\u00e7\u00e3o e encaderna\u00e7\u00e3o<\/span><\/div>\n<div><span style=\"font-family: georgia, palatino, serif; font-size: 12pt;\">\u00a0<\/span><\/div>\n<div><span style=\"font-family: georgia, palatino, serif; font-size: 12pt;\">5. Participa\u00e7\u00e3o em Programa de Informa\u00e7\u00e3o Nacional:<\/span><\/div>\n<div><span style=\"font-family: georgia, palatino, serif; font-size: 12pt;\">&#8211; Portal de CAPES &#8211; <a href=\"http:\/\/www.periodicos.capes.gov.br\/\" target=\"_blank\" rel=\"noopener noreferrer\">http:\/\/www.periodicos.capes.gov.br\/<\/a><\/span><\/div>\n<div><span style=\"font-family: georgia, palatino, serif; font-size: 12pt;\">&#8211; Portal da Pesquisa &#8211; <a href=\"http:\/\/www.portaldapesquisa.com.br\/\" target=\"_blank\" rel=\"noopener noreferrer\">www.portaldapesquisa.com.br<\/a><\/span><\/div>\n<div><span style=\"font-family: georgia, palatino, serif; font-size: 12pt;\">&#8211; COMUT &#8211; <a href=\"http:\/\/www.ibict.br\/\" target=\"_blank\" rel=\"noopener noreferrer\">www.ibict.br<\/a> (biblioteca solicitante)<\/span><\/div>\n<div><span style=\"font-family: georgia, palatino, serif; font-size: 12pt;\">&#8211; BDTD &#8211; Biblioteca Digital de Teses e Disserta\u00e7\u00f5es <a href=\"http:\/\/bdtd.ibict.br\/\" target=\"_blank\" rel=\"noopener noreferrer\">http:\/\/bdtd.ibict.br\/<\/a><\/span><\/div>\n<div><span style=\"font-family: georgia, palatino, serif; font-size: 12pt;\">\u00a0<\/span><\/div>\n<div><span style=\"font-family: georgia, palatino, serif; font-size: 12pt;\">6. Recursos:<\/span><\/div>\n<div><span style=\"font-family: georgia, palatino, serif; font-size: 12pt;\">A Biblioteca possui 19 computadores ligados \u00e0 Internet: 11 para uso interno e 08 para os usu\u00e1rios consultarem o acervo. Com a implanta\u00e7\u00e3o do Portal da Capes e da Pesquisa, muitos t\u00edtulos de peri\u00f3dicos deixaram de ser assinados, restando os seguintes: &#8211; Estudos em Avalia\u00e7\u00e3o Educacional &#8211; Documenta &#8211; Presen\u00e7a Pedag\u00f3gica &#8211; Constru\u00e7\u00e3o e mercado &#8211; Revista Tchne<\/span><\/div>\n","protected":false},"excerpt":{"rendered":"<p>1 &#8211; Laborat\u00f3rio de Inform\u00e1tica (IFISP): Em 2013, os Programas de P\u00f3s-Gradua\u00e7\u00e3o em Ci\u00eancia Pol\u00edtica e em Sociologia da UFPel inauguraram um novo, amplo e moderno laborat\u00f3rio de inform\u00e1tica (LABIFISP) que tem tamb\u00e9m a fun\u00e7\u00e3o de sala de aula para disciplinas ligadas ao ensino de metodologias e t\u00e9cnicas de pesquisa quantitativas e qualitativas nas \u00c1reas [&hellip;]<\/p>\n","protected":false},"author":555,"featured_media":0,"parent":55,"menu_order":0,"comment_status":"closed","ping_status":"closed","template":"","meta":{"footnotes":""},"class_list":["post-357","page","type-page","status-publish","hentry"],"jetpack_sharing_enabled":true,"_links":{"self":[{"href":"https:\/\/wp.ufpel.edu.br\/ppgcienciapolitica\/wp-json\/wp\/v2\/pages\/357","targetHints":{"allow":["GET"]}}],"collection":[{"href":"https:\/\/wp.ufpel.edu.br\/ppgcienciapolitica\/wp-json\/wp\/v2\/pages"}],"about":[{"href":"https:\/\/wp.ufpel.edu.br\/ppgcienciapolitica\/wp-json\/wp\/v2\/types\/page"}],"author":[{"embeddable":true,"href":"https:\/\/wp.ufpel.edu.br\/ppgcienciapolitica\/wp-json\/wp\/v2\/users\/555"}],"replies":[{"embeddable":true,"href":"https:\/\/wp.ufpel.edu.br\/ppgcienciapolitica\/wp-json\/wp\/v2\/comments?post=357"}],"version-history":[{"count":10,"href":"https:\/\/wp.ufpel.edu.br\/ppgcienciapolitica\/wp-json\/wp\/v2\/pages\/357\/revisions"}],"predecessor-version":[{"id":3926,"href":"https:\/\/wp.ufpel.edu.br\/ppgcienciapolitica\/wp-json\/wp\/v2\/pages\/357\/revisions\/3926"}],"up":[{"embeddable":true,"href":"https:\/\/wp.ufpel.edu.br\/ppgcienciapolitica\/wp-json\/wp\/v2\/pages\/55"}],"wp:attachment":[{"href":"https:\/\/wp.ufpel.edu.br\/ppgcienciapolitica\/wp-json\/wp\/v2\/media?parent=357"}],"curies":[{"name":"wp","href":"https:\/\/api.w.org\/{rel}","templated":true}]}}