{"id":3510,"date":"2021-12-27T14:18:56","date_gmt":"2021-12-27T17:18:56","guid":{"rendered":"https:\/\/wp.ufpel.edu.br\/ppgcienciapolitica\/?page_id=3510"},"modified":"2021-12-27T14:18:56","modified_gmt":"2021-12-27T17:18:56","slug":"rsulacp","status":"publish","type":"page","link":"https:\/\/wp.ufpel.edu.br\/ppgcienciapolitica\/publicacoes\/revistas\/rsulacp\/","title":{"rendered":"RSULACP"},"content":{"rendered":"<p>A Revista Sul-Americana de Ci\u00eancia Pol\u00edtica (RSulACP) \u00e9 o peri\u00f3dico cient\u00edfico e\u00a0eletr\u00f4nico editado pelo Programa de P\u00f3s-gradua\u00e7\u00e3o em Ci\u00eancia Pol\u00edtica da\u00a0Universidade Federal de Pelotas (PPGCPol\/UFPel), Brasil.<\/p>\n<p><a class=\"link\" href=\"http:\/\/periodicos.ufpel.edu.br\/ojs2\/index.php\/rsulacp\/index\" target=\"_blank\" rel=\"noopener noreferrer\">Acesse aqui a Revista Sul-Americana de Ci\u00eancia Pol\u00edtica<\/a><\/p>\n<p>&nbsp;<\/p>\n<p><img class=\"aligncenter\" src=\"https:\/\/periodicos.ufpel.edu.br\/ojs2\/public\/journals\/7\/homepageImage_pt_BR.png\" alt=\"Imagem para capa da revista\" width=\"293\" height=\"293\" \/><\/p>\n","protected":false},"excerpt":{"rendered":"<p>A Revista Sul-Americana de Ci\u00eancia Pol\u00edtica (RSulACP) \u00e9 o peri\u00f3dico cient\u00edfico e\u00a0eletr\u00f4nico editado pelo Programa de P\u00f3s-gradua\u00e7\u00e3o em Ci\u00eancia Pol\u00edtica da\u00a0Universidade Federal de Pelotas (PPGCPol\/UFPel), Brasil. Acesse aqui a Revista Sul-Americana de Ci\u00eancia Pol\u00edtica &nbsp;<\/p>\n","protected":false},"author":555,"featured_media":0,"parent":209,"menu_order":0,"comment_status":"closed","ping_status":"closed","template":"","meta":{"footnotes":""},"class_list":["post-3510","page","type-page","status-publish","hentry"],"jetpack_sharing_enabled":true,"_links":{"self":[{"href":"https:\/\/wp.ufpel.edu.br\/ppgcienciapolitica\/wp-json\/wp\/v2\/pages\/3510","targetHints":{"allow":["GET"]}}],"collection":[{"href":"https:\/\/wp.ufpel.edu.br\/ppgcienciapolitica\/wp-json\/wp\/v2\/pages"}],"about":[{"href":"https:\/\/wp.ufpel.edu.br\/ppgcienciapolitica\/wp-json\/wp\/v2\/types\/page"}],"author":[{"embeddable":true,"href":"https:\/\/wp.ufpel.edu.br\/ppgcienciapolitica\/wp-json\/wp\/v2\/users\/555"}],"replies":[{"embeddable":true,"href":"https:\/\/wp.ufpel.edu.br\/ppgcienciapolitica\/wp-json\/wp\/v2\/comments?post=3510"}],"version-history":[{"count":2,"href":"https:\/\/wp.ufpel.edu.br\/ppgcienciapolitica\/wp-json\/wp\/v2\/pages\/3510\/revisions"}],"predecessor-version":[{"id":3512,"href":"https:\/\/wp.ufpel.edu.br\/ppgcienciapolitica\/wp-json\/wp\/v2\/pages\/3510\/revisions\/3512"}],"up":[{"embeddable":true,"href":"https:\/\/wp.ufpel.edu.br\/ppgcienciapolitica\/wp-json\/wp\/v2\/pages\/209"}],"wp:attachment":[{"href":"https:\/\/wp.ufpel.edu.br\/ppgcienciapolitica\/wp-json\/wp\/v2\/media?parent=3510"}],"curies":[{"name":"wp","href":"https:\/\/api.w.org\/{rel}","templated":true}]}}