{"id":3438,"date":"2021-08-12T12:03:56","date_gmt":"2021-08-12T15:03:56","guid":{"rendered":"https:\/\/wp.ufpel.edu.br\/ppgcienciapolitica\/?page_id=3438"},"modified":"2021-08-12T12:04:14","modified_gmt":"2021-08-12T15:04:14","slug":"turma-2021","status":"publish","type":"page","link":"https:\/\/wp.ufpel.edu.br\/ppgcienciapolitica\/corpo-docente\/mestrado\/turma-2021\/","title":{"rendered":"Turma 2021"},"content":{"rendered":"<p>Beatriz Franco Pereira do Valle<\/p>\n<p>Daniela de Cassia Wochnicki<\/p>\n<p>Dauda Uali<\/p>\n<p>Felismina Inacio Tchongo da Silva<\/p>\n<p>Iban\u00eas de Oliveira Mariano<\/p>\n<p>Isabela Cristina Bertram de Moraes<\/p>\n<p>Isabela Rodrigues do Nascimento<\/p>\n<p>Israel Mawete Ngola Manuel<\/p>\n<p>J\u00e9ssica Seabra de Oliveira Alves<\/p>\n<p>Jos\u00e9 Manuel Mussunda da Silva<\/p>\n<p>Kelen de Morais Cerqueira<\/p>\n<p>Lohana Pereira da Silva<\/p>\n<p>Luciana Almeida da Silva Teixeira<\/p>\n<p>Mariele Afonso Domingues<\/p>\n<p>Matheus Islab\u00e3o Martins<\/p>\n<p>Paulo An\u00f3s T\u00e9<\/p>\n<p>Renata da Silva<\/p>\n","protected":false},"excerpt":{"rendered":"<p>Beatriz Franco Pereira do Valle Daniela de Cassia Wochnicki Dauda Uali Felismina Inacio Tchongo da Silva Iban\u00eas de Oliveira Mariano Isabela Cristina Bertram de Moraes Isabela Rodrigues do Nascimento Israel Mawete Ngola Manuel J\u00e9ssica Seabra de Oliveira Alves Jos\u00e9 Manuel Mussunda da Silva Kelen de Morais Cerqueira Lohana Pereira da Silva Luciana Almeida da Silva [&hellip;]<\/p>\n","protected":false},"author":555,"featured_media":0,"parent":487,"menu_order":0,"comment_status":"closed","ping_status":"closed","template":"","meta":{"footnotes":""},"class_list":["post-3438","page","type-page","status-publish","hentry"],"jetpack_sharing_enabled":true,"_links":{"self":[{"href":"https:\/\/wp.ufpel.edu.br\/ppgcienciapolitica\/wp-json\/wp\/v2\/pages\/3438","targetHints":{"allow":["GET"]}}],"collection":[{"href":"https:\/\/wp.ufpel.edu.br\/ppgcienciapolitica\/wp-json\/wp\/v2\/pages"}],"about":[{"href":"https:\/\/wp.ufpel.edu.br\/ppgcienciapolitica\/wp-json\/wp\/v2\/types\/page"}],"author":[{"embeddable":true,"href":"https:\/\/wp.ufpel.edu.br\/ppgcienciapolitica\/wp-json\/wp\/v2\/users\/555"}],"replies":[{"embeddable":true,"href":"https:\/\/wp.ufpel.edu.br\/ppgcienciapolitica\/wp-json\/wp\/v2\/comments?post=3438"}],"version-history":[{"count":2,"href":"https:\/\/wp.ufpel.edu.br\/ppgcienciapolitica\/wp-json\/wp\/v2\/pages\/3438\/revisions"}],"predecessor-version":[{"id":3440,"href":"https:\/\/wp.ufpel.edu.br\/ppgcienciapolitica\/wp-json\/wp\/v2\/pages\/3438\/revisions\/3440"}],"up":[{"embeddable":true,"href":"https:\/\/wp.ufpel.edu.br\/ppgcienciapolitica\/wp-json\/wp\/v2\/pages\/487"}],"wp:attachment":[{"href":"https:\/\/wp.ufpel.edu.br\/ppgcienciapolitica\/wp-json\/wp\/v2\/media?parent=3438"}],"curies":[{"name":"wp","href":"https:\/\/api.w.org\/{rel}","templated":true}]}}