{"id":3360,"date":"2021-06-01T19:56:55","date_gmt":"2021-06-01T22:56:55","guid":{"rendered":"https:\/\/wp.ufpel.edu.br\/ppgcienciapolitica\/?page_id=3360"},"modified":"2021-08-09T09:37:04","modified_gmt":"2021-08-09T12:37:04","slug":"selecao-suplementar-mestrado-2021","status":"publish","type":"page","link":"https:\/\/wp.ufpel.edu.br\/ppgcienciapolitica\/mestrado-em-ciencia-politica-selecao-2016\/selecao-suplementar-mestrado-2021\/","title":{"rendered":"Sele\u00e7\u00e3o Suplementar Mestrado 2021"},"content":{"rendered":"<p><strong>Comiss\u00e3o de Sele\u00e7\u00e3o<\/strong><\/p>\n<p>Alvaro Augusto de Borba Barreto (Presidente)<\/p>\n<p>Etiene Villela Marroni<\/p>\n<p>Guilherme Camargo Massa\u00fa<\/p>\n<p>William Daldegan de Freitas (Suplente)<\/p>\n<p>&nbsp;<\/p>\n<p><strong>Edital de Sele\u00e7\u00e3o:\u00a0<\/strong><a href=\"https:\/\/wp.ufpel.edu.br\/ppgcienciapolitica\/files\/2021\/06\/SEI_UFPel-1318536-Edital-de-selecao-PRPPGI.pdf\">SEI_UFPel &#8211; 1318536 &#8211; Edital de sele\u00e7\u00e3o PRPPGI<\/a><\/p>\n<p><strong>Lista de inscri\u00e7\u00f5es homologadas (resultado): <\/strong><a href=\"https:\/\/wp.ufpel.edu.br\/ppgcienciapolitica\/files\/2021\/07\/Homologacao-das-inscricoes-PPGCPOL-Suplementar-Mestrado-2021.pdf\">Homologa\u00e7\u00e3o das inscri\u00e7\u00f5es PPGCPOL Suplementar Mestrado 2021<\/a><\/p>\n<p><strong>Lista de inscri\u00e7\u00f5es homologadas (definitiva):<\/strong> <a href=\"https:\/\/wp.ufpel.edu.br\/ppgcienciapolitica\/files\/2021\/07\/Homologacao-definitiva-inscricoes-PPGCPOL-Suplementar-Mestrado-2021.pdf\">Homologa\u00e7\u00e3o definitiva inscri\u00e7\u00f5es PPGCPOL Suplementar Mestrado 2021<\/a><\/p>\n<p><strong>Resultado Fase 1 (Avalia\u00e7\u00e3o do Anteprojeto):<\/strong> <a href=\"https:\/\/wp.ufpel.edu.br\/ppgcienciapolitica\/files\/2021\/07\/FASE-1-Anteprojeto-Resultado-Selecao-Suplementar-Mestrado-2021.pdf\">FASE 1 &#8211; Anteprojeto &#8211; Resultado &#8211; Sele\u00e7\u00e3o Suplementar Mestrado 2021<\/a><\/p>\n<p><strong>Cronograma da Fase 2 (Defesa do Anteprojeto):<\/strong> <a href=\"https:\/\/wp.ufpel.edu.br\/ppgcienciapolitica\/files\/2021\/07\/FASE-2-Cronograma-Selecao-Suplementar-Mestrado-2021.pdf\">FASE 2 &#8211; Cronograma &#8211; Sele\u00e7\u00e3o Suplementar Mestrado 2021<\/a><\/p>\n<p><strong>Resultado Fase 2 (Defesa do Anteprojeto): <\/strong><a href=\"https:\/\/wp.ufpel.edu.br\/ppgcienciapolitica\/files\/2021\/08\/FASE-2-Defesa-do-Anteprojeto-Resultado-Selecao-Suplementar-Mestrado-2021.pdf\">FASE 2 &#8211; Defesa do Anteprojeto &#8211; Resultado &#8211; Sele\u00e7\u00e3o Suplementar Mestrado 2021<\/a><\/p>\n<p><strong>Resultado Fase 3 (An\u00e1lise do Curr\u00edculo):<\/strong> <a href=\"https:\/\/wp.ufpel.edu.br\/ppgcienciapolitica\/files\/2021\/08\/FASE-3-Curriculo-Resultado-Selecao-Suplementar-Mestrado-2021.pdf\">FASE 3 &#8211; Curr\u00edculo &#8211; Resultado &#8211; Sele\u00e7\u00e3o Suplementar Mestrado 2021<\/a><\/p>\n<p><strong>Resultado Final (Provis\u00f3rio): <\/strong><a href=\"https:\/\/wp.ufpel.edu.br\/ppgcienciapolitica\/files\/2021\/08\/Resultado-Final-Provisorio-Selecao-Suplementar-Mestrado-2021.pdf\">Resultado Final Provis\u00f3rio &#8211; Sele\u00e7\u00e3o Suplementar Mestrado 2021<\/a><\/p>\n<p><strong>Resultado Final:<\/strong> <a href=\"https:\/\/wp.ufpel.edu.br\/ppgcienciapolitica\/files\/2021\/08\/Resultado-Final-Selecao-Suplementar-Mestrado-2021.pdf\">Resultado Final &#8211; Sele\u00e7\u00e3o Suplementar Mestrado 2021<\/a><\/p>\n","protected":false},"excerpt":{"rendered":"<p>Comiss\u00e3o de Sele\u00e7\u00e3o Alvaro Augusto de Borba Barreto (Presidente) Etiene Villela Marroni Guilherme Camargo Massa\u00fa William Daldegan de Freitas (Suplente) &nbsp; Edital de Sele\u00e7\u00e3o:\u00a0SEI_UFPel &#8211; 1318536 &#8211; Edital de sele\u00e7\u00e3o PRPPGI Lista de inscri\u00e7\u00f5es homologadas (resultado): Homologa\u00e7\u00e3o das inscri\u00e7\u00f5es PPGCPOL Suplementar Mestrado 2021 Lista de inscri\u00e7\u00f5es homologadas (definitiva): Homologa\u00e7\u00e3o definitiva inscri\u00e7\u00f5es PPGCPOL Suplementar Mestrado 2021 [&hellip;]<\/p>\n","protected":false},"author":555,"featured_media":0,"parent":378,"menu_order":0,"comment_status":"closed","ping_status":"closed","template":"","meta":{"footnotes":""},"class_list":["post-3360","page","type-page","status-publish","hentry"],"jetpack_sharing_enabled":true,"_links":{"self":[{"href":"https:\/\/wp.ufpel.edu.br\/ppgcienciapolitica\/wp-json\/wp\/v2\/pages\/3360","targetHints":{"allow":["GET"]}}],"collection":[{"href":"https:\/\/wp.ufpel.edu.br\/ppgcienciapolitica\/wp-json\/wp\/v2\/pages"}],"about":[{"href":"https:\/\/wp.ufpel.edu.br\/ppgcienciapolitica\/wp-json\/wp\/v2\/types\/page"}],"author":[{"embeddable":true,"href":"https:\/\/wp.ufpel.edu.br\/ppgcienciapolitica\/wp-json\/wp\/v2\/users\/555"}],"replies":[{"embeddable":true,"href":"https:\/\/wp.ufpel.edu.br\/ppgcienciapolitica\/wp-json\/wp\/v2\/comments?post=3360"}],"version-history":[{"count":8,"href":"https:\/\/wp.ufpel.edu.br\/ppgcienciapolitica\/wp-json\/wp\/v2\/pages\/3360\/revisions"}],"predecessor-version":[{"id":3425,"href":"https:\/\/wp.ufpel.edu.br\/ppgcienciapolitica\/wp-json\/wp\/v2\/pages\/3360\/revisions\/3425"}],"up":[{"embeddable":true,"href":"https:\/\/wp.ufpel.edu.br\/ppgcienciapolitica\/wp-json\/wp\/v2\/pages\/378"}],"wp:attachment":[{"href":"https:\/\/wp.ufpel.edu.br\/ppgcienciapolitica\/wp-json\/wp\/v2\/media?parent=3360"}],"curies":[{"name":"wp","href":"https:\/\/api.w.org\/{rel}","templated":true}]}}