{"id":33,"date":"2015-10-08T15:26:34","date_gmt":"2015-10-08T18:26:34","guid":{"rendered":"https:\/\/wp.ufpel.edu.br\/ppgcienciapolitica\/?page_id=33"},"modified":"2025-10-09T09:06:35","modified_gmt":"2025-10-09T12:06:35","slug":"corpo-docente-2","status":"publish","type":"page","link":"https:\/\/wp.ufpel.edu.br\/ppgcienciapolitica\/corpo-docente-2\/","title":{"rendered":"Corpo Docente"},"content":{"rendered":"<p><span style=\"color: #993300;\"><strong><span class=\"gmail-style1\">Docentes Permanentes do PPGCPol<\/span><\/strong><\/span><\/p>\n<hr \/>\n<p><strong><a href=\"http:\/\/buscatextual.cnpq.br\/buscatextual\/visualizacv.do?id=K4776855Z1\"><img class=\"gmail-alignnone gmail-wp-image-701\" src=\"https:\/\/wp.ufpel.edu.br\/ppgcienciapolitica\/files\/2015\/10\/\u00cdcone-Lattes.jpeg\" alt=\"\u00cdcone Lattes\" width=\"29\" height=\"36\" \/><\/a>\u00a0A<\/strong><strong>lvaro Augusto de Borba Barreto<\/strong><\/p>\n<p>Professor Titular no Instituto de Filosofia, Sociologia e Pol\u00edtica da Universidade Federal de Pelotas (IFISP\/UFPel). \u00c9 p\u00f3s-doutor em Ci\u00eancia Pol\u00edtica pela Universidade de Lisboa (2019),\u00a0doutor em Hist\u00f3ria pela PUCRS (2001), mestre em Hist\u00f3ria pela UFRGS (1996), especialista em Ci\u00eancia Pol\u00edtica pela UFPel (1992) e graduado em Comunica\u00e7\u00e3o Social pela Universidade Cat\u00f3lica de Pelotas (1989) e em Filosofia pela Universidade Federal de Pelotas (1989). Tem experi\u00eancia na \u00e1rea de Hist\u00f3ria e Ci\u00eancia Pol\u00edtica, atuando principalmente nos seguintes temas: sistema pol\u00edtico brasileiro, elei\u00e7\u00f5es e partidos pol\u00edticos,\u00a0judicializa\u00e7\u00e3o das regras eleitorais, E<span class=\"gmail-Apple-style-span\">ra Vargas (em especial Assembleia Constituinte de 1933-34 e representa\u00e7\u00e3o das associa\u00e7\u00f5es profissionais).<\/span><\/p>\n<p>E-mail para contato: <a class=\"gmail-link\" href=\"mailto:albarret.sul@gmail.com\">albarret.sul@gmail.com<\/a><\/p>\n<p><strong>\u00a0<\/strong><a href=\"http:\/\/buscatextual.cnpq.br\/buscatextual\/visualizacv.do?id=K4776370D6\"><img class=\"gmail-alignnone gmail-wp-image-701\" src=\"https:\/\/wp.ufpel.edu.br\/ppgcienciapolitica\/files\/2015\/10\/\u00cdcone-Lattes.jpeg\" alt=\"\u00cdcone Lattes\" width=\"29\" height=\"36\" \/><\/a><strong>Bianca de Freitas Linhares<\/strong><\/p>\n<p>Doutora em Ci\u00eancia Pol\u00edtica (UFRGS). Possui gradua\u00e7\u00e3o (bacharelado e licenciatura) em Ci\u00eancias Sociais (2003) e mestrado em Ci\u00eancia Pol\u00edtica (2006) pela Universidade Federal do Rio Grande do Sul. Professora do Programa de P\u00f3s-Gradua\u00e7\u00e3o em Ci\u00eancia Pol\u00edtica (PPGCPol) e do Departamento de Sociologia e Pol\u00edtica (DESP) da UFPel. \u00c9 l\u00edder do Grupo de Pesquisa Ideologia e An\u00e1lise de Discurso (IdAD)\/UFPel, onde tem desenvolvido pesquisas a partir da abordagem p\u00f3s-estruturalista e da Teoria do Discurso de Laclau e Mouffe.<\/p>\n<p>E-mail para contato: <a class=\"gmail-link\" href=\"mailto:bipolitica@hotmail.com\">biancaflinhares@gmail.com<\/a><\/p>\n<p><a href=\"http:\/\/lattes.cnpq.br\/6099239530718796\"><img class=\"gmail-alignnone gmail-wp-image-701\" src=\"https:\/\/wp.ufpel.edu.br\/ppgcienciapolitica\/files\/2015\/10\/\u00cdcone-Lattes.jpeg\" alt=\"\" width=\"29\" height=\"35\" \/><\/a><strong>Carlos Artur Gallo<\/strong><\/p>\n<p>Doutor em Ci\u00eancia Pol\u00edtica pela Universidade Federal do Rio Grande do Sul [UFRGS, Porto Alegre, 2016], com Est\u00e1gio Doutoral realizado junto \u00e0 Facultad de Ciencias Pol\u00edticas y Sociolog\u00eda da Universidad Complutense de Madrid [UCM, Madri &#8211; Espanha, 2014-2015]. Professor no Departamento de Sociologia e Pol\u00edtica [DESP] e no Programa de P\u00f3s-Gradua\u00e7\u00e3o em Ci\u00eancia Pol\u00edtica da Universidade Federal de Pelotas [UFPel]. Coordenador do Programa de P\u00f3s-Gradua\u00e7\u00e3o em Ci\u00eancia Pol\u00edtica da UFPel [2019-2021]. \u00c9 autor, entre outros, do livro &#8216;Um acerto de contas com o passado: crimes da ditadura, Leis de Impunidade e decis\u00f5es das Supremas Cortes no Brasil e na Argentina&#8217; [2018] e co-organizador, entre outras, da colet\u00e2nea &#8216;Anistia: 40 anos, uma luta, m\u00faltiplos significados&#8217; [2019], tendo publicado, ainda, cap\u00edtulos de livros e artigos em revistas acad\u00eamicas no Brasil e no exterior. Coordena o N\u00facleo de Pesquisa sobre Pol\u00edticas de Mem\u00f3ria &#8211; NUPPOME [IFISP \/ UFPel]. Pesquisador vinculado a Grupos de Pesquisa na ALACIP [Democratizaci\u00f3n de Am\u00e9rica Latina en Perspectiva Comparada &#8211; DALC], na UFF [N\u00facleo de estudos sobre o Estado, institui\u00e7\u00f5es e politicas p\u00fablicas &#8211; NEEIPP], na UFPel [Arqueologia da Repress\u00e3o e da Resist\u00eancia] e na UFRGS [Processos Participativos na Gest\u00e3o P\u00fablica], desenvolve projetos de pesquisa focados: a) nas rela\u00e7\u00f5es entre pol\u00edtica e sociedade; b) na dimens\u00e3o pol\u00edtica da fun\u00e7\u00e3o jurisdicional; c) nas conex\u00f5es entre mem\u00f3ria, hist\u00f3ria, justi\u00e7a e pol\u00edtica.<\/p>\n<p><span class=\"gmail-Apple-style-span\">E-mail para contato:\u00a0<a href=\"mailto:galloadv@gmail.com\">galloadv@gmail.com<\/a><\/span><\/p>\n<p><strong><a href=\"http:\/\/buscatextual.cnpq.br\/buscatextual\/visualizacv.do?id=K4791558H5\"><img class=\"gmail-alignnone gmail-wp-image-701\" src=\"https:\/\/wp.ufpel.edu.br\/ppgcienciapolitica\/files\/2015\/10\/\u00cdcone-Lattes.jpeg\" alt=\"\u00cdcone Lattes\" width=\"28\" height=\"33\" \/><\/a>Cl\u00e1udio Roberto Cogo Leivas<\/strong><\/p>\n<p>Possui gradua\u00e7\u00e3o em Filosofia pela Pontif\u00edcia Universidade Cat\u00f3lica do Rio Grande do Sul &#8211; PUC-RS (1989), mestrado em Filosofia pela Universidade Federal do Rio Grande do Sul &#8211; UFRGS (1999) e doutorado em Filosofia pela Universidade Federal do Rio Grande do Sul &#8211; UFRGS (2005), com est\u00e1gio doutoral na Universidade da Sorbonne (Paris I). Atualmente \u00e9 Professor Adjunto 3\u00a0na Universidade Federal de Pelotas &#8211; UFPEL. Tem experi\u00eancia na \u00e1rea de Filosofia, com \u00eanfase em Filosofia Pol\u00edtica, atuando principalmente nos seguintes temas: filosofia pol\u00edtica, filosofia natural, filosofia pol\u00edtica das rela\u00e7\u00f5es internacionais, hist\u00f3ria da \u00f3ptica, metafisica e \u00e9tica. Realizou atividades docentes junto \u00e0 Universidade Aberta do Brasil (UAB) como professor colaborador do Curso de Licenciatura em Matem\u00e1tica a Dist\u00e2ncia (CLMD\/UFPel).<\/p>\n<p>E-mail para contato: <a class=\"gmail-link\" href=\"mailto:clleivas@gmail.com\">clleivas@gmail.com<\/a><\/p>\n<p><strong><span class=\"gmail-Apple-style-span\"><a href=\"http:\/\/buscatextual.cnpq.br\/buscatextual\/visualizacv.do?id=K4730409U3\"><img class=\"gmail-alignnone gmail-wp-image-701\" src=\"https:\/\/wp.ufpel.edu.br\/ppgcienciapolitica\/files\/2015\/10\/\u00cdcone-Lattes.jpeg\" alt=\"\u00cdcone Lattes\" width=\"30\" height=\"36\" \/><\/a><\/span>Daniel de Mendon\u00e7a<\/strong><\/p>\n<p>Graduado em Ci\u00eancias Jur\u00eddicas e Sociais pela Pontif\u00edcia Universidade Cat\u00f3lica do Rio Grande do Sul (1997), mestrado (2001) e doutorado (2006) em Ci\u00eancia Pol\u00edtica pela Universidade Federal do Rio Grande do Sul e Est\u00e1gio P\u00f3s-Doutoral em Ideology and Discourse Analysis (2009) na University of Essex. \u00c9 Professor Associado na Universidade Federal de Pelotas. Interessa-se e pesquisa os seguintes temas: p\u00f3s-estruturalismo e o pol\u00edtico, teoria do discurso, ideologia e populismo.<\/p>\n<p>E-mail para contato: <a class=\"gmail-link\" href=\"mailto:ddmendonca@gmail.com\">ddmendonca@gmail.com<\/a><\/p>\n<p>&nbsp;<\/p>\n<p class=\"iw gFxsud\"><span class=\"qu\" tabindex=\"-1\" role=\"gridcell\" translate=\"no\"><span class=\"gD\" data-hovercard-id=\"dhayanacarolina@gmail.com\" data-hovercard-owner-id=\"17\"><strong><a href=\"http:\/\/lattes.cnpq.br\/9255058376778000\" target=\"_blank\" rel=\"http:\/\/lattes.cnpq.br\/9255058376778000 noopener\"><img class=\"alignnone wp-image-4844\" src=\"https:\/\/wp.ufpel.edu.br\/ppgcienciapolitica\/files\/2025\/03\/Icone-Lattes.jpeg\" alt=\"\" width=\"30\" height=\"37\" \/><\/a>Dhayana Carolina Fern\u00e1ndez-Matos<\/strong><\/span><\/span><\/p>\n<p style=\"font-weight: 400;\">Doutora em Ci\u00eancia Pol\u00edtica pela Universidad Pablo de Olavide (Espanha), com mestrado em Direitos Humanos, Estado de Direito e Democracia na Ibero-Am\u00e9rica (Universidad de Alcal\u00e1, Espanha), em G\u00eanero, Identidade e Cidadania (Universidades de C\u00e1diz e Huelva, Espanha) e em Ci\u00eancia Pol\u00edtica e da Administra\u00e7\u00e3o (Universidad Aut\u00f3noma de Barcelona, Espanha). Cientista pol\u00edtica e advogada. Tem atuado como professora universit\u00e1ria na Venezuela, Col\u00f4mbia, M\u00e9xico e Argentina, ministrando disciplinas em programas de gradua\u00e7\u00e3o e p\u00f3s-gradua\u00e7\u00e3o nas \u00e1reas de ci\u00eancia pol\u00edtica, direitos humanos, g\u00eanero e pol\u00edticas p\u00fablicas. Suas pesquisas situam-se na interse\u00e7\u00e3o entre direitos humanos, g\u00eanero e ci\u00eancia pol\u00edtica, abordando temas como a viol\u00eancia contra as mulheres, a migra\u00e7\u00e3o com enfoque diferencial e a lideran\u00e7a pol\u00edtica com enfoque de g\u00eanero.<\/p>\n<p style=\"font-weight: 400;\">E-mail para contato: <a href=\"mailto:dhayanacarolina@gmail.com\">dhayanacarolina@gmail.com<\/a><\/p>\n<p>&nbsp;<\/p>\n<p><strong><a href=\"http:\/\/lattes.cnpq.br\/6400826578762656\"><img class=\"gmail-alignnone gmail-wp-image-701\" src=\"https:\/\/wp.ufpel.edu.br\/ppgcienciapolitica\/files\/2015\/10\/\u00cdcone-Lattes.jpeg\" alt=\"\" width=\"30\" height=\"36\" \/><\/a>Etiene Villela Marroni<\/strong><\/p>\n<p>Doutora em Ci\u00eancia Pol\u00edtica &#8211; Pol\u00edtica Internacional. Professora adjunta da Universidade Federal de Pelotas\/RS (Brasil) e coordenadora \/ pesquisadora do Laborat\u00f3rio de Pol\u00edtica Internacional e Gest\u00e3o do Espa\u00e7o Oce\u00e2nico. Estuda como os Estados costeiros trabalham as pol\u00edticas relacionadas \u00e0 Conven\u00e7\u00e3o das Na\u00e7\u00f5es Unidas sobre o Direito do Mar, e como um pa\u00eds com um grande espa\u00e7o mar\u00edtimo consegue alcan\u00e7ar proje\u00e7\u00e3o internacional. Nesta linha, pesquisa o conceito de Pot\u00eancias Costeiras, movimento territorial\/espacial dos pa\u00edses em dire\u00e7\u00e3o ao oceano. No Brasil, esse espa\u00e7o \u00e9 conhecido como Amaz\u00f4nia Azul, devido ao seu enorme potencial de recursos naturais. Atualmente, dedica-se ao estudo do Planejamento Espacial Marinho em conson\u00e2ncia com a diplomacia, envolvendo as rela\u00e7\u00f5es multilaterais com os pa\u00edses em rela\u00e7\u00e3o ao espa\u00e7o oce\u00e2nico. \u00c9 autora de dois livros sobre Gerenciamento Costeiro no Brasil.<\/p>\n<p><span class=\"gmail-Apple-style-span\">E-mail para contato:\u00a0<a href=\"evmarroni@gmail.com\">evmarroni@gmail.com<\/a><\/span><\/p>\n<p><strong><a href=\"http:\/\/lattes.cnpq.br\/8341523169751885\"><img class=\"gmail-alignnone gmail-wp-image-701 alignnone\" src=\"https:\/\/wp.ufpel.edu.br\/ppgcienciapolitica\/files\/2015\/10\/\u00cdcone-Lattes.jpeg\" alt=\"\u00cdcone Lattes\" width=\"29\" height=\"36\" \/><\/a> Guilherme Camargo Massa\u00fa<\/strong><\/p>\n<p>P\u00f3s-doutor na PUCRS com o Professor Doutor Ingo Sarlet; Doutor em Direito P\u00fablico pela Universidade do Vale do Rio dos Sinos &#8211; Unisinos (Bolsista CAPES\/Prosup), na linha de pesquisa &#8220;Hermen\u00eautica, Constitui\u00e7\u00e3o e Concretiza\u00e7\u00e3o de Direitos?. Mestre em Direito pela Universidade de Coimbra (2003-2006).Professor na Gradua\u00e7\u00e3o em Direito da Universidade Federal de Pelotas e no Mestrado em Direito da Universidade Federal de Pelotas. Concentra seus estudos em Filosofia do Direito, Hist\u00f3ria do Direito, Teoria do Estado e Direito Constitucional. L\u00edder do Grupo de Pesquisa Global Constitutionalism, Rep\u00fablica e Solidariedade e membro do Grupo de Pesquisa Direitos Humanos, Governan\u00e7a e Democracia. Coordenador do Global Human Dignity Project juntamente com o Prof. Dr. Ingo Sarlet. Livro: Metodologia Jur\u00eddica: Do In\u00edcio da Ci\u00eancia do Direito ao Iluminismo Portugu\u00eas (ebook) Editora Atlas; O princ\u00edpio republicano constituinte do mundo-da-vida do Estado constitucional cosmopolita, ed. Uniju\u00ed; O Estado de Direito e as dimes\u00f5es da res publica. ed. Prismas; Princ\u00edpios Constitucionais e Rela\u00e7\u00f5es Internacionais. ed. Livraria do Advogado.<\/p>\n<p>E-mail para contato: <a class=\"gmail-link\" href=\"mailto:uassam@gmail.com\">uassam@gmail.com<\/a><\/p>\n<p><strong><span class=\"gmail-Apple-style-span\"><a href=\"http:\/\/buscatextual.cnpq.br\/buscatextual\/visualizacv.do?id=K4733319J6\"><img class=\"gmail-alignnone gmail-wp-image-701\" src=\"https:\/\/wp.ufpel.edu.br\/ppgcienciapolitica\/files\/2015\/10\/\u00cdcone-Lattes.jpeg\" alt=\"\u00cdcone Lattes\" width=\"28\" height=\"33\" \/><\/a><\/span>Luciana Maria de Arag\u00e3o Ballestrin<\/strong><\/p>\n<p>Professora Associada II de Ci\u00eancia Pol\u00edtica do Curso de Rela\u00e7\u00f5es Internacionais e do Programa de P\u00f3s-Gradua\u00e7\u00e3o em Ci\u00eancia Pol\u00edtica (PPGCPol) no Instituto de Filosofia, Sociologia e Pol\u00edtica (IFISP) da Universidade Federal de Pelotas (UFPel). Atualmente, \u00e9 Coordenadora do PPGCPol\/UFPel, Editora da Revista Sul-Americana de Ci\u00eancia Pol\u00edtica (RSuLACP) e Membro da coordena\u00e7\u00e3o da \u00e1rea de investiga\u00e7\u00e3o de Teoria Pol\u00edtica da Associa\u00e7\u00e3o Latino-americana de Ci\u00eancia Pol\u00edtica (ALACIP). Foi membro da diretoria da Associa\u00e7\u00e3o Brasileira de Ci\u00eancia Pol\u00edtica (ABCP) (2018-2020). Atua na \u00e1rea da Ci\u00eancia Pol\u00edtica, especialmente em teoria pol\u00edtica contempor\u00e2nea (democr\u00e1tica, p\u00f3s-colonial e global turn), procurando avan\u00e7ar no di\u00e1logo te\u00f3rico entre p\u00f3s-colonialismo e democracia. Nos \u00faltimos anos, dedica-se tamb\u00e9m ao estudo da crise global das democracias liberais.<\/p>\n<p>E-mail para contato: <a class=\"gmail-link\" href=\"mailto:luballestra@gmail.com\">luciana.ballestrin@ufpel.edu.br<\/a><\/p>\n<p><strong><a href=\"http:\/\/lattes.cnpq.br\/8100945678722999\"><img class=\"gmail-alignnone gmail-wp-image-701 alignnone\" src=\"https:\/\/wp.ufpel.edu.br\/ppgcienciapolitica\/files\/2015\/10\/\u00cdcone-Lattes.jpeg\" alt=\"\u00cdcone Lattes\" width=\"29\" height=\"36\" \/><\/a> Paulo C\u00e9sar Neves Barboza<\/strong><\/p>\n<p>Possui gradua\u00e7\u00e3o em Direito pela Universidade Federal de Pelotas, mestrado em Direito pela Universidade Federal de Santa Catarina (2007) e doutorado (2023) em Ci\u00eancia Pol\u00edtica pela Universidade Federal de Pelotas. Foi professor na Universidade Federal da Fronteira Sul entre 2011 e 2014. \u00c9 Professor Associado na Universidade Federal de Pelotas, lotado, desde 2014, no Centro de Ci\u00eancias S\u00f3cio-Organizacionais (CCSO). Tem experi\u00eancia na \u00e1rea de Teoria do Direito, Administra\u00e7\u00e3o P\u00fablica e Ci\u00eancia Pol\u00edtica, com \u00eanfase em teoria pol\u00edtica, enfatizando os seguintes temas: democracia contempor\u00e2nea, p\u00f3s-estruturalismo e o pol\u00edtico, e rela\u00e7\u00f5es entre justi\u00e7a e pol\u00edtica.<\/p>\n<p class=\"resumo\">E-mail para contato: <a href=\"mailto:profpaulocesarufpel@gmail.com\">profpaulocesarufpel@gmail.com<\/a><\/p>\n<p><strong><span class=\"gmail-Apple-style-span\"><a href=\"http:\/\/buscatextual.cnpq.br\/buscatextual\/visualizacv.do?id=K4797676H3\"><img class=\"gmail-alignnone gmail-wp-image-701\" src=\"https:\/\/wp.ufpel.edu.br\/ppgcienciapolitica\/files\/2015\/10\/\u00cdcone-Lattes.jpeg\" alt=\"\u00cdcone Lattes\" width=\"28\" height=\"33\" \/><\/a><\/span>Rosangela Marione Schulz<\/strong><\/p>\n<p>Possui gradua\u00e7\u00e3o em Hist\u00f3ria pela Universidade Federal do Rio Grande do Sul (1988), mestrado (1996) e doutorado (2003) em Ci\u00eancia Pol\u00edtica pela Universidade Federal do Rio Grande do Sul. Atualmente \u00e9 professora adjunta no Instituto de Sociologia e Pol\u00edtica (ISP) da Universidade Federal de Pelotas e Coordenadora da Especializa\u00e7\u00e3o em Sociologia e Pol\u00edtica. Tem experi\u00eancia na \u00e1rea de Ci\u00eancia Pol\u00edtica, com \u00eanfase em Teoria Pol\u00edtica, atuando principalmente nos seguintes temas: democracia, participa\u00e7\u00e3o e representa\u00e7\u00e3o pol\u00edtica, movimentos sociais, sociedade civil, conselhos municipais, m\u00eddia e pol\u00edtica, g\u00eanero.\u00a0<span class=\"gmail-Apple-style-span\">\u00c9 coordenadora do Programa de P\u00f3s-Gradua\u00e7\u00e3o em Ci\u00eancia Pol\u00edtica da Universidade Federal de Pelotas.<\/span><\/p>\n<p>E-mail para contato: <a class=\"gmail-link\" href=\"mailto:rosangelaschulz@gmail.com\">rosangelaschulz@gmail.com<\/a><\/p>\n<p><strong><span class=\"gmail-Apple-style-span\"><a href=\"http:\/\/buscatextual.cnpq.br\/buscatextual\/visualizacv.do?id=K4757458H7&amp;tokenCaptchar=03AGdBq25KmeIRXBM_DmycnV0CYOKuWHbHQhelEPlb1ozIUD4p4Mah2HOuZmBFGUjyP0DYOcSqoH7dBxhC7br5M60_zo-QUuT9bVhe-PbflLxmzjRnanfWVW2ItG2s6gwssSJbCgRvMXU6OQrH_UVdkdb6v1ItCC-5UpbtuTFpgFANQ-XhDHbgTnCPdat6FX2a_LWr6IVGpAu44qkoMe_QKr4WZbjEIlAs7oc43nQ-ls0m7R3kqDERv4HCcW88n6D76TANOU-2xZhN4PL9qBNdDeLpVd7fIkZInzsarSciXFMyR-Cr5YkAz-BPovVfAuPj7-rmGvSADJbMne3KaO7WeufkvXJjGqK6Pi3qxuzTdZJMDI1yQ6Tq6FGzcmu-ZbtzujzxddWI6OQwX8h5wJ12sDz3gkpHskVuM7N5zk5oj6rilpm6kD-RC_pqHi4EKfO-DdZjc-SpyZpR33Qji40cUU0A98odeVrhygcNX79O2LJL3Z8f-vQhh6MvTqCk5ACvYkZqRW8FVogKVCxmJ4BNBrqQm9xmYVCf8A\"><img class=\"gmail-alignnone gmail-wp-image-701 alignnone\" src=\"https:\/\/wp.ufpel.edu.br\/ppgcienciapolitica\/files\/2015\/10\/\u00cdcone-Lattes.jpeg\" alt=\"\u00cdcone Lattes\" width=\"28\" height=\"33\" \/><\/a><\/span>Silvana Schimanski<\/strong><\/p>\n<p>Docente e pesquisadora da Universidade Federal de Pelotas (UFPel). Pesquisadora associada ao InterAgency Institute (https:\/\/www.interagency.institute\/). Doutora em Rela\u00e7\u00f5es Internacionais pela Universidade de Bras\u00edlia &#8211; UNB (Bolsista CNPq), na modalidade Doutorado Sandu\u00edche com o Instituto de Altos Estudos Internacionais e do Desenvolvimento, em Genebra-Sui\u00e7a. (Institut de Hautes \u00c9tudes Internationales et du D\u00e9veloppement &#8211; IHEID) (Bolsista Capes). Mestre em Rela\u00e7\u00f5es Internacionais pela Universidade Federal do Rio Grande do Sul &#8211; UFRGS (Bolsista CAPES). Graduada em Administra\u00e7\u00e3o com Habilita\u00e7\u00e3o em Com\u00e9rcio Exterior, pela Universidade do Vale do Itaja\u00ed &#8211; UNIVALI. \u00canfase das pesquisas em Rela\u00e7\u00f5es Internacionais (Multilaterais, Bilaterais e Regionais) e Negocia\u00e7\u00f5es Internacionais. Membro da Associa\u00e7\u00e3o Brasileira de Rela\u00e7\u00f5es Internacionais (ABRI), da Associa\u00e7\u00e3o Latino-Americana de Ci\u00eancia Pol\u00edtica (Alacip) e da International Studies Association (ISA).<\/p>\n<p>E-mail para contato: \u00a0<a href=\"mailto:silvana.schimanski@ufpel.edu.br\" target=\"_blank\" rel=\"noopener\">silvana.schimanski@ufpel.edu.<wbr \/>br<\/a><\/p>\n<p><strong><a href=\"http:\/\/lattes.cnpq.br\/3818113775634102\"><img class=\"gmail-alignnone gmail-wp-image-701 alignnone\" src=\"https:\/\/wp.ufpel.edu.br\/ppgcienciapolitica\/files\/2015\/10\/\u00cdcone-Lattes.jpeg\" alt=\"\u00cdcone Lattes\" width=\"29\" height=\"36\" \/><\/a> William Daldegan<\/strong><\/p>\n<p>Professor Adjunto do Instituto de Filosofia, Sociologia e Pol\u00edtica (IFISP) &#8211; gradua\u00e7\u00e3o em Rela\u00e7\u00f5es Internacionais &#8211; e do Programa de P\u00f3s-Gradua\u00e7\u00e3o em Ci\u00eancia Pol\u00edtica da Universidade Federal de Pelotas (UFPel). \u00c9 doutor em Rela\u00e7\u00f5es Internacionais pelo San Tiago Dantas (UNESP\/ UNICAMP\/ PUC-SP), mestre e bacharel em Rela\u00e7\u00f5es Internacionais pela PUC Minas. Coordena o Grupo de Pesquisa &#8220;Economia, Pol\u00edtica e Desenvolvimento Internacional&#8221; (UFPel) e \u00e9 pesquisador do Grupo de Pesquisa &#8220;Moeda, Finan\u00e7as e Desenvolvimento&#8221; (PUC SP). Seus temas de interesse s\u00e3o: Economia Pol\u00edtica Internacional, Pol\u00edtica Internacional Contempor\u00e2nea, Desenvolvimento Internacional e Negocia\u00e7\u00f5es Internacionais. Atualmente se dedica ao estudo do BRICS e da China em especial. Por fim, \u00e9 membro da Associa\u00e7\u00e3o Brasileira de Rela\u00e7\u00f5es Internacionais (ABRI) e da Rede Brasileira de Estudos da China (RBChina).<\/p>\n<p>E-mail para contato: <a class=\"gmail-link\" href=\"mailto:william.daldegan@ufpel.edu.br\">william.daldegan@ufpel.edu.br<\/a><\/p>\n<p>&nbsp;<\/p>\n<p>&nbsp;<\/p>\n<p class=\"gmail-style1\"><span style=\"color: #993300;\"><span style=\"color: #993300;\"><b>Estagi\u00e1rios\/as<\/b><\/span><strong style=\"color: #993300;\"> de P\u00f3s-Doutorado no PPGCPol\/UFPel<\/strong><\/span><\/p>\n<p>&nbsp;<\/p>\n<p><strong><a href=\"http:\/\/lattes.cnpq.br\/9993369005880937\" target=\"_blank\" rel=\"http:\/\/lattes.cnpq.br\/9993369005880937 noopener\"><img class=\"alignnone wp-image-4844\" src=\"https:\/\/wp.ufpel.edu.br\/ppgcienciapolitica\/files\/2025\/03\/Icone-Lattes.jpeg\" alt=\"\" width=\"30\" height=\"37\" \/><\/a>Carmem Regina Abreu Gon\u00e7alves<\/strong><\/p>\n<p>Doutora em Ci\u00eancias da Comunica\u00e7\u00e3o Pol\u00edtica pela Universidade do vale do Rio dos Sinos (2016).<\/p>\n<p>Bolsista Volunt\u00e1ria<\/p>\n<p>&nbsp;<\/p>\n<p><strong><a href=\"http:\/\/lattes.cnpq.br\/9095508568636675\"><img class=\"alignnone wp-image-4724\" src=\"https:\/\/wp.ufpel.edu.br\/ppgcienciapolitica\/files\/2024\/11\/Icone-Lattes.jpeg\" alt=\"\" width=\"29\" height=\"36\" \/><\/a><\/strong> <strong>Caroline Bianca Graeff<\/strong><\/p>\n<p>Doutora em Ci\u00eancia Pol\u00edtica pela Universidade Federal de Pelotas (2020).<\/p>\n<p>Bolsista do Programa Institucional de P\u00f3s-Doutorado (PIPD) | CAPES<\/p>\n<div class=\"page\" title=\"Page 1\">\n<div class=\"layoutArea\">\n<div class=\"column\"><\/div>\n<\/div>\n<\/div>\n<p><strong><a href=\"http:\/\/lattes.cnpq.br\/7290387905390246\"><img class=\"alignnone wp-image-4724\" src=\"https:\/\/wp.ufpel.edu.br\/ppgcienciapolitica\/files\/2024\/11\/Icone-Lattes.jpeg\" alt=\"\" width=\"29\" height=\"36\" \/><\/a><\/strong> <strong>Ma\u00edra Pereira da Costa<\/strong><\/p>\n<p>Doutora em Ci\u00eancia Pol\u00edtica pela Universidade Federal do Rio Grande do Sul (2024).<\/p>\n<p>Bolsista de P\u00f3s-Doutorado J\u00fanior \u2013 PDJ | CNPq<\/p>\n<hr \/>\n<p><strong><a href=\"http:\/\/lattes.cnpq.br\/7347955214540668\"><img class=\"gmail-alignnone gmail-wp-image-701\" src=\"https:\/\/wp.ufpel.edu.br\/ppgcienciapolitica\/files\/2015\/10\/\u00cdcone-Lattes.jpeg\" alt=\"\" width=\"29\" height=\"36\" \/><\/a> Felipe Corral de Freitas<\/strong><\/p>\n<p>Doutor em Ci\u00eancia Pol\u00edtica pela Universidade de Bras\u00edlia (2018).<\/p>\n<p>Per\u00edodo do Est\u00e1gio: 2018 &#8211; 2022<\/p>\n<p>&nbsp;<\/p>\n<p><strong><a href=\"http:\/\/lattes.cnpq.br\/4912922654698416\"><img class=\"gmail-alignnone gmail-wp-image-701 alignnone\" src=\"https:\/\/wp.ufpel.edu.br\/ppgcienciapolitica\/files\/2015\/10\/\u00cdcone-Lattes.jpeg\" alt=\"\" width=\"29\" height=\"36\" \/><\/a>William de Goes Ribeiro<\/strong><\/p>\n<p>Doutor em Educa\u00e7\u00e3o pela Universidade Federal do Rio de Janeiro (2014).<\/p>\n<p>Per\u00edodo do Est\u00e1gio: 2021-2022<\/p>\n<p>&nbsp;<\/p>\n<p><strong><a href=\"http:\/\/lattes.cnpq.br\/5255389687422958\"><img class=\"gmail-alignnone gmail-wp-image-701\" src=\"https:\/\/wp.ufpel.edu.br\/ppgcienciapolitica\/files\/2015\/10\/\u00cdcone-Lattes.jpeg\" alt=\"\" width=\"29\" height=\"36\" \/><\/a>Luis Gustavo Teixeira da Silva<\/strong><\/p>\n<p>Doutor em Ci\u00eancia Pol\u00edtica pela Universidade de Bras\u00edlia (2018).<\/p>\n<p>Per\u00edodo do Est\u00e1gio: 2021 &#8211; 2022<\/p>\n<p><strong><a href=\"http:\/\/buscatextual.cnpq.br\/buscatextual\/visualizacv.do?id=K4261853D6\"><img class=\"gmail-alignnone gmail-wp-image-701\" src=\"https:\/\/wp.ufpel.edu.br\/ppgcienciapolitica\/files\/2015\/10\/\u00cdcone-Lattes.jpeg\" alt=\"\u00cdcone Lattes\" width=\"28\" height=\"34\" \/><\/a>Icaro Gabriel da Fonseca Engler<\/strong><\/p>\n<p>Doutor em Ci\u00eancia Pol\u00edtica pela Universidade Federal do Rio Grande do Sul (2015).<\/p>\n<p>Ag\u00eancia de fomento: PNPD\/CAPES.<\/p>\n<p>Per\u00edodo do Est\u00e1gio: 2016 &#8211; 2020<\/p>\n<p><strong>\u00a0<\/strong><strong><a href=\"http:\/\/lattes.cnpq.br\/2127722292747646\"><img class=\"gmail-alignnone gmail-wp-image-701\" src=\"https:\/\/wp.ufpel.edu.br\/ppgcienciapolitica\/files\/2015\/10\/\u00cdcone-Lattes.jpeg\" alt=\"\u00cdcone Lattes\" width=\"28\" height=\"34\" \/><\/a>Cesar Alessandro Sagrillo Figueiredo<\/strong><\/p>\n<p>Doutor em Ci\u00eancia Pol\u00edtica pela Universidade Federal do Rio Grande do Sul (2013).<\/p>\n<p>Ag\u00eancia de fomento: PNPD\/CAPES.<\/p>\n<p>Per\u00edodo do Est\u00e1gio: 2013 &#8211; 2014<\/p>\n<p>&nbsp;<\/p>\n<p>&nbsp;<\/p>\n","protected":false},"excerpt":{"rendered":"<p>Docentes Permanentes do PPGCPol \u00a0Alvaro Augusto de Borba Barreto Professor Titular no Instituto de Filosofia, Sociologia e Pol\u00edtica da Universidade Federal de Pelotas (IFISP\/UFPel). \u00c9 p\u00f3s-doutor em Ci\u00eancia Pol\u00edtica pela Universidade de Lisboa (2019),\u00a0doutor em Hist\u00f3ria pela PUCRS (2001), mestre em Hist\u00f3ria pela UFRGS (1996), especialista em Ci\u00eancia Pol\u00edtica pela UFPel (1992) e graduado em [&hellip;]<\/p>\n","protected":false},"author":555,"featured_media":0,"parent":0,"menu_order":0,"comment_status":"closed","ping_status":"closed","template":"","meta":{"footnotes":""},"class_list":["post-33","page","type-page","status-publish","hentry"],"jetpack_sharing_enabled":true,"_links":{"self":[{"href":"https:\/\/wp.ufpel.edu.br\/ppgcienciapolitica\/wp-json\/wp\/v2\/pages\/33","targetHints":{"allow":["GET"]}}],"collection":[{"href":"https:\/\/wp.ufpel.edu.br\/ppgcienciapolitica\/wp-json\/wp\/v2\/pages"}],"about":[{"href":"https:\/\/wp.ufpel.edu.br\/ppgcienciapolitica\/wp-json\/wp\/v2\/types\/page"}],"author":[{"embeddable":true,"href":"https:\/\/wp.ufpel.edu.br\/ppgcienciapolitica\/wp-json\/wp\/v2\/users\/555"}],"replies":[{"embeddable":true,"href":"https:\/\/wp.ufpel.edu.br\/ppgcienciapolitica\/wp-json\/wp\/v2\/comments?post=33"}],"version-history":[{"count":3,"href":"https:\/\/wp.ufpel.edu.br\/ppgcienciapolitica\/wp-json\/wp\/v2\/pages\/33\/revisions"}],"predecessor-version":[{"id":5139,"href":"https:\/\/wp.ufpel.edu.br\/ppgcienciapolitica\/wp-json\/wp\/v2\/pages\/33\/revisions\/5139"}],"wp:attachment":[{"href":"https:\/\/wp.ufpel.edu.br\/ppgcienciapolitica\/wp-json\/wp\/v2\/media?parent=33"}],"curies":[{"name":"wp","href":"https:\/\/api.w.org\/{rel}","templated":true}]}}