{"id":3200,"date":"2021-01-04T18:36:35","date_gmt":"2021-01-04T21:36:35","guid":{"rendered":"https:\/\/wp.ufpel.edu.br\/ppgcienciapolitica\/?page_id=3200"},"modified":"2021-03-08T08:37:25","modified_gmt":"2021-03-08T11:37:25","slug":"selecao-mestrado-2021","status":"publish","type":"page","link":"https:\/\/wp.ufpel.edu.br\/ppgcienciapolitica\/mestrado-em-ciencia-politica-selecao-2016\/selecao-mestrado-2021\/","title":{"rendered":"Sele\u00e7\u00e3o Mestrado 2021"},"content":{"rendered":"<p><strong>Comiss\u00e3o de Sele\u00e7\u00e3o<\/strong><\/p>\n<p>Alvaro Augusto de Borba Barreto (Presidente)<\/p>\n<p>Daniel de Mendon\u00e7a<\/p>\n<p>Rosangela Marione Schulz<\/p>\n<p>Cl\u00e1udio Leivas (Suplente)<\/p>\n<p>&nbsp;<\/p>\n<p><strong>Edital de Sele\u00e7\u00e3o: <\/strong><a href=\"https:\/\/wp.ufpel.edu.br\/ppgcienciapolitica\/files\/2021\/01\/SEI_UFPel-1168259-Edital-de-selecao-PRPPGI.pdf\">SEI_UFPel &#8211; 1168259 &#8211; Edital de sele\u00e7\u00e3o PRPPGI<\/a><\/p>\n<p><strong>Edital de Retifica\u00e7\u00e3o:<\/strong> <a href=\"https:\/\/wp.ufpel.edu.br\/ppgcienciapolitica\/files\/2021\/01\/SEI_UFPel-1173454-Edital-de-Retificacao-PRPPGI.pdf\">SEI_UFPel &#8211; 1173454 &#8211; Edital de Retifica\u00e7\u00e3o PRPPGI<\/a><\/p>\n<p><strong>Lista de inscri\u00e7\u00f5es homologadas (resultado): <\/strong><a href=\"https:\/\/wp.ufpel.edu.br\/ppgcienciapolitica\/files\/2021\/02\/Lista-de-Inscricoes-homologadas-PPG-CP-Mestrado-2021.pdf\">Inscri\u00e7\u00f5es homologadas PPGCPOL &#8211; Sele\u00e7\u00e3o Mestrado 2021<\/a><\/p>\n<p><strong>Resultado Fase 1 (An\u00e1lise do Anteprojeto de Pesquisa): <\/strong><a href=\"https:\/\/wp.ufpel.edu.br\/ppgcienciapolitica\/files\/2021\/02\/FASE-1-Anteprojeto-Resultado-Mestrado-2021.pdf\">FASE 1 Anteprojeto &#8211; Resultado &#8211; Mestrado 2021<\/a><\/p>\n<p><strong>Cronograma da Fase 2 (Defesa do Anteprojeto de Pesquisa):<\/strong> <a href=\"https:\/\/wp.ufpel.edu.br\/ppgcienciapolitica\/files\/2021\/02\/Cronograma-FASE-2-Mestrado-2021.pdf\">Cronograma FASE 2 &#8211; Mestrado 2021<\/a><\/p>\n<p><strong>Resultado Fase 2 (Defesa do Anteprojeto de Pesquisa):\u00a0<\/strong><a href=\"https:\/\/wp.ufpel.edu.br\/ppgcienciapolitica\/files\/2021\/03\/FASE-2-Defesa-Anteprojeto-Resultado-Mestrado-2021.pdf\">FASE 2 Defesa Anteprojeto &#8211; Resultado &#8211; Mestrado 2021<\/a><\/p>\n<p><strong>Resultado Fase 3 (An\u00e1lise do Curr\u00edculo Lattes):<\/strong> <a href=\"https:\/\/wp.ufpel.edu.br\/ppgcienciapolitica\/files\/2021\/03\/FASE-3-Analise-do-Curriculo-Lattes-Resultado-Mestrado-2021.pdf\">FASE 3 An\u00e1lise do Curr\u00edculo Lattes &#8211; Resultado &#8211; Mestrado 2021<\/a><\/p>\n<p><strong>Resultado Final (Provis\u00f3rio): <\/strong><a href=\"https:\/\/wp.ufpel.edu.br\/ppgcienciapolitica\/files\/2021\/03\/Resultado-Final-Provisorio-Mestrado-2021.pdf\">Resultado Final Provis\u00f3rio &#8211; Mestrado 2021<\/a><\/p>\n<p><strong>Resultado Final:<\/strong> <a href=\"https:\/\/wp.ufpel.edu.br\/ppgcienciapolitica\/files\/2021\/03\/Resultado-Final-Mestrado-2021.pdf\">Resultado Final &#8211; Mestrado 2021<\/a><\/p>\n","protected":false},"excerpt":{"rendered":"<p>Comiss\u00e3o de Sele\u00e7\u00e3o Alvaro Augusto de Borba Barreto (Presidente) Daniel de Mendon\u00e7a Rosangela Marione Schulz Cl\u00e1udio Leivas (Suplente) &nbsp; Edital de Sele\u00e7\u00e3o: SEI_UFPel &#8211; 1168259 &#8211; Edital de sele\u00e7\u00e3o PRPPGI Edital de Retifica\u00e7\u00e3o: SEI_UFPel &#8211; 1173454 &#8211; Edital de Retifica\u00e7\u00e3o PRPPGI Lista de inscri\u00e7\u00f5es homologadas (resultado): Inscri\u00e7\u00f5es homologadas PPGCPOL &#8211; Sele\u00e7\u00e3o Mestrado 2021 Resultado Fase [&hellip;]<\/p>\n","protected":false},"author":555,"featured_media":0,"parent":378,"menu_order":0,"comment_status":"closed","ping_status":"closed","template":"","meta":{"footnotes":""},"class_list":["post-3200","page","type-page","status-publish","hentry"],"jetpack_sharing_enabled":true,"_links":{"self":[{"href":"https:\/\/wp.ufpel.edu.br\/ppgcienciapolitica\/wp-json\/wp\/v2\/pages\/3200","targetHints":{"allow":["GET"]}}],"collection":[{"href":"https:\/\/wp.ufpel.edu.br\/ppgcienciapolitica\/wp-json\/wp\/v2\/pages"}],"about":[{"href":"https:\/\/wp.ufpel.edu.br\/ppgcienciapolitica\/wp-json\/wp\/v2\/types\/page"}],"author":[{"embeddable":true,"href":"https:\/\/wp.ufpel.edu.br\/ppgcienciapolitica\/wp-json\/wp\/v2\/users\/555"}],"replies":[{"embeddable":true,"href":"https:\/\/wp.ufpel.edu.br\/ppgcienciapolitica\/wp-json\/wp\/v2\/comments?post=3200"}],"version-history":[{"count":8,"href":"https:\/\/wp.ufpel.edu.br\/ppgcienciapolitica\/wp-json\/wp\/v2\/pages\/3200\/revisions"}],"predecessor-version":[{"id":3272,"href":"https:\/\/wp.ufpel.edu.br\/ppgcienciapolitica\/wp-json\/wp\/v2\/pages\/3200\/revisions\/3272"}],"up":[{"embeddable":true,"href":"https:\/\/wp.ufpel.edu.br\/ppgcienciapolitica\/wp-json\/wp\/v2\/pages\/378"}],"wp:attachment":[{"href":"https:\/\/wp.ufpel.edu.br\/ppgcienciapolitica\/wp-json\/wp\/v2\/media?parent=3200"}],"curies":[{"name":"wp","href":"https:\/\/api.w.org\/{rel}","templated":true}]}}