{"id":3184,"date":"2020-12-23T09:56:13","date_gmt":"2020-12-23T12:56:13","guid":{"rendered":"https:\/\/wp.ufpel.edu.br\/ppgcienciapolitica\/?page_id=3184"},"modified":"2025-10-07T20:34:34","modified_gmt":"2025-10-07T23:34:34","slug":"turma-2018","status":"publish","type":"page","link":"https:\/\/wp.ufpel.edu.br\/ppgcienciapolitica\/publicacoes\/dissertacoes\/turma-2018\/","title":{"rendered":"Turma 2018 (Disserta\u00e7\u00f5es)"},"content":{"rendered":"<p><strong>68. Nilton Garcia Sainz<\/strong><br \/>\nT\u00edtulo da disserta\u00e7\u00e3o: \u201cDiscretos ou ambiciosos? A carreira eleitoral dos vice-prefeitos das capitais estaduais brasileiras (1985-2018)\u201d<br \/>\nOrientador: Alvaro Barreto<br \/>\nData da defesa: 11\/03\/2020<br \/>\n<a href=\"https:\/\/wp.ufpel.edu.br\/ppgcienciapolitica\/files\/2021\/03\/Dissertacao-Nilton-Sainz-UFPel.pdf\">Acessar a disserta\u00e7\u00e3o em arquivo digital em pdf<\/a><\/p>\n<p>&nbsp;<\/p>\n<p><strong>69. Mariana F\u00e9lix de Quadros<\/strong><br \/>\nT\u00edtulo da disserta\u00e7\u00e3o: \u201cAfrodescendentes e Universidade: as pol\u00edticas de a\u00e7\u00f5es afirmativas no Brasil e na Col\u00f4mbia numa perspectiva comparada (2000-2018)\u201d<br \/>\nOrientador: Carlos Artur Gallo<br \/>\nData da defesa: 20\/03\/2020<br \/>\n<a href=\"https:\/\/wp.ufpel.edu.br\/ppgcienciapolitica\/files\/2020\/12\/Dissertacao-Mariana-Quadros-Versao-final.pdf\">Acessar a disserta\u00e7\u00e3o em arquivo digital em pdf<\/a><\/p>\n<p>&nbsp;<\/p>\n<p><strong>70. Isabela Assun\u00e7\u00e3o de Oliveira Andrade<\/strong><br \/>\nT\u00edtulo da disserta\u00e7\u00e3o: \u201cViol\u00eancia Sexual em Conflitos Armados: uma leitura feminista e p\u00f3s-colonial sobre as iniciativas de seu combate no Sistema ONU (2008 \u2013 2019)\u201d<br \/>\nOrientadora: Luciana Ballestrin<br \/>\nData da defesa: 22\/05\/2020<br \/>\n<a href=\"https:\/\/wp.ufpel.edu.br\/ppgcienciapolitica\/files\/2020\/12\/Dissertacao_Isabela-Andrade.pdf\">Acessar a disserta\u00e7\u00e3o em arquivo digital em pdf<\/a><\/p>\n<p>&nbsp;<\/p>\n<p><strong>71. Luciano Luz de Lima<\/strong><br \/>\nT\u00edtulo da disserta\u00e7\u00e3o: \u201cDepend\u00eancia e Pol\u00edtica: A altera\u00e7\u00e3o dos condicionantes externos da depend\u00eancia e o Golpe de 2016\u201d<br \/>\nOrientador: Carlos Artur Gallo<br \/>\nData da defesa: 25\/05\/2020<br \/>\n<a href=\"https:\/\/wp.ufpel.edu.br\/ppgcienciapolitica\/files\/2020\/12\/Dependencia-e-Politica-Luciano-Luz-de-Lima.pdf\">Acessar a disserta\u00e7\u00e3o em arquivo digital em pdf<\/a><\/p>\n<p>&nbsp;<\/p>\n<p><strong>72. Liana de Vargas Nunes Coll<\/strong><br \/>\nT\u00edtulo da disserta\u00e7\u00e3o: \u201cUm governo dentro do governo: a articula\u00e7\u00e3o pol\u00edtico-empresarial da organiza\u00e7\u00e3o da sociedade civil Comunitas e o caso da parceria com o munic\u00edpio de Pelotas (RS)\u201d<br \/>\nOrientadora: Rosangela Marione Schulz<br \/>\nData da defesa: 05\/06\/2020<br \/>\n<a href=\"https:\/\/wp.ufpel.edu.br\/ppgcienciapolitica\/files\/2020\/12\/Dissertacao_LianaColl.pdf\">Acessar a disserta\u00e7\u00e3o em arquivo digital em pdf<\/a><\/p>\n<p>&nbsp;<\/p>\n<p><strong>73. Pedro Henrique Silva de Oliveira<\/strong><br \/>\nT\u00edtulo da disserta\u00e7\u00e3o: \u201cEspacialidade e depend\u00eancia em Porto Rico: Operation Bootstrap (1952-1968), sobre a lente da Teoria Marxista do Imperialismo\u201d<br \/>\nOrientadora: Etiene Villela Marroni<br \/>\nData da defesa: 11\/08\/2020<br \/>\n<a href=\"https:\/\/wp.ufpel.edu.br\/ppgcienciapolitica\/files\/2021\/03\/Dissertacao-Pedro-Oliveira.pdf\">Acessar a disserta\u00e7\u00e3o em arquivo digital em pdf<\/a><\/p>\n<p>&nbsp;<\/p>\n<p><strong>74. Yndira Coelho Soares<\/strong><br \/>\nT\u00edtulo da disserta\u00e7\u00e3o: \u201cDesenvolvimento, G\u00eanero e Empoderamento: uma an\u00e1lise de sua intersec\u00e7\u00e3o no Sistema ONU\u201d<br \/>\nOrientadora: Luciana Ballestrin<br \/>\nData da defesa: 10\/03\/2021<br \/>\n<a href=\"https:\/\/wp.ufpel.edu.br\/ppgcienciapolitica\/files\/2022\/06\/Dissertacao-Yndira-Soares.pdf\">Acessar a disserta\u00e7\u00e3o em arquivo digital pdf<\/a><\/p>\n","protected":false},"excerpt":{"rendered":"<p>68. Nilton Garcia Sainz T\u00edtulo da disserta\u00e7\u00e3o: \u201cDiscretos ou ambiciosos? A carreira eleitoral dos vice-prefeitos das capitais estaduais brasileiras (1985-2018)\u201d Orientador: Alvaro Barreto Data da defesa: 11\/03\/2020 Acessar a disserta\u00e7\u00e3o em arquivo digital em pdf &nbsp; 69. Mariana F\u00e9lix de Quadros T\u00edtulo da disserta\u00e7\u00e3o: \u201cAfrodescendentes e Universidade: as pol\u00edticas de a\u00e7\u00f5es afirmativas no Brasil e [&hellip;]<\/p>\n","protected":false},"author":555,"featured_media":0,"parent":213,"menu_order":0,"comment_status":"closed","ping_status":"closed","template":"","meta":{"footnotes":""},"class_list":["post-3184","page","type-page","status-publish","hentry"],"jetpack_sharing_enabled":true,"_links":{"self":[{"href":"https:\/\/wp.ufpel.edu.br\/ppgcienciapolitica\/wp-json\/wp\/v2\/pages\/3184","targetHints":{"allow":["GET"]}}],"collection":[{"href":"https:\/\/wp.ufpel.edu.br\/ppgcienciapolitica\/wp-json\/wp\/v2\/pages"}],"about":[{"href":"https:\/\/wp.ufpel.edu.br\/ppgcienciapolitica\/wp-json\/wp\/v2\/types\/page"}],"author":[{"embeddable":true,"href":"https:\/\/wp.ufpel.edu.br\/ppgcienciapolitica\/wp-json\/wp\/v2\/users\/555"}],"replies":[{"embeddable":true,"href":"https:\/\/wp.ufpel.edu.br\/ppgcienciapolitica\/wp-json\/wp\/v2\/comments?post=3184"}],"version-history":[{"count":4,"href":"https:\/\/wp.ufpel.edu.br\/ppgcienciapolitica\/wp-json\/wp\/v2\/pages\/3184\/revisions"}],"predecessor-version":[{"id":5112,"href":"https:\/\/wp.ufpel.edu.br\/ppgcienciapolitica\/wp-json\/wp\/v2\/pages\/3184\/revisions\/5112"}],"up":[{"embeddable":true,"href":"https:\/\/wp.ufpel.edu.br\/ppgcienciapolitica\/wp-json\/wp\/v2\/pages\/213"}],"wp:attachment":[{"href":"https:\/\/wp.ufpel.edu.br\/ppgcienciapolitica\/wp-json\/wp\/v2\/media?parent=3184"}],"curies":[{"name":"wp","href":"https:\/\/api.w.org\/{rel}","templated":true}]}}