{"id":3179,"date":"2020-12-17T10:12:15","date_gmt":"2020-12-17T13:12:15","guid":{"rendered":"https:\/\/wp.ufpel.edu.br\/ppgcienciapolitica\/?page_id=3179"},"modified":"2024-12-20T20:03:44","modified_gmt":"2024-12-20T23:03:44","slug":"autoavaliacao-e-planejamento","status":"publish","type":"page","link":"https:\/\/wp.ufpel.edu.br\/ppgcienciapolitica\/autoavaliacao-e-planejamento\/","title":{"rendered":"Autoavalia\u00e7\u00e3o e planejamento"},"content":{"rendered":"<p><a href=\"https:\/\/wp.ufpel.edu.br\/ppgcienciapolitica\/files\/2024\/12\/Relatorio-de-autoavaliacao-v.final-17.12.docx.pdf\">Relat\u00f3rio de Autoavalia\u00e7\u00e3o (2021-2024) e Planejamento<\/a><\/p>\n<p><a href=\"https:\/\/wp.ufpel.edu.br\/ppgcienciapolitica\/files\/2024\/12\/Relatorio-de-Autoavaliacao-2017-2020-e-Planejamento-.pdf\">Relat\u00f3rio de Autoavalia\u00e7\u00e3o (2017-2020) e Planejamento<\/a><\/p>\n","protected":false},"excerpt":{"rendered":"<p>Relat\u00f3rio de Autoavalia\u00e7\u00e3o (2021-2024) e Planejamento Relat\u00f3rio de Autoavalia\u00e7\u00e3o (2017-2020) e Planejamento<\/p>\n","protected":false},"author":555,"featured_media":0,"parent":0,"menu_order":0,"comment_status":"closed","ping_status":"closed","template":"","meta":{"footnotes":""},"class_list":["post-3179","page","type-page","status-publish","hentry"],"jetpack_sharing_enabled":true,"_links":{"self":[{"href":"https:\/\/wp.ufpel.edu.br\/ppgcienciapolitica\/wp-json\/wp\/v2\/pages\/3179","targetHints":{"allow":["GET"]}}],"collection":[{"href":"https:\/\/wp.ufpel.edu.br\/ppgcienciapolitica\/wp-json\/wp\/v2\/pages"}],"about":[{"href":"https:\/\/wp.ufpel.edu.br\/ppgcienciapolitica\/wp-json\/wp\/v2\/types\/page"}],"author":[{"embeddable":true,"href":"https:\/\/wp.ufpel.edu.br\/ppgcienciapolitica\/wp-json\/wp\/v2\/users\/555"}],"replies":[{"embeddable":true,"href":"https:\/\/wp.ufpel.edu.br\/ppgcienciapolitica\/wp-json\/wp\/v2\/comments?post=3179"}],"version-history":[{"count":4,"href":"https:\/\/wp.ufpel.edu.br\/ppgcienciapolitica\/wp-json\/wp\/v2\/pages\/3179\/revisions"}],"predecessor-version":[{"id":4787,"href":"https:\/\/wp.ufpel.edu.br\/ppgcienciapolitica\/wp-json\/wp\/v2\/pages\/3179\/revisions\/4787"}],"wp:attachment":[{"href":"https:\/\/wp.ufpel.edu.br\/ppgcienciapolitica\/wp-json\/wp\/v2\/media?parent=3179"}],"curies":[{"name":"wp","href":"https:\/\/api.w.org\/{rel}","templated":true}]}}