{"id":3144,"date":"2020-09-28T09:50:21","date_gmt":"2020-09-28T12:50:21","guid":{"rendered":"https:\/\/wp.ufpel.edu.br\/ppgcienciapolitica\/?page_id=3144"},"modified":"2020-11-09T11:18:38","modified_gmt":"2020-11-09T14:18:38","slug":"turma-2020","status":"publish","type":"page","link":"https:\/\/wp.ufpel.edu.br\/ppgcienciapolitica\/corpo-docente\/doutorado-2\/turma-2020\/","title":{"rendered":"Turma 2020"},"content":{"rendered":"<p>Ot\u00e1vio Santiago Gomes da Silva<\/p>\n<p>Rafael Alexandre Silveira<\/p>\n<p>Rafael Vargas Hetsper<\/p>\n<p>Tito L\u00edvio Cabral Renovato Silva<\/p>\n<p>Vitor Gon\u00e7alves Dias<\/p>\n","protected":false},"excerpt":{"rendered":"<p>Ot\u00e1vio Santiago Gomes da Silva Rafael Alexandre Silveira Rafael Vargas Hetsper Tito L\u00edvio Cabral Renovato Silva Vitor Gon\u00e7alves Dias<\/p>\n","protected":false},"author":555,"featured_media":0,"parent":622,"menu_order":0,"comment_status":"closed","ping_status":"closed","template":"","meta":{"footnotes":""},"class_list":["post-3144","page","type-page","status-publish","hentry"],"jetpack_sharing_enabled":true,"_links":{"self":[{"href":"https:\/\/wp.ufpel.edu.br\/ppgcienciapolitica\/wp-json\/wp\/v2\/pages\/3144","targetHints":{"allow":["GET"]}}],"collection":[{"href":"https:\/\/wp.ufpel.edu.br\/ppgcienciapolitica\/wp-json\/wp\/v2\/pages"}],"about":[{"href":"https:\/\/wp.ufpel.edu.br\/ppgcienciapolitica\/wp-json\/wp\/v2\/types\/page"}],"author":[{"embeddable":true,"href":"https:\/\/wp.ufpel.edu.br\/ppgcienciapolitica\/wp-json\/wp\/v2\/users\/555"}],"replies":[{"embeddable":true,"href":"https:\/\/wp.ufpel.edu.br\/ppgcienciapolitica\/wp-json\/wp\/v2\/comments?post=3144"}],"version-history":[{"count":2,"href":"https:\/\/wp.ufpel.edu.br\/ppgcienciapolitica\/wp-json\/wp\/v2\/pages\/3144\/revisions"}],"predecessor-version":[{"id":3158,"href":"https:\/\/wp.ufpel.edu.br\/ppgcienciapolitica\/wp-json\/wp\/v2\/pages\/3144\/revisions\/3158"}],"up":[{"embeddable":true,"href":"https:\/\/wp.ufpel.edu.br\/ppgcienciapolitica\/wp-json\/wp\/v2\/pages\/622"}],"wp:attachment":[{"href":"https:\/\/wp.ufpel.edu.br\/ppgcienciapolitica\/wp-json\/wp\/v2\/media?parent=3144"}],"curies":[{"name":"wp","href":"https:\/\/api.w.org\/{rel}","templated":true}]}}