{"id":3017,"date":"2020-03-09T16:10:13","date_gmt":"2020-03-09T19:10:13","guid":{"rendered":"https:\/\/wp.ufpel.edu.br\/ppgcienciapolitica\/?page_id=3017"},"modified":"2023-11-13T21:23:56","modified_gmt":"2023-11-14T00:23:56","slug":"turma-2020","status":"publish","type":"page","link":"https:\/\/wp.ufpel.edu.br\/ppgcienciapolitica\/corpo-docente\/mestrado\/turma-2020\/","title":{"rendered":"Turma 2020"},"content":{"rendered":"<p>Agnes Bezerra Mendes<\/p>\n<p>Agustina Valeria Martiarena Pazos<\/p>\n<p>Bruna Vicari Arruz<\/p>\n<p>Caio Paglis Marques Pl\u00e1cido<\/p>\n<p>Carlos Eduardo P\u00e9rola<\/p>\n<p>\u00c9dna Alice Duarte da Rocha<\/p>\n<p>Filipe Botelho Soares Dutra Fernandes<\/p>\n<p>Guilherme Silva de Oliveira<\/p>\n<p>Jean Rodrigo de Souza<\/p>\n<p>Miguel Soares Silveira<\/p>\n<p>Paulo Roberto dos Santos Mendon\u00e7a<\/p>\n<p>Tati\u00e9le Diniz Brites<\/p>\n<p>Tha\u00eds Madruga Tabeli\u00e3o<\/p>\n<p>Victoria Antonia Gon\u00e7alves de Oliveira Salom\u00e3o<\/p>\n","protected":false},"excerpt":{"rendered":"<p>Agnes Bezerra Mendes Agustina Valeria Martiarena Pazos Bruna Vicari Arruz Caio Paglis Marques Pl\u00e1cido Carlos Eduardo P\u00e9rola \u00c9dna Alice Duarte da Rocha Filipe Botelho Soares Dutra Fernandes Guilherme Silva de Oliveira Jean Rodrigo de Souza Miguel Soares Silveira Paulo Roberto dos Santos Mendon\u00e7a Tati\u00e9le Diniz Brites Tha\u00eds Madruga Tabeli\u00e3o Victoria Antonia Gon\u00e7alves de Oliveira Salom\u00e3o<\/p>\n","protected":false},"author":555,"featured_media":0,"parent":487,"menu_order":0,"comment_status":"closed","ping_status":"closed","template":"","meta":{"footnotes":""},"class_list":["post-3017","page","type-page","status-publish","hentry"],"jetpack_sharing_enabled":true,"_links":{"self":[{"href":"https:\/\/wp.ufpel.edu.br\/ppgcienciapolitica\/wp-json\/wp\/v2\/pages\/3017","targetHints":{"allow":["GET"]}}],"collection":[{"href":"https:\/\/wp.ufpel.edu.br\/ppgcienciapolitica\/wp-json\/wp\/v2\/pages"}],"about":[{"href":"https:\/\/wp.ufpel.edu.br\/ppgcienciapolitica\/wp-json\/wp\/v2\/types\/page"}],"author":[{"embeddable":true,"href":"https:\/\/wp.ufpel.edu.br\/ppgcienciapolitica\/wp-json\/wp\/v2\/users\/555"}],"replies":[{"embeddable":true,"href":"https:\/\/wp.ufpel.edu.br\/ppgcienciapolitica\/wp-json\/wp\/v2\/comments?post=3017"}],"version-history":[{"count":3,"href":"https:\/\/wp.ufpel.edu.br\/ppgcienciapolitica\/wp-json\/wp\/v2\/pages\/3017\/revisions"}],"predecessor-version":[{"id":4154,"href":"https:\/\/wp.ufpel.edu.br\/ppgcienciapolitica\/wp-json\/wp\/v2\/pages\/3017\/revisions\/4154"}],"up":[{"embeddable":true,"href":"https:\/\/wp.ufpel.edu.br\/ppgcienciapolitica\/wp-json\/wp\/v2\/pages\/487"}],"wp:attachment":[{"href":"https:\/\/wp.ufpel.edu.br\/ppgcienciapolitica\/wp-json\/wp\/v2\/media?parent=3017"}],"curies":[{"name":"wp","href":"https:\/\/api.w.org\/{rel}","templated":true}]}}