{"id":2939,"date":"2019-12-19T18:29:11","date_gmt":"2019-12-19T21:29:11","guid":{"rendered":"https:\/\/wp.ufpel.edu.br\/ppgcienciapolitica\/?page_id=2939"},"modified":"2019-12-19T19:01:18","modified_gmt":"2019-12-19T22:01:18","slug":"selecao-mestrado-2020","status":"publish","type":"page","link":"https:\/\/wp.ufpel.edu.br\/ppgcienciapolitica\/mestrado-em-ciencia-politica-selecao-2016\/selecao-mestrado-2020\/","title":{"rendered":"Sele\u00e7\u00e3o Mestrado 2020"},"content":{"rendered":"<p><strong>Comiss\u00e3o de Sele\u00e7\u00e3o<\/strong><\/p>\n<p>Alvaro Augusto de Borba Barreto (Presidente)<\/p>\n<p>Etiene Villela Marroni<\/p>\n<p>Rosangela Marione Schulz<\/p>\n<p>&nbsp;<\/p>\n<p><strong>Edital de Sele\u00e7\u00e3o:<\/strong> <a href=\"https:\/\/wp.ufpel.edu.br\/ppgcienciapolitica\/files\/2019\/11\/SEI_UFPel-0766324-Edital-de-sele\u00e7\u00e3o-PRPPGI.pdf\">PPGCPOL &#8211; Edital Sele\u00e7\u00e3o Mestrado 2020<\/a><\/p>\n","protected":false},"excerpt":{"rendered":"<p>Comiss\u00e3o de Sele\u00e7\u00e3o Alvaro Augusto de Borba Barreto (Presidente) Etiene Villela Marroni Rosangela Marione Schulz &nbsp; Edital de Sele\u00e7\u00e3o: PPGCPOL &#8211; Edital Sele\u00e7\u00e3o Mestrado 2020<\/p>\n","protected":false},"author":555,"featured_media":0,"parent":378,"menu_order":0,"comment_status":"closed","ping_status":"closed","template":"","meta":{"footnotes":""},"class_list":["post-2939","page","type-page","status-publish","hentry"],"jetpack_sharing_enabled":true,"_links":{"self":[{"href":"https:\/\/wp.ufpel.edu.br\/ppgcienciapolitica\/wp-json\/wp\/v2\/pages\/2939","targetHints":{"allow":["GET"]}}],"collection":[{"href":"https:\/\/wp.ufpel.edu.br\/ppgcienciapolitica\/wp-json\/wp\/v2\/pages"}],"about":[{"href":"https:\/\/wp.ufpel.edu.br\/ppgcienciapolitica\/wp-json\/wp\/v2\/types\/page"}],"author":[{"embeddable":true,"href":"https:\/\/wp.ufpel.edu.br\/ppgcienciapolitica\/wp-json\/wp\/v2\/users\/555"}],"replies":[{"embeddable":true,"href":"https:\/\/wp.ufpel.edu.br\/ppgcienciapolitica\/wp-json\/wp\/v2\/comments?post=2939"}],"version-history":[{"count":2,"href":"https:\/\/wp.ufpel.edu.br\/ppgcienciapolitica\/wp-json\/wp\/v2\/pages\/2939\/revisions"}],"predecessor-version":[{"id":2953,"href":"https:\/\/wp.ufpel.edu.br\/ppgcienciapolitica\/wp-json\/wp\/v2\/pages\/2939\/revisions\/2953"}],"up":[{"embeddable":true,"href":"https:\/\/wp.ufpel.edu.br\/ppgcienciapolitica\/wp-json\/wp\/v2\/pages\/378"}],"wp:attachment":[{"href":"https:\/\/wp.ufpel.edu.br\/ppgcienciapolitica\/wp-json\/wp\/v2\/media?parent=2939"}],"curies":[{"name":"wp","href":"https:\/\/api.w.org\/{rel}","templated":true}]}}