{"id":2853,"date":"2019-08-14T11:47:07","date_gmt":"2019-08-14T14:47:07","guid":{"rendered":"https:\/\/wp.ufpel.edu.br\/ppgcienciapolitica\/?page_id=2853"},"modified":"2022-08-10T17:48:55","modified_gmt":"2022-08-10T20:48:55","slug":"laboratorio-de-informatica-2","status":"publish","type":"page","link":"https:\/\/wp.ufpel.edu.br\/ppgcienciapolitica\/laboratorio-de-informatica-2\/","title":{"rendered":"Laboratorio de inform\u00e1tica"},"content":{"rendered":"<p>En 2013, los Programas de Posgrado de la UFPel en Ciencia Pol\u00edtica y en Sociolog\u00eda abrieron un laboratorio de computadoras nuevo, grande y moderno (LABIFISP) que tambi\u00e9n tiene el papel de aula para disciplinas relacionadas con la ense\u00f1anza de metodolog\u00edas y t\u00e9cnicas de investigaci\u00f3n cuantitativa y cualitativa en las \u00e1reas de Ciencia Pol\u00edtica y de Sociolog\u00eda. El uso de este espacio es exclusivo para profesores y estudiantes vinculados a los dos Programas de Posgrado mencionados y todo el equipo incluido fue comprado con recursos de llamado publico o compras de equipos que los profesores del PPGCPol o del PPGS fueron contemplados.<\/p>\n<p><iframe src=\"https:\/\/calendar.google.com\/calendar\/embed?height=500&#038;wkst=1&#038;bgcolor=%23ffffff&#038;ctz=America%2FSao_Paulo&#038;src=YWdlbmRhbGFiaW5mb2Nwc2NAZ21haWwuY29t&#038;color=%23039BE5\" style=\"border:solid 1px #777\" width=\"700\" height=\"500\" frameborder=\"0\" scrolling=\"no\"><\/iframe><\/p>\n","protected":false},"excerpt":{"rendered":"<p>En 2013, los Programas de Posgrado de la UFPel en Ciencia Pol\u00edtica y en Sociolog\u00eda abrieron un laboratorio de computadoras nuevo, grande y moderno (LABIFISP) que tambi\u00e9n tiene el papel de aula para disciplinas relacionadas con la ense\u00f1anza de metodolog\u00edas y t\u00e9cnicas de investigaci\u00f3n cuantitativa y cualitativa en las \u00e1reas de Ciencia Pol\u00edtica y de [&hellip;]<\/p>\n","protected":false},"author":555,"featured_media":0,"parent":0,"menu_order":0,"comment_status":"closed","ping_status":"closed","template":"","meta":{"footnotes":""},"class_list":["post-2853","page","type-page","status-publish","hentry"],"jetpack_sharing_enabled":true,"_links":{"self":[{"href":"https:\/\/wp.ufpel.edu.br\/ppgcienciapolitica\/wp-json\/wp\/v2\/pages\/2853","targetHints":{"allow":["GET"]}}],"collection":[{"href":"https:\/\/wp.ufpel.edu.br\/ppgcienciapolitica\/wp-json\/wp\/v2\/pages"}],"about":[{"href":"https:\/\/wp.ufpel.edu.br\/ppgcienciapolitica\/wp-json\/wp\/v2\/types\/page"}],"author":[{"embeddable":true,"href":"https:\/\/wp.ufpel.edu.br\/ppgcienciapolitica\/wp-json\/wp\/v2\/users\/555"}],"replies":[{"embeddable":true,"href":"https:\/\/wp.ufpel.edu.br\/ppgcienciapolitica\/wp-json\/wp\/v2\/comments?post=2853"}],"version-history":[{"count":2,"href":"https:\/\/wp.ufpel.edu.br\/ppgcienciapolitica\/wp-json\/wp\/v2\/pages\/2853\/revisions"}],"predecessor-version":[{"id":3821,"href":"https:\/\/wp.ufpel.edu.br\/ppgcienciapolitica\/wp-json\/wp\/v2\/pages\/2853\/revisions\/3821"}],"wp:attachment":[{"href":"https:\/\/wp.ufpel.edu.br\/ppgcienciapolitica\/wp-json\/wp\/v2\/media?parent=2853"}],"curies":[{"name":"wp","href":"https:\/\/api.w.org\/{rel}","templated":true}]}}