{"id":2741,"date":"2019-05-24T17:44:20","date_gmt":"2019-05-24T20:44:20","guid":{"rendered":"https:\/\/wp.ufpel.edu.br\/ppgcienciapolitica\/?page_id=2741"},"modified":"2025-12-03T10:27:37","modified_gmt":"2025-12-03T13:27:37","slug":"teses","status":"publish","type":"page","link":"https:\/\/wp.ufpel.edu.br\/ppgcienciapolitica\/publicacoes\/teses\/","title":{"rendered":"Teses"},"content":{"rendered":"<div>\n<div>\n<div>\n<p><strong>27.<\/strong> <b>Magayo de Mac\u00eado Alves<\/b><\/p>\n<p>T\u00edtulo da tese: Arranjos Multin\u00edveis de Governan\u00e7a: a pol\u00edtica antidesmatamento do governo Lula III e seus alinhamentos com os compromissos clim\u00e1ticos globais (2023 \u2013 2025)<\/p>\n<p>Orientadora: Etiene Villela Marroni<\/p>\n<p>Data da defesa: 30\/10\/2025<\/p>\n<p><a href=\"https:\/\/wp.ufpel.edu.br\/ppgcienciapolitica\/files\/2025\/12\/Tese-Magayo-Alves-versao-final.pdf\">PDF<\/a><\/p>\n<p>&nbsp;<\/p>\n<p><strong>26. Bruno Gazalle Cavichioli<\/strong><\/p>\n<p>T\u00edtulo da tese: Governar pelo medo? Ascens\u00e3o e manuten\u00e7\u00e3o do poder nas ditaduras ib\u00e9ricas do s\u00e9culo XX<\/p>\n<p>Orientador: Carlos Gallo<\/p>\n<p>Data da defesa: 15\/09\/2025<\/p>\n<p><a href=\"https:\/\/wp.ufpel.edu.br\/ppgcienciapolitica\/files\/2025\/10\/Tese-Bruno-Cavichioli.pdf\">PDF<\/a><\/p>\n<p>&nbsp;<\/p>\n<p><strong>25. Luis Eduardo Sandim Benites<\/strong><\/p>\n<p>T\u00edtulo da tese: A constru\u00e7\u00e3o discursiva do povo no lulismo e no bolsonarismo nas campanhas eleitorais de 2018 e 2022: a constitui\u00e7\u00e3o de um paradigma de povo<\/p>\n<p>Orientador: Daniel de Mendon\u00e7a<\/p>\n<p>Data da defesa: 23\/06\/2025<\/p>\n<p><a href=\"https:\/\/wp.ufpel.edu.br\/ppgcienciapolitica\/files\/2025\/10\/Tese_Luis_Benites.pdf\">PDF<\/a><\/p>\n<p>&nbsp;<\/p>\n<p><strong>24. Rafael Alexandre Silveira<\/strong><\/p>\n<\/div>\n<div>\n<p>T\u00edtulo da tese: A pol\u00edtica das pol\u00edticas de mem\u00f3ria e seus processos de intera\u00e7\u00e3o socioestatal: conflitos, avan\u00e7os e desafios (1995-2022)<\/p>\n<\/div>\n<div>\n<p>Orientador: Carlos Gallo<\/p>\n<\/div>\n<div>\n<p>Data da defesa: 05\/05\/2025<\/p>\n<\/div>\n<div>\n<p><a href=\"https:\/\/wp.ufpel.edu.br\/ppgcienciapolitica\/files\/2025\/07\/Tese-Rafael-Silveira.pdf\">PDF<\/a><\/p>\n<p>&nbsp;<\/p>\n<\/div>\n<div>\n<p><strong>23. Tito L\u00edvio Cabral Renovato Silva Maciel<\/strong><\/p>\n<\/div>\n<div>\n<p>T\u00edtulo da tese: Densidade da filia\u00e7\u00e3o partid\u00e1ria e expans\u00e3o territorial dos partidos pol\u00edticos brasileiros (2012-2022)<\/p>\n<\/div>\n<div>\n<p>Orientador: Alvaro Barreto<\/p>\n<\/div>\n<div>\n<p>Data da defesa: 28\/04\/2025<\/p>\n<\/div>\n<div>\n<p><a style=\"font-family: var(--fonte-corpo);\" href=\"https:\/\/wp.ufpel.edu.br\/ppgcienciapolitica\/files\/2025\/07\/Tese-Tito-Livio-Maciel.pdf\">PDF<\/a><\/p>\n<\/div>\n<p>&nbsp;<\/p>\n<p><strong>22. Ot\u00e1vio Santiago Gomes da Silva<\/strong><\/p>\n<\/div>\n<div>\n<p>T\u00edtulo da tese: Disputas de constitucionalidade em torno da diversidade sexual e de g\u00eanero: a mobiliza\u00e7\u00e3o judicial ativa e reativa da quest\u00e3o LGBTI+ no Supremo Tribunal Federal (2004-2024)<\/p>\n<\/div>\n<div>\n<p>Orientador: Luciana Maria de Arag\u00e3o Ballestrin<\/p>\n<\/div>\n<div>\n<p>Data da defesa: 26\/03\/2025<\/p>\n<\/div>\n<div>\n<p><a href=\"https:\/\/wp.ufpel.edu.br\/ppgcienciapolitica\/files\/2025\/06\/Tese-Otavio-Santiago-Gomes-da-Silva.pdf\">Acesse a tese em arquivo digital PDF<\/a><\/p>\n<\/div>\n<div>\n<p>&nbsp;<\/p>\n<\/div>\n<div>\n<p><strong>21. Luis Alexandre da Silva Alves<\/strong><\/p>\n<\/div>\n<div>\n<p>T\u00edtulo da tese: M\u00eddia Ninja: a rearticula\u00e7\u00e3o da pr\u00e1tica midiativista ao longo de diferentes conjunturas do campo movimentista no per\u00edodo de 2013 a 2020<\/p>\n<\/div>\n<div>\n<p>Orientadora: Rosangela Marione Schulz<\/p>\n<\/div>\n<div>\n<p>Data da defesa: 16\/12\/2024<\/p>\n<\/div>\n<div>\n<p><a href=\"https:\/\/wp.ufpel.edu.br\/ppgcienciapolitica\/files\/2025\/03\/Tese-Luis-Alexandre-Alves.pdf\">Acesse a tese em arquivo digital PDF<\/a><\/p>\n<\/div>\n<\/div>\n<div>\n<p>&nbsp;<\/p>\n<p><strong>20. <\/strong><strong>Bruno Gabriel Henz<\/strong><\/p>\n<\/div>\n<div>\n<p>T\u00edtulo da tese: O horizonte de emerge\u0302ncia ecolo\u0301gica e a crise das democracias liberais<\/p>\n<\/div>\n<div>\n<p>Orientador: Cl\u00e1udio Roberto Cogo Leivas<\/p>\n<\/div>\n<div>\n<p>Data da defesa: 11\/12\/2024<\/p>\n<\/div>\n<div>\n<p><a href=\"https:\/\/wp.ufpel.edu.br\/ppgcienciapolitica\/files\/2025\/03\/Tese-Bruno-Gabriel-Henz.pdf\">Acesse a tese em arquivo digital PDF<\/a><\/p>\n<\/div>\n<div>\n<p>&nbsp;<\/p>\n<p><strong>19. Vitor Gon\u00e7alves Dias<\/strong><\/p>\n<\/div>\n<div>\n<p>T\u00edtulo da tese:\u00a0A governan\u00e7a pol\u00edtica da \u201cOpera\u00e7\u00e3o Acolhida\u201d para migrantes e refugiados\u00a0venezuelanos: uma an\u00e1lise das din\u00e2micas de securitiza\u00e7\u00e3o e descentraliza\u00e7\u00e3o em\u00a0tr\u00eas munic\u00edpios da Regi\u00e3o Sul do Brasil (2018-2022)<\/p>\n<\/div>\n<div>\n<p>Orientadora: Luciana Maria de Arag\u00e3o Ballestrin<\/p>\n<\/div>\n<p>Data de defesa: 21\/11\/2024<\/p>\n<p><a href=\"https:\/\/wp.ufpel.edu.br\/ppgcienciapolitica\/files\/2025\/10\/Tese_Final_Vitor_Dias_Entrega_atual.pdf\">Acesse a tese em arquivo digital PDF<\/a><\/p>\n<p>&nbsp;<\/p>\n<div>\n<div>\n<p><strong style=\"font-family: var(--fonte-corpo);\">18. Mariana Schardosim Tavares<\/strong><\/p>\n<p>T\u00edtulo da tese: Da estrat\u00e9gia \u00e0 ado\u00e7\u00e3o de pr\u00e1ticas resilientes: os fatores que influenciaram a atuac\u0327a\u0303o dos Conselhos Gestores de Poli\u0301ticas para Mulheres em munici\u0301pios da Zona Sul do RS, durante a crise pande\u0302mica<\/p>\n<p>Orientadora: Rosangela Schulz<\/p>\n<p>Data de defesa: 30\/09\/2024<\/p>\n<p><a href=\"https:\/\/wp.ufpel.edu.br\/ppgcienciapolitica\/files\/2024\/11\/Mariana-Tavares.pdf\">Acesse a tese em arquivo digital pdf<\/a><\/p>\n<\/div>\n<div>\n<p>&nbsp;<\/p>\n<p><strong>17. <\/strong><strong>Carla Rosane da Silva Mota<\/strong><\/p>\n<\/div>\n<div>\n<p>T\u00edtulo da tese: Retratos de uma poli\u0301tica pu\u0301blica: disposic\u0327o\u0303es geradas pela Educac\u0327a\u0303o do Campo, a partir da experie\u0302ncia da Escola Fami\u0301lia Agri\u0301cola da Regia\u0303o Sul (EFASUL)<\/p>\n<\/div>\n<div>\n<p>Orientador: Pedro Robertt<\/p>\n<\/div>\n<div>\n<p>Data de defesa: 15\/08\/2024<\/p>\n<\/div>\n<div>\n<p><a href=\"https:\/\/wp.ufpel.edu.br\/ppgcienciapolitica\/files\/2024\/11\/Carla-Rosane-Mota.pdf\">Acessar a tese em arquivo digital pdf<\/a><\/p>\n<p>&nbsp;<\/p>\n<\/div>\n<p><strong>16. Sandra Regina Barbosa Parzianello<\/strong><\/p>\n<p style=\"font-weight: 400;\">T\u00edtulo da tese: O povo do Lulismo: An\u00e1lise do Discurso Pol\u00edtico do Presidente Lula no per\u00edodo de 2002 a 2010<\/p>\n<p style=\"font-weight: 400;\">Orientador: Daniel de Mendon\u00e7a<\/p>\n<p style=\"font-weight: 400;\">Data de defesa: 14\/08\/2023<\/p>\n<p style=\"font-weight: 400;\"><a href=\"https:\/\/wp.ufpel.edu.br\/ppgcienciapolitica\/files\/2023\/11\/Tese-Sandra-VF.pdf\">Acesse a tese em arquivo digital pdf<\/a><\/p>\n<p>&nbsp;<\/p>\n<p><strong>15. Carolina Costa dos Santos<\/strong><\/p>\n<p style=\"font-weight: 400;\">T\u00edtulo da tese: Por uma leitura p\u00f3s-fundacional da representa\u00e7\u00e3o pol\u00edtica<\/p>\n<p style=\"font-weight: 400;\">Orientadora: Bianca Linhares<\/p>\n<p style=\"font-weight: 400;\">Data de defesa: 08\/08\/2023<\/p>\n<p style=\"font-weight: 400;\"><a href=\"https:\/\/wp.ufpel.edu.br\/ppgcienciapolitica\/files\/2023\/11\/Tese-Carolina-Santos-VF.pdf\">Acesse a tese em arquivo digital pdf<\/a><\/p>\n<p>&nbsp;<\/p>\n<p><strong>14. Paulo C\u00e9sar Neves Barboza<\/strong><\/p>\n<p style=\"font-weight: 400;\">T\u00edtulo da tese: O momento de antagonismo: o pol\u00edtico, a pol\u00edtica e a justi\u00e7a no Brasil (2013 &#8211; 2018)<\/p>\n<p style=\"font-weight: 400;\">Orientador: Cl\u00e1udio Leivas<\/p>\n<p style=\"font-weight: 400;\">Data de defesa: 04\/07\/2023<\/p>\n<p style=\"font-weight: 400;\"><a href=\"https:\/\/wp.ufpel.edu.br\/ppgcienciapolitica\/files\/2023\/11\/Tese-Paulo-Barboza-VF.pdf\">Acessar a tese em arquivo digital pdf<\/a><\/p>\n<p>&nbsp;<\/p>\n<p><strong>13. Let\u00edcia Baron<\/strong><\/p>\n<p style=\"font-weight: 400;\">T\u00edtulo da tese: A ascen\u00e7\u00e3o da direita no Brasil, Argentina, Chile e Uruguai: reflex\u00f5es a partir da Teoria do Discurso de Laclau e Mouffe<\/p>\n<p style=\"font-weight: 400;\">Orientadora: Bianca Linhares<\/p>\n<p style=\"font-weight: 400;\">Data de defesa: 26\/06\/2023<\/p>\n<p style=\"font-weight: 400;\"><a href=\"https:\/\/wp.ufpel.edu.br\/ppgcienciapolitica\/files\/2023\/11\/Tese-Leticia-Baron-VF.pdf\">Acessar a tese em arquivo digital pdf<\/a><\/p>\n<p>&nbsp;<\/p>\n<p><strong>12. Acr\u00edsio Pereira Victorino<\/strong><\/p>\n<p style=\"font-weight: 400;\">T\u00edtulo da tese: Condicionantes da participa\u00e7\u00e3o eleitoral em 36 pa\u00edses do continente africano<\/p>\n<p style=\"font-weight: 400;\">Orientador: Alvaro Barreto<\/p>\n<p style=\"font-weight: 400;\">Data de defesa: 23\/06\/2023<\/p>\n<p style=\"font-weight: 400;\"><a href=\"https:\/\/wp.ufpel.edu.br\/ppgcienciapolitica\/files\/2023\/11\/Tese-Acrisio-VF.pdf\">Acessar a tese em arquivo digital pdf<\/a><\/p>\n<p>&nbsp;<\/p>\n<p><strong>11. Cristiano Ruiz Engelke<\/strong><\/p>\n<p style=\"font-weight: 400;\">T\u00edtulo da tese: Desdemocratiza\u00e7\u00e3o e participa\u00e7\u00e3o democr\u00e1tica: a percep\u00e7\u00e3o dos agentes dos Or\u00e7amentos Participativos de Rio Grande e S\u00e3o Louren\u00e7o do Sul (2013-2016)<\/p>\n<p style=\"font-weight: 400;\">Orientador: Carlos Artur Gallo<\/p>\n<p style=\"font-weight: 400;\">Data de defesa: 09\/12\/2022<\/p>\n<p style=\"font-weight: 400;\"><a href=\"https:\/\/wp.ufpel.edu.br\/ppgcienciapolitica\/files\/2023\/02\/Tese-Cristiano-Engelke-VF.pdf\">Acessar a tese em arquivo digital pdf<\/a><\/p>\n<p>&nbsp;<\/p>\n<p><strong>10. Anna Cl\u00e1udia Campos e Santos Siqueira<\/strong><\/p>\n<p style=\"font-weight: 400;\">T\u00edtulo da tese: Discursos pr\u00f3-direita nos anos 1960 no Brasil<\/p>\n<p style=\"font-weight: 400;\">Orientador: Daniel de Mendon\u00e7a<\/p>\n<p style=\"font-weight: 400;\">Data de defesa: 01\/12\/2022<\/p>\n<p style=\"font-weight: 400;\"><a href=\"https:\/\/wp.ufpel.edu.br\/ppgcienciapolitica\/files\/2023\/02\/Tese-Anna-Claudia-Siqueira-VF.pdf\">Acessar a tese em arquivo digital pdf<\/a><\/p>\n<p>&nbsp;<\/p>\n<p><strong>9. Michele Diana da Luz<\/strong><\/p>\n<p style=\"font-weight: 400;\">T\u00edtulo da tese: &#8220;O povo no caleidosc\u00f3pio: o discurso bolsonarista \u00e0 luz das teorias contempor\u00e2neas do populismo&#8221;<\/p>\n<p style=\"font-weight: 400;\">Orientador: Daniel de Mendon\u00e7a<\/p>\n<p style=\"font-weight: 400;\">Data de defesa: 06\/07\/2022<\/p>\n<p style=\"font-weight: 400;\"><a href=\"https:\/\/wp.ufpel.edu.br\/ppgcienciapolitica\/files\/2023\/07\/Tese-VF-II-Michele-Luz.pdf\">Acesse a tese em arquivo digital pdf<\/a><\/p>\n<p>&nbsp;<\/p>\n<p><strong>8. Marina dos Santos Landa<\/strong><\/p>\n<p style=\"font-weight: 400;\">T\u00edtulo da tese: &#8220;Entre a vida privada e a esfera p\u00fablica: a trajet\u00f3ria de vida pol\u00edtica de <em>Alcadesas<\/em> do primeiro e segundo ciclo municipal do Uruguai (2010-2020)&#8221;<\/p>\n<p style=\"font-weight: 400;\">Orientadora: Rosangela Schulz<\/p>\n<p style=\"font-weight: 400;\">Data de defesa: 04\/07\/2022<\/p>\n<p style=\"font-weight: 400;\"><a href=\"https:\/\/wp.ufpel.edu.br\/ppgcienciapolitica\/files\/2022\/12\/Marina-Landa-Tese-VF.pdf\">Acesse a tese em arquivo digital pdf<\/a><\/p>\n<p>&nbsp;<\/p>\n<p><strong>7. Bruno Souza Garcia<\/strong><\/p>\n<p style=\"font-weight: 400;\">T\u00edtulo da tese: \u201cUm novo jogo? Elei\u00e7\u00f5es suplementares municipais e seus efeitos na competi\u00e7\u00e3o pol\u00edtica (2012-2020)\u201d<\/p>\n<p style=\"font-weight: 400;\">Orientador: Alvaro Barreto<\/p>\n<p style=\"font-weight: 400;\">Data da defesa: 29\/06\/2022<\/p>\n<p style=\"font-weight: 400;\"><a href=\"https:\/\/wp.ufpel.edu.br\/ppgcienciapolitica\/files\/2022\/12\/Bruno-Garcia-Tese-VF.pdf\">Acesse a tese em arquivo digital pdf<\/a><\/p>\n<p>&nbsp;<\/p>\n<p><strong>6. Helen Let\u00edcia Grala Jacobsen<\/strong><\/p>\n<p style=\"font-weight: 400;\">T\u00edtulo da tese: \u201cIntera\u00e7\u00e3o estrat\u00e9gica entre a Presid\u00eancia da Rep\u00fablica e o Congresso Nacional: as Medidas Provis\u00f3rias editadas nos governos Lula, Dilma e Temer (2003-2018)\u201d<\/p>\n<p style=\"font-weight: 400;\">Orientador: Alvaro Barreto<\/p>\n<p style=\"font-weight: 400;\">Data da defesa: 30\/03\/2022<\/p>\n<p style=\"font-weight: 400;\"><a href=\"https:\/\/wp.ufpel.edu.br\/ppgcienciapolitica\/files\/2022\/06\/Tese-Interacao-Estrategica-e-MPs-Helen.pdf\">Acesse a tese em arquivo digital pdf<\/a><\/p>\n<div>\n<p>&nbsp;<\/p>\n<p><strong>5. Gabriel Medeiros Chati<\/strong><\/p>\n<\/div>\n<div>\n<p>T\u00edtulo da tese: \u201cAs pol\u00edticas p\u00fablicas culturais dos governos do PSDB e PT a partir do Minist\u00e9rio da Cultura: uma an\u00e1lise comparada (1995-2010)\u201d<\/p>\n<\/div>\n<div>\n<p>Orientador: Pedro Robertt<\/p>\n<\/div>\n<div>\n<p>Data da defesa: 25\/06\/2021<\/p>\n<\/div>\n<div>\n<p><a href=\"https:\/\/wp.ufpel.edu.br\/ppgcienciapolitica\/files\/2022\/06\/Tese-GMC-ver.-final-pos-defesa-1.pdf\">Acessar a tese em arquivo digital em pdf<\/a><\/p>\n<\/div>\n<p>&nbsp;<\/p>\n<p><strong>4. Val\u00e9ria Cabreira Cabrera\u00a0<\/strong><\/p>\n<p style=\"font-weight: 400;\">T\u00edtulo da tese: \u201cA teoria do desenvolvimento humano de Ronald Inglehart: uma defesa normativa da teoria liberal da democracia\u201d<\/p>\n<p style=\"font-weight: 400;\">Orientadora: Bianca de Freitas Linhares<\/p>\n<p style=\"font-weight: 400;\">Data da defesa: 18\/06\/2021<\/p>\n<p style=\"font-weight: 400;\"><a href=\"https:\/\/wp.ufpel.edu.br\/ppgcienciapolitica\/files\/2021\/10\/2021-Tese-Valeria-Cabrera-VF.pdf\">Acessar a tese em arquivo digital pdf<\/a><\/p>\n<p>&nbsp;<\/p>\n<\/div>\n<div>\n<p><strong>3. Gabriela de Morais Santos<\/strong><\/p>\n<\/div>\n<div>\n<p>T\u00edtulo da tese: \u201cO discurso do Jornal O Globo sobre as Ministras do Partido dos Trabalhadores (2003-2016): reprodu\u00e7\u00e3o da estrutura patriarcal e incapacita\u00e7\u00e3o pol\u00edtica das mulheres\u201d<\/p>\n<\/div>\n<div>\n<p>Orientador: Pedro Robertt<\/p>\n<\/div>\n<div>\n<p>Data da defesa: 25\/02\/2021<\/p>\n<\/div>\n<div>\n<p><a href=\"https:\/\/wp.ufpel.edu.br\/ppgcienciapolitica\/files\/2021\/03\/Tese-Gabriela-Morais.pdf\">Acessar a tese em arquivo digital em pdf<\/a><\/p>\n<\/div>\n<div>\n<p><strong>\u00a0<\/strong><\/p>\n<\/div>\n<div>\n<p><strong>2. Caroline Bianca Graeff<\/strong><\/p>\n<\/div>\n<div>\n<p>T\u00edtulo da tese: \u201cMudan\u00e7a institucional e governo judicial: os conflitos entre CNJ e Justi\u00e7a Eleitoral (2005-2015)\u201d<\/p>\n<p>Orientador: Alvaro Barreto<\/p>\n<\/div>\n<div>\n<p>Data da defesa: 18\/12\/2020<\/p>\n<\/div>\n<div>\n<p><a href=\"https:\/\/wp.ufpel.edu.br\/ppgcienciapolitica\/files\/2021\/03\/Tese-Caroline-Graeff.pdf\">Acessar a tese em arquivo digital em pdf<\/a><\/p>\n<\/div>\n<div>\n<p><strong>\u00a0<\/strong><\/p>\n<\/div>\n<div>\n<p><strong>1. Kamila Lima do Nascimento<\/strong><\/p>\n<\/div>\n<div>\n<p>T\u00edtulo da tese: \u201cA Democracia Radical Global\u201d<\/p>\n<p>Orientador: Daniel de Mendon\u00e7a<\/p>\n<\/div>\n<div>\n<p>Data da defesa: 11\/04\/2019<\/p>\n<\/div>\n<div>\n<p><a href=\"https:\/\/wp.ufpel.edu.br\/ppgcienciapolitica\/files\/2019\/06\/Tese-Kamila-Nascimento-2.pdf\">Acessar a tese em arquivo digital em pdf<\/a><\/p>\n<\/div>\n","protected":false},"excerpt":{"rendered":"<p>27. Magayo de Mac\u00eado Alves T\u00edtulo da tese: Arranjos Multin\u00edveis de Governan\u00e7a: a pol\u00edtica antidesmatamento do governo Lula III e seus alinhamentos com os compromissos clim\u00e1ticos globais (2023 \u2013 2025) Orientadora: Etiene Villela Marroni Data da defesa: 30\/10\/2025 PDF &nbsp; 26. Bruno Gazalle Cavichioli T\u00edtulo da tese: Governar pelo medo? Ascens\u00e3o e manuten\u00e7\u00e3o do poder [&hellip;]<\/p>\n","protected":false},"author":555,"featured_media":0,"parent":88,"menu_order":0,"comment_status":"closed","ping_status":"closed","template":"","meta":{"footnotes":""},"class_list":["post-2741","page","type-page","status-publish","hentry"],"jetpack_sharing_enabled":true,"_links":{"self":[{"href":"https:\/\/wp.ufpel.edu.br\/ppgcienciapolitica\/wp-json\/wp\/v2\/pages\/2741","targetHints":{"allow":["GET"]}}],"collection":[{"href":"https:\/\/wp.ufpel.edu.br\/ppgcienciapolitica\/wp-json\/wp\/v2\/pages"}],"about":[{"href":"https:\/\/wp.ufpel.edu.br\/ppgcienciapolitica\/wp-json\/wp\/v2\/types\/page"}],"author":[{"embeddable":true,"href":"https:\/\/wp.ufpel.edu.br\/ppgcienciapolitica\/wp-json\/wp\/v2\/users\/555"}],"replies":[{"embeddable":true,"href":"https:\/\/wp.ufpel.edu.br\/ppgcienciapolitica\/wp-json\/wp\/v2\/comments?post=2741"}],"version-history":[{"count":3,"href":"https:\/\/wp.ufpel.edu.br\/ppgcienciapolitica\/wp-json\/wp\/v2\/pages\/2741\/revisions"}],"predecessor-version":[{"id":5195,"href":"https:\/\/wp.ufpel.edu.br\/ppgcienciapolitica\/wp-json\/wp\/v2\/pages\/2741\/revisions\/5195"}],"up":[{"embeddable":true,"href":"https:\/\/wp.ufpel.edu.br\/ppgcienciapolitica\/wp-json\/wp\/v2\/pages\/88"}],"wp:attachment":[{"href":"https:\/\/wp.ufpel.edu.br\/ppgcienciapolitica\/wp-json\/wp\/v2\/media?parent=2741"}],"curies":[{"name":"wp","href":"https:\/\/api.w.org\/{rel}","templated":true}]}}