{"id":2735,"date":"2019-05-24T17:38:52","date_gmt":"2019-05-24T20:38:52","guid":{"rendered":"https:\/\/wp.ufpel.edu.br\/ppgcienciapolitica\/?page_id=2735"},"modified":"2019-08-21T07:28:11","modified_gmt":"2019-08-21T10:28:11","slug":"class-of-2017","status":"publish","type":"page","link":"https:\/\/wp.ufpel.edu.br\/ppgcienciapolitica\/publications\/dissertations\/class-of-2017\/","title":{"rendered":"Class of 2017"},"content":{"rendered":"<p><strong>62. Daniela de Bem<\/strong><br \/>\n<span lang=\"EN-US\">Title of the dissertation: <\/span>\u201cQuem concorre ao legislativo municipal? Um retrato dos candidatos a vereador nas elei\u00e7\u00f5es de 2016 em Rio Grande \u2013 RS\u201d<br \/>\n<span lang=\"EN-US\">Advisor:<\/span> Alvaro Barreto<br \/>\n<span lang=\"EN-US\">Date of defense:<\/span> 17\/04\/2010<br \/>\n<a href=\"https:\/\/wp.ufpel.edu.br\/ppgcienciapolitica\/files\/2019\/05\/Disserta\u00e7\u00e3o-Daniela-de-Bem-1.pdf\">Access the dissertation in digital archive in pdf<\/a><\/p>\n<p>&nbsp;<\/p>\n<p><strong>63. F\u00e1bio Hoffman Maciel Silva<\/strong><br \/>\n<span lang=\"EN-US\">Title of the dissertation<\/span>: \u201cDecl\u00ednio da confian\u00e7a nas institui\u00e7\u00f5es pol\u00edticas:\u00a0o desafio da democracia brasileira (1995 \u2013 2017)\u201d<br \/>\nAdvisor: Bianca Linhares<br \/>\n<span lang=\"EN-US\">Date of defense<\/span>: 29\/04\/2019<br \/>\n<a href=\"https:\/\/wp.ufpel.edu.br\/ppgcienciapolitica\/files\/2019\/06\/Disserta\u00e7\u00e3o-F\u00e1bio-Hoffman.pdf\">Access the dissertation in digital archive in pdf<\/a><\/p>\n<p>&nbsp;<\/p>\n<p><strong>64. Jordana Foiatto<\/strong><br \/>\n<span lang=\"EN-US\">Title of the dissertation<\/span>: \u201cAs mulheres militares da MINUSTAH (2004-2017): uma an\u00e1lise sobre a inser\u00e7\u00e3o da perspectiva de g\u00eanero no treinamento e a\u00e7\u00e3o das tropas brasileiras no Haiti\u201d<br \/>\nAdvisor: Luciana Ballestrin<br \/>\n<span lang=\"EN-US\">Date of defense<\/span>: 03\/05\/2019<br \/>\n<a href=\"https:\/\/wp.ufpel.edu.br\/ppgcienciapolitica\/files\/2019\/06\/Disserta\u00e7\u00e3o-Jordana-Foiatto.pdf\">Access the dissertation in digital archive in pdf<\/a><\/p>\n<p>&nbsp;<\/p>\n<p><strong>65. Antonio Vicente Pessoa de Oliveira<\/strong><br \/>\n<span lang=\"EN-US\">Title of the dissertation<\/span>: \u201cGrupos de m\u00eddia pertencentes a partidos pol\u00edticos: O caso de Malta a partir de 1991\u201d<br \/>\nAdvisor: Alvaro Barreto<br \/>\n<span lang=\"EN-US\">Date of defense<\/span>: 12\/06\/2019<br \/>\n<a href=\"https:\/\/wp.ufpel.edu.br\/ppgcienciapolitica\/files\/2019\/08\/Disserta\u00e7\u00e3o-Ant\u00f4nio-Vicente-Oliveira-2.pdf\">Access the dissertation in digital archive in pdf<\/a><\/p>\n","protected":false},"excerpt":{"rendered":"<p>62. Daniela de Bem Title of the dissertation: \u201cQuem concorre ao legislativo municipal? Um retrato dos candidatos a vereador nas elei\u00e7\u00f5es de 2016 em Rio Grande \u2013 RS\u201d Advisor: Alvaro Barreto Date of defense: 17\/04\/2010 Access the dissertation in digital archive in pdf &nbsp; 63. F\u00e1bio Hoffman Maciel Silva Title of the dissertation: \u201cDecl\u00ednio da [&hellip;]<\/p>\n","protected":false},"author":555,"featured_media":0,"parent":2337,"menu_order":0,"comment_status":"closed","ping_status":"closed","template":"","meta":{"footnotes":""},"class_list":["post-2735","page","type-page","status-publish","hentry"],"jetpack_sharing_enabled":true,"_links":{"self":[{"href":"https:\/\/wp.ufpel.edu.br\/ppgcienciapolitica\/wp-json\/wp\/v2\/pages\/2735","targetHints":{"allow":["GET"]}}],"collection":[{"href":"https:\/\/wp.ufpel.edu.br\/ppgcienciapolitica\/wp-json\/wp\/v2\/pages"}],"about":[{"href":"https:\/\/wp.ufpel.edu.br\/ppgcienciapolitica\/wp-json\/wp\/v2\/types\/page"}],"author":[{"embeddable":true,"href":"https:\/\/wp.ufpel.edu.br\/ppgcienciapolitica\/wp-json\/wp\/v2\/users\/555"}],"replies":[{"embeddable":true,"href":"https:\/\/wp.ufpel.edu.br\/ppgcienciapolitica\/wp-json\/wp\/v2\/comments?post=2735"}],"version-history":[{"count":4,"href":"https:\/\/wp.ufpel.edu.br\/ppgcienciapolitica\/wp-json\/wp\/v2\/pages\/2735\/revisions"}],"predecessor-version":[{"id":2882,"href":"https:\/\/wp.ufpel.edu.br\/ppgcienciapolitica\/wp-json\/wp\/v2\/pages\/2735\/revisions\/2882"}],"up":[{"embeddable":true,"href":"https:\/\/wp.ufpel.edu.br\/ppgcienciapolitica\/wp-json\/wp\/v2\/pages\/2337"}],"wp:attachment":[{"href":"https:\/\/wp.ufpel.edu.br\/ppgcienciapolitica\/wp-json\/wp\/v2\/media?parent=2735"}],"curies":[{"name":"wp","href":"https:\/\/api.w.org\/{rel}","templated":true}]}}