{"id":2733,"date":"2019-05-24T17:36:30","date_gmt":"2019-05-24T20:36:30","guid":{"rendered":"https:\/\/wp.ufpel.edu.br\/ppgcienciapolitica\/?page_id=2733"},"modified":"2019-08-21T07:26:16","modified_gmt":"2019-08-21T10:26:16","slug":"clase-de-2017","status":"publish","type":"page","link":"https:\/\/wp.ufpel.edu.br\/ppgcienciapolitica\/publicaciones\/tesis-de-maestria\/clase-de-2017\/","title":{"rendered":"Clase de 2017"},"content":{"rendered":"<p><strong>62. Daniela de Bem<\/strong><br \/>\nT\u00edtulo de la tesis de maestr\u00eda: \u201cQuem concorre ao legislativo municipal? Um retrato dos candidatos a vereador nas elei\u00e7\u00f5es de 2016 em Rio Grande \u2013 RS\u201d<br \/>\nOrientador: Alvaro Barreto<br \/>\nFecha de la defensa: 17\/04\/2019<br \/>\n<a href=\"https:\/\/wp.ufpel.edu.br\/ppgcienciapolitica\/files\/2019\/05\/Disserta\u00e7\u00e3o-Daniela-de-Bem.pdf\">Acceder a la tesis de maestr\u00eda en archivo digital en pdf<\/a><\/p>\n<p>&nbsp;<\/p>\n<p><strong>63. F\u00e1bio Hoffman Maciel Silva<\/strong><br \/>\nT\u00edtulo de la tesis de maestr\u00eda:\u201cDecl\u00ednio da confian\u00e7a nas institui\u00e7\u00f5es pol\u00edticas:\u00a0o desafio da democracia brasileira (1995 \u2013 2017)\u201d<br \/>\nOrientadora: Bianca Linhares<br \/>\nFecha de la defensa: 29\/04\/2019<br \/>\n<a href=\"https:\/\/wp.ufpel.edu.br\/ppgcienciapolitica\/files\/2019\/06\/Disserta\u00e7\u00e3o-F\u00e1bio-Hoffman.pdf\">Acceder a la tesis de maestr\u00eda en archivo digital en pdf<\/a><\/p>\n<p>&nbsp;<\/p>\n<p><strong>64. Jordana Foiatto<\/strong><br \/>\nT\u00edtulo de la tesis de maestr\u00eda: \u201cAs mulheres militares da MINUSTAH (2004-2017): uma an\u00e1lise sobre a inser\u00e7\u00e3o da perspectiva de g\u00eanero no treinamento e a\u00e7\u00e3o das tropas brasileiras no Haiti\u201d<br \/>\nOrientadora: Luciana Ballestrin<br \/>\nFecha de la defensa: 03\/05\/2019<br \/>\n<a href=\"https:\/\/wp.ufpel.edu.br\/ppgcienciapolitica\/files\/2019\/06\/Disserta\u00e7\u00e3o-Jordana-Foiatto.pdf\">Acceder a la tesis de maestr\u00eda en archivo digital en pdf<\/a><\/p>\n<p>&nbsp;<\/p>\n<p><strong>65. Antonio Vicente Pessoa de Oliveira<\/strong><br \/>\nT\u00edtulo de la tesis de maestr\u00eda: \u201cGrupos de m\u00eddia pertencentes a partidos pol\u00edticos: O caso de Malta a partir de 1991\u201d<br \/>\nOrientador: Alvaro Barreto<br \/>\nFecha de la defensa: 12\/06\/2019<br \/>\n<a href=\"https:\/\/wp.ufpel.edu.br\/ppgcienciapolitica\/files\/2019\/08\/Disserta\u00e7\u00e3o-Ant\u00f4nio-Vicente-Oliveira-1.pdf\">Acceder a la tesis de maestr\u00eda en archivo digital en pdf<\/a><\/p>\n","protected":false},"excerpt":{"rendered":"<p>62. Daniela de Bem T\u00edtulo de la tesis de maestr\u00eda: \u201cQuem concorre ao legislativo municipal? Um retrato dos candidatos a vereador nas elei\u00e7\u00f5es de 2016 em Rio Grande \u2013 RS\u201d Orientador: Alvaro Barreto Fecha de la defensa: 17\/04\/2019 Acceder a la tesis de maestr\u00eda en archivo digital en pdf &nbsp; 63. F\u00e1bio Hoffman Maciel Silva [&hellip;]<\/p>\n","protected":false},"author":555,"featured_media":0,"parent":2335,"menu_order":0,"comment_status":"closed","ping_status":"closed","template":"","meta":{"footnotes":""},"class_list":["post-2733","page","type-page","status-publish","hentry"],"jetpack_sharing_enabled":true,"_links":{"self":[{"href":"https:\/\/wp.ufpel.edu.br\/ppgcienciapolitica\/wp-json\/wp\/v2\/pages\/2733","targetHints":{"allow":["GET"]}}],"collection":[{"href":"https:\/\/wp.ufpel.edu.br\/ppgcienciapolitica\/wp-json\/wp\/v2\/pages"}],"about":[{"href":"https:\/\/wp.ufpel.edu.br\/ppgcienciapolitica\/wp-json\/wp\/v2\/types\/page"}],"author":[{"embeddable":true,"href":"https:\/\/wp.ufpel.edu.br\/ppgcienciapolitica\/wp-json\/wp\/v2\/users\/555"}],"replies":[{"embeddable":true,"href":"https:\/\/wp.ufpel.edu.br\/ppgcienciapolitica\/wp-json\/wp\/v2\/comments?post=2733"}],"version-history":[{"count":4,"href":"https:\/\/wp.ufpel.edu.br\/ppgcienciapolitica\/wp-json\/wp\/v2\/pages\/2733\/revisions"}],"predecessor-version":[{"id":2880,"href":"https:\/\/wp.ufpel.edu.br\/ppgcienciapolitica\/wp-json\/wp\/v2\/pages\/2733\/revisions\/2880"}],"up":[{"embeddable":true,"href":"https:\/\/wp.ufpel.edu.br\/ppgcienciapolitica\/wp-json\/wp\/v2\/pages\/2335"}],"wp:attachment":[{"href":"https:\/\/wp.ufpel.edu.br\/ppgcienciapolitica\/wp-json\/wp\/v2\/media?parent=2733"}],"curies":[{"name":"wp","href":"https:\/\/api.w.org\/{rel}","templated":true}]}}