{"id":2729,"date":"2019-05-24T17:32:05","date_gmt":"2019-05-24T20:32:05","guid":{"rendered":"https:\/\/wp.ufpel.edu.br\/ppgcienciapolitica\/?page_id=2729"},"modified":"2025-10-07T20:35:34","modified_gmt":"2025-10-07T23:35:34","slug":"turma-2017","status":"publish","type":"page","link":"https:\/\/wp.ufpel.edu.br\/ppgcienciapolitica\/publicacoes\/dissertacoes\/turma-2017\/","title":{"rendered":"Turma 2017 (Disserta\u00e7\u00f5es)"},"content":{"rendered":"<p><strong>62. Daniela de Bem<\/strong><br \/>\nT\u00edtulo da disserta\u00e7\u00e3o: \u201cQuem concorre ao legislativo municipal? Um retrato dos candidatos a vereador nas elei\u00e7\u00f5es de 2016 em Rio Grande \u2013 RS\u201d<br \/>\nOrientador: Alvaro Barreto<br \/>\nData da defesa: 17\/04\/2019<br \/>\n<a href=\"https:\/\/wp.ufpel.edu.br\/ppgcienciapolitica\/files\/2019\/05\/Disserta\u00e7\u00e3o-Daniela-de-Bem.pdf\">Acessar a disserta\u00e7\u00e3o em arquivo digital em pdf<\/a><\/p>\n<p>&nbsp;<\/p>\n<p><strong>63. F\u00e1bio Hoffman Maciel Silva<\/strong><br \/>\nT\u00edtulo da disserta\u00e7\u00e3o: \u201cDecl\u00ednio da confian\u00e7a nas institui\u00e7\u00f5es pol\u00edticas:\u00a0o desafio da democracia brasileira (1995 \u2013 2017)\u201d<br \/>\nOrientador: Bianca Linhares<br \/>\nData da defesa: 29\/04\/2019<br \/>\n<a href=\"https:\/\/wp.ufpel.edu.br\/ppgcienciapolitica\/files\/2019\/06\/Disserta\u00e7\u00e3o-F\u00e1bio-Hoffman.pdf\">Acessar a disserta\u00e7\u00e3o em arquivo digital em pdf<\/a><\/p>\n<p>&nbsp;<\/p>\n<p><strong>64. Jordana Foiatto<\/strong><br \/>\nT\u00edtulo da disserta\u00e7\u00e3o: \u201cAs mulheres militares da MINUSTAH (2004-2017): uma an\u00e1lise sobre a inser\u00e7\u00e3o da perspectiva de g\u00eanero no treinamento e a\u00e7\u00e3o das tropas brasileiras no Haiti\u201d<br \/>\nOrientador: Luciana Ballestrin<br \/>\nData da defesa: 03\/05\/2019<br \/>\n<a href=\"https:\/\/wp.ufpel.edu.br\/ppgcienciapolitica\/files\/2019\/06\/Disserta\u00e7\u00e3o-Jordana-Foiatto.pdf\">Acessar a disserta\u00e7\u00e3o em arquivo digital em pdf<\/a><\/p>\n<p>&nbsp;<\/p>\n<p><strong>65. Antonio Vicente Pessoa de Oliveira<\/strong><br \/>\nT\u00edtulo da disserta\u00e7\u00e3o: \u201cGrupos de m\u00eddia pertencentes a partidos pol\u00edticos: O caso de Malta a partir de 1991\u201d<br \/>\nOrientador: Alvaro Barreto<br \/>\nData da defesa: 12\/06\/2019<br \/>\n<a href=\"https:\/\/wp.ufpel.edu.br\/ppgcienciapolitica\/files\/2019\/08\/Disserta\u00e7\u00e3o-Ant\u00f4nio-Vicente-Oliveira.pdf\">Acessar a disserta\u00e7\u00e3o em arquivo digital em pdf<\/a><\/p>\n<p>&nbsp;<\/p>\n<p><strong>66. Andr\u00e9ia Quadros Rosa<\/strong><br \/>\nT\u00edtulo da disserta\u00e7\u00e3o: &#8220;Percep\u00e7\u00e3o de Egressos do Programa PRONATEC (Forma\u00e7\u00e3o Inicial e Continuada) em Bag\u00e9-RS de 2012 a 2016&#8221;<br \/>\nOrientador: Patr\u00edcia Rodrigues Chaves da Cunha<br \/>\nData da defesa: 18\/07\/2019<\/p>\n<p><a href=\"https:\/\/wp.ufpel.edu.br\/ppgcienciapolitica\/files\/2020\/01\/Disserta\u00e7\u00e3o-Andr\u00e9ia-Quadros-Rosa.pdf\">Acessar a disserta\u00e7\u00e3o em arquivo digital em pdf<\/a><\/p>\n<p>&nbsp;<\/p>\n<p><strong>67. Hilbert David de Oliveira Souza<\/strong><br \/>\nT\u00edtulo da disserta\u00e7\u00e3o: \u201cA Voz do nome e o nome da voz: as denomina\u00e7\u00f5es das coliga\u00e7\u00f5es nas elei\u00e7\u00f5es para prefeito em 2012 e 2016\u201d<br \/>\nOrientador: Alvaro Barreto<br \/>\nData da defesa: 31\/10\/2019<br \/>\n<a href=\"https:\/\/wp.ufpel.edu.br\/ppgcienciapolitica\/files\/2020\/03\/Disserta\u00e7\u00e3o-Hilbert-David-Vers\u00e3o-Final.pdf\">Acessar a disserta\u00e7\u00e3o em arquivo digital em pdf<\/a><\/p>\n","protected":false},"excerpt":{"rendered":"<p>62. Daniela de Bem T\u00edtulo da disserta\u00e7\u00e3o: \u201cQuem concorre ao legislativo municipal? Um retrato dos candidatos a vereador nas elei\u00e7\u00f5es de 2016 em Rio Grande \u2013 RS\u201d Orientador: Alvaro Barreto Data da defesa: 17\/04\/2019 Acessar a disserta\u00e7\u00e3o em arquivo digital em pdf &nbsp; 63. F\u00e1bio Hoffman Maciel Silva T\u00edtulo da disserta\u00e7\u00e3o: \u201cDecl\u00ednio da confian\u00e7a nas [&hellip;]<\/p>\n","protected":false},"author":555,"featured_media":0,"parent":213,"menu_order":0,"comment_status":"closed","ping_status":"closed","template":"","meta":{"footnotes":""},"class_list":["post-2729","page","type-page","status-publish","hentry"],"jetpack_sharing_enabled":true,"_links":{"self":[{"href":"https:\/\/wp.ufpel.edu.br\/ppgcienciapolitica\/wp-json\/wp\/v2\/pages\/2729","targetHints":{"allow":["GET"]}}],"collection":[{"href":"https:\/\/wp.ufpel.edu.br\/ppgcienciapolitica\/wp-json\/wp\/v2\/pages"}],"about":[{"href":"https:\/\/wp.ufpel.edu.br\/ppgcienciapolitica\/wp-json\/wp\/v2\/types\/page"}],"author":[{"embeddable":true,"href":"https:\/\/wp.ufpel.edu.br\/ppgcienciapolitica\/wp-json\/wp\/v2\/users\/555"}],"replies":[{"embeddable":true,"href":"https:\/\/wp.ufpel.edu.br\/ppgcienciapolitica\/wp-json\/wp\/v2\/comments?post=2729"}],"version-history":[{"count":3,"href":"https:\/\/wp.ufpel.edu.br\/ppgcienciapolitica\/wp-json\/wp\/v2\/pages\/2729\/revisions"}],"predecessor-version":[{"id":5113,"href":"https:\/\/wp.ufpel.edu.br\/ppgcienciapolitica\/wp-json\/wp\/v2\/pages\/2729\/revisions\/5113"}],"up":[{"embeddable":true,"href":"https:\/\/wp.ufpel.edu.br\/ppgcienciapolitica\/wp-json\/wp\/v2\/pages\/213"}],"wp:attachment":[{"href":"https:\/\/wp.ufpel.edu.br\/ppgcienciapolitica\/wp-json\/wp\/v2\/media?parent=2729"}],"curies":[{"name":"wp","href":"https:\/\/api.w.org\/{rel}","templated":true}]}}