{"id":2682,"date":"2019-05-07T16:43:49","date_gmt":"2019-05-07T19:43:49","guid":{"rendered":"https:\/\/wp.ufpel.edu.br\/ppgcienciapolitica\/?page_id=2682"},"modified":"2019-05-07T16:52:12","modified_gmt":"2019-05-07T19:52:12","slug":"resultado-da-fase-1","status":"publish","type":"page","link":"https:\/\/wp.ufpel.edu.br\/ppgcienciapolitica\/mestrado-em-ciencia-politica-selecao-2016\/doutorado-2019\/resultado-da-fase-1\/","title":{"rendered":"Resultado da Fase 1"},"content":{"rendered":"<p>&nbsp;<\/p>\n<p><a href=\"https:\/\/wp.ufpel.edu.br\/ppgcienciapolitica\/files\/2019\/04\/PPGCPol.png\"><img class=\"wp-image-2670 aligncenter\" src=\"https:\/\/wp.ufpel.edu.br\/ppgcienciapolitica\/files\/2019\/04\/PPGCPol.png\" alt=\"\" width=\"164\" height=\"132\" \/><\/a><\/p>\n<p style=\"text-align: center\">Sele\u00e7\u00e3o de Doutorado \u2013 Turma 2019<\/p>\n<p style=\"text-align: center\">RESULTADO DA PRIMEIRA FASE<\/p>\n<p>&nbsp;<\/p>\n<table class=\" aligncenter\" style=\"height: 932px\" width=\"447\">\n<tbody>\n<tr style=\"height: 56px\">\n<td style=\"width: 271px;height: 56px\"><strong>Candidato\/a<\/strong><\/td>\n<td style=\"width: 160px;height: 56px\">\n<p style=\"text-align: center\"><strong>Nota<\/strong><\/p>\n<\/td>\n<\/tr>\n<tr style=\"height: 56px\">\n<td style=\"width: 271px;height: 56px\">Alexandre Nogueira<\/td>\n<td style=\"width: 160px;height: 56px;text-align: center\">4,0<\/td>\n<\/tr>\n<tr style=\"height: 56px\">\n<td style=\"width: 271px;height: 56px\">Bruno Gabriel Henz<\/td>\n<td style=\"width: 160px;height: 56px;text-align: center\">7,0<\/td>\n<\/tr>\n<tr style=\"height: 56px\">\n<td style=\"width: 271px;height: 56px\">Carla Rosane da Silva Mota<\/td>\n<td style=\"width: 160px;height: 56px;text-align: center\">7,5<\/td>\n<\/tr>\n<tr style=\"height: 56px\">\n<td style=\"width: 271px;height: 56px\">Carla Rosani Silva Fiori<\/td>\n<td style=\"width: 160px;height: 56px;text-align: center\">Zero*<\/td>\n<\/tr>\n<tr style=\"height: 56px\">\n<td style=\"width: 271px;height: 56px\">Daiane Acosta Amaral<\/td>\n<td style=\"width: 160px;height: 56px;text-align: center\">4,0<\/td>\n<\/tr>\n<tr style=\"height: 56px\">\n<td style=\"width: 271px;height: 56px\">Eduardo Pinheiro Urrutia<\/td>\n<td style=\"width: 160px;height: 56px;text-align: center\">Zero*<\/td>\n<\/tr>\n<tr style=\"height: 56px\">\n<td style=\"width: 271px;height: 56px\">Fabio Hoffmman Maciel da Silva<\/td>\n<td style=\"width: 160px;height: 56px;text-align: center\">5,0<\/td>\n<\/tr>\n<tr style=\"height: 56px\">\n<td style=\"width: 271px;height: 56px\">Fabrizio Moraes Fern\u00e1ndez<\/td>\n<td style=\"width: 160px;height: 56px;text-align: center\">4,0<\/td>\n<\/tr>\n<tr style=\"height: 56px\">\n<td style=\"width: 271px;height: 56px\">Larissa Russo Gon\u00e7alves<\/td>\n<td style=\"width: 160px;height: 56px;text-align: center\">9,0<\/td>\n<\/tr>\n<tr style=\"height: 56px\">\n<td style=\"width: 271px;height: 56px\">Luis Alexandre Alves<\/td>\n<td style=\"width: 160px;height: 56px;text-align: center\">9,0<\/td>\n<\/tr>\n<tr style=\"height: 56px\">\n<td style=\"width: 271px;height: 56px\">Maria de F\u00e1tima da Silva Serra<\/td>\n<td style=\"width: 160px;height: 56px;text-align: center\">Zero*<\/td>\n<\/tr>\n<tr style=\"height: 56px\">\n<td style=\"width: 271px;height: 56px\">Rosana Alves Gomes<\/td>\n<td style=\"width: 160px;height: 56px;text-align: center\">7,5<\/td>\n<\/tr>\n<tr style=\"height: 56px\">\n<td style=\"width: 271px;height: 56px\">Rute Elena Alves de Souza<\/td>\n<td style=\"width: 160px;height: 56px;text-align: center\">4,0<\/td>\n<\/tr>\n<tr style=\"height: 55px\">\n<td style=\"width: 271px;height: 55px\">Tha\u00eds Alves da Silveira<\/td>\n<td style=\"width: 160px;height: 55px;text-align: center\">7,0<\/td>\n<\/tr>\n<\/tbody>\n<\/table>\n<p style=\"text-align: center\">*Desclassificado(a). Projeto n\u00e3o adequado \u00e0 \u00c1rea de Concentra\u00e7\u00e3o do PPGCPol, conforme item III, 1 do Edital n. 129\/2018.<\/p>\n<p>Publicado em 07\/05\/2019 \u00e0s 16.45h<\/p>\n","protected":false},"excerpt":{"rendered":"<p>&nbsp; Sele\u00e7\u00e3o de Doutorado \u2013 Turma 2019 RESULTADO DA PRIMEIRA FASE &nbsp; Candidato\/a Nota Alexandre Nogueira 4,0 Bruno Gabriel Henz 7,0 Carla Rosane da Silva Mota 7,5 Carla Rosani Silva Fiori Zero* Daiane Acosta Amaral 4,0 Eduardo Pinheiro Urrutia Zero* Fabio Hoffmman Maciel da Silva 5,0 Fabrizio Moraes Fern\u00e1ndez 4,0 Larissa Russo Gon\u00e7alves 9,0 Luis [&hellip;]<\/p>\n","protected":false},"author":555,"featured_media":0,"parent":1961,"menu_order":0,"comment_status":"closed","ping_status":"closed","template":"","meta":{"footnotes":""},"class_list":["post-2682","page","type-page","status-publish","hentry"],"jetpack_sharing_enabled":true,"_links":{"self":[{"href":"https:\/\/wp.ufpel.edu.br\/ppgcienciapolitica\/wp-json\/wp\/v2\/pages\/2682","targetHints":{"allow":["GET"]}}],"collection":[{"href":"https:\/\/wp.ufpel.edu.br\/ppgcienciapolitica\/wp-json\/wp\/v2\/pages"}],"about":[{"href":"https:\/\/wp.ufpel.edu.br\/ppgcienciapolitica\/wp-json\/wp\/v2\/types\/page"}],"author":[{"embeddable":true,"href":"https:\/\/wp.ufpel.edu.br\/ppgcienciapolitica\/wp-json\/wp\/v2\/users\/555"}],"replies":[{"embeddable":true,"href":"https:\/\/wp.ufpel.edu.br\/ppgcienciapolitica\/wp-json\/wp\/v2\/comments?post=2682"}],"version-history":[{"count":2,"href":"https:\/\/wp.ufpel.edu.br\/ppgcienciapolitica\/wp-json\/wp\/v2\/pages\/2682\/revisions"}],"predecessor-version":[{"id":2688,"href":"https:\/\/wp.ufpel.edu.br\/ppgcienciapolitica\/wp-json\/wp\/v2\/pages\/2682\/revisions\/2688"}],"up":[{"embeddable":true,"href":"https:\/\/wp.ufpel.edu.br\/ppgcienciapolitica\/wp-json\/wp\/v2\/pages\/1961"}],"wp:attachment":[{"href":"https:\/\/wp.ufpel.edu.br\/ppgcienciapolitica\/wp-json\/wp\/v2\/media?parent=2682"}],"curies":[{"name":"wp","href":"https:\/\/api.w.org\/{rel}","templated":true}]}}